{"id":7733,"date":"2024-11-14T13:20:31","date_gmt":"2024-11-14T12:20:31","guid":{"rendered":"https:\/\/www.bogaerstalen.nl\/offres-et-tarifs\/"},"modified":"2025-05-21T14:09:43","modified_gmt":"2025-05-21T12:09:43","slug":"offres-et-tarifs","status":"publish","type":"page","link":"https:\/\/www.bogaerstalen.nl\/fr\/offres-et-tarifs\/","title":{"rendered":"Offres et tarifs"},"content":{"rendered":"\t\t<div data-elementor-type=\"wp-page\" data-elementor-id=\"7733\" class=\"elementor elementor-7733 elementor-140\" data-elementor-post-type=\"page\">\n\t\t\t\t<div class=\"elementor-element elementor-element-def9b85 e-con-full e-flex e-con e-parent\" data-id=\"def9b85\" data-element_type=\"container\" data-e-type=\"container\">\n\t\t\t\t<div class=\"elementor-element elementor-element-9bc527d elementor-widget elementor-widget-text-editor\" data-id=\"9bc527d\" data-element_type=\"widget\" data-e-type=\"widget\" data-widget_type=\"text-editor.default\">\n\t\t\t\t<div class=\"elementor-widget-container\">\n\t\t\t\t\t\t\t\t\t<h3>Je souhaite une formation sur mesure<\/h3><p>(pour les langues standard\u00a0: n\u00e9erlandais, anglais, allemand, fran\u00e7ais et espagnol).<\/p><p><strong>A. Formations en entreprise\u00a0: Cours individuels (PERSONNALIS\u00c9S)<\/strong> \u00e0 partir de 110\u00a0\u20ac par heure. <strong>Sur place si vous le souhaitez\u00a0!<\/strong><br \/>*Une deuxi\u00e8me personne dans le m\u00eame cours b\u00e9n\u00e9ficie de 50\u00a0% de r\u00e9duction\u00a0!<\/p><p><strong>B. Cours individuels (PERSONNALIS\u00c9S)<\/strong> \u00e0 partir de 110 \u20ac par heure. <strong>Sur place si vous le souhaitez\u00a0!<\/strong><br \/>*Une deuxi\u00e8me personne dans le m\u00eame cours b\u00e9n\u00e9ficie de 50\u00a0% de r\u00e9duction\u00a0!<\/p><p><strong>C. Formation VIP (rapide et individuelle) d&rsquo;une semaine ou plus\u00a0! (d\u00e9jeuner inclus)*<\/strong><br \/>Nombre d&rsquo;heures\u00a0: 60\u00a0: 15\u00a0heures individuelles et au moins 45\u00a0heures de formation en ligne. \u00c0 partir de 1\u00a0850\u00a0\u20ac par formation.<br \/>*Pour une deuxi\u00e8me personne dans le m\u00eame cours, 50\u00a0% de r\u00e9duction.<\/p><p><strong>D. Apprentissage mixte; Formule combin\u00e9e (individuelle + e-learning en ligne)*<\/strong><br \/>5 heures individuelles avec un professeur + au moins 15 heures d&rsquo;e-learning en ligne = 800 \u20ac<br \/>10 heures individuelles avec un professeur + au moins 30 heures d&rsquo;e-learning en ligne = 1350 \u20ac<br \/>15 heures individuelles avec un professeur + au moins 45 heures d&rsquo;e-learning en ligne = 1900 \u20ac<br \/>20 heures individuelles avec un professeur + au moins 60 heures d&rsquo;e-learning en ligne = 2450 \u20ac<br \/>30 heures individuelles avec un professeur + au moins 90 heures d&rsquo;e-learning en ligne = 3550 \u20ac<br \/>40 heures individuelles avec un professeur + au moins 120 heures d&rsquo;e-learning en ligne = 4650 \u20ac<br \/><strong>Formule personnalis\u00e9e*<\/strong><br \/>10 heures individuelles = 1100 \u20ac<br \/>20 heures individuelles = 2200 \u20ac<br \/>30 heures individuelles = 3300 \u20ac<br \/>40 heures individuelles = 4400 \u20ac<\/p><p>10 heures de cours DUO pour 2 pers.*<br \/>20 heures de cours DUO pour 2 pers.*<br \/>30 heures de cours DUO pour 2 pers.*<br \/>40 heures de cours DUO pour 2 pers.*<\/p><p>*50 % de r\u00e9duction par personne sur les frais de scolarit\u00e9<br \/>&#8211; \u00c0 partir de la deuxi\u00e8me personne participant \u00e0 la m\u00eame le\u00e7on, avec le m\u00eame niveau de langue et le m\u00eame objectif d&rsquo;apprentissage.<\/p><p><strong>E. N\u00e9erlandais comme deuxi\u00e8me langue (NT2)<\/strong><\/p><p>Cours individuel (sur mesure)\u00a0: 110\u00a0\u20ac par heure (pour suivre le cours NT2 en groupe, voir F. Cours collectifs)<\/p><p><strong>F. Je choisis l&rsquo;entra\u00eenement en groupe :<\/strong> vous pouvez constituer vous-m\u00eame un groupe !<\/p><p><strong>F1.<\/strong> Je souhaite prendre des cours avec seulement <strong>TROIS personnes<\/strong> de la m\u00eame formation, ayant le m\u00eame niveau de langue et le m\u00eame objectif final. Langues standard\u00a0: fran\u00e7ais, allemand, anglais, espagnol, n\u00e9erlandais\u00a0: 45\u00a0\u20ac par personne et par heure. Langues non standard\u00a0: 54\u00a0\u20ac par personne et par heure.<br \/><strong>F2.<\/strong> Je souhaite prendre des cours avec seulement <strong>QUATRE personnes<\/strong> de la m\u00eame formation, ayant le m\u00eame niveau de langue et le m\u00eame objectif final. Langues standard\u00a0: fran\u00e7ais, allemand, anglais, espagnol, n\u00e9erlandais\u00a0: 35\u00a0\u20ac par personne et par heure. Langues non standard\u00a0: 45\u00a0\u20ac par personne et par heure.<\/p><p><strong>Cartes \u00e0 bandelettes \u00e9tudier\u00e0 la maison NT2 :<\/strong><br \/>10 bandelettes = 195\u00a0\u20ac<br \/>20 bandelettes = 390\u00a0\u20ac<br \/>40 bandelettes = 700\u00a0\u20ac<\/p><p>Les cours collectifs sont \u00e0 19,50 \u20ac de l&rsquo;heure (\u00e0 partir de 40 heures vous payez 17,50 \u20ac de l&rsquo;heure)<\/p>\t\t\t\t\t\t\t\t<\/div>\n\t\t\t\t<\/div>\n\t\t\t\t<\/div>\n\t\t\t\t<\/div>\n\t\t","protected":false},"excerpt":{"rendered":"<p>Je souhaite une formation sur mesure (pour les langues standard\u00a0: n\u00e9erlandais, anglais, allemand, fran\u00e7ais et espagnol). A. Formations en entreprise\u00a0: Cours individuels (PERSONNALIS\u00c9S) \u00e0 partir de 110\u00a0\u20ac par heure. Sur place si vous le souhaitez\u00a0!*Une deuxi\u00e8me personne dans le m\u00eame cours b\u00e9n\u00e9ficie de 50\u00a0% de r\u00e9duction\u00a0! B. Cours individuels (PERSONNALIS\u00c9S) \u00e0 partir de 110 \u20ac [&hellip;]<\/p>\n","protected":false},"author":3,"featured_media":0,"parent":0,"menu_order":0,"comment_status":"open","ping_status":"closed","template":"aw-content-template.php","meta":{"_yoast_wpseo_focuskw":"offres et tarifs","_yoast_wpseo_metadesc":"","rank_math_focus_keyword":"","rank_math_description":"","footnotes":""},"class_list":["post-7733","page","type-page","status-publish","hentry"],"yoast_head":"<!-- This site is optimized with the Yoast SEO plugin v27.2 - https:\/\/yoast.com\/product\/yoast-seo-wordpress\/ -->\n<title>Offres et tarifs - Bogaers Taleninstituut Tilburg<\/title>\n<meta name=\"robots\" content=\"index, follow, max-snippet:-1, max-image-preview:large, max-video-preview:-1\" \/>\n<link rel=\"canonical\" href=\"https:\/\/www.bogaerstalen.nl\/fr\/offres-et-tarifs\/\" \/>\n<meta property=\"og:locale\" content=\"fr_FR\" \/>\n<meta property=\"og:type\" content=\"article\" \/>\n<meta property=\"og:title\" content=\"Offres et tarifs - Bogaers Taleninstituut Tilburg\" \/>\n<meta property=\"og:description\" content=\"Je souhaite une formation sur mesure (pour les langues standard\u00a0: n\u00e9erlandais, anglais, allemand, fran\u00e7ais et espagnol). A. Formations en entreprise\u00a0: Cours individuels (PERSONNALIS\u00c9S) \u00e0 partir de 110\u00a0\u20ac par heure. Sur place si vous le souhaitez\u00a0!*Une deuxi\u00e8me personne dans le m\u00eame cours b\u00e9n\u00e9ficie de 50\u00a0% de r\u00e9duction\u00a0! B. Cours individuels (PERSONNALIS\u00c9S) \u00e0 partir de 110 \u20ac [&hellip;]\" \/>\n<meta property=\"og:url\" content=\"https:\/\/www.bogaerstalen.nl\/fr\/offres-et-tarifs\/\" \/>\n<meta property=\"og:site_name\" content=\"Bogaers Taleninstituut Tilburg\" \/>\n<meta property=\"article:publisher\" content=\"https:\/\/www.facebook.com\/taleninstituut\/\" \/>\n<meta property=\"article:modified_time\" content=\"2025-05-21T12:09:43+00:00\" \/>\n<meta name=\"twitter:label1\" content=\"Dur\u00e9e de lecture estim\u00e9e\" \/>\n\t<meta name=\"twitter:data1\" content=\"3 minutes\" \/>\n<script type=\"application\/ld+json\" class=\"yoast-schema-graph\">{\"@context\":\"https:\/\/schema.org\",\"@graph\":[{\"@type\":\"WebPage\",\"@id\":\"https:\/\/www.bogaerstalen.nl\/fr\/offres-et-tarifs\/\",\"url\":\"https:\/\/www.bogaerstalen.nl\/fr\/offres-et-tarifs\/\",\"name\":\"Offres et tarifs - Bogaers Taleninstituut Tilburg\",\"isPartOf\":{\"@id\":\"https:\/\/www.bogaerstalen.nl\/fr\/#website\"},\"datePublished\":\"2024-11-14T12:20:31+00:00\",\"dateModified\":\"2025-05-21T12:09:43+00:00\",\"breadcrumb\":{\"@id\":\"https:\/\/www.bogaerstalen.nl\/fr\/offres-et-tarifs\/#breadcrumb\"},\"inLanguage\":\"fr-FR\",\"potentialAction\":[{\"@type\":\"ReadAction\",\"target\":[\"https:\/\/www.bogaerstalen.nl\/fr\/offres-et-tarifs\/\"]}]},{\"@type\":\"BreadcrumbList\",\"@id\":\"https:\/\/www.bogaerstalen.nl\/fr\/offres-et-tarifs\/#breadcrumb\",\"itemListElement\":[{\"@type\":\"ListItem\",\"position\":1,\"name\":\"Home\",\"item\":\"https:\/\/www.bogaerstalen.nl\/fr\/accueil\/\"},{\"@type\":\"ListItem\",\"position\":2,\"name\":\"Offres et tarifs\"}]},{\"@type\":\"WebSite\",\"@id\":\"https:\/\/www.bogaerstalen.nl\/fr\/#website\",\"url\":\"https:\/\/www.bogaerstalen.nl\/fr\/\",\"name\":\"Bogaers Taleninstituut Tilburg\",\"description\":\"Sta sterk met taal!\",\"potentialAction\":[{\"@type\":\"SearchAction\",\"target\":{\"@type\":\"EntryPoint\",\"urlTemplate\":\"https:\/\/www.bogaerstalen.nl\/fr\/?s={search_term_string}\"},\"query-input\":{\"@type\":\"PropertyValueSpecification\",\"valueRequired\":true,\"valueName\":\"search_term_string\"}}],\"inLanguage\":\"fr-FR\"}]}<\/script>\n<!-- \/ Yoast SEO plugin. -->","yoast_head_json":{"title":"Offres et tarifs - Bogaers Taleninstituut Tilburg","robots":{"index":"index","follow":"follow","max-snippet":"max-snippet:-1","max-image-preview":"max-image-preview:large","max-video-preview":"max-video-preview:-1"},"canonical":"https:\/\/www.bogaerstalen.nl\/fr\/offres-et-tarifs\/","og_locale":"fr_FR","og_type":"article","og_title":"Offres et tarifs - Bogaers Taleninstituut Tilburg","og_description":"Je souhaite une formation sur mesure (pour les langues standard\u00a0: n\u00e9erlandais, anglais, allemand, fran\u00e7ais et espagnol). A. Formations en entreprise\u00a0: Cours individuels (PERSONNALIS\u00c9S) \u00e0 partir de 110\u00a0\u20ac par heure. Sur place si vous le souhaitez\u00a0!*Une deuxi\u00e8me personne dans le m\u00eame cours b\u00e9n\u00e9ficie de 50\u00a0% de r\u00e9duction\u00a0! B. Cours individuels (PERSONNALIS\u00c9S) \u00e0 partir de 110 \u20ac [&hellip;]","og_url":"https:\/\/www.bogaerstalen.nl\/fr\/offres-et-tarifs\/","og_site_name":"Bogaers Taleninstituut Tilburg","article_publisher":"https:\/\/www.facebook.com\/taleninstituut\/","article_modified_time":"2025-05-21T12:09:43+00:00","twitter_misc":{"Dur\u00e9e de lecture estim\u00e9e":"3 minutes"},"schema":{"@context":"https:\/\/schema.org","@graph":[{"@type":"WebPage","@id":"https:\/\/www.bogaerstalen.nl\/fr\/offres-et-tarifs\/","url":"https:\/\/www.bogaerstalen.nl\/fr\/offres-et-tarifs\/","name":"Offres et tarifs - Bogaers Taleninstituut Tilburg","isPartOf":{"@id":"https:\/\/www.bogaerstalen.nl\/fr\/#website"},"datePublished":"2024-11-14T12:20:31+00:00","dateModified":"2025-05-21T12:09:43+00:00","breadcrumb":{"@id":"https:\/\/www.bogaerstalen.nl\/fr\/offres-et-tarifs\/#breadcrumb"},"inLanguage":"fr-FR","potentialAction":[{"@type":"ReadAction","target":["https:\/\/www.bogaerstalen.nl\/fr\/offres-et-tarifs\/"]}]},{"@type":"BreadcrumbList","@id":"https:\/\/www.bogaerstalen.nl\/fr\/offres-et-tarifs\/#breadcrumb","itemListElement":[{"@type":"ListItem","position":1,"name":"Home","item":"https:\/\/www.bogaerstalen.nl\/fr\/accueil\/"},{"@type":"ListItem","position":2,"name":"Offres et tarifs"}]},{"@type":"WebSite","@id":"https:\/\/www.bogaerstalen.nl\/fr\/#website","url":"https:\/\/www.bogaerstalen.nl\/fr\/","name":"Bogaers Taleninstituut Tilburg","description":"Sta sterk met taal!","potentialAction":[{"@type":"SearchAction","target":{"@type":"EntryPoint","urlTemplate":"https:\/\/www.bogaerstalen.nl\/fr\/?s={search_term_string}"},"query-input":{"@type":"PropertyValueSpecification","valueRequired":true,"valueName":"search_term_string"}}],"inLanguage":"fr-FR"}]}},"_links":{"self":[{"href":"https:\/\/www.bogaerstalen.nl\/fr\/wp-json\/wp\/v2\/pages\/7733","targetHints":{"allow":["GET"]}}],"collection":[{"href":"https:\/\/www.bogaerstalen.nl\/fr\/wp-json\/wp\/v2\/pages"}],"about":[{"href":"https:\/\/www.bogaerstalen.nl\/fr\/wp-json\/wp\/v2\/types\/page"}],"author":[{"embeddable":true,"href":"https:\/\/www.bogaerstalen.nl\/fr\/wp-json\/wp\/v2\/users\/3"}],"replies":[{"embeddable":true,"href":"https:\/\/www.bogaerstalen.nl\/fr\/wp-json\/wp\/v2\/comments?post=7733"}],"version-history":[{"count":8,"href":"https:\/\/www.bogaerstalen.nl\/fr\/wp-json\/wp\/v2\/pages\/7733\/revisions"}],"predecessor-version":[{"id":9737,"href":"https:\/\/www.bogaerstalen.nl\/fr\/wp-json\/wp\/v2\/pages\/7733\/revisions\/9737"}],"wp:attachment":[{"href":"https:\/\/www.bogaerstalen.nl\/fr\/wp-json\/wp\/v2\/media?parent=7733"}],"curies":[{"name":"wp","href":"https:\/\/api.w.org\/{rel}","templated":true}]}}