{"id":7766,"date":"2024-11-14T13:20:36","date_gmt":"2024-11-14T12:20:36","guid":{"rendered":"https:\/\/www.bogaerstalen.nl\/francais\/"},"modified":"2024-11-17T10:05:36","modified_gmt":"2024-11-17T09:05:36","slug":"francais","status":"publish","type":"page","link":"https:\/\/www.bogaerstalen.nl\/fr\/francais\/","title":{"rendered":"Fran\u00e7ais"},"content":{"rendered":"\t\t<div data-elementor-type=\"wp-page\" data-elementor-id=\"7766\" class=\"elementor elementor-7766 elementor-135\" data-elementor-post-type=\"page\">\n\t\t\t\t<div class=\"elementor-element elementor-element-45ae54c8 e-flex e-con-boxed e-con e-parent\" data-id=\"45ae54c8\" data-element_type=\"container\" data-e-type=\"container\">\n\t\t\t\t\t<div class=\"e-con-inner\">\n\t\t\t\t<div class=\"elementor-element elementor-element-3dfa2b09 elementor-widget elementor-widget-text-editor\" data-id=\"3dfa2b09\" data-element_type=\"widget\" data-e-type=\"widget\" data-widget_type=\"text-editor.default\">\n\t\t\t\t<div class=\"elementor-widget-container\">\n\t\t\t\t\t\t\t\t\t<h1><span style=\"color: #ff9900;\">Fran\u00e7ais<\/span><\/h1>\n<h1><span style=\"font-size: 15px; color: #353535; font-weight: 500;\">Renseignez-vous sur nos formations professionnelles personnalis\u00e9es !<\/span><\/h1>\n<ul>\n<li>Le fran\u00e7ais est la seule langue qui, avec l&rsquo;anglais, est parl\u00e9e dans le monde entier, sur tous les continents.<\/li>\n<li>Il y a environ 600 millions de personnes qui parlent le fran\u00e7ais, que ce soit en tant que premi\u00e8re ou deuxi\u00e8me langue.<\/li>\n<li>Le fran\u00e7ais est une langue officielle dans 85 pays et la troisi\u00e8me langue en Europe.<\/li>\n<li>Le fran\u00e7ais est un atout pour votre carri\u00e8re.<\/li>\n<li>Le fran\u00e7ais est une langue dans laquelle vous pouvez bien penser et discuter.<\/li>\n<li>Le fran\u00e7ais est une langue qui s&rsquo;apprend facilement.<\/li>\n<li>Le fran\u00e7ais est la langue de la technologie et de la m\u00e9decine.<\/li>\n<li>Le fran\u00e7ais est une langue qui permet \u00e9galement d&rsquo;apprendre d&rsquo;autres langues telles que : les langues romanes (espagnol, italien, portugais ou roumain), mais aussi l&rsquo;anglais car 50% du vocabulaire anglais actuel est d&rsquo;origine fran\u00e7aise.<\/li>\n<\/ul>\n<p><a href=\"https:\/\/www.bogaerstalen.nl\/wp-content\/uploads\/2019\/11\/Frans.pdf\">T\u00e9l\u00e9chargez la feuille de calcul en fran\u00e7ais (PDF)<\/a><\/p>\n<p><strong>Que pouvez-vous attendre, entre autres, de cette formation interactive ?<\/strong><\/p>\n<p>Avec les comp\u00e9tences de communication acquises, vous pouvez :<\/p>\n<p>&#8211; Avoir de courtes conversations g\u00e9n\u00e9rales &#8211; Elargir son vocabulaire &#8211; Comprendre son interlocuteur et lui r\u00e9pondre de mani\u00e8re appropri\u00e9e &#8211; Comprendre et\/ou \u00e9crire un texte simple et court &#8211; Se familiariser avec la culture en question (ainsi qu&rsquo;avec les choses \u00e0 faire et \u00e0 ne pas faire)<\/p>\n<p><strong>Une option consiste \u00e0 utiliser notre MML (MobileMediaLab) ou l&rsquo;apprentissage en ligne.<\/strong><\/p>\n<p>Vous permet de :<\/p>\n<ul>\n<li>Am\u00e9liorer la prononciation<\/li>\n<li>Pratiquer l&rsquo;expression orale<\/li>\n<li>Am\u00e9liorer les capacit\u00e9s d&rsquo;\u00e9coute<\/li>\n<li>Pratiquer les structures de phrases<\/li>\n<li>(Au MML, vous pouvez utiliser tout le mat\u00e9riel disponible pendant les heures de bureau !)<\/li>\n<li>L&rsquo;apprentissage en ligne peut m\u00eame se faire \u00e0 partir de n&rsquo;importe quel endroit o\u00f9 vous disposez d&rsquo;une connexion internet !<\/li>\n<li>Pratique illimit\u00e9e \u00e0 votre convenance<\/li>\n<\/ul>\n\t\t\t\t\t\t\t\t<\/div>\n\t\t\t\t<\/div>\n\t\t\t\t\t<\/div>\n\t\t\t\t<\/div>\n\t\t\t\t<\/div>\n\t\t","protected":false},"excerpt":{"rendered":"<p>Fran\u00e7ais Renseignez-vous sur nos formations professionnelles personnalis\u00e9es ! Le fran\u00e7ais est la seule langue qui, avec l&rsquo;anglais, est parl\u00e9e dans le monde entier, sur tous les continents. Il y a environ 600 millions de personnes qui parlent le fran\u00e7ais, que ce soit en tant que premi\u00e8re ou deuxi\u00e8me langue. Le fran\u00e7ais est une langue officielle [&hellip;]<\/p>\n","protected":false},"author":3,"featured_media":0,"parent":0,"menu_order":0,"comment_status":"open","ping_status":"open","template":"aw-content-template.php","meta":{"_yoast_wpseo_focuskw":"Fran\u00e7ais","_yoast_wpseo_metadesc":"","rank_math_focus_keyword":"","rank_math_description":"","footnotes":""},"class_list":["post-7766","page","type-page","status-publish","hentry"],"yoast_head":"<!-- This site is optimized with the Yoast SEO plugin v27.5 - https:\/\/yoast.com\/product\/yoast-seo-wordpress\/ -->\n<title>Fran\u00e7ais - Bogaers Taleninstituut Tilburg<\/title>\n<meta name=\"robots\" content=\"index, follow, max-snippet:-1, max-image-preview:large, max-video-preview:-1\" \/>\n<link rel=\"canonical\" href=\"https:\/\/www.bogaerstalen.nl\/fr\/francais\/\" \/>\n<meta property=\"og:locale\" content=\"fr_FR\" \/>\n<meta property=\"og:type\" content=\"article\" \/>\n<meta property=\"og:title\" content=\"Fran\u00e7ais - Bogaers Taleninstituut Tilburg\" \/>\n<meta property=\"og:description\" content=\"Fran\u00e7ais Renseignez-vous sur nos formations professionnelles personnalis\u00e9es ! Le fran\u00e7ais est la seule langue qui, avec l&rsquo;anglais, est parl\u00e9e dans le monde entier, sur tous les continents. Il y a environ 600 millions de personnes qui parlent le fran\u00e7ais, que ce soit en tant que premi\u00e8re ou deuxi\u00e8me langue. Le fran\u00e7ais est une langue officielle [&hellip;]\" \/>\n<meta property=\"og:url\" content=\"https:\/\/www.bogaerstalen.nl\/fr\/francais\/\" \/>\n<meta property=\"og:site_name\" content=\"Bogaers Taleninstituut Tilburg\" \/>\n<meta property=\"article:publisher\" content=\"https:\/\/www.facebook.com\/taleninstituut\/\" \/>\n<meta property=\"article:modified_time\" content=\"2024-11-17T09:05:36+00:00\" \/>\n<meta name=\"twitter:label1\" content=\"Dur\u00e9e de lecture estim\u00e9e\" \/>\n\t<meta name=\"twitter:data1\" content=\"2 minutes\" \/>\n<script type=\"application\/ld+json\" class=\"yoast-schema-graph\">{\"@context\":\"https:\\\/\\\/schema.org\",\"@graph\":[{\"@type\":\"WebPage\",\"@id\":\"https:\\\/\\\/www.bogaerstalen.nl\\\/fr\\\/francais\\\/\",\"url\":\"https:\\\/\\\/www.bogaerstalen.nl\\\/fr\\\/francais\\\/\",\"name\":\"Fran\u00e7ais - Bogaers Taleninstituut Tilburg\",\"isPartOf\":{\"@id\":\"https:\\\/\\\/www.bogaerstalen.nl\\\/fr\\\/#website\"},\"datePublished\":\"2024-11-14T12:20:36+00:00\",\"dateModified\":\"2024-11-17T09:05:36+00:00\",\"breadcrumb\":{\"@id\":\"https:\\\/\\\/www.bogaerstalen.nl\\\/fr\\\/francais\\\/#breadcrumb\"},\"inLanguage\":\"fr-FR\",\"potentialAction\":[{\"@type\":\"ReadAction\",\"target\":[\"https:\\\/\\\/www.bogaerstalen.nl\\\/fr\\\/francais\\\/\"]}]},{\"@type\":\"BreadcrumbList\",\"@id\":\"https:\\\/\\\/www.bogaerstalen.nl\\\/fr\\\/francais\\\/#breadcrumb\",\"itemListElement\":[{\"@type\":\"ListItem\",\"position\":1,\"name\":\"Home\",\"item\":\"https:\\\/\\\/www.bogaerstalen.nl\\\/fr\\\/accueil\\\/\"},{\"@type\":\"ListItem\",\"position\":2,\"name\":\"Fran\u00e7ais\"}]},{\"@type\":\"WebSite\",\"@id\":\"https:\\\/\\\/www.bogaerstalen.nl\\\/fr\\\/#website\",\"url\":\"https:\\\/\\\/www.bogaerstalen.nl\\\/fr\\\/\",\"name\":\"Bogaers Taleninstituut Tilburg\",\"description\":\"Sta sterk met taal!\",\"potentialAction\":[{\"@type\":\"SearchAction\",\"target\":{\"@type\":\"EntryPoint\",\"urlTemplate\":\"https:\\\/\\\/www.bogaerstalen.nl\\\/fr\\\/?s={search_term_string}\"},\"query-input\":{\"@type\":\"PropertyValueSpecification\",\"valueRequired\":true,\"valueName\":\"search_term_string\"}}],\"inLanguage\":\"fr-FR\"}]}<\/script>\n<!-- \/ Yoast SEO plugin. -->","yoast_head_json":{"title":"Fran\u00e7ais - Bogaers Taleninstituut Tilburg","robots":{"index":"index","follow":"follow","max-snippet":"max-snippet:-1","max-image-preview":"max-image-preview:large","max-video-preview":"max-video-preview:-1"},"canonical":"https:\/\/www.bogaerstalen.nl\/fr\/francais\/","og_locale":"fr_FR","og_type":"article","og_title":"Fran\u00e7ais - Bogaers Taleninstituut Tilburg","og_description":"Fran\u00e7ais Renseignez-vous sur nos formations professionnelles personnalis\u00e9es ! Le fran\u00e7ais est la seule langue qui, avec l&rsquo;anglais, est parl\u00e9e dans le monde entier, sur tous les continents. Il y a environ 600 millions de personnes qui parlent le fran\u00e7ais, que ce soit en tant que premi\u00e8re ou deuxi\u00e8me langue. Le fran\u00e7ais est une langue officielle [&hellip;]","og_url":"https:\/\/www.bogaerstalen.nl\/fr\/francais\/","og_site_name":"Bogaers Taleninstituut Tilburg","article_publisher":"https:\/\/www.facebook.com\/taleninstituut\/","article_modified_time":"2024-11-17T09:05:36+00:00","twitter_misc":{"Dur\u00e9e de lecture estim\u00e9e":"2 minutes"},"schema":{"@context":"https:\/\/schema.org","@graph":[{"@type":"WebPage","@id":"https:\/\/www.bogaerstalen.nl\/fr\/francais\/","url":"https:\/\/www.bogaerstalen.nl\/fr\/francais\/","name":"Fran\u00e7ais - Bogaers Taleninstituut Tilburg","isPartOf":{"@id":"https:\/\/www.bogaerstalen.nl\/fr\/#website"},"datePublished":"2024-11-14T12:20:36+00:00","dateModified":"2024-11-17T09:05:36+00:00","breadcrumb":{"@id":"https:\/\/www.bogaerstalen.nl\/fr\/francais\/#breadcrumb"},"inLanguage":"fr-FR","potentialAction":[{"@type":"ReadAction","target":["https:\/\/www.bogaerstalen.nl\/fr\/francais\/"]}]},{"@type":"BreadcrumbList","@id":"https:\/\/www.bogaerstalen.nl\/fr\/francais\/#breadcrumb","itemListElement":[{"@type":"ListItem","position":1,"name":"Home","item":"https:\/\/www.bogaerstalen.nl\/fr\/accueil\/"},{"@type":"ListItem","position":2,"name":"Fran\u00e7ais"}]},{"@type":"WebSite","@id":"https:\/\/www.bogaerstalen.nl\/fr\/#website","url":"https:\/\/www.bogaerstalen.nl\/fr\/","name":"Bogaers Taleninstituut Tilburg","description":"Sta sterk met taal!","potentialAction":[{"@type":"SearchAction","target":{"@type":"EntryPoint","urlTemplate":"https:\/\/www.bogaerstalen.nl\/fr\/?s={search_term_string}"},"query-input":{"@type":"PropertyValueSpecification","valueRequired":true,"valueName":"search_term_string"}}],"inLanguage":"fr-FR"}]}},"_links":{"self":[{"href":"https:\/\/www.bogaerstalen.nl\/fr\/wp-json\/wp\/v2\/pages\/7766","targetHints":{"allow":["GET"]}}],"collection":[{"href":"https:\/\/www.bogaerstalen.nl\/fr\/wp-json\/wp\/v2\/pages"}],"about":[{"href":"https:\/\/www.bogaerstalen.nl\/fr\/wp-json\/wp\/v2\/types\/page"}],"author":[{"embeddable":true,"href":"https:\/\/www.bogaerstalen.nl\/fr\/wp-json\/wp\/v2\/users\/3"}],"replies":[{"embeddable":true,"href":"https:\/\/www.bogaerstalen.nl\/fr\/wp-json\/wp\/v2\/comments?post=7766"}],"version-history":[{"count":6,"href":"https:\/\/www.bogaerstalen.nl\/fr\/wp-json\/wp\/v2\/pages\/7766\/revisions"}],"predecessor-version":[{"id":8742,"href":"https:\/\/www.bogaerstalen.nl\/fr\/wp-json\/wp\/v2\/pages\/7766\/revisions\/8742"}],"wp:attachment":[{"href":"https:\/\/www.bogaerstalen.nl\/fr\/wp-json\/wp\/v2\/media?parent=7766"}],"curies":[{"name":"wp","href":"https:\/\/api.w.org\/{rel}","templated":true}]}}