{"id":7768,"date":"2024-11-14T13:20:38","date_gmt":"2024-11-14T12:20:38","guid":{"rendered":"https:\/\/www.bogaerstalen.nl\/neerlandais\/"},"modified":"2024-11-22T09:21:51","modified_gmt":"2024-11-22T08:21:51","slug":"neerlandais","status":"publish","type":"page","link":"https:\/\/www.bogaerstalen.nl\/fr\/neerlandais\/","title":{"rendered":"N\u00e9erlandais"},"content":{"rendered":"\t\t<div data-elementor-type=\"wp-page\" data-elementor-id=\"7768\" class=\"elementor elementor-7768 elementor-130\" data-elementor-post-type=\"page\">\n\t\t\t\t<div class=\"elementor-element elementor-element-52d54265 e-flex e-con-boxed e-con e-parent\" data-id=\"52d54265\" data-element_type=\"container\" data-e-type=\"container\">\n\t\t\t\t\t<div class=\"e-con-inner\">\n\t\t\t\t<div class=\"elementor-element elementor-element-5dcc8e0e elementor-widget elementor-widget-text-editor\" data-id=\"5dcc8e0e\" data-element_type=\"widget\" data-e-type=\"widget\" data-widget_type=\"text-editor.default\">\n\t\t\t\t<div class=\"elementor-widget-container\">\n\t\t\t\t\t\t\t\t\t<h1><span style=\"color: #ff9900;\">N\u00e9erlandais<\/span><\/h1>\n<ul>\n<li>Une \u00e9criture impeccable n&rsquo;est pas seulement votre carte de visite ou celle de votre entreprise, mais une bonne ma\u00eetrise du n\u00e9erlandais est aussi la base de l&rsquo;apprentissage d&rsquo;une langue \u00e9trang\u00e8re. Une lettre ou une offre impeccable a \u00e9galement plus de chances d&rsquo;\u00eatre re\u00e7ue. <\/li>\n<\/ul>\n<ul>\n<li>Il est utile de suivre un cours chez nous si vous devez passer un Inburgeringsexamen, un Staatsexamen ou un test de naturalisation.&nbsp;Nous pouvons vous aider \u00e0 ma\u00eetriser la langue n\u00e9erlandaise afin que vous puissiez obtenir votre dipl\u00f4me plus rapidement. Bien entendu, vous pouvez \u00e9galement prendre des cours de n\u00e9erlandais pour am\u00e9liorer votre ma\u00eetrise de la langue, ou si vous avez des difficult\u00e9s avec le n\u00e9erlandais \u00e0 l&rsquo;\u00e9cole. Dans ce cas, vous pouvez prendre des cours \u00e0 Bogaers pour am\u00e9liorer votre ma\u00eetrise du n\u00e9erlandais.  <\/li>\n<\/ul>\n<p><span style=\"color: var( --e-global-color-text ); font-family: var( --e-global-typography-text-font-family ), Sans-serif; font-size: var( --e-global-typography-text-font-size ); font-weight: var( --e-global-typography-text-font-weight ); text-align: var(--text-align);\"><br><\/span><\/p><p><span style=\"color: var( --e-global-color-text ); font-family: var( --e-global-typography-text-font-family ), Sans-serif; font-size: var( --e-global-typography-text-font-size ); font-weight: var( --e-global-typography-text-font-weight ); text-align: var(--text-align);\">N\u00e9erlandais :&nbsp;<\/span><a href=\"https:\/\/www.bogaerstalen.nl\/wp-content\/uploads\/2024\/11\/Dutch-NT2-4.pdf\" style=\"font-family: var( --e-global-typography-text-font-family ), Sans-serif; font-size: var( --e-global-typography-text-font-size ); font-weight: var( --e-global-typography-text-font-weight ); text-align: var(--text-align); background-color: rgb(255, 255, 255);\">Le n\u00e9erlandais comme deuxi\u00e8me langue NT2 (PDF)<\/a><\/p>\n<p><strong>Que pouvez-vous attendre, entre autres, de cette formation interactive ?<\/strong><\/p>\n<p><strong>Avec les comp\u00e9tences de communication acquises, vous pouvez :<\/strong><\/p>\n<ul>\n<li>Passer des appels g\u00e9n\u00e9raux de courte dur\u00e9e<\/li>\n<li>\u00c9largir votre vocabulaire<\/li>\n<li>Comprendre votre interlocuteur et r\u00e9agir de mani\u00e8re appropri\u00e9e<\/li>\n<li>Comprendre et\/ou \u00e9crire un texte simple et court<\/li>\n<li>Apprendre \u00e0 conna\u00eetre la culture concern\u00e9e (ainsi que les choses \u00e0 faire et \u00e0 ne pas faire)<\/li>\n<\/ul>\n<p><strong>L&rsquo;une des options consiste \u00e0 utiliser l&rsquo;apprentissage en ligne.<\/strong> <strong>Vous permet de :<\/strong><\/p>\n<ul>\n<li>Am\u00e9liorer la prononciation<\/li>\n<li>Pratiquer l&rsquo;expression orale<\/li>\n<li>Am\u00e9liorer les capacit\u00e9s d&rsquo;\u00e9coute<\/li>\n<li>Pratiquer les structures de phrases<\/li>\n<li>L&rsquo;apprentissage en ligne peut m\u00eame se faire \u00e0 partir de n&rsquo;importe quel endroit o\u00f9 vous disposez d&rsquo;une connexion internet !<\/li>\n<li>Pratique illimit\u00e9e \u00e0 votre convenance<\/li>\n<\/ul>\t\t\t\t\t\t\t\t<\/div>\n\t\t\t\t<\/div>\n\t\t\t\t\t<\/div>\n\t\t\t\t<\/div>\n\t\t\t\t<\/div>\n\t\t","protected":false},"excerpt":{"rendered":"<p>N\u00e9erlandais Une \u00e9criture impeccable n&rsquo;est pas seulement votre carte de visite ou celle de votre entreprise, mais une bonne ma\u00eetrise du n\u00e9erlandais est aussi la base de l&rsquo;apprentissage d&rsquo;une langue \u00e9trang\u00e8re. Une lettre ou une offre impeccable a \u00e9galement plus de chances d&rsquo;\u00eatre re\u00e7ue. Il est utile de suivre un cours chez nous si vous [&hellip;]<\/p>\n","protected":false},"author":3,"featured_media":0,"parent":0,"menu_order":0,"comment_status":"open","ping_status":"closed","template":"aw-content-template.php","meta":{"_yoast_wpseo_focuskw":"N\u00e9erlandais","_yoast_wpseo_metadesc":"","rank_math_focus_keyword":"","rank_math_description":"","footnotes":""},"class_list":["post-7768","page","type-page","status-publish","hentry"],"yoast_head":"<!-- This site is optimized with the Yoast SEO plugin v27.5 - https:\/\/yoast.com\/product\/yoast-seo-wordpress\/ -->\n<title>N\u00e9erlandais - Bogaers Taleninstituut Tilburg<\/title>\n<meta name=\"robots\" content=\"index, follow, max-snippet:-1, max-image-preview:large, max-video-preview:-1\" \/>\n<link rel=\"canonical\" href=\"https:\/\/www.bogaerstalen.nl\/fr\/neerlandais\/\" \/>\n<meta property=\"og:locale\" content=\"fr_FR\" \/>\n<meta property=\"og:type\" content=\"article\" \/>\n<meta property=\"og:title\" content=\"N\u00e9erlandais - Bogaers Taleninstituut Tilburg\" \/>\n<meta property=\"og:description\" content=\"N\u00e9erlandais Une \u00e9criture impeccable n&rsquo;est pas seulement votre carte de visite ou celle de votre entreprise, mais une bonne ma\u00eetrise du n\u00e9erlandais est aussi la base de l&rsquo;apprentissage d&rsquo;une langue \u00e9trang\u00e8re. Une lettre ou une offre impeccable a \u00e9galement plus de chances d&rsquo;\u00eatre re\u00e7ue. Il est utile de suivre un cours chez nous si vous [&hellip;]\" \/>\n<meta property=\"og:url\" content=\"https:\/\/www.bogaerstalen.nl\/fr\/neerlandais\/\" \/>\n<meta property=\"og:site_name\" content=\"Bogaers Taleninstituut Tilburg\" \/>\n<meta property=\"article:publisher\" content=\"https:\/\/www.facebook.com\/taleninstituut\/\" \/>\n<meta property=\"article:modified_time\" content=\"2024-11-22T08:21:51+00:00\" \/>\n<meta name=\"twitter:label1\" content=\"Dur\u00e9e de lecture estim\u00e9e\" \/>\n\t<meta name=\"twitter:data1\" content=\"1 minute\" \/>\n<script type=\"application\/ld+json\" class=\"yoast-schema-graph\">{\"@context\":\"https:\\\/\\\/schema.org\",\"@graph\":[{\"@type\":\"WebPage\",\"@id\":\"https:\\\/\\\/www.bogaerstalen.nl\\\/fr\\\/neerlandais\\\/\",\"url\":\"https:\\\/\\\/www.bogaerstalen.nl\\\/fr\\\/neerlandais\\\/\",\"name\":\"N\u00e9erlandais - Bogaers Taleninstituut Tilburg\",\"isPartOf\":{\"@id\":\"https:\\\/\\\/www.bogaerstalen.nl\\\/fr\\\/#website\"},\"datePublished\":\"2024-11-14T12:20:38+00:00\",\"dateModified\":\"2024-11-22T08:21:51+00:00\",\"breadcrumb\":{\"@id\":\"https:\\\/\\\/www.bogaerstalen.nl\\\/fr\\\/neerlandais\\\/#breadcrumb\"},\"inLanguage\":\"fr-FR\",\"potentialAction\":[{\"@type\":\"ReadAction\",\"target\":[\"https:\\\/\\\/www.bogaerstalen.nl\\\/fr\\\/neerlandais\\\/\"]}]},{\"@type\":\"BreadcrumbList\",\"@id\":\"https:\\\/\\\/www.bogaerstalen.nl\\\/fr\\\/neerlandais\\\/#breadcrumb\",\"itemListElement\":[{\"@type\":\"ListItem\",\"position\":1,\"name\":\"Home\",\"item\":\"https:\\\/\\\/www.bogaerstalen.nl\\\/fr\\\/accueil\\\/\"},{\"@type\":\"ListItem\",\"position\":2,\"name\":\"N\u00e9erlandais\"}]},{\"@type\":\"WebSite\",\"@id\":\"https:\\\/\\\/www.bogaerstalen.nl\\\/fr\\\/#website\",\"url\":\"https:\\\/\\\/www.bogaerstalen.nl\\\/fr\\\/\",\"name\":\"Bogaers Taleninstituut Tilburg\",\"description\":\"Sta sterk met taal!\",\"potentialAction\":[{\"@type\":\"SearchAction\",\"target\":{\"@type\":\"EntryPoint\",\"urlTemplate\":\"https:\\\/\\\/www.bogaerstalen.nl\\\/fr\\\/?s={search_term_string}\"},\"query-input\":{\"@type\":\"PropertyValueSpecification\",\"valueRequired\":true,\"valueName\":\"search_term_string\"}}],\"inLanguage\":\"fr-FR\"}]}<\/script>\n<!-- \/ Yoast SEO plugin. -->","yoast_head_json":{"title":"N\u00e9erlandais - Bogaers Taleninstituut Tilburg","robots":{"index":"index","follow":"follow","max-snippet":"max-snippet:-1","max-image-preview":"max-image-preview:large","max-video-preview":"max-video-preview:-1"},"canonical":"https:\/\/www.bogaerstalen.nl\/fr\/neerlandais\/","og_locale":"fr_FR","og_type":"article","og_title":"N\u00e9erlandais - Bogaers Taleninstituut Tilburg","og_description":"N\u00e9erlandais Une \u00e9criture impeccable n&rsquo;est pas seulement votre carte de visite ou celle de votre entreprise, mais une bonne ma\u00eetrise du n\u00e9erlandais est aussi la base de l&rsquo;apprentissage d&rsquo;une langue \u00e9trang\u00e8re. Une lettre ou une offre impeccable a \u00e9galement plus de chances d&rsquo;\u00eatre re\u00e7ue. Il est utile de suivre un cours chez nous si vous [&hellip;]","og_url":"https:\/\/www.bogaerstalen.nl\/fr\/neerlandais\/","og_site_name":"Bogaers Taleninstituut Tilburg","article_publisher":"https:\/\/www.facebook.com\/taleninstituut\/","article_modified_time":"2024-11-22T08:21:51+00:00","twitter_misc":{"Dur\u00e9e de lecture estim\u00e9e":"1 minute"},"schema":{"@context":"https:\/\/schema.org","@graph":[{"@type":"WebPage","@id":"https:\/\/www.bogaerstalen.nl\/fr\/neerlandais\/","url":"https:\/\/www.bogaerstalen.nl\/fr\/neerlandais\/","name":"N\u00e9erlandais - Bogaers Taleninstituut Tilburg","isPartOf":{"@id":"https:\/\/www.bogaerstalen.nl\/fr\/#website"},"datePublished":"2024-11-14T12:20:38+00:00","dateModified":"2024-11-22T08:21:51+00:00","breadcrumb":{"@id":"https:\/\/www.bogaerstalen.nl\/fr\/neerlandais\/#breadcrumb"},"inLanguage":"fr-FR","potentialAction":[{"@type":"ReadAction","target":["https:\/\/www.bogaerstalen.nl\/fr\/neerlandais\/"]}]},{"@type":"BreadcrumbList","@id":"https:\/\/www.bogaerstalen.nl\/fr\/neerlandais\/#breadcrumb","itemListElement":[{"@type":"ListItem","position":1,"name":"Home","item":"https:\/\/www.bogaerstalen.nl\/fr\/accueil\/"},{"@type":"ListItem","position":2,"name":"N\u00e9erlandais"}]},{"@type":"WebSite","@id":"https:\/\/www.bogaerstalen.nl\/fr\/#website","url":"https:\/\/www.bogaerstalen.nl\/fr\/","name":"Bogaers Taleninstituut Tilburg","description":"Sta sterk met taal!","potentialAction":[{"@type":"SearchAction","target":{"@type":"EntryPoint","urlTemplate":"https:\/\/www.bogaerstalen.nl\/fr\/?s={search_term_string}"},"query-input":{"@type":"PropertyValueSpecification","valueRequired":true,"valueName":"search_term_string"}}],"inLanguage":"fr-FR"}]}},"_links":{"self":[{"href":"https:\/\/www.bogaerstalen.nl\/fr\/wp-json\/wp\/v2\/pages\/7768","targetHints":{"allow":["GET"]}}],"collection":[{"href":"https:\/\/www.bogaerstalen.nl\/fr\/wp-json\/wp\/v2\/pages"}],"about":[{"href":"https:\/\/www.bogaerstalen.nl\/fr\/wp-json\/wp\/v2\/types\/page"}],"author":[{"embeddable":true,"href":"https:\/\/www.bogaerstalen.nl\/fr\/wp-json\/wp\/v2\/users\/3"}],"replies":[{"embeddable":true,"href":"https:\/\/www.bogaerstalen.nl\/fr\/wp-json\/wp\/v2\/comments?post=7768"}],"version-history":[{"count":17,"href":"https:\/\/www.bogaerstalen.nl\/fr\/wp-json\/wp\/v2\/pages\/7768\/revisions"}],"predecessor-version":[{"id":8973,"href":"https:\/\/www.bogaerstalen.nl\/fr\/wp-json\/wp\/v2\/pages\/7768\/revisions\/8973"}],"wp:attachment":[{"href":"https:\/\/www.bogaerstalen.nl\/fr\/wp-json\/wp\/v2\/media?parent=7768"}],"curies":[{"name":"wp","href":"https:\/\/api.w.org\/{rel}","templated":true}]}}