{"id":7774,"date":"2024-11-14T13:20:42","date_gmt":"2024-11-14T12:20:42","guid":{"rendered":"https:\/\/www.bogaerstalen.nl\/allemand\/"},"modified":"2024-11-18T14:23:09","modified_gmt":"2024-11-18T13:23:09","slug":"allemand","status":"publish","type":"page","link":"https:\/\/www.bogaerstalen.nl\/fr\/allemand\/","title":{"rendered":"Allemand"},"content":{"rendered":"\t\t<div data-elementor-type=\"wp-page\" data-elementor-id=\"7774\" class=\"elementor elementor-7774 elementor-132\" data-elementor-post-type=\"page\">\n\t\t\t\t<div class=\"elementor-element elementor-element-4d8acf34 e-flex e-con-boxed e-con e-parent\" data-id=\"4d8acf34\" data-element_type=\"container\" data-e-type=\"container\">\n\t\t\t\t\t<div class=\"e-con-inner\">\n\t\t\t\t<div class=\"elementor-element elementor-element-6c6ef9f9 elementor-widget elementor-widget-text-editor\" data-id=\"6c6ef9f9\" data-element_type=\"widget\" data-e-type=\"widget\" data-widget_type=\"text-editor.default\">\n\t\t\t\t<div class=\"elementor-widget-container\">\n\t\t\t\t\t\t\t\t\t<h1><strong><span style=\"color: #ff9900;\">Allemand<\/span><\/strong><\/h1>\n<p>Renseignez-vous sur nos formations professionnelles personnalis\u00e9es !<\/p>\n<p>P<strong>our votre travail<\/strong> Beaucoup d&rsquo;entreprises ont leur maison m\u00e8re en Allemagne. Il se peut donc que vous ayez un grand nombre de coll\u00e8gues allemands avec lesquels vous serez t\u00f4t ou tard en contact. Commencer \u00e0 apprendre leur langue \u00e0 l&rsquo;avance n&rsquo;est certainement pas un luxe inutile.  <\/p>\n<p>De plus, l&rsquo;Allemagne est l&rsquo;un de nos principaux partenaires commerciaux. Faire de bonnes affaires d\u00e9pend de beaucoup de choses, mais ceux qui peuvent s&rsquo;adresser \u00e0 leurs clients dans leur propre langue ont forc\u00e9ment une longueur d&rsquo;avance. <\/p>\n<p>P<strong>endant les vacances<\/strong>, l&rsquo;allemand est parl\u00e9 non seulement en Allemagne, mais aussi en Autriche, au Liechtenstein, au Luxembourg et en Suisse, et m\u00eame au nord de l&rsquo;Italie et dans l&rsquo;est de la Belgique.<\/p>\n<p>Vos vacances prendront une valeur ajout\u00e9e consid\u00e9rable si vous pouvez avoir une \u00ab\u00a0vraie\u00a0\u00bb conversation avec les habitants. La prochaine fois, mettez un peu d&rsquo;allemand dans votre valise ! Vous \u00eates s\u00fbr de garder des contacts fascinants et de recevoir de nombreux compliments ! <\/p>\n<p>C&rsquo;est <strong>la troisi\u00e8me langue nationale<\/strong>. L&rsquo;allemand est la langue maternelle la plus r\u00e9pandue en Europe. Un peu moins de 100 millions d&rsquo;Europ\u00e9ens l&rsquo;apprennent \u00e0 la maison comme leur toute premi\u00e8re langue. Parmi ces 100 millions, on compte quelque 70 000 Belges. Et nous l&rsquo;oublions trop souvent. Dans notre Eastside, l&rsquo;allemand est \u00e9galement parl\u00e9.    <\/p>\n<p><a href=\"https:\/\/www.bogaerstalen.nl\/wp-content\/uploads\/2019\/11\/Duits.pdf\">T\u00e9l\u00e9chargez la feuille de calcul en allemand (PDF)<\/a> <\/p>\n<p><strong>Que pouvez-vous attendre de ce cours de formation interactif &#8211; en fonction du niveau ?<\/strong><\/p>\n<p><strong>Niveau A1<\/strong><\/p>\n<ul>\n<li>Se pr\u00e9senter et saluer<\/li>\n<li>Demander son chemin<\/li>\n<\/ul>\n<p><strong>Niveau A2<\/strong><\/p>\n<ul>\n<li>Entretenir la conversation<\/li>\n<li>D\u00e9fendre des positions<\/li>\n<\/ul>\n<p><strong>Niveau B1<\/strong><\/p>\n<ul>\n<li>Parler de sujets plus personnels<\/li>\n<li>Sujets d&rsquo;actualit\u00e9<\/li>\n<\/ul>\n<p><strong>Niveau B2<\/strong><\/p>\n<ul>\n<li>Avoir et comprendre des conversations plus longues<\/li>\n<li>Parler des perspectives d&rsquo;avenir<\/li>\n<\/ul>\n<p><strong>L&rsquo;une des options consiste \u00e0 utiliser le MML ou l&rsquo;apprentissage en ligne.  <\/strong><\/p>\n<p><strong>Vous permet de :<\/strong><\/p>\n<ul>\n<li>Am\u00e9liorer la prononciation<\/li>\n<li>Pratiquer les structures de phrases<\/li>\n<li>Am\u00e9liorer les capacit\u00e9s d&rsquo;\u00e9coute<\/li>\n<li>Pratiquer l&rsquo;expression orale<\/li>\n<li>Pratique illimit\u00e9e \u00e0 votre convenance<\/li>\n<\/ul>\n\t\t\t\t\t\t\t\t<\/div>\n\t\t\t\t<\/div>\n\t\t\t\t\t<\/div>\n\t\t\t\t<\/div>\n\t\t\t\t<\/div>\n\t\t","protected":false},"excerpt":{"rendered":"<p>Allemand Renseignez-vous sur nos formations professionnelles personnalis\u00e9es ! Pour votre travail Beaucoup d&rsquo;entreprises ont leur maison m\u00e8re en Allemagne. Il se peut donc que vous ayez un grand nombre de coll\u00e8gues allemands avec lesquels vous serez t\u00f4t ou tard en contact. Commencer \u00e0 apprendre leur langue \u00e0 l&rsquo;avance n&rsquo;est certainement pas un luxe inutile. De [&hellip;]<\/p>\n","protected":false},"author":3,"featured_media":0,"parent":0,"menu_order":0,"comment_status":"open","ping_status":"open","template":"aw-content-template.php","meta":{"_yoast_wpseo_focuskw":"Allemand","_yoast_wpseo_metadesc":"","rank_math_focus_keyword":"","rank_math_description":"","footnotes":""},"class_list":["post-7774","page","type-page","status-publish","hentry"],"yoast_head":"<!-- This site is optimized with the Yoast SEO plugin v27.2 - https:\/\/yoast.com\/product\/yoast-seo-wordpress\/ -->\n<title>Allemand - Bogaers Taleninstituut Tilburg<\/title>\n<meta name=\"robots\" content=\"index, follow, max-snippet:-1, max-image-preview:large, max-video-preview:-1\" \/>\n<link rel=\"canonical\" href=\"https:\/\/www.bogaerstalen.nl\/fr\/allemand\/\" \/>\n<meta property=\"og:locale\" content=\"fr_FR\" \/>\n<meta property=\"og:type\" content=\"article\" \/>\n<meta property=\"og:title\" content=\"Allemand - Bogaers Taleninstituut Tilburg\" \/>\n<meta property=\"og:description\" content=\"Allemand Renseignez-vous sur nos formations professionnelles personnalis\u00e9es ! Pour votre travail Beaucoup d&rsquo;entreprises ont leur maison m\u00e8re en Allemagne. Il se peut donc que vous ayez un grand nombre de coll\u00e8gues allemands avec lesquels vous serez t\u00f4t ou tard en contact. Commencer \u00e0 apprendre leur langue \u00e0 l&rsquo;avance n&rsquo;est certainement pas un luxe inutile. De [&hellip;]\" \/>\n<meta property=\"og:url\" content=\"https:\/\/www.bogaerstalen.nl\/fr\/allemand\/\" \/>\n<meta property=\"og:site_name\" content=\"Bogaers Taleninstituut Tilburg\" \/>\n<meta property=\"article:publisher\" content=\"https:\/\/www.facebook.com\/taleninstituut\/\" \/>\n<meta property=\"article:modified_time\" content=\"2024-11-18T13:23:09+00:00\" \/>\n<meta name=\"twitter:label1\" content=\"Dur\u00e9e de lecture estim\u00e9e\" \/>\n\t<meta name=\"twitter:data1\" content=\"2 minutes\" \/>\n<script type=\"application\/ld+json\" class=\"yoast-schema-graph\">{\"@context\":\"https:\/\/schema.org\",\"@graph\":[{\"@type\":\"WebPage\",\"@id\":\"https:\/\/www.bogaerstalen.nl\/fr\/allemand\/\",\"url\":\"https:\/\/www.bogaerstalen.nl\/fr\/allemand\/\",\"name\":\"Allemand - Bogaers Taleninstituut Tilburg\",\"isPartOf\":{\"@id\":\"https:\/\/www.bogaerstalen.nl\/fr\/#website\"},\"datePublished\":\"2024-11-14T12:20:42+00:00\",\"dateModified\":\"2024-11-18T13:23:09+00:00\",\"breadcrumb\":{\"@id\":\"https:\/\/www.bogaerstalen.nl\/fr\/allemand\/#breadcrumb\"},\"inLanguage\":\"fr-FR\",\"potentialAction\":[{\"@type\":\"ReadAction\",\"target\":[\"https:\/\/www.bogaerstalen.nl\/fr\/allemand\/\"]}]},{\"@type\":\"BreadcrumbList\",\"@id\":\"https:\/\/www.bogaerstalen.nl\/fr\/allemand\/#breadcrumb\",\"itemListElement\":[{\"@type\":\"ListItem\",\"position\":1,\"name\":\"Home\",\"item\":\"https:\/\/www.bogaerstalen.nl\/fr\/accueil\/\"},{\"@type\":\"ListItem\",\"position\":2,\"name\":\"Allemand\"}]},{\"@type\":\"WebSite\",\"@id\":\"https:\/\/www.bogaerstalen.nl\/fr\/#website\",\"url\":\"https:\/\/www.bogaerstalen.nl\/fr\/\",\"name\":\"Bogaers Taleninstituut Tilburg\",\"description\":\"Sta sterk met taal!\",\"potentialAction\":[{\"@type\":\"SearchAction\",\"target\":{\"@type\":\"EntryPoint\",\"urlTemplate\":\"https:\/\/www.bogaerstalen.nl\/fr\/?s={search_term_string}\"},\"query-input\":{\"@type\":\"PropertyValueSpecification\",\"valueRequired\":true,\"valueName\":\"search_term_string\"}}],\"inLanguage\":\"fr-FR\"}]}<\/script>\n<!-- \/ Yoast SEO plugin. -->","yoast_head_json":{"title":"Allemand - Bogaers Taleninstituut Tilburg","robots":{"index":"index","follow":"follow","max-snippet":"max-snippet:-1","max-image-preview":"max-image-preview:large","max-video-preview":"max-video-preview:-1"},"canonical":"https:\/\/www.bogaerstalen.nl\/fr\/allemand\/","og_locale":"fr_FR","og_type":"article","og_title":"Allemand - Bogaers Taleninstituut Tilburg","og_description":"Allemand Renseignez-vous sur nos formations professionnelles personnalis\u00e9es ! Pour votre travail Beaucoup d&rsquo;entreprises ont leur maison m\u00e8re en Allemagne. Il se peut donc que vous ayez un grand nombre de coll\u00e8gues allemands avec lesquels vous serez t\u00f4t ou tard en contact. Commencer \u00e0 apprendre leur langue \u00e0 l&rsquo;avance n&rsquo;est certainement pas un luxe inutile. De [&hellip;]","og_url":"https:\/\/www.bogaerstalen.nl\/fr\/allemand\/","og_site_name":"Bogaers Taleninstituut Tilburg","article_publisher":"https:\/\/www.facebook.com\/taleninstituut\/","article_modified_time":"2024-11-18T13:23:09+00:00","twitter_misc":{"Dur\u00e9e de lecture estim\u00e9e":"2 minutes"},"schema":{"@context":"https:\/\/schema.org","@graph":[{"@type":"WebPage","@id":"https:\/\/www.bogaerstalen.nl\/fr\/allemand\/","url":"https:\/\/www.bogaerstalen.nl\/fr\/allemand\/","name":"Allemand - Bogaers Taleninstituut Tilburg","isPartOf":{"@id":"https:\/\/www.bogaerstalen.nl\/fr\/#website"},"datePublished":"2024-11-14T12:20:42+00:00","dateModified":"2024-11-18T13:23:09+00:00","breadcrumb":{"@id":"https:\/\/www.bogaerstalen.nl\/fr\/allemand\/#breadcrumb"},"inLanguage":"fr-FR","potentialAction":[{"@type":"ReadAction","target":["https:\/\/www.bogaerstalen.nl\/fr\/allemand\/"]}]},{"@type":"BreadcrumbList","@id":"https:\/\/www.bogaerstalen.nl\/fr\/allemand\/#breadcrumb","itemListElement":[{"@type":"ListItem","position":1,"name":"Home","item":"https:\/\/www.bogaerstalen.nl\/fr\/accueil\/"},{"@type":"ListItem","position":2,"name":"Allemand"}]},{"@type":"WebSite","@id":"https:\/\/www.bogaerstalen.nl\/fr\/#website","url":"https:\/\/www.bogaerstalen.nl\/fr\/","name":"Bogaers Taleninstituut Tilburg","description":"Sta sterk met taal!","potentialAction":[{"@type":"SearchAction","target":{"@type":"EntryPoint","urlTemplate":"https:\/\/www.bogaerstalen.nl\/fr\/?s={search_term_string}"},"query-input":{"@type":"PropertyValueSpecification","valueRequired":true,"valueName":"search_term_string"}}],"inLanguage":"fr-FR"}]}},"_links":{"self":[{"href":"https:\/\/www.bogaerstalen.nl\/fr\/wp-json\/wp\/v2\/pages\/7774","targetHints":{"allow":["GET"]}}],"collection":[{"href":"https:\/\/www.bogaerstalen.nl\/fr\/wp-json\/wp\/v2\/pages"}],"about":[{"href":"https:\/\/www.bogaerstalen.nl\/fr\/wp-json\/wp\/v2\/types\/page"}],"author":[{"embeddable":true,"href":"https:\/\/www.bogaerstalen.nl\/fr\/wp-json\/wp\/v2\/users\/3"}],"replies":[{"embeddable":true,"href":"https:\/\/www.bogaerstalen.nl\/fr\/wp-json\/wp\/v2\/comments?post=7774"}],"version-history":[{"count":8,"href":"https:\/\/www.bogaerstalen.nl\/fr\/wp-json\/wp\/v2\/pages\/7774\/revisions"}],"predecessor-version":[{"id":8796,"href":"https:\/\/www.bogaerstalen.nl\/fr\/wp-json\/wp\/v2\/pages\/7774\/revisions\/8796"}],"wp:attachment":[{"href":"https:\/\/www.bogaerstalen.nl\/fr\/wp-json\/wp\/v2\/media?parent=7774"}],"curies":[{"name":"wp","href":"https:\/\/api.w.org\/{rel}","templated":true}]}}