{"id":8020,"date":"2024-11-14T13:27:06","date_gmt":"2024-11-14T12:27:06","guid":{"rendered":"https:\/\/www.bogaerstalen.nl\/troisieme-apprentissage-pour-mbo\/"},"modified":"2025-02-21T12:16:29","modified_gmt":"2025-02-21T11:16:29","slug":"troisieme-apprentissage-pour-mbo","status":"publish","type":"page","link":"https:\/\/www.bogaerstalen.nl\/fr\/troisieme-apprentissage-pour-mbo\/","title":{"rendered":"Troisi\u00e8me apprentissage pour MBO"},"content":{"rendered":"\t\t<div data-elementor-type=\"wp-page\" data-elementor-id=\"8020\" class=\"elementor elementor-8020 elementor-5528\" data-elementor-post-type=\"page\">\n\t\t\t\t<div class=\"elementor-element elementor-element-7150b0f9 e-flex e-con-boxed e-con e-parent\" data-id=\"7150b0f9\" data-element_type=\"container\" data-e-type=\"container\">\n\t\t\t\t\t<div class=\"e-con-inner\">\n\t\t\t\t<div class=\"elementor-element elementor-element-c14f774 elementor-widget elementor-widget-text-editor\" data-id=\"c14f774\" data-element_type=\"widget\" data-e-type=\"widget\" data-widget_type=\"text-editor.default\">\n\t\t\t\t<div class=\"elementor-widget-container\">\n\t\t\t\t\t\t\t\t\t<h1><span style=\"color: #ff9900;\">Pourquoi le troisi\u00e8me apprentissage?<\/span><\/h1>\n\nLes \u00e9coles de MBO habituelles, telles que le ROC, proposent souvent leurs cours de MBO en deux variantes : la variante BOL et la variante BBL. Ces variantes exigent que vous passiez 200 \u00e0 700 heures par an \u00e0 l&rsquo;\u00e9cole. Si vous avez une famille et\/ou un travail, cela n&rsquo;est gu\u00e8re possible. Le gouvernement a trouv\u00e9 une solution \u00e0 ce probl\u00e8me : la troisi\u00e8me voie d&rsquo;apprentissage. Qu&rsquo;est-ce que la troisi\u00e8me voie d&rsquo;apprentissage ? Un programme MBO via la troisi\u00e8me voie d&rsquo;apprentissage est le m\u00eame programme MBO sans devoir passer 200 \u00e0 700 heures \u00e0 l&rsquo;\u00e9cole. La troisi\u00e8me voie d&rsquo;apprentissage n&rsquo;a pas de norme horaire, ce qui vous permet de d\u00e9cider o\u00f9 et quand vous \u00e9tudiez. \u00c9tudier \u00e0 Bogaers est une combinaison id\u00e9ale d&rsquo;auto-apprentissage et de rencontres en classe. Quels sont les avantages d&rsquo;un programme d&rsquo;\u00e9tudes en MBO par le biais de la troisi\u00e8me voie d&rsquo;apprentissage ? Les avantages sont \u00e9num\u00e9r\u00e9s ci-dessous :\n<ul>\n \t<li>Vous \u00e9tudiez pour obtenir le m\u00eame dipl\u00f4me officiel de MBO que dans d&rsquo;autres \u00e9coles r\u00e9guli\u00e8res, telles que ROC.<\/li>\n \t<li>Vous pouvez imm\u00e9diatement commencer \u00e0 travailler dans la pratique avec votre dipl\u00f4me officiel de MBO.<\/li>\n \t<li>Vous \u00eates assur\u00e9 d&rsquo;une excellente qualit\u00e9, car le troisi\u00e8me apprentissage r\u00e9pond \u00e0 toutes les exigences gouvernementales.<\/li>\n \t<li>Vous pouvez commencer votre formation au mbo n&rsquo;importe quand.<\/li>\n \t<li>Vous d\u00e9cidez o\u00f9 et quand vous \u00e9tudiez.<\/li>\n \t<li>Vous apprendrez aupr\u00e8s des meilleurs professeurs de la discipline.<\/li>\n \t<li>Vous recevrez des conseils personnalis\u00e9s et, gr\u00e2ce \u00e0 l&rsquo;environnement d&rsquo;apprentissage en ligne, vous pourrez toujours contacter vos tuteurs.<\/li>\n<\/ul>\nLa formation MBO de Bogaers a le bon choix pour tout le monde. Que vous soyez \u00e0 la recherche d&rsquo;un cours MBO complet ou que vous souhaitiez simplement vous familiariser avec un sujet, en collaboration avec NTI, entre autres. Les cours de MBO reconnus par l&rsquo;OCW comprennent plusieurs langues \u00e9trang\u00e8res. Voici quelques exemples de langues \u00e9trang\u00e8res qui peuvent \u00eatre propos\u00e9es dans le cadre des cours de MBO :\n<ol>\n \t<li>L&rsquo;anglais : Les comp\u00e9tences en anglais sont souvent exig\u00e9es dans de nombreuses professions et peuvent donc \u00eatre propos\u00e9es dans le cadre de divers cours.<\/li>\n \t<li>Allemand : En tant que voisin et partenaire commercial majeur, la langue allemande joue un r\u00f4le important dans certains secteurs, tels que le commerce, le tourisme et la logistique.<\/li>\n \t<li>Fran\u00e7ais : le fran\u00e7ais est parl\u00e9 dans le monde entier et peut \u00eatre utile pour les cours ax\u00e9s sur les relations internationales, le tourisme, l&rsquo;h\u00f4tellerie et la communication.<\/li>\n \t<li>Espagnol : avec plus de 400 millions de locuteurs dans le monde, l&rsquo;espagnol est une langue importante dans divers secteurs tels que le tourisme, la culture, le commerce et la communication.<\/li>\n<\/ol>\nCela fait partie du programme depuis de nombreuses ann\u00e9es, mais c&rsquo;est relativement rare. Les formations sur mesure li\u00e9es \u00e0 la pratique sont souvent plus profitables, mais elles ne sont malheureusement plus autoris\u00e9es. D&rsquo;autres formations linguistiques relevant des programmes mbo reconnus par l&rsquo;OCW peuvent \u00e9galement \u00eatre encadr\u00e9es par Bogaers Talen dans le domaine linguistique :\n<ol>\n \t<li>Cours d&rsquo;assistant d&rsquo;enseignement : dans le cadre de ce cours, l&rsquo;accent peut \u00eatre mis sur l&rsquo;acquisition de connaissances et de comp\u00e9tences en mati\u00e8re d&rsquo;enseignement des langues.<\/li>\n \t<li>Formation d&rsquo;assistant p\u00e9dagogique en pu\u00e9riculture : cette formation peut \u00eatre ax\u00e9e sur le d\u00e9veloppement des comp\u00e9tences linguistiques et la stimulation du langage chez les jeunes enfants.<\/li>\n \t<li>Formation d&rsquo;assistant p\u00e9dagogique sp\u00e9cialis\u00e9 : cette formation peut mettre l&rsquo;accent sur le travail avec des enfants pr\u00e9sentant des difficult\u00e9s de langage et de communication.<\/li>\n \t<li>Formation en secr\u00e9tariat : les comp\u00e9tences linguistiques, y compris la ma\u00eetrise de plusieurs langues, constituent souvent un \u00e9l\u00e9ment important de cette formation.<\/li>\n \t<li>Formation d&rsquo;interpr\u00e8te-traducteur : cette formation est sp\u00e9cifiquement ax\u00e9e sur le d\u00e9veloppement des comp\u00e9tences en mati\u00e8re de traduction et d&rsquo;interpr\u00e9tation entre diff\u00e9rentes langues.<\/li>\n<\/ol>\n<p style=\"font-weight: 400;\"><img fetchpriority=\"high\" decoding=\"async\" class=\"alignleft wp-image-5207\" src=\"https:\/\/www.bogaerstalen.nl\/wp-content\/uploads\/2020\/05\/Bog2-1-300x300.jpg\" alt=\"\" width=\"568\" height=\"569\" srcset=\"https:\/\/www.bogaerstalen.nl\/wp-content\/uploads\/2020\/05\/Bog2-1-300x300.jpg 300w, https:\/\/www.bogaerstalen.nl\/wp-content\/uploads\/2020\/05\/Bog2-1-150x150.jpg 150w, https:\/\/www.bogaerstalen.nl\/wp-content\/uploads\/2020\/05\/Bog2-1-768x768.jpg 768w, https:\/\/www.bogaerstalen.nl\/wp-content\/uploads\/2020\/05\/Bog2-1-480x480.jpg 480w, https:\/\/www.bogaerstalen.nl\/wp-content\/uploads\/2020\/05\/Bog2-1-400x400.jpg 400w, https:\/\/www.bogaerstalen.nl\/wp-content\/uploads\/2020\/05\/Bog2-1-510x510.jpg 510w, https:\/\/www.bogaerstalen.nl\/wp-content\/uploads\/2020\/05\/Bog2-1-100x100.jpg 100w, https:\/\/www.bogaerstalen.nl\/wp-content\/uploads\/2020\/05\/Bog2-1.jpg 800w\" sizes=\"(max-width: 568px) 100vw, 568px\" \/><\/p>\t\t\t\t\t\t\t\t<\/div>\n\t\t\t\t<\/div>\n\t\t\t\t\t<\/div>\n\t\t\t\t<\/div>\n\t\t\t\t<\/div>\n\t\t","protected":false},"excerpt":{"rendered":"<p>Pourquoi le troisi\u00e8me apprentissage? Les \u00e9coles de MBO habituelles, telles que le ROC, proposent souvent leurs cours de MBO en deux variantes : la variante BOL et la variante BBL. Ces variantes exigent que vous passiez 200 \u00e0 700 heures par an \u00e0 l&rsquo;\u00e9cole. Si vous avez une famille et\/ou un travail, cela n&rsquo;est gu\u00e8re [&hellip;]<\/p>\n","protected":false},"author":3,"featured_media":0,"parent":0,"menu_order":0,"comment_status":"closed","ping_status":"closed","template":"aw-content-template.php","meta":{"_yoast_wpseo_focuskw":"","_yoast_wpseo_metadesc":"","rank_math_focus_keyword":"","rank_math_description":"","footnotes":""},"class_list":["post-8020","page","type-page","status-publish","hentry"],"yoast_head":"<!-- This site is optimized with the Yoast SEO plugin v27.5 - https:\/\/yoast.com\/product\/yoast-seo-wordpress\/ -->\n<title>Troisi\u00e8me apprentissage pour MBO - Bogaers Taleninstituut Tilburg<\/title>\n<meta name=\"robots\" content=\"index, follow, max-snippet:-1, max-image-preview:large, max-video-preview:-1\" \/>\n<link rel=\"canonical\" href=\"https:\/\/www.bogaerstalen.nl\/fr\/troisieme-apprentissage-pour-mbo\/\" \/>\n<meta property=\"og:locale\" content=\"fr_FR\" \/>\n<meta property=\"og:type\" content=\"article\" \/>\n<meta property=\"og:title\" content=\"Troisi\u00e8me apprentissage pour MBO - Bogaers Taleninstituut Tilburg\" \/>\n<meta property=\"og:description\" content=\"Pourquoi le troisi\u00e8me apprentissage? Les \u00e9coles de MBO habituelles, telles que le ROC, proposent souvent leurs cours de MBO en deux variantes : la variante BOL et la variante BBL. Ces variantes exigent que vous passiez 200 \u00e0 700 heures par an \u00e0 l&rsquo;\u00e9cole. Si vous avez une famille et\/ou un travail, cela n&rsquo;est gu\u00e8re [&hellip;]\" \/>\n<meta property=\"og:url\" content=\"https:\/\/www.bogaerstalen.nl\/fr\/troisieme-apprentissage-pour-mbo\/\" \/>\n<meta property=\"og:site_name\" content=\"Bogaers Taleninstituut Tilburg\" \/>\n<meta property=\"article:publisher\" content=\"https:\/\/www.facebook.com\/taleninstituut\/\" \/>\n<meta property=\"article:modified_time\" content=\"2025-02-21T11:16:29+00:00\" \/>\n<meta property=\"og:image\" content=\"https:\/\/www.bogaerstalen.nl\/wp-content\/uploads\/2020\/05\/Bog2-1.jpg\" \/>\n\t<meta property=\"og:image:width\" content=\"800\" \/>\n\t<meta property=\"og:image:height\" content=\"800\" \/>\n\t<meta property=\"og:image:type\" content=\"image\/jpeg\" \/>\n<meta name=\"twitter:label1\" content=\"Dur\u00e9e de lecture estim\u00e9e\" \/>\n\t<meta name=\"twitter:data1\" content=\"4 minutes\" \/>\n<script type=\"application\/ld+json\" class=\"yoast-schema-graph\">{\"@context\":\"https:\\\/\\\/schema.org\",\"@graph\":[{\"@type\":\"WebPage\",\"@id\":\"https:\\\/\\\/www.bogaerstalen.nl\\\/fr\\\/troisieme-apprentissage-pour-mbo\\\/\",\"url\":\"https:\\\/\\\/www.bogaerstalen.nl\\\/fr\\\/troisieme-apprentissage-pour-mbo\\\/\",\"name\":\"Troisi\u00e8me apprentissage pour MBO - Bogaers Taleninstituut Tilburg\",\"isPartOf\":{\"@id\":\"https:\\\/\\\/www.bogaerstalen.nl\\\/fr\\\/#website\"},\"primaryImageOfPage\":{\"@id\":\"https:\\\/\\\/www.bogaerstalen.nl\\\/fr\\\/troisieme-apprentissage-pour-mbo\\\/#primaryimage\"},\"image\":{\"@id\":\"https:\\\/\\\/www.bogaerstalen.nl\\\/fr\\\/troisieme-apprentissage-pour-mbo\\\/#primaryimage\"},\"thumbnailUrl\":\"https:\\\/\\\/www.bogaerstalen.nl\\\/wp-content\\\/uploads\\\/2020\\\/05\\\/Bog2-1-300x300.jpg\",\"datePublished\":\"2024-11-14T12:27:06+00:00\",\"dateModified\":\"2025-02-21T11:16:29+00:00\",\"breadcrumb\":{\"@id\":\"https:\\\/\\\/www.bogaerstalen.nl\\\/fr\\\/troisieme-apprentissage-pour-mbo\\\/#breadcrumb\"},\"inLanguage\":\"fr-FR\",\"potentialAction\":[{\"@type\":\"ReadAction\",\"target\":[\"https:\\\/\\\/www.bogaerstalen.nl\\\/fr\\\/troisieme-apprentissage-pour-mbo\\\/\"]}]},{\"@type\":\"ImageObject\",\"inLanguage\":\"fr-FR\",\"@id\":\"https:\\\/\\\/www.bogaerstalen.nl\\\/fr\\\/troisieme-apprentissage-pour-mbo\\\/#primaryimage\",\"url\":\"https:\\\/\\\/www.bogaerstalen.nl\\\/wp-content\\\/uploads\\\/2020\\\/05\\\/Bog2-1-300x300.jpg\",\"contentUrl\":\"https:\\\/\\\/www.bogaerstalen.nl\\\/wp-content\\\/uploads\\\/2020\\\/05\\\/Bog2-1-300x300.jpg\"},{\"@type\":\"BreadcrumbList\",\"@id\":\"https:\\\/\\\/www.bogaerstalen.nl\\\/fr\\\/troisieme-apprentissage-pour-mbo\\\/#breadcrumb\",\"itemListElement\":[{\"@type\":\"ListItem\",\"position\":1,\"name\":\"Home\",\"item\":\"https:\\\/\\\/www.bogaerstalen.nl\\\/fr\\\/accueil\\\/\"},{\"@type\":\"ListItem\",\"position\":2,\"name\":\"Troisi\u00e8me apprentissage pour MBO\"}]},{\"@type\":\"WebSite\",\"@id\":\"https:\\\/\\\/www.bogaerstalen.nl\\\/fr\\\/#website\",\"url\":\"https:\\\/\\\/www.bogaerstalen.nl\\\/fr\\\/\",\"name\":\"Bogaers Taleninstituut Tilburg\",\"description\":\"Sta sterk met taal!\",\"potentialAction\":[{\"@type\":\"SearchAction\",\"target\":{\"@type\":\"EntryPoint\",\"urlTemplate\":\"https:\\\/\\\/www.bogaerstalen.nl\\\/fr\\\/?s={search_term_string}\"},\"query-input\":{\"@type\":\"PropertyValueSpecification\",\"valueRequired\":true,\"valueName\":\"search_term_string\"}}],\"inLanguage\":\"fr-FR\"}]}<\/script>\n<!-- \/ Yoast SEO plugin. -->","yoast_head_json":{"title":"Troisi\u00e8me apprentissage pour MBO - Bogaers Taleninstituut Tilburg","robots":{"index":"index","follow":"follow","max-snippet":"max-snippet:-1","max-image-preview":"max-image-preview:large","max-video-preview":"max-video-preview:-1"},"canonical":"https:\/\/www.bogaerstalen.nl\/fr\/troisieme-apprentissage-pour-mbo\/","og_locale":"fr_FR","og_type":"article","og_title":"Troisi\u00e8me apprentissage pour MBO - Bogaers Taleninstituut Tilburg","og_description":"Pourquoi le troisi\u00e8me apprentissage? Les \u00e9coles de MBO habituelles, telles que le ROC, proposent souvent leurs cours de MBO en deux variantes : la variante BOL et la variante BBL. Ces variantes exigent que vous passiez 200 \u00e0 700 heures par an \u00e0 l&rsquo;\u00e9cole. Si vous avez une famille et\/ou un travail, cela n&rsquo;est gu\u00e8re [&hellip;]","og_url":"https:\/\/www.bogaerstalen.nl\/fr\/troisieme-apprentissage-pour-mbo\/","og_site_name":"Bogaers Taleninstituut Tilburg","article_publisher":"https:\/\/www.facebook.com\/taleninstituut\/","article_modified_time":"2025-02-21T11:16:29+00:00","og_image":[{"width":800,"height":800,"url":"https:\/\/www.bogaerstalen.nl\/wp-content\/uploads\/2020\/05\/Bog2-1.jpg","type":"image\/jpeg"}],"twitter_misc":{"Dur\u00e9e de lecture estim\u00e9e":"4 minutes"},"schema":{"@context":"https:\/\/schema.org","@graph":[{"@type":"WebPage","@id":"https:\/\/www.bogaerstalen.nl\/fr\/troisieme-apprentissage-pour-mbo\/","url":"https:\/\/www.bogaerstalen.nl\/fr\/troisieme-apprentissage-pour-mbo\/","name":"Troisi\u00e8me apprentissage pour MBO - Bogaers Taleninstituut Tilburg","isPartOf":{"@id":"https:\/\/www.bogaerstalen.nl\/fr\/#website"},"primaryImageOfPage":{"@id":"https:\/\/www.bogaerstalen.nl\/fr\/troisieme-apprentissage-pour-mbo\/#primaryimage"},"image":{"@id":"https:\/\/www.bogaerstalen.nl\/fr\/troisieme-apprentissage-pour-mbo\/#primaryimage"},"thumbnailUrl":"https:\/\/www.bogaerstalen.nl\/wp-content\/uploads\/2020\/05\/Bog2-1-300x300.jpg","datePublished":"2024-11-14T12:27:06+00:00","dateModified":"2025-02-21T11:16:29+00:00","breadcrumb":{"@id":"https:\/\/www.bogaerstalen.nl\/fr\/troisieme-apprentissage-pour-mbo\/#breadcrumb"},"inLanguage":"fr-FR","potentialAction":[{"@type":"ReadAction","target":["https:\/\/www.bogaerstalen.nl\/fr\/troisieme-apprentissage-pour-mbo\/"]}]},{"@type":"ImageObject","inLanguage":"fr-FR","@id":"https:\/\/www.bogaerstalen.nl\/fr\/troisieme-apprentissage-pour-mbo\/#primaryimage","url":"https:\/\/www.bogaerstalen.nl\/wp-content\/uploads\/2020\/05\/Bog2-1-300x300.jpg","contentUrl":"https:\/\/www.bogaerstalen.nl\/wp-content\/uploads\/2020\/05\/Bog2-1-300x300.jpg"},{"@type":"BreadcrumbList","@id":"https:\/\/www.bogaerstalen.nl\/fr\/troisieme-apprentissage-pour-mbo\/#breadcrumb","itemListElement":[{"@type":"ListItem","position":1,"name":"Home","item":"https:\/\/www.bogaerstalen.nl\/fr\/accueil\/"},{"@type":"ListItem","position":2,"name":"Troisi\u00e8me apprentissage pour MBO"}]},{"@type":"WebSite","@id":"https:\/\/www.bogaerstalen.nl\/fr\/#website","url":"https:\/\/www.bogaerstalen.nl\/fr\/","name":"Bogaers Taleninstituut Tilburg","description":"Sta sterk met taal!","potentialAction":[{"@type":"SearchAction","target":{"@type":"EntryPoint","urlTemplate":"https:\/\/www.bogaerstalen.nl\/fr\/?s={search_term_string}"},"query-input":{"@type":"PropertyValueSpecification","valueRequired":true,"valueName":"search_term_string"}}],"inLanguage":"fr-FR"}]}},"_links":{"self":[{"href":"https:\/\/www.bogaerstalen.nl\/fr\/wp-json\/wp\/v2\/pages\/8020","targetHints":{"allow":["GET"]}}],"collection":[{"href":"https:\/\/www.bogaerstalen.nl\/fr\/wp-json\/wp\/v2\/pages"}],"about":[{"href":"https:\/\/www.bogaerstalen.nl\/fr\/wp-json\/wp\/v2\/types\/page"}],"author":[{"embeddable":true,"href":"https:\/\/www.bogaerstalen.nl\/fr\/wp-json\/wp\/v2\/users\/3"}],"replies":[{"embeddable":true,"href":"https:\/\/www.bogaerstalen.nl\/fr\/wp-json\/wp\/v2\/comments?post=8020"}],"version-history":[{"count":3,"href":"https:\/\/www.bogaerstalen.nl\/fr\/wp-json\/wp\/v2\/pages\/8020\/revisions"}],"predecessor-version":[{"id":9454,"href":"https:\/\/www.bogaerstalen.nl\/fr\/wp-json\/wp\/v2\/pages\/8020\/revisions\/9454"}],"wp:attachment":[{"href":"https:\/\/www.bogaerstalen.nl\/fr\/wp-json\/wp\/v2\/media?parent=8020"}],"curies":[{"name":"wp","href":"https:\/\/api.w.org\/{rel}","templated":true}]}}