{"id":8021,"date":"2024-11-14T13:27:07","date_gmt":"2024-11-14T12:27:07","guid":{"rendered":"https:\/\/www.bogaerstalen.nl\/formulaire-dinscription\/"},"modified":"2024-11-14T13:27:18","modified_gmt":"2024-11-14T12:27:18","slug":"formulaire-dinscription","status":"publish","type":"page","link":"https:\/\/www.bogaerstalen.nl\/fr\/formulaire-dinscription\/","title":{"rendered":"Formulaire d&rsquo;inscription"},"content":{"rendered":"\t\t<div data-elementor-type=\"wp-page\" data-elementor-id=\"8021\" class=\"elementor elementor-8021 elementor-6354\" data-elementor-post-type=\"page\">\n\t\t\t\t<div class=\"elementor-element elementor-element-45f7155e e-flex e-con-boxed e-con e-parent\" data-id=\"45f7155e\" data-element_type=\"container\" data-e-type=\"container\">\n\t\t\t\t\t<div class=\"e-con-inner\">\n\t\t\t\t<div class=\"elementor-element elementor-element-31ed0f8e elementor-widget elementor-widget-text-editor\" data-id=\"31ed0f8e\" data-element_type=\"widget\" data-e-type=\"widget\" data-widget_type=\"text-editor.default\">\n\t\t\t\t<div class=\"elementor-widget-container\">\n\t\t\t\t\t\t\t\t\t<h1><strong><span style=\"color: #ff9900;\">Formulaire d&rsquo;inscription<\/span><\/strong><\/h1>\n<p>Instructions :<\/p>\n<ol>\n<li><a href=\"https:\/\/www.bogaerstalen.nl\/wp-content\/uploads\/2019\/11\/Enrollment-form-GENERAL.pdf\">T\u00e9l\u00e9chargez le<\/a> formulaire PDF.<\/li>\n<li>Ouvrez le formulaire avec un lecteur PDF.<\/li>\n<li>Remplissez toutes les informations demand\u00e9es.<\/li>\n<li>Ajoutez des pi\u00e8ces jointes.<\/li>\n<li>Signez num\u00e9riquement le formulaire.<\/li>\n<li>Sauvegardez le formulaire compl\u00e9t\u00e9.<\/li>\n<li>Renvoyez le formulaire \u00e0 <a href=\"mailto:jolanda.meijden@bogaerstalen.nl\">jolanda.meijden@bogaerstalen.nl<\/a> ou par courrier \u00e0 l&rsquo;adresse suivante : Groenstraat 139d &#8211; 5021 LL Tilburg<\/li>\n<\/ol>\n<p>Suivez attentivement les \u00e9tapes suivantes pour compl\u00e9ter votre inscription \u00e0 l&rsquo;aide d&rsquo;un formulaire PDF. Si vous avez des questions, contactez l&rsquo;organisateur.   <\/p>\n\t\t\t\t\t\t\t\t<\/div>\n\t\t\t\t<\/div>\n\t\t\t\t\t<\/div>\n\t\t\t\t<\/div>\n\t\t\t\t<\/div>\n\t\t","protected":false},"excerpt":{"rendered":"<p>Formulaire d&rsquo;inscription Instructions : T\u00e9l\u00e9chargez le formulaire PDF. Ouvrez le formulaire avec un lecteur PDF. Remplissez toutes les informations demand\u00e9es. Ajoutez des pi\u00e8ces jointes. Signez num\u00e9riquement le formulaire. Sauvegardez le formulaire compl\u00e9t\u00e9. Renvoyez le formulaire \u00e0 jolanda.meijden@bogaerstalen.nl ou par courrier \u00e0 l&rsquo;adresse suivante : Groenstraat 139d &#8211; 5021 LL Tilburg Suivez attentivement les \u00e9tapes suivantes [&hellip;]<\/p>\n","protected":false},"author":3,"featured_media":0,"parent":0,"menu_order":0,"comment_status":"closed","ping_status":"closed","template":"aw-content-template.php","meta":{"_yoast_wpseo_focuskw":"","_yoast_wpseo_metadesc":"","rank_math_focus_keyword":"","rank_math_description":"","footnotes":""},"class_list":["post-8021","page","type-page","status-publish","hentry"],"yoast_head":"<!-- This site is optimized with the Yoast SEO plugin v27.5 - https:\/\/yoast.com\/product\/yoast-seo-wordpress\/ -->\n<title>Formulaire d&#039;inscription - Bogaers Taleninstituut Tilburg<\/title>\n<meta name=\"robots\" content=\"index, follow, max-snippet:-1, max-image-preview:large, max-video-preview:-1\" \/>\n<link rel=\"canonical\" href=\"https:\/\/www.bogaerstalen.nl\/fr\/formulaire-dinscription\/\" \/>\n<meta property=\"og:locale\" content=\"fr_FR\" \/>\n<meta property=\"og:type\" content=\"article\" \/>\n<meta property=\"og:title\" content=\"Formulaire d&#039;inscription - Bogaers Taleninstituut Tilburg\" \/>\n<meta property=\"og:description\" content=\"Formulaire d&rsquo;inscription Instructions : T\u00e9l\u00e9chargez le formulaire PDF. Ouvrez le formulaire avec un lecteur PDF. Remplissez toutes les informations demand\u00e9es. Ajoutez des pi\u00e8ces jointes. Signez num\u00e9riquement le formulaire. Sauvegardez le formulaire compl\u00e9t\u00e9. Renvoyez le formulaire \u00e0 jolanda.meijden@bogaerstalen.nl ou par courrier \u00e0 l&rsquo;adresse suivante : Groenstraat 139d &#8211; 5021 LL Tilburg Suivez attentivement les \u00e9tapes suivantes [&hellip;]\" \/>\n<meta property=\"og:url\" content=\"https:\/\/www.bogaerstalen.nl\/fr\/formulaire-dinscription\/\" \/>\n<meta property=\"og:site_name\" content=\"Bogaers Taleninstituut Tilburg\" \/>\n<meta property=\"article:publisher\" content=\"https:\/\/www.facebook.com\/taleninstituut\/\" \/>\n<meta property=\"article:modified_time\" content=\"2024-11-14T12:27:18+00:00\" \/>\n<script type=\"application\/ld+json\" class=\"yoast-schema-graph\">{\"@context\":\"https:\\\/\\\/schema.org\",\"@graph\":[{\"@type\":\"WebPage\",\"@id\":\"https:\\\/\\\/www.bogaerstalen.nl\\\/fr\\\/formulaire-dinscription\\\/\",\"url\":\"https:\\\/\\\/www.bogaerstalen.nl\\\/fr\\\/formulaire-dinscription\\\/\",\"name\":\"Formulaire d'inscription - Bogaers Taleninstituut Tilburg\",\"isPartOf\":{\"@id\":\"https:\\\/\\\/www.bogaerstalen.nl\\\/fr\\\/#website\"},\"datePublished\":\"2024-11-14T12:27:07+00:00\",\"dateModified\":\"2024-11-14T12:27:18+00:00\",\"breadcrumb\":{\"@id\":\"https:\\\/\\\/www.bogaerstalen.nl\\\/fr\\\/formulaire-dinscription\\\/#breadcrumb\"},\"inLanguage\":\"fr-FR\",\"potentialAction\":[{\"@type\":\"ReadAction\",\"target\":[\"https:\\\/\\\/www.bogaerstalen.nl\\\/fr\\\/formulaire-dinscription\\\/\"]}]},{\"@type\":\"BreadcrumbList\",\"@id\":\"https:\\\/\\\/www.bogaerstalen.nl\\\/fr\\\/formulaire-dinscription\\\/#breadcrumb\",\"itemListElement\":[{\"@type\":\"ListItem\",\"position\":1,\"name\":\"Home\",\"item\":\"https:\\\/\\\/www.bogaerstalen.nl\\\/fr\\\/accueil\\\/\"},{\"@type\":\"ListItem\",\"position\":2,\"name\":\"Formulaire d&#8217;inscription\"}]},{\"@type\":\"WebSite\",\"@id\":\"https:\\\/\\\/www.bogaerstalen.nl\\\/fr\\\/#website\",\"url\":\"https:\\\/\\\/www.bogaerstalen.nl\\\/fr\\\/\",\"name\":\"Bogaers Taleninstituut Tilburg\",\"description\":\"Sta sterk met taal!\",\"potentialAction\":[{\"@type\":\"SearchAction\",\"target\":{\"@type\":\"EntryPoint\",\"urlTemplate\":\"https:\\\/\\\/www.bogaerstalen.nl\\\/fr\\\/?s={search_term_string}\"},\"query-input\":{\"@type\":\"PropertyValueSpecification\",\"valueRequired\":true,\"valueName\":\"search_term_string\"}}],\"inLanguage\":\"fr-FR\"}]}<\/script>\n<!-- \/ Yoast SEO plugin. -->","yoast_head_json":{"title":"Formulaire d'inscription - Bogaers Taleninstituut Tilburg","robots":{"index":"index","follow":"follow","max-snippet":"max-snippet:-1","max-image-preview":"max-image-preview:large","max-video-preview":"max-video-preview:-1"},"canonical":"https:\/\/www.bogaerstalen.nl\/fr\/formulaire-dinscription\/","og_locale":"fr_FR","og_type":"article","og_title":"Formulaire d'inscription - Bogaers Taleninstituut Tilburg","og_description":"Formulaire d&rsquo;inscription Instructions : T\u00e9l\u00e9chargez le formulaire PDF. Ouvrez le formulaire avec un lecteur PDF. Remplissez toutes les informations demand\u00e9es. Ajoutez des pi\u00e8ces jointes. Signez num\u00e9riquement le formulaire. Sauvegardez le formulaire compl\u00e9t\u00e9. Renvoyez le formulaire \u00e0 jolanda.meijden@bogaerstalen.nl ou par courrier \u00e0 l&rsquo;adresse suivante : Groenstraat 139d &#8211; 5021 LL Tilburg Suivez attentivement les \u00e9tapes suivantes [&hellip;]","og_url":"https:\/\/www.bogaerstalen.nl\/fr\/formulaire-dinscription\/","og_site_name":"Bogaers Taleninstituut Tilburg","article_publisher":"https:\/\/www.facebook.com\/taleninstituut\/","article_modified_time":"2024-11-14T12:27:18+00:00","schema":{"@context":"https:\/\/schema.org","@graph":[{"@type":"WebPage","@id":"https:\/\/www.bogaerstalen.nl\/fr\/formulaire-dinscription\/","url":"https:\/\/www.bogaerstalen.nl\/fr\/formulaire-dinscription\/","name":"Formulaire d'inscription - Bogaers Taleninstituut Tilburg","isPartOf":{"@id":"https:\/\/www.bogaerstalen.nl\/fr\/#website"},"datePublished":"2024-11-14T12:27:07+00:00","dateModified":"2024-11-14T12:27:18+00:00","breadcrumb":{"@id":"https:\/\/www.bogaerstalen.nl\/fr\/formulaire-dinscription\/#breadcrumb"},"inLanguage":"fr-FR","potentialAction":[{"@type":"ReadAction","target":["https:\/\/www.bogaerstalen.nl\/fr\/formulaire-dinscription\/"]}]},{"@type":"BreadcrumbList","@id":"https:\/\/www.bogaerstalen.nl\/fr\/formulaire-dinscription\/#breadcrumb","itemListElement":[{"@type":"ListItem","position":1,"name":"Home","item":"https:\/\/www.bogaerstalen.nl\/fr\/accueil\/"},{"@type":"ListItem","position":2,"name":"Formulaire d&#8217;inscription"}]},{"@type":"WebSite","@id":"https:\/\/www.bogaerstalen.nl\/fr\/#website","url":"https:\/\/www.bogaerstalen.nl\/fr\/","name":"Bogaers Taleninstituut Tilburg","description":"Sta sterk met taal!","potentialAction":[{"@type":"SearchAction","target":{"@type":"EntryPoint","urlTemplate":"https:\/\/www.bogaerstalen.nl\/fr\/?s={search_term_string}"},"query-input":{"@type":"PropertyValueSpecification","valueRequired":true,"valueName":"search_term_string"}}],"inLanguage":"fr-FR"}]}},"_links":{"self":[{"href":"https:\/\/www.bogaerstalen.nl\/fr\/wp-json\/wp\/v2\/pages\/8021","targetHints":{"allow":["GET"]}}],"collection":[{"href":"https:\/\/www.bogaerstalen.nl\/fr\/wp-json\/wp\/v2\/pages"}],"about":[{"href":"https:\/\/www.bogaerstalen.nl\/fr\/wp-json\/wp\/v2\/types\/page"}],"author":[{"embeddable":true,"href":"https:\/\/www.bogaerstalen.nl\/fr\/wp-json\/wp\/v2\/users\/3"}],"replies":[{"embeddable":true,"href":"https:\/\/www.bogaerstalen.nl\/fr\/wp-json\/wp\/v2\/comments?post=8021"}],"version-history":[{"count":7,"href":"https:\/\/www.bogaerstalen.nl\/fr\/wp-json\/wp\/v2\/pages\/8021\/revisions"}],"predecessor-version":[{"id":8035,"href":"https:\/\/www.bogaerstalen.nl\/fr\/wp-json\/wp\/v2\/pages\/8021\/revisions\/8035"}],"wp:attachment":[{"href":"https:\/\/www.bogaerstalen.nl\/fr\/wp-json\/wp\/v2\/media?parent=8021"}],"curies":[{"name":"wp","href":"https:\/\/api.w.org\/{rel}","templated":true}]}}