{"id":8041,"date":"2024-11-14T13:27:22","date_gmt":"2024-11-14T12:27:22","guid":{"rendered":"https:\/\/www.bogaerstalen.nl\/le-neerlandais-sur-le-lieu-de-travail\/"},"modified":"2024-11-14T13:27:22","modified_gmt":"2024-11-14T12:27:22","slug":"le-neerlandais-sur-le-lieu-de-travail","status":"publish","type":"page","link":"https:\/\/www.bogaerstalen.nl\/fr\/le-neerlandais-sur-le-lieu-de-travail\/","title":{"rendered":"Le n\u00e9erlandais sur le lieu de travail"},"content":{"rendered":"<p>&nbsp;<\/p>\n<p><strong>N\u00e9erlandais SUR LE TERRAIN<\/strong><\/p>\n<p>Vos employ\u00e9s ne comprennent pas toujours bien leurs sup\u00e9rieurs ? Sont-ils incapables de faire leur travail correctement en raison de leurs faibles comp\u00e9tences linguistiques ? Une communication efficace est indispensable dans chaque entreprise.<\/p>\n<p>Bogaers Talen part toujours d&rsquo;un objectif : des professionnels qui ma\u00eetrisent la langue n\u00e9erlandaise, qui travaillent de mani\u00e8re plus s\u00fbre et qui augmentent votre rendement. La formation est toujours con\u00e7ue sur mesure, en concertation avec vous. En bref : nous discutons de votre \u00a0\u00bb question linguistique \u00a0\u00bb et du r\u00e9sultat que vous souhaitez obtenir, et nous nous rendons litt\u00e9ralement sur le lieu de travail pour travailler avec du mat\u00e9riel provenant de votre entreprise.<br \/>\nBien entendu, chaque participant \u00e0 la formation est soumis \u00e0 un entretien d&rsquo;admission approfondi. La formation est dispens\u00e9e individuellement, sur mesure ou en groupe.<\/p>\n<p>Q <strong>uelques r\u00e9sultats de la formation Meilleur n\u00e9erlandais au travail :<\/strong> Votre employ\u00e9 communique mieux et plus clairement avec ses coll\u00e8gues et son sup\u00e9rieur et comprend les instructions de travail.<br \/>\nCela augmente la s\u00e9curit\u00e9 dans l&rsquo;atelier.<br \/>\nVotre employ\u00e9 a de meilleures capacit\u00e9s de lecture, d&rsquo;\u00e9criture et d&rsquo;expression orale.<br \/>\nIl peut mieux discuter de son travail, comprendre les r\u00e8gles de sant\u00e9 et de s\u00e9curit\u00e9, etc.<\/p>\n<p>Notre <strong>approche : efficace et ax\u00e9e sur la pratique<\/strong> Parler, \u00e9couter, lire, \u00e9crire, avoir des conversations : la m\u00e9thodologie de Bogaers est tr\u00e8s concr\u00e8te.<\/p>\n<p>Les participants peuvent imm\u00e9diatement mettre leurs comp\u00e9tences en pratique et obtenir un maximum de r\u00e9sultats en peu de temps. Notre approche est ax\u00e9e sur la pratique, car nous cr\u00e9ons un programme adapt\u00e9 \u00e0 votre entreprise, \u00e0 vos collaborateurs ou \u00e0 vos clients. Elle est \u00e9galement efficace et efficiente, car nos professeurs gardent \u00e0 l&rsquo;esprit l&rsquo;objectif d&rsquo;une meilleure communication ou d&rsquo;un plus grand nombre d&rsquo;opportunit\u00e9s d&#8217;emploi. <\/p>\n","protected":false},"excerpt":{"rendered":"<p>&nbsp; N\u00e9erlandais SUR LE TERRAIN Vos employ\u00e9s ne comprennent pas toujours bien leurs sup\u00e9rieurs ? Sont-ils incapables de faire leur travail correctement en raison de leurs faibles comp\u00e9tences linguistiques ? Une communication efficace est indispensable dans chaque entreprise. Bogaers Talen part toujours d&rsquo;un objectif : des professionnels qui ma\u00eetrisent la langue n\u00e9erlandaise, qui travaillent de [&hellip;]<\/p>\n","protected":false},"author":3,"featured_media":0,"parent":0,"menu_order":0,"comment_status":"closed","ping_status":"closed","template":"aw-content-template.php","meta":{"_yoast_wpseo_focuskw":"","_yoast_wpseo_metadesc":"","rank_math_focus_keyword":"","rank_math_description":"","footnotes":""},"class_list":["post-8041","page","type-page","status-publish","hentry"],"yoast_head":"<!-- This site is optimized with the Yoast SEO plugin v27.5 - https:\/\/yoast.com\/product\/yoast-seo-wordpress\/ -->\n<title>Le n\u00e9erlandais sur le lieu de travail - Bogaers Taleninstituut Tilburg<\/title>\n<meta name=\"robots\" content=\"index, follow, max-snippet:-1, max-image-preview:large, max-video-preview:-1\" \/>\n<link rel=\"canonical\" href=\"https:\/\/www.bogaerstalen.nl\/fr\/le-neerlandais-sur-le-lieu-de-travail\/\" \/>\n<meta property=\"og:locale\" content=\"fr_FR\" \/>\n<meta property=\"og:type\" content=\"article\" \/>\n<meta property=\"og:title\" content=\"Le n\u00e9erlandais sur le lieu de travail - Bogaers Taleninstituut Tilburg\" \/>\n<meta property=\"og:description\" content=\"&nbsp; N\u00e9erlandais SUR LE TERRAIN Vos employ\u00e9s ne comprennent pas toujours bien leurs sup\u00e9rieurs ? Sont-ils incapables de faire leur travail correctement en raison de leurs faibles comp\u00e9tences linguistiques ? Une communication efficace est indispensable dans chaque entreprise. Bogaers Talen part toujours d&rsquo;un objectif : des professionnels qui ma\u00eetrisent la langue n\u00e9erlandaise, qui travaillent de [&hellip;]\" \/>\n<meta property=\"og:url\" content=\"https:\/\/www.bogaerstalen.nl\/fr\/le-neerlandais-sur-le-lieu-de-travail\/\" \/>\n<meta property=\"og:site_name\" content=\"Bogaers Taleninstituut Tilburg\" \/>\n<meta property=\"article:publisher\" content=\"https:\/\/www.facebook.com\/taleninstituut\/\" \/>\n<meta name=\"twitter:label1\" content=\"Dur\u00e9e de lecture estim\u00e9e\" \/>\n\t<meta name=\"twitter:data1\" content=\"2 minutes\" \/>\n<script type=\"application\/ld+json\" class=\"yoast-schema-graph\">{\"@context\":\"https:\\\/\\\/schema.org\",\"@graph\":[{\"@type\":\"WebPage\",\"@id\":\"https:\\\/\\\/www.bogaerstalen.nl\\\/fr\\\/le-neerlandais-sur-le-lieu-de-travail\\\/\",\"url\":\"https:\\\/\\\/www.bogaerstalen.nl\\\/fr\\\/le-neerlandais-sur-le-lieu-de-travail\\\/\",\"name\":\"Le n\u00e9erlandais sur le lieu de travail - Bogaers Taleninstituut Tilburg\",\"isPartOf\":{\"@id\":\"https:\\\/\\\/www.bogaerstalen.nl\\\/fr\\\/#website\"},\"datePublished\":\"2024-11-14T12:27:22+00:00\",\"breadcrumb\":{\"@id\":\"https:\\\/\\\/www.bogaerstalen.nl\\\/fr\\\/le-neerlandais-sur-le-lieu-de-travail\\\/#breadcrumb\"},\"inLanguage\":\"fr-FR\",\"potentialAction\":[{\"@type\":\"ReadAction\",\"target\":[\"https:\\\/\\\/www.bogaerstalen.nl\\\/fr\\\/le-neerlandais-sur-le-lieu-de-travail\\\/\"]}]},{\"@type\":\"BreadcrumbList\",\"@id\":\"https:\\\/\\\/www.bogaerstalen.nl\\\/fr\\\/le-neerlandais-sur-le-lieu-de-travail\\\/#breadcrumb\",\"itemListElement\":[{\"@type\":\"ListItem\",\"position\":1,\"name\":\"Home\",\"item\":\"https:\\\/\\\/www.bogaerstalen.nl\\\/fr\\\/accueil\\\/\"},{\"@type\":\"ListItem\",\"position\":2,\"name\":\"Le n\u00e9erlandais sur le lieu de travail\"}]},{\"@type\":\"WebSite\",\"@id\":\"https:\\\/\\\/www.bogaerstalen.nl\\\/fr\\\/#website\",\"url\":\"https:\\\/\\\/www.bogaerstalen.nl\\\/fr\\\/\",\"name\":\"Bogaers Taleninstituut Tilburg\",\"description\":\"Sta sterk met taal!\",\"potentialAction\":[{\"@type\":\"SearchAction\",\"target\":{\"@type\":\"EntryPoint\",\"urlTemplate\":\"https:\\\/\\\/www.bogaerstalen.nl\\\/fr\\\/?s={search_term_string}\"},\"query-input\":{\"@type\":\"PropertyValueSpecification\",\"valueRequired\":true,\"valueName\":\"search_term_string\"}}],\"inLanguage\":\"fr-FR\"}]}<\/script>\n<!-- \/ Yoast SEO plugin. -->","yoast_head_json":{"title":"Le n\u00e9erlandais sur le lieu de travail - Bogaers Taleninstituut Tilburg","robots":{"index":"index","follow":"follow","max-snippet":"max-snippet:-1","max-image-preview":"max-image-preview:large","max-video-preview":"max-video-preview:-1"},"canonical":"https:\/\/www.bogaerstalen.nl\/fr\/le-neerlandais-sur-le-lieu-de-travail\/","og_locale":"fr_FR","og_type":"article","og_title":"Le n\u00e9erlandais sur le lieu de travail - Bogaers Taleninstituut Tilburg","og_description":"&nbsp; N\u00e9erlandais SUR LE TERRAIN Vos employ\u00e9s ne comprennent pas toujours bien leurs sup\u00e9rieurs ? Sont-ils incapables de faire leur travail correctement en raison de leurs faibles comp\u00e9tences linguistiques ? Une communication efficace est indispensable dans chaque entreprise. Bogaers Talen part toujours d&rsquo;un objectif : des professionnels qui ma\u00eetrisent la langue n\u00e9erlandaise, qui travaillent de [&hellip;]","og_url":"https:\/\/www.bogaerstalen.nl\/fr\/le-neerlandais-sur-le-lieu-de-travail\/","og_site_name":"Bogaers Taleninstituut Tilburg","article_publisher":"https:\/\/www.facebook.com\/taleninstituut\/","twitter_misc":{"Dur\u00e9e de lecture estim\u00e9e":"2 minutes"},"schema":{"@context":"https:\/\/schema.org","@graph":[{"@type":"WebPage","@id":"https:\/\/www.bogaerstalen.nl\/fr\/le-neerlandais-sur-le-lieu-de-travail\/","url":"https:\/\/www.bogaerstalen.nl\/fr\/le-neerlandais-sur-le-lieu-de-travail\/","name":"Le n\u00e9erlandais sur le lieu de travail - Bogaers Taleninstituut Tilburg","isPartOf":{"@id":"https:\/\/www.bogaerstalen.nl\/fr\/#website"},"datePublished":"2024-11-14T12:27:22+00:00","breadcrumb":{"@id":"https:\/\/www.bogaerstalen.nl\/fr\/le-neerlandais-sur-le-lieu-de-travail\/#breadcrumb"},"inLanguage":"fr-FR","potentialAction":[{"@type":"ReadAction","target":["https:\/\/www.bogaerstalen.nl\/fr\/le-neerlandais-sur-le-lieu-de-travail\/"]}]},{"@type":"BreadcrumbList","@id":"https:\/\/www.bogaerstalen.nl\/fr\/le-neerlandais-sur-le-lieu-de-travail\/#breadcrumb","itemListElement":[{"@type":"ListItem","position":1,"name":"Home","item":"https:\/\/www.bogaerstalen.nl\/fr\/accueil\/"},{"@type":"ListItem","position":2,"name":"Le n\u00e9erlandais sur le lieu de travail"}]},{"@type":"WebSite","@id":"https:\/\/www.bogaerstalen.nl\/fr\/#website","url":"https:\/\/www.bogaerstalen.nl\/fr\/","name":"Bogaers Taleninstituut Tilburg","description":"Sta sterk met taal!","potentialAction":[{"@type":"SearchAction","target":{"@type":"EntryPoint","urlTemplate":"https:\/\/www.bogaerstalen.nl\/fr\/?s={search_term_string}"},"query-input":{"@type":"PropertyValueSpecification","valueRequired":true,"valueName":"search_term_string"}}],"inLanguage":"fr-FR"}]}},"_links":{"self":[{"href":"https:\/\/www.bogaerstalen.nl\/fr\/wp-json\/wp\/v2\/pages\/8041","targetHints":{"allow":["GET"]}}],"collection":[{"href":"https:\/\/www.bogaerstalen.nl\/fr\/wp-json\/wp\/v2\/pages"}],"about":[{"href":"https:\/\/www.bogaerstalen.nl\/fr\/wp-json\/wp\/v2\/types\/page"}],"author":[{"embeddable":true,"href":"https:\/\/www.bogaerstalen.nl\/fr\/wp-json\/wp\/v2\/users\/3"}],"replies":[{"embeddable":true,"href":"https:\/\/www.bogaerstalen.nl\/fr\/wp-json\/wp\/v2\/comments?post=8041"}],"version-history":[{"count":0,"href":"https:\/\/www.bogaerstalen.nl\/fr\/wp-json\/wp\/v2\/pages\/8041\/revisions"}],"wp:attachment":[{"href":"https:\/\/www.bogaerstalen.nl\/fr\/wp-json\/wp\/v2\/media?parent=8041"}],"curies":[{"name":"wp","href":"https:\/\/api.w.org\/{rel}","templated":true}]}}