{"id":8042,"date":"2024-11-14T13:27:22","date_gmt":"2024-11-14T12:27:22","guid":{"rendered":"https:\/\/www.bogaerstalen.nl\/outplacement\/"},"modified":"2024-11-14T13:27:22","modified_gmt":"2024-11-14T12:27:22","slug":"outplacement","status":"publish","type":"page","link":"https:\/\/www.bogaerstalen.nl\/fr\/outplacement\/","title":{"rendered":"Outplacement"},"content":{"rendered":"<p><strong>Outplacement<\/strong><\/p>\n<p>Parfois, que ce soit voulu ou non, le travail avec l&#8217;employeur actuel arrive d\u00e9j\u00e0 \u00e0 son terme et il faut chercher un nouvel emploi. Mais que faire ? Et comment ? Les th\u00e8mes abord\u00e9s comprennent l&rsquo;\u00e9laboration d&rsquo;un profil personnel et professionnel, la d\u00e9finition d&rsquo;une vision de carri\u00e8re et d&rsquo;objectifs, puis l&rsquo;apprentissage d&rsquo;un fonctionnement efficace et intelligent du march\u00e9 de l&#8217;emploi.   <\/p>\n","protected":false},"excerpt":{"rendered":"<p>Outplacement Parfois, que ce soit voulu ou non, le travail avec l&#8217;employeur actuel arrive d\u00e9j\u00e0 \u00e0 son terme et il faut chercher un nouvel emploi. Mais que faire ? Et comment ? Les th\u00e8mes abord\u00e9s comprennent l&rsquo;\u00e9laboration d&rsquo;un profil personnel et professionnel, la d\u00e9finition d&rsquo;une vision de carri\u00e8re et d&rsquo;objectifs, puis l&rsquo;apprentissage d&rsquo;un fonctionnement efficace [&hellip;]<\/p>\n","protected":false},"author":3,"featured_media":0,"parent":0,"menu_order":0,"comment_status":"closed","ping_status":"closed","template":"aw-content-template.php","meta":{"_yoast_wpseo_focuskw":"","_yoast_wpseo_metadesc":"","rank_math_focus_keyword":"","rank_math_description":"","footnotes":""},"class_list":["post-8042","page","type-page","status-publish","hentry"],"yoast_head":"<!-- This site is optimized with the Yoast SEO plugin v27.5 - https:\/\/yoast.com\/product\/yoast-seo-wordpress\/ -->\n<title>Outplacement - Bogaers Taleninstituut Tilburg<\/title>\n<meta name=\"robots\" content=\"index, follow, max-snippet:-1, max-image-preview:large, max-video-preview:-1\" \/>\n<link rel=\"canonical\" href=\"https:\/\/www.bogaerstalen.nl\/fr\/outplacement\/\" \/>\n<meta property=\"og:locale\" content=\"fr_FR\" \/>\n<meta property=\"og:type\" content=\"article\" \/>\n<meta property=\"og:title\" content=\"Outplacement - Bogaers Taleninstituut Tilburg\" \/>\n<meta property=\"og:description\" content=\"Outplacement Parfois, que ce soit voulu ou non, le travail avec l&#8217;employeur actuel arrive d\u00e9j\u00e0 \u00e0 son terme et il faut chercher un nouvel emploi. Mais que faire ? Et comment ? Les th\u00e8mes abord\u00e9s comprennent l&rsquo;\u00e9laboration d&rsquo;un profil personnel et professionnel, la d\u00e9finition d&rsquo;une vision de carri\u00e8re et d&rsquo;objectifs, puis l&rsquo;apprentissage d&rsquo;un fonctionnement efficace [&hellip;]\" \/>\n<meta property=\"og:url\" content=\"https:\/\/www.bogaerstalen.nl\/fr\/outplacement\/\" \/>\n<meta property=\"og:site_name\" content=\"Bogaers Taleninstituut Tilburg\" \/>\n<meta property=\"article:publisher\" content=\"https:\/\/www.facebook.com\/taleninstituut\/\" \/>\n<script type=\"application\/ld+json\" class=\"yoast-schema-graph\">{\"@context\":\"https:\\\/\\\/schema.org\",\"@graph\":[{\"@type\":\"WebPage\",\"@id\":\"https:\\\/\\\/www.bogaerstalen.nl\\\/fr\\\/outplacement\\\/\",\"url\":\"https:\\\/\\\/www.bogaerstalen.nl\\\/fr\\\/outplacement\\\/\",\"name\":\"Outplacement - Bogaers Taleninstituut Tilburg\",\"isPartOf\":{\"@id\":\"https:\\\/\\\/www.bogaerstalen.nl\\\/fr\\\/#website\"},\"datePublished\":\"2024-11-14T12:27:22+00:00\",\"breadcrumb\":{\"@id\":\"https:\\\/\\\/www.bogaerstalen.nl\\\/fr\\\/outplacement\\\/#breadcrumb\"},\"inLanguage\":\"fr-FR\",\"potentialAction\":[{\"@type\":\"ReadAction\",\"target\":[\"https:\\\/\\\/www.bogaerstalen.nl\\\/fr\\\/outplacement\\\/\"]}]},{\"@type\":\"BreadcrumbList\",\"@id\":\"https:\\\/\\\/www.bogaerstalen.nl\\\/fr\\\/outplacement\\\/#breadcrumb\",\"itemListElement\":[{\"@type\":\"ListItem\",\"position\":1,\"name\":\"Home\",\"item\":\"https:\\\/\\\/www.bogaerstalen.nl\\\/fr\\\/accueil\\\/\"},{\"@type\":\"ListItem\",\"position\":2,\"name\":\"Outplacement\"}]},{\"@type\":\"WebSite\",\"@id\":\"https:\\\/\\\/www.bogaerstalen.nl\\\/fr\\\/#website\",\"url\":\"https:\\\/\\\/www.bogaerstalen.nl\\\/fr\\\/\",\"name\":\"Bogaers Taleninstituut Tilburg\",\"description\":\"Sta sterk met taal!\",\"potentialAction\":[{\"@type\":\"SearchAction\",\"target\":{\"@type\":\"EntryPoint\",\"urlTemplate\":\"https:\\\/\\\/www.bogaerstalen.nl\\\/fr\\\/?s={search_term_string}\"},\"query-input\":{\"@type\":\"PropertyValueSpecification\",\"valueRequired\":true,\"valueName\":\"search_term_string\"}}],\"inLanguage\":\"fr-FR\"}]}<\/script>\n<!-- \/ Yoast SEO plugin. -->","yoast_head_json":{"title":"Outplacement - Bogaers Taleninstituut Tilburg","robots":{"index":"index","follow":"follow","max-snippet":"max-snippet:-1","max-image-preview":"max-image-preview:large","max-video-preview":"max-video-preview:-1"},"canonical":"https:\/\/www.bogaerstalen.nl\/fr\/outplacement\/","og_locale":"fr_FR","og_type":"article","og_title":"Outplacement - Bogaers Taleninstituut Tilburg","og_description":"Outplacement Parfois, que ce soit voulu ou non, le travail avec l&#8217;employeur actuel arrive d\u00e9j\u00e0 \u00e0 son terme et il faut chercher un nouvel emploi. Mais que faire ? Et comment ? Les th\u00e8mes abord\u00e9s comprennent l&rsquo;\u00e9laboration d&rsquo;un profil personnel et professionnel, la d\u00e9finition d&rsquo;une vision de carri\u00e8re et d&rsquo;objectifs, puis l&rsquo;apprentissage d&rsquo;un fonctionnement efficace [&hellip;]","og_url":"https:\/\/www.bogaerstalen.nl\/fr\/outplacement\/","og_site_name":"Bogaers Taleninstituut Tilburg","article_publisher":"https:\/\/www.facebook.com\/taleninstituut\/","schema":{"@context":"https:\/\/schema.org","@graph":[{"@type":"WebPage","@id":"https:\/\/www.bogaerstalen.nl\/fr\/outplacement\/","url":"https:\/\/www.bogaerstalen.nl\/fr\/outplacement\/","name":"Outplacement - Bogaers Taleninstituut Tilburg","isPartOf":{"@id":"https:\/\/www.bogaerstalen.nl\/fr\/#website"},"datePublished":"2024-11-14T12:27:22+00:00","breadcrumb":{"@id":"https:\/\/www.bogaerstalen.nl\/fr\/outplacement\/#breadcrumb"},"inLanguage":"fr-FR","potentialAction":[{"@type":"ReadAction","target":["https:\/\/www.bogaerstalen.nl\/fr\/outplacement\/"]}]},{"@type":"BreadcrumbList","@id":"https:\/\/www.bogaerstalen.nl\/fr\/outplacement\/#breadcrumb","itemListElement":[{"@type":"ListItem","position":1,"name":"Home","item":"https:\/\/www.bogaerstalen.nl\/fr\/accueil\/"},{"@type":"ListItem","position":2,"name":"Outplacement"}]},{"@type":"WebSite","@id":"https:\/\/www.bogaerstalen.nl\/fr\/#website","url":"https:\/\/www.bogaerstalen.nl\/fr\/","name":"Bogaers Taleninstituut Tilburg","description":"Sta sterk met taal!","potentialAction":[{"@type":"SearchAction","target":{"@type":"EntryPoint","urlTemplate":"https:\/\/www.bogaerstalen.nl\/fr\/?s={search_term_string}"},"query-input":{"@type":"PropertyValueSpecification","valueRequired":true,"valueName":"search_term_string"}}],"inLanguage":"fr-FR"}]}},"_links":{"self":[{"href":"https:\/\/www.bogaerstalen.nl\/fr\/wp-json\/wp\/v2\/pages\/8042","targetHints":{"allow":["GET"]}}],"collection":[{"href":"https:\/\/www.bogaerstalen.nl\/fr\/wp-json\/wp\/v2\/pages"}],"about":[{"href":"https:\/\/www.bogaerstalen.nl\/fr\/wp-json\/wp\/v2\/types\/page"}],"author":[{"embeddable":true,"href":"https:\/\/www.bogaerstalen.nl\/fr\/wp-json\/wp\/v2\/users\/3"}],"replies":[{"embeddable":true,"href":"https:\/\/www.bogaerstalen.nl\/fr\/wp-json\/wp\/v2\/comments?post=8042"}],"version-history":[{"count":0,"href":"https:\/\/www.bogaerstalen.nl\/fr\/wp-json\/wp\/v2\/pages\/8042\/revisions"}],"wp:attachment":[{"href":"https:\/\/www.bogaerstalen.nl\/fr\/wp-json\/wp\/v2\/media?parent=8042"}],"curies":[{"name":"wp","href":"https:\/\/api.w.org\/{rel}","templated":true}]}}