{"id":8049,"date":"2024-11-14T13:27:28","date_gmt":"2024-11-14T12:27:28","guid":{"rendered":"https:\/\/www.bogaerstalen.nl\/integration-pour-les-auto-payeurs\/"},"modified":"2024-11-14T13:27:28","modified_gmt":"2024-11-14T12:27:28","slug":"integration-pour-les-auto-payeurs","status":"publish","type":"page","link":"https:\/\/www.bogaerstalen.nl\/fr\/integration-pour-les-auto-payeurs\/","title":{"rendered":"Int\u00e9gration pour les auto-payeurs"},"content":{"rendered":"<p style=\"text-align: left;\"><strong>INBURGING<\/strong><\/p>\n<p style=\"text-align: left;\"><strong>Int\u00e9gration : comment faire ?<\/strong><br \/>\nPour devenir citoyen, vous devez apprendre le n\u00e9erlandais.<br \/>\nEt vous devez apprendre comment les N\u00e9erlandais vivent et travaillent.<br \/>\nLe gouvernement l&rsquo;exige, comme le stipule la loi sur l&rsquo;int\u00e9gration civique.<br \/>\nSi vous avez suffisamment appris, vous passerez un examen d&rsquo;int\u00e9gration.   <\/p>\n<p style=\"text-align: left;\"><strong>Pour les int\u00e9grationnistes obligatoires et volontaires. Pour les SELF-BETALERS uniquement. <\/strong><\/p>\n<p style=\"text-align: left;\">\n<p>C<strong>ontenu du cours<\/strong> Les participants \u00e0 un cours d&rsquo;int\u00e9gration suivent un certain nombre de modules d&rsquo;enseignement pour atteindre le niveau A2 du Cadre europ\u00e9en de r\u00e9f\u00e9rence. C&rsquo;est le niveau requis pour l&rsquo;examen.<\/p>\n<p>Le nombre de modules d\u00e9pend du niveau de d\u00e9part du participant.<br \/>\nUn d\u00e9butant absolu (A1 moins) a g\u00e9n\u00e9ralement besoin de 300 le\u00e7ons pour atteindre le niveau A2.<\/p>\n<p>Lors de l&rsquo;inscription, nous donnons au participant un avis r\u00e9aliste sur la dur\u00e9e du cours \u00e0 suivre.    <\/p>\n<p><strong>Examen d&rsquo;int\u00e9gration<\/strong><\/p>\n<p>Les questions de l&rsquo;Inburgeringsexamen portent sur les habitudes et les r\u00e8gles n\u00e9erlandaises.<br \/>\nLors de l&rsquo;examen, vous devez \u00e9galement montrer que vous connaissez suffisamment bien la langue n\u00e9erlandaise.<br \/>\nIl s&rsquo;agit des \u00e9l\u00e9ments de l&rsquo;examen :<\/p>\n<p>&#8211; <strong>\u00c9criture<\/strong> (35 min) :<\/p>\n<p>A l&rsquo;aide d&rsquo;un stylo et de papier, \u00e9crivez de courtes lettres et remplissez un formulaire. &#8211;<strong>Expression orale<\/strong> (35 min) :<\/p>\n<p>Sur l&rsquo;ordinateur, vous regardez des courts m\u00e9trages et r\u00e9pondez \u00e0 des questions. &#8211;<strong>Compr\u00e9hension orale<\/strong> (45 min.) :<\/p>\n<p>Sur l&rsquo;ordinateur, vous r\u00e9pondez \u00e0 des questions sur les films et vous \u00e9coutez les textes. &#8211;<strong> Lecture<\/strong> (50 min.) :<\/p>\n<p>Sur l&rsquo;ordinateur, vous lisez des textes courts et r\u00e9pondez \u00e0 des questions &#8211;<strong>Kennis<\/strong> Nederlandse Maatschappij (45 min.) : Sur l&rsquo;ordinateur, vous regardez des courts m\u00e9trages sur des situations n\u00e9erlandaises, par exemple le shopping. <\/p>\n<p>Vous r\u00e9pondez \u00e0 des questions. &#8211;<strong>Orientation March\u00e9 du travail n\u00e9erlandais<\/strong> (40 min.) : Cette composante de l&rsquo;examen est obligatoire pour les migrants qui ont \u00e9t\u00e9 oblig\u00e9s de s&rsquo;int\u00e9grer apr\u00e8s le 1er janvier 2015. Elle porte sur le travail et la recherche d&rsquo;un emploi.<\/p>\n<p>Vous faites des travaux \u00e0 la maison et \u00e0 l&rsquo;\u00e9cole et vous envoyez les r\u00e9sultats \u00e0 DUO en utilisant des cartes de r\u00e9sultats.<\/p>\n<p>Ensuite, vous aurez un entretien avec le DUO \u00e0 ce sujet. L&rsquo;une des questions porte sur l'\u00a0\u00bb\u00e9valuation du dipl\u00f4me\u00a0\u00bb : quelle est la valeur de votre dipl\u00f4me ou de votre formation aux Pays-Bas ?<br \/>\nVous pouvez demander une \u00e9valuation gratuite de votre dipl\u00f4me \u00e0 IDW.   <\/p>\n","protected":false},"excerpt":{"rendered":"<p>INBURGING Int\u00e9gration : comment faire ? Pour devenir citoyen, vous devez apprendre le n\u00e9erlandais. Et vous devez apprendre comment les N\u00e9erlandais vivent et travaillent. Le gouvernement l&rsquo;exige, comme le stipule la loi sur l&rsquo;int\u00e9gration civique. Si vous avez suffisamment appris, vous passerez un examen d&rsquo;int\u00e9gration. Pour les int\u00e9grationnistes obligatoires et volontaires. Pour les SELF-BETALERS uniquement. [&hellip;]<\/p>\n","protected":false},"author":3,"featured_media":8051,"parent":0,"menu_order":0,"comment_status":"closed","ping_status":"closed","template":"aw-content-template.php","meta":{"_yoast_wpseo_focuskw":"","_yoast_wpseo_metadesc":"","rank_math_focus_keyword":"","rank_math_description":"","footnotes":""},"class_list":["post-8049","page","type-page","status-publish","has-post-thumbnail","hentry"],"yoast_head":"<!-- This site is optimized with the Yoast SEO plugin v27.2 - https:\/\/yoast.com\/product\/yoast-seo-wordpress\/ -->\n<title>Int\u00e9gration pour les auto-payeurs - Bogaers Taleninstituut Tilburg<\/title>\n<meta name=\"robots\" content=\"index, follow, max-snippet:-1, max-image-preview:large, max-video-preview:-1\" \/>\n<link rel=\"canonical\" href=\"https:\/\/www.bogaerstalen.nl\/fr\/integration-pour-les-auto-payeurs\/\" \/>\n<meta property=\"og:locale\" content=\"fr_FR\" \/>\n<meta property=\"og:type\" content=\"article\" \/>\n<meta property=\"og:title\" content=\"Int\u00e9gration pour les auto-payeurs - Bogaers Taleninstituut Tilburg\" \/>\n<meta property=\"og:description\" content=\"INBURGING Int\u00e9gration : comment faire ? Pour devenir citoyen, vous devez apprendre le n\u00e9erlandais. Et vous devez apprendre comment les N\u00e9erlandais vivent et travaillent. Le gouvernement l&rsquo;exige, comme le stipule la loi sur l&rsquo;int\u00e9gration civique. Si vous avez suffisamment appris, vous passerez un examen d&rsquo;int\u00e9gration. Pour les int\u00e9grationnistes obligatoires et volontaires. Pour les SELF-BETALERS uniquement. [&hellip;]\" \/>\n<meta property=\"og:url\" content=\"https:\/\/www.bogaerstalen.nl\/fr\/integration-pour-les-auto-payeurs\/\" \/>\n<meta property=\"og:site_name\" content=\"Bogaers Taleninstituut Tilburg\" \/>\n<meta property=\"article:publisher\" content=\"https:\/\/www.facebook.com\/taleninstituut\/\" \/>\n<meta name=\"twitter:label1\" content=\"Dur\u00e9e de lecture estim\u00e9e\" \/>\n\t<meta name=\"twitter:data1\" content=\"2 minutes\" \/>\n<script type=\"application\/ld+json\" class=\"yoast-schema-graph\">{\"@context\":\"https:\/\/schema.org\",\"@graph\":[{\"@type\":\"WebPage\",\"@id\":\"https:\/\/www.bogaerstalen.nl\/fr\/integration-pour-les-auto-payeurs\/\",\"url\":\"https:\/\/www.bogaerstalen.nl\/fr\/integration-pour-les-auto-payeurs\/\",\"name\":\"Int\u00e9gration pour les auto-payeurs - Bogaers Taleninstituut Tilburg\",\"isPartOf\":{\"@id\":\"https:\/\/www.bogaerstalen.nl\/fr\/#website\"},\"primaryImageOfPage\":{\"@id\":\"https:\/\/www.bogaerstalen.nl\/fr\/integration-pour-les-auto-payeurs\/#primaryimage\"},\"image\":{\"@id\":\"https:\/\/www.bogaerstalen.nl\/fr\/integration-pour-les-auto-payeurs\/#primaryimage\"},\"thumbnailUrl\":\"https:\/\/www.bogaerstalen.nl\/wp-content\/uploads\/2020\/07\/inburgering-foto.png\",\"datePublished\":\"2024-11-14T12:27:28+00:00\",\"breadcrumb\":{\"@id\":\"https:\/\/www.bogaerstalen.nl\/fr\/integration-pour-les-auto-payeurs\/#breadcrumb\"},\"inLanguage\":\"fr-FR\",\"potentialAction\":[{\"@type\":\"ReadAction\",\"target\":[\"https:\/\/www.bogaerstalen.nl\/fr\/integration-pour-les-auto-payeurs\/\"]}]},{\"@type\":\"ImageObject\",\"inLanguage\":\"fr-FR\",\"@id\":\"https:\/\/www.bogaerstalen.nl\/fr\/integration-pour-les-auto-payeurs\/#primaryimage\",\"url\":\"https:\/\/www.bogaerstalen.nl\/wp-content\/uploads\/2020\/07\/inburgering-foto.png\",\"contentUrl\":\"https:\/\/www.bogaerstalen.nl\/wp-content\/uploads\/2020\/07\/inburgering-foto.png\",\"width\":460,\"height\":597},{\"@type\":\"BreadcrumbList\",\"@id\":\"https:\/\/www.bogaerstalen.nl\/fr\/integration-pour-les-auto-payeurs\/#breadcrumb\",\"itemListElement\":[{\"@type\":\"ListItem\",\"position\":1,\"name\":\"Home\",\"item\":\"https:\/\/www.bogaerstalen.nl\/fr\/accueil\/\"},{\"@type\":\"ListItem\",\"position\":2,\"name\":\"Int\u00e9gration pour les auto-payeurs\"}]},{\"@type\":\"WebSite\",\"@id\":\"https:\/\/www.bogaerstalen.nl\/fr\/#website\",\"url\":\"https:\/\/www.bogaerstalen.nl\/fr\/\",\"name\":\"Bogaers Taleninstituut Tilburg\",\"description\":\"Sta sterk met taal!\",\"potentialAction\":[{\"@type\":\"SearchAction\",\"target\":{\"@type\":\"EntryPoint\",\"urlTemplate\":\"https:\/\/www.bogaerstalen.nl\/fr\/?s={search_term_string}\"},\"query-input\":{\"@type\":\"PropertyValueSpecification\",\"valueRequired\":true,\"valueName\":\"search_term_string\"}}],\"inLanguage\":\"fr-FR\"}]}<\/script>\n<!-- \/ Yoast SEO plugin. -->","yoast_head_json":{"title":"Int\u00e9gration pour les auto-payeurs - Bogaers Taleninstituut Tilburg","robots":{"index":"index","follow":"follow","max-snippet":"max-snippet:-1","max-image-preview":"max-image-preview:large","max-video-preview":"max-video-preview:-1"},"canonical":"https:\/\/www.bogaerstalen.nl\/fr\/integration-pour-les-auto-payeurs\/","og_locale":"fr_FR","og_type":"article","og_title":"Int\u00e9gration pour les auto-payeurs - Bogaers Taleninstituut Tilburg","og_description":"INBURGING Int\u00e9gration : comment faire ? Pour devenir citoyen, vous devez apprendre le n\u00e9erlandais. Et vous devez apprendre comment les N\u00e9erlandais vivent et travaillent. Le gouvernement l&rsquo;exige, comme le stipule la loi sur l&rsquo;int\u00e9gration civique. Si vous avez suffisamment appris, vous passerez un examen d&rsquo;int\u00e9gration. Pour les int\u00e9grationnistes obligatoires et volontaires. Pour les SELF-BETALERS uniquement. [&hellip;]","og_url":"https:\/\/www.bogaerstalen.nl\/fr\/integration-pour-les-auto-payeurs\/","og_site_name":"Bogaers Taleninstituut Tilburg","article_publisher":"https:\/\/www.facebook.com\/taleninstituut\/","twitter_misc":{"Dur\u00e9e de lecture estim\u00e9e":"2 minutes"},"schema":{"@context":"https:\/\/schema.org","@graph":[{"@type":"WebPage","@id":"https:\/\/www.bogaerstalen.nl\/fr\/integration-pour-les-auto-payeurs\/","url":"https:\/\/www.bogaerstalen.nl\/fr\/integration-pour-les-auto-payeurs\/","name":"Int\u00e9gration pour les auto-payeurs - Bogaers Taleninstituut Tilburg","isPartOf":{"@id":"https:\/\/www.bogaerstalen.nl\/fr\/#website"},"primaryImageOfPage":{"@id":"https:\/\/www.bogaerstalen.nl\/fr\/integration-pour-les-auto-payeurs\/#primaryimage"},"image":{"@id":"https:\/\/www.bogaerstalen.nl\/fr\/integration-pour-les-auto-payeurs\/#primaryimage"},"thumbnailUrl":"https:\/\/www.bogaerstalen.nl\/wp-content\/uploads\/2020\/07\/inburgering-foto.png","datePublished":"2024-11-14T12:27:28+00:00","breadcrumb":{"@id":"https:\/\/www.bogaerstalen.nl\/fr\/integration-pour-les-auto-payeurs\/#breadcrumb"},"inLanguage":"fr-FR","potentialAction":[{"@type":"ReadAction","target":["https:\/\/www.bogaerstalen.nl\/fr\/integration-pour-les-auto-payeurs\/"]}]},{"@type":"ImageObject","inLanguage":"fr-FR","@id":"https:\/\/www.bogaerstalen.nl\/fr\/integration-pour-les-auto-payeurs\/#primaryimage","url":"https:\/\/www.bogaerstalen.nl\/wp-content\/uploads\/2020\/07\/inburgering-foto.png","contentUrl":"https:\/\/www.bogaerstalen.nl\/wp-content\/uploads\/2020\/07\/inburgering-foto.png","width":460,"height":597},{"@type":"BreadcrumbList","@id":"https:\/\/www.bogaerstalen.nl\/fr\/integration-pour-les-auto-payeurs\/#breadcrumb","itemListElement":[{"@type":"ListItem","position":1,"name":"Home","item":"https:\/\/www.bogaerstalen.nl\/fr\/accueil\/"},{"@type":"ListItem","position":2,"name":"Int\u00e9gration pour les auto-payeurs"}]},{"@type":"WebSite","@id":"https:\/\/www.bogaerstalen.nl\/fr\/#website","url":"https:\/\/www.bogaerstalen.nl\/fr\/","name":"Bogaers Taleninstituut Tilburg","description":"Sta sterk met taal!","potentialAction":[{"@type":"SearchAction","target":{"@type":"EntryPoint","urlTemplate":"https:\/\/www.bogaerstalen.nl\/fr\/?s={search_term_string}"},"query-input":{"@type":"PropertyValueSpecification","valueRequired":true,"valueName":"search_term_string"}}],"inLanguage":"fr-FR"}]}},"_links":{"self":[{"href":"https:\/\/www.bogaerstalen.nl\/fr\/wp-json\/wp\/v2\/pages\/8049","targetHints":{"allow":["GET"]}}],"collection":[{"href":"https:\/\/www.bogaerstalen.nl\/fr\/wp-json\/wp\/v2\/pages"}],"about":[{"href":"https:\/\/www.bogaerstalen.nl\/fr\/wp-json\/wp\/v2\/types\/page"}],"author":[{"embeddable":true,"href":"https:\/\/www.bogaerstalen.nl\/fr\/wp-json\/wp\/v2\/users\/3"}],"replies":[{"embeddable":true,"href":"https:\/\/www.bogaerstalen.nl\/fr\/wp-json\/wp\/v2\/comments?post=8049"}],"version-history":[{"count":0,"href":"https:\/\/www.bogaerstalen.nl\/fr\/wp-json\/wp\/v2\/pages\/8049\/revisions"}],"wp:featuredmedia":[{"embeddable":true,"href":"https:\/\/www.bogaerstalen.nl\/fr\/wp-json\/wp\/v2\/media\/8051"}],"wp:attachment":[{"href":"https:\/\/www.bogaerstalen.nl\/fr\/wp-json\/wp\/v2\/media?parent=8049"}],"curies":[{"name":"wp","href":"https:\/\/api.w.org\/{rel}","templated":true}]}}