{"id":8055,"date":"2024-11-14T13:27:29","date_gmt":"2024-11-14T12:27:29","guid":{"rendered":"https:\/\/www.bogaerstalen.nl\/maison-detudes\/"},"modified":"2024-11-14T13:27:29","modified_gmt":"2024-11-14T12:27:29","slug":"maison-detudes","status":"publish","type":"page","link":"https:\/\/www.bogaerstalen.nl\/fr\/maison-detudes\/","title":{"rendered":"Maison d&rsquo;\u00e9tudes"},"content":{"rendered":"<p><strong>Maison d&rsquo;\u00e9tudes<\/strong><\/p>\n<p>Le n\u00e9erlandais comme deuxi\u00e8me langue (NT2) au Study House Besoin d&rsquo;un coup de pouce pour la grammaire, l&rsquo;enrichissement du vocabulaire ou l&rsquo;examen d&rsquo;int\u00e9gration civique ?<br \/>\nC&rsquo;est possible d\u00e8s maintenant !<\/p>\n<p>D\u00e9sormais, chaque jeudi soir, vendredi apr\u00e8s-midi et samedi matin, il y aura une r\u00e9union interactive en classe pour des conversations suppl\u00e9mentaires, des exercices de prononciation, des questions de devoirs, des questions d&rsquo;examen, etc.<\/p>\n<p>Pratiquez ensemble, \u00e0 (presque) tous les niveaux, les diff\u00e9rentes comp\u00e9tences (num\u00e9riques) et apprenez \u00e0 faire face \u00e0 d&rsquo;autres cultures, valeurs et normes.<br \/>\nAvec une \u00ab\u00a0strippenkaart\u00a0\u00bb, vous pouvez r\u00e9server vous-m\u00eame les heures, ce qui vous assure flexibilit\u00e9 et continuit\u00e9.<\/p>\n<p>Le Study House, un point d&rsquo;apprentissage pour l&rsquo;enrichissement social dans toutes sortes de domaines et sous la direction de formateurs linguistiques professionnels et enthousiastes.<\/p>\n","protected":false},"excerpt":{"rendered":"<p>Maison d&rsquo;\u00e9tudes Le n\u00e9erlandais comme deuxi\u00e8me langue (NT2) au Study House Besoin d&rsquo;un coup de pouce pour la grammaire, l&rsquo;enrichissement du vocabulaire ou l&rsquo;examen d&rsquo;int\u00e9gration civique ? C&rsquo;est possible d\u00e8s maintenant ! D\u00e9sormais, chaque jeudi soir, vendredi apr\u00e8s-midi et samedi matin, il y aura une r\u00e9union interactive en classe pour des conversations suppl\u00e9mentaires, des exercices [&hellip;]<\/p>\n","protected":false},"author":3,"featured_media":0,"parent":0,"menu_order":0,"comment_status":"closed","ping_status":"closed","template":"aw-content-template.php","meta":{"_yoast_wpseo_focuskw":"","_yoast_wpseo_metadesc":"","rank_math_focus_keyword":"","rank_math_description":"","footnotes":""},"class_list":["post-8055","page","type-page","status-publish","hentry"],"yoast_head":"<!-- This site is optimized with the Yoast SEO plugin v27.2 - https:\/\/yoast.com\/product\/yoast-seo-wordpress\/ -->\n<title>Maison d&#039;\u00e9tudes - Bogaers Taleninstituut Tilburg<\/title>\n<meta name=\"robots\" content=\"index, follow, max-snippet:-1, max-image-preview:large, max-video-preview:-1\" \/>\n<link rel=\"canonical\" href=\"https:\/\/www.bogaerstalen.nl\/fr\/maison-detudes\/\" \/>\n<meta property=\"og:locale\" content=\"fr_FR\" \/>\n<meta property=\"og:type\" content=\"article\" \/>\n<meta property=\"og:title\" content=\"Maison d&#039;\u00e9tudes - Bogaers Taleninstituut Tilburg\" \/>\n<meta property=\"og:description\" content=\"Maison d&rsquo;\u00e9tudes Le n\u00e9erlandais comme deuxi\u00e8me langue (NT2) au Study House Besoin d&rsquo;un coup de pouce pour la grammaire, l&rsquo;enrichissement du vocabulaire ou l&rsquo;examen d&rsquo;int\u00e9gration civique ? C&rsquo;est possible d\u00e8s maintenant ! D\u00e9sormais, chaque jeudi soir, vendredi apr\u00e8s-midi et samedi matin, il y aura une r\u00e9union interactive en classe pour des conversations suppl\u00e9mentaires, des exercices [&hellip;]\" \/>\n<meta property=\"og:url\" content=\"https:\/\/www.bogaerstalen.nl\/fr\/maison-detudes\/\" \/>\n<meta property=\"og:site_name\" content=\"Bogaers Taleninstituut Tilburg\" \/>\n<meta property=\"article:publisher\" content=\"https:\/\/www.facebook.com\/taleninstituut\/\" \/>\n<meta name=\"twitter:label1\" content=\"Dur\u00e9e de lecture estim\u00e9e\" \/>\n\t<meta name=\"twitter:data1\" content=\"1 minute\" \/>\n<script type=\"application\/ld+json\" class=\"yoast-schema-graph\">{\"@context\":\"https:\/\/schema.org\",\"@graph\":[{\"@type\":\"WebPage\",\"@id\":\"https:\/\/www.bogaerstalen.nl\/fr\/maison-detudes\/\",\"url\":\"https:\/\/www.bogaerstalen.nl\/fr\/maison-detudes\/\",\"name\":\"Maison d'\u00e9tudes - Bogaers Taleninstituut Tilburg\",\"isPartOf\":{\"@id\":\"https:\/\/www.bogaerstalen.nl\/fr\/#website\"},\"datePublished\":\"2024-11-14T12:27:29+00:00\",\"breadcrumb\":{\"@id\":\"https:\/\/www.bogaerstalen.nl\/fr\/maison-detudes\/#breadcrumb\"},\"inLanguage\":\"fr-FR\",\"potentialAction\":[{\"@type\":\"ReadAction\",\"target\":[\"https:\/\/www.bogaerstalen.nl\/fr\/maison-detudes\/\"]}]},{\"@type\":\"BreadcrumbList\",\"@id\":\"https:\/\/www.bogaerstalen.nl\/fr\/maison-detudes\/#breadcrumb\",\"itemListElement\":[{\"@type\":\"ListItem\",\"position\":1,\"name\":\"Home\",\"item\":\"https:\/\/www.bogaerstalen.nl\/fr\/accueil\/\"},{\"@type\":\"ListItem\",\"position\":2,\"name\":\"Maison d&#8217;\u00e9tudes\"}]},{\"@type\":\"WebSite\",\"@id\":\"https:\/\/www.bogaerstalen.nl\/fr\/#website\",\"url\":\"https:\/\/www.bogaerstalen.nl\/fr\/\",\"name\":\"Bogaers Taleninstituut Tilburg\",\"description\":\"Sta sterk met taal!\",\"potentialAction\":[{\"@type\":\"SearchAction\",\"target\":{\"@type\":\"EntryPoint\",\"urlTemplate\":\"https:\/\/www.bogaerstalen.nl\/fr\/?s={search_term_string}\"},\"query-input\":{\"@type\":\"PropertyValueSpecification\",\"valueRequired\":true,\"valueName\":\"search_term_string\"}}],\"inLanguage\":\"fr-FR\"}]}<\/script>\n<!-- \/ Yoast SEO plugin. -->","yoast_head_json":{"title":"Maison d'\u00e9tudes - Bogaers Taleninstituut Tilburg","robots":{"index":"index","follow":"follow","max-snippet":"max-snippet:-1","max-image-preview":"max-image-preview:large","max-video-preview":"max-video-preview:-1"},"canonical":"https:\/\/www.bogaerstalen.nl\/fr\/maison-detudes\/","og_locale":"fr_FR","og_type":"article","og_title":"Maison d'\u00e9tudes - Bogaers Taleninstituut Tilburg","og_description":"Maison d&rsquo;\u00e9tudes Le n\u00e9erlandais comme deuxi\u00e8me langue (NT2) au Study House Besoin d&rsquo;un coup de pouce pour la grammaire, l&rsquo;enrichissement du vocabulaire ou l&rsquo;examen d&rsquo;int\u00e9gration civique ? C&rsquo;est possible d\u00e8s maintenant ! D\u00e9sormais, chaque jeudi soir, vendredi apr\u00e8s-midi et samedi matin, il y aura une r\u00e9union interactive en classe pour des conversations suppl\u00e9mentaires, des exercices [&hellip;]","og_url":"https:\/\/www.bogaerstalen.nl\/fr\/maison-detudes\/","og_site_name":"Bogaers Taleninstituut Tilburg","article_publisher":"https:\/\/www.facebook.com\/taleninstituut\/","twitter_misc":{"Dur\u00e9e de lecture estim\u00e9e":"1 minute"},"schema":{"@context":"https:\/\/schema.org","@graph":[{"@type":"WebPage","@id":"https:\/\/www.bogaerstalen.nl\/fr\/maison-detudes\/","url":"https:\/\/www.bogaerstalen.nl\/fr\/maison-detudes\/","name":"Maison d'\u00e9tudes - Bogaers Taleninstituut Tilburg","isPartOf":{"@id":"https:\/\/www.bogaerstalen.nl\/fr\/#website"},"datePublished":"2024-11-14T12:27:29+00:00","breadcrumb":{"@id":"https:\/\/www.bogaerstalen.nl\/fr\/maison-detudes\/#breadcrumb"},"inLanguage":"fr-FR","potentialAction":[{"@type":"ReadAction","target":["https:\/\/www.bogaerstalen.nl\/fr\/maison-detudes\/"]}]},{"@type":"BreadcrumbList","@id":"https:\/\/www.bogaerstalen.nl\/fr\/maison-detudes\/#breadcrumb","itemListElement":[{"@type":"ListItem","position":1,"name":"Home","item":"https:\/\/www.bogaerstalen.nl\/fr\/accueil\/"},{"@type":"ListItem","position":2,"name":"Maison d&#8217;\u00e9tudes"}]},{"@type":"WebSite","@id":"https:\/\/www.bogaerstalen.nl\/fr\/#website","url":"https:\/\/www.bogaerstalen.nl\/fr\/","name":"Bogaers Taleninstituut Tilburg","description":"Sta sterk met taal!","potentialAction":[{"@type":"SearchAction","target":{"@type":"EntryPoint","urlTemplate":"https:\/\/www.bogaerstalen.nl\/fr\/?s={search_term_string}"},"query-input":{"@type":"PropertyValueSpecification","valueRequired":true,"valueName":"search_term_string"}}],"inLanguage":"fr-FR"}]}},"_links":{"self":[{"href":"https:\/\/www.bogaerstalen.nl\/fr\/wp-json\/wp\/v2\/pages\/8055","targetHints":{"allow":["GET"]}}],"collection":[{"href":"https:\/\/www.bogaerstalen.nl\/fr\/wp-json\/wp\/v2\/pages"}],"about":[{"href":"https:\/\/www.bogaerstalen.nl\/fr\/wp-json\/wp\/v2\/types\/page"}],"author":[{"embeddable":true,"href":"https:\/\/www.bogaerstalen.nl\/fr\/wp-json\/wp\/v2\/users\/3"}],"replies":[{"embeddable":true,"href":"https:\/\/www.bogaerstalen.nl\/fr\/wp-json\/wp\/v2\/comments?post=8055"}],"version-history":[{"count":0,"href":"https:\/\/www.bogaerstalen.nl\/fr\/wp-json\/wp\/v2\/pages\/8055\/revisions"}],"wp:attachment":[{"href":"https:\/\/www.bogaerstalen.nl\/fr\/wp-json\/wp\/v2\/media?parent=8055"}],"curies":[{"name":"wp","href":"https:\/\/api.w.org\/{rel}","templated":true}]}}