{"id":8060,"date":"2024-11-14T13:27:32","date_gmt":"2024-11-14T12:27:32","guid":{"rendered":"https:\/\/www.bogaerstalen.nl\/faible-niveau-dalphabetisation\/"},"modified":"2024-11-14T13:27:32","modified_gmt":"2024-11-14T12:27:32","slug":"faible-niveau-dalphabetisation","status":"publish","type":"page","link":"https:\/\/www.bogaerstalen.nl\/fr\/faible-niveau-dalphabetisation\/","title":{"rendered":"Faible niveau d&rsquo;alphab\u00e9tisation"},"content":{"rendered":"<p><strong>Faible taux d&rsquo;alphab\u00e9tisation aux Pays-Bas<\/strong><\/p>\n<p>Aux Pays-Bas, 2,5 millions de personnes \u00e2g\u00e9es de 16 ans et plus ont des difficult\u00e9s \u00e0 lire, \u00e0 \u00e9crire et\/ou \u00e0 calculer.<br \/>\nSouvent, elles ont \u00e9galement des difficult\u00e9s avec les comp\u00e9tences num\u00e9riques.<br \/>\nCela repr\u00e9sente 18 %, soit environ 1 personne sur 6 aux Pays-Bas.<\/p>\n<p>Parmi elles, pr\u00e8s de 1,8 million de personnes \u00e2g\u00e9es de 16 \u00e0 65 ans ont des difficult\u00e9s de langage et\/ou de calcul. Plus de la moiti\u00e9 de ce groupe est d&rsquo;origine autochtone.    <\/p>\n<p><strong>Qu&rsquo;est-ce qu&rsquo;un faible niveau d&rsquo;alphab\u00e9tisation ?<\/strong><\/p>\n<p>L&rsquo;expression \u00ab\u00a0faible niveau d&rsquo;alphab\u00e9tisation\u00a0\u00bb d\u00e9signe les personnes qui \u00e9prouvent de grandes difficult\u00e9s \u00e0 lire, \u00e0 \u00e9crire et\/ou \u00e0 calculer.<br \/>\nLes personnes faiblement alphab\u00e9tis\u00e9es ne sont pas analphab\u00e8tes.<br \/>\nElles savent lire et \u00e9crire, mais ne ma\u00eetrisent pas le niveau final du vmbo ou le niveau mbo-2\/3.<\/p>\n<p>Les personnes faiblement alphab\u00e9tis\u00e9es \u00e9prouvent des difficult\u00e9s, entre autres, \u00e0 : &#8211; remplir des formulaires (allocation de soins, imp\u00f4ts, etc.) &#8211; lire les panneaux de signalisation, se d\u00e9placer dans les transports publics &#8211; lire \u00e0 haute voix aux (petits-)enfants &#8211; effectuer des paiements par carte de d\u00e9bit et des paiements num\u00e9riques &#8211; travailler avec l&rsquo;ordinateur, postuler \u00e0 un emploi &#8211; comprendre les informations relatives \u00e0 la sant\u00e9 et aux soins.  <\/p>\n<p><strong>Bogaers Talen vous propose des formations sur mesure !<\/strong><\/p>\n","protected":false},"excerpt":{"rendered":"<p>Faible taux d&rsquo;alphab\u00e9tisation aux Pays-Bas Aux Pays-Bas, 2,5 millions de personnes \u00e2g\u00e9es de 16 ans et plus ont des difficult\u00e9s \u00e0 lire, \u00e0 \u00e9crire et\/ou \u00e0 calculer. Souvent, elles ont \u00e9galement des difficult\u00e9s avec les comp\u00e9tences num\u00e9riques. Cela repr\u00e9sente 18 %, soit environ 1 personne sur 6 aux Pays-Bas. Parmi elles, pr\u00e8s de 1,8 million [&hellip;]<\/p>\n","protected":false},"author":3,"featured_media":0,"parent":0,"menu_order":0,"comment_status":"closed","ping_status":"closed","template":"aw-content-template.php","meta":{"_yoast_wpseo_focuskw":"","_yoast_wpseo_metadesc":"","rank_math_focus_keyword":"","rank_math_description":"","footnotes":""},"class_list":["post-8060","page","type-page","status-publish","hentry"],"yoast_head":"<!-- This site is optimized with the Yoast SEO plugin v27.2 - https:\/\/yoast.com\/product\/yoast-seo-wordpress\/ -->\n<title>Faible niveau d&#039;alphab\u00e9tisation - Bogaers Taleninstituut Tilburg<\/title>\n<meta name=\"robots\" content=\"index, follow, max-snippet:-1, max-image-preview:large, max-video-preview:-1\" \/>\n<link rel=\"canonical\" href=\"https:\/\/www.bogaerstalen.nl\/fr\/faible-niveau-dalphabetisation\/\" \/>\n<meta property=\"og:locale\" content=\"fr_FR\" \/>\n<meta property=\"og:type\" content=\"article\" \/>\n<meta property=\"og:title\" content=\"Faible niveau d&#039;alphab\u00e9tisation - Bogaers Taleninstituut Tilburg\" \/>\n<meta property=\"og:description\" content=\"Faible taux d&rsquo;alphab\u00e9tisation aux Pays-Bas Aux Pays-Bas, 2,5 millions de personnes \u00e2g\u00e9es de 16 ans et plus ont des difficult\u00e9s \u00e0 lire, \u00e0 \u00e9crire et\/ou \u00e0 calculer. Souvent, elles ont \u00e9galement des difficult\u00e9s avec les comp\u00e9tences num\u00e9riques. Cela repr\u00e9sente 18 %, soit environ 1 personne sur 6 aux Pays-Bas. Parmi elles, pr\u00e8s de 1,8 million [&hellip;]\" \/>\n<meta property=\"og:url\" content=\"https:\/\/www.bogaerstalen.nl\/fr\/faible-niveau-dalphabetisation\/\" \/>\n<meta property=\"og:site_name\" content=\"Bogaers Taleninstituut Tilburg\" \/>\n<meta property=\"article:publisher\" content=\"https:\/\/www.facebook.com\/taleninstituut\/\" \/>\n<meta name=\"twitter:label1\" content=\"Dur\u00e9e de lecture estim\u00e9e\" \/>\n\t<meta name=\"twitter:data1\" content=\"1 minute\" \/>\n<script type=\"application\/ld+json\" class=\"yoast-schema-graph\">{\"@context\":\"https:\/\/schema.org\",\"@graph\":[{\"@type\":\"WebPage\",\"@id\":\"https:\/\/www.bogaerstalen.nl\/fr\/faible-niveau-dalphabetisation\/\",\"url\":\"https:\/\/www.bogaerstalen.nl\/fr\/faible-niveau-dalphabetisation\/\",\"name\":\"Faible niveau d'alphab\u00e9tisation - Bogaers Taleninstituut Tilburg\",\"isPartOf\":{\"@id\":\"https:\/\/www.bogaerstalen.nl\/fr\/#website\"},\"datePublished\":\"2024-11-14T12:27:32+00:00\",\"breadcrumb\":{\"@id\":\"https:\/\/www.bogaerstalen.nl\/fr\/faible-niveau-dalphabetisation\/#breadcrumb\"},\"inLanguage\":\"fr-FR\",\"potentialAction\":[{\"@type\":\"ReadAction\",\"target\":[\"https:\/\/www.bogaerstalen.nl\/fr\/faible-niveau-dalphabetisation\/\"]}]},{\"@type\":\"BreadcrumbList\",\"@id\":\"https:\/\/www.bogaerstalen.nl\/fr\/faible-niveau-dalphabetisation\/#breadcrumb\",\"itemListElement\":[{\"@type\":\"ListItem\",\"position\":1,\"name\":\"Home\",\"item\":\"https:\/\/www.bogaerstalen.nl\/fr\/accueil\/\"},{\"@type\":\"ListItem\",\"position\":2,\"name\":\"Faible niveau d&#8217;alphab\u00e9tisation\"}]},{\"@type\":\"WebSite\",\"@id\":\"https:\/\/www.bogaerstalen.nl\/fr\/#website\",\"url\":\"https:\/\/www.bogaerstalen.nl\/fr\/\",\"name\":\"Bogaers Taleninstituut Tilburg\",\"description\":\"Sta sterk met taal!\",\"potentialAction\":[{\"@type\":\"SearchAction\",\"target\":{\"@type\":\"EntryPoint\",\"urlTemplate\":\"https:\/\/www.bogaerstalen.nl\/fr\/?s={search_term_string}\"},\"query-input\":{\"@type\":\"PropertyValueSpecification\",\"valueRequired\":true,\"valueName\":\"search_term_string\"}}],\"inLanguage\":\"fr-FR\"}]}<\/script>\n<!-- \/ Yoast SEO plugin. -->","yoast_head_json":{"title":"Faible niveau d'alphab\u00e9tisation - Bogaers Taleninstituut Tilburg","robots":{"index":"index","follow":"follow","max-snippet":"max-snippet:-1","max-image-preview":"max-image-preview:large","max-video-preview":"max-video-preview:-1"},"canonical":"https:\/\/www.bogaerstalen.nl\/fr\/faible-niveau-dalphabetisation\/","og_locale":"fr_FR","og_type":"article","og_title":"Faible niveau d'alphab\u00e9tisation - Bogaers Taleninstituut Tilburg","og_description":"Faible taux d&rsquo;alphab\u00e9tisation aux Pays-Bas Aux Pays-Bas, 2,5 millions de personnes \u00e2g\u00e9es de 16 ans et plus ont des difficult\u00e9s \u00e0 lire, \u00e0 \u00e9crire et\/ou \u00e0 calculer. Souvent, elles ont \u00e9galement des difficult\u00e9s avec les comp\u00e9tences num\u00e9riques. Cela repr\u00e9sente 18 %, soit environ 1 personne sur 6 aux Pays-Bas. Parmi elles, pr\u00e8s de 1,8 million [&hellip;]","og_url":"https:\/\/www.bogaerstalen.nl\/fr\/faible-niveau-dalphabetisation\/","og_site_name":"Bogaers Taleninstituut Tilburg","article_publisher":"https:\/\/www.facebook.com\/taleninstituut\/","twitter_misc":{"Dur\u00e9e de lecture estim\u00e9e":"1 minute"},"schema":{"@context":"https:\/\/schema.org","@graph":[{"@type":"WebPage","@id":"https:\/\/www.bogaerstalen.nl\/fr\/faible-niveau-dalphabetisation\/","url":"https:\/\/www.bogaerstalen.nl\/fr\/faible-niveau-dalphabetisation\/","name":"Faible niveau d'alphab\u00e9tisation - Bogaers Taleninstituut Tilburg","isPartOf":{"@id":"https:\/\/www.bogaerstalen.nl\/fr\/#website"},"datePublished":"2024-11-14T12:27:32+00:00","breadcrumb":{"@id":"https:\/\/www.bogaerstalen.nl\/fr\/faible-niveau-dalphabetisation\/#breadcrumb"},"inLanguage":"fr-FR","potentialAction":[{"@type":"ReadAction","target":["https:\/\/www.bogaerstalen.nl\/fr\/faible-niveau-dalphabetisation\/"]}]},{"@type":"BreadcrumbList","@id":"https:\/\/www.bogaerstalen.nl\/fr\/faible-niveau-dalphabetisation\/#breadcrumb","itemListElement":[{"@type":"ListItem","position":1,"name":"Home","item":"https:\/\/www.bogaerstalen.nl\/fr\/accueil\/"},{"@type":"ListItem","position":2,"name":"Faible niveau d&#8217;alphab\u00e9tisation"}]},{"@type":"WebSite","@id":"https:\/\/www.bogaerstalen.nl\/fr\/#website","url":"https:\/\/www.bogaerstalen.nl\/fr\/","name":"Bogaers Taleninstituut Tilburg","description":"Sta sterk met taal!","potentialAction":[{"@type":"SearchAction","target":{"@type":"EntryPoint","urlTemplate":"https:\/\/www.bogaerstalen.nl\/fr\/?s={search_term_string}"},"query-input":{"@type":"PropertyValueSpecification","valueRequired":true,"valueName":"search_term_string"}}],"inLanguage":"fr-FR"}]}},"_links":{"self":[{"href":"https:\/\/www.bogaerstalen.nl\/fr\/wp-json\/wp\/v2\/pages\/8060","targetHints":{"allow":["GET"]}}],"collection":[{"href":"https:\/\/www.bogaerstalen.nl\/fr\/wp-json\/wp\/v2\/pages"}],"about":[{"href":"https:\/\/www.bogaerstalen.nl\/fr\/wp-json\/wp\/v2\/types\/page"}],"author":[{"embeddable":true,"href":"https:\/\/www.bogaerstalen.nl\/fr\/wp-json\/wp\/v2\/users\/3"}],"replies":[{"embeddable":true,"href":"https:\/\/www.bogaerstalen.nl\/fr\/wp-json\/wp\/v2\/comments?post=8060"}],"version-history":[{"count":0,"href":"https:\/\/www.bogaerstalen.nl\/fr\/wp-json\/wp\/v2\/pages\/8060\/revisions"}],"wp:attachment":[{"href":"https:\/\/www.bogaerstalen.nl\/fr\/wp-json\/wp\/v2\/media?parent=8060"}],"curies":[{"name":"wp","href":"https:\/\/api.w.org\/{rel}","templated":true}]}}