{"id":8068,"date":"2024-11-14T13:27:37","date_gmt":"2024-11-14T12:27:37","guid":{"rendered":"https:\/\/www.bogaerstalen.nl\/declaration-de-confidentialite\/"},"modified":"2024-11-14T13:27:45","modified_gmt":"2024-11-14T12:27:45","slug":"declaration-de-confidentialite","status":"publish","type":"page","link":"https:\/\/www.bogaerstalen.nl\/fr\/declaration-de-confidentialite\/","title":{"rendered":"D\u00e9claration de confidentialit\u00e9"},"content":{"rendered":"\t\t<div data-elementor-type=\"wp-page\" data-elementor-id=\"8068\" class=\"elementor elementor-8068 elementor-4009\" data-elementor-post-type=\"page\">\n\t\t\t\t<div class=\"elementor-element elementor-element-56758b0d e-flex e-con-boxed e-con e-parent\" data-id=\"56758b0d\" data-element_type=\"container\" data-e-type=\"container\">\n\t\t\t\t\t<div class=\"e-con-inner\">\n\t\t\t\t<div class=\"elementor-element elementor-element-1d4be785 elementor-widget elementor-widget-text-editor\" data-id=\"1d4be785\" data-element_type=\"widget\" data-e-type=\"widget\" data-widget_type=\"text-editor.default\">\n\t\t\t\t<div class=\"elementor-widget-container\">\n\t\t\t\t\t\t\t\t\t<\/p>\n<h2 style=\"text-align: center;\"><span style=\"color: #ff9900;\"><strong>Nouvelle loi sur la protection de la vie priv\u00e9e AVG<\/strong><\/span><\/h2>\n<h3>Votre vie priv\u00e9e<\/h3>\n<p>Nous avons r\u00e9cemment mis \u00e0 jour notre politique de confidentialit\u00e9 pour expliquer comment nous prot\u00e9geons vos donn\u00e9es personnelles conform\u00e9ment au nouveau r\u00e8glement g\u00e9n\u00e9ral sur la protection des donn\u00e9es (RGPD) de l&rsquo;UE.<\/p>\n<p>Notre politique actualis\u00e9e fournit davantage d&rsquo;informations sur : &#8211; les informations que nous collectons ; &#8211; la mani\u00e8re dont nous utilisons ces informations, pourquoi nous les stockons et pourquoi nous les conservons ; et &#8211; le partage de vos informations avec des tiers, la politique en mati\u00e8re de cookies et la mani\u00e8re dont vous pouvez demander que vos informations soient mises \u00e0 jour, corrig\u00e9es ou supprim\u00e9es.<\/p>\n<p><strong>Donn\u00e9es personnelles que nous traitons<\/strong><\/p>\n<p>Toutes nos donn\u00e9es sont stock\u00e9es dans le syst\u00e8me Planaday et nous utilisons Podio, propri\u00e9t\u00e9 de Citrix, bas\u00e9 aux \u00c9tats-Unis.  <\/p>\n<p>\u00c9tats. Citrix est certifi\u00e9e pour le bouclier de protection de la vie priv\u00e9e UE-\u00c9tats-Unis, ce qui lui permet d&rsquo;\u00e9changer des donn\u00e9es en toute s\u00e9curit\u00e9.   <\/p>\n<p><strong>Combien de temps conservons-nous vos donn\u00e9es ?<\/strong><\/p>\n<p>Les donn\u00e9es \u00e0 caract\u00e8re personnel ne sont plus conserv\u00e9es sous une forme permettant \u00e0 la personne concern\u00e9e d&rsquo;\u00eatre  <\/p>\n<p>identifier, que ce qui est n\u00e9cessaire pour atteindre les objectifs pour lesquels elles sont collect\u00e9es  <\/p>\n<p>ou trait\u00e9es ult\u00e9rieurement.  <\/p>\n<p>&#8211; Sauf disposition contraire, la p\u00e9riode de conservation se termine deux ans apr\u00e8s le dernier contact avec la personne concern\u00e9e.  <\/p>\n<p>&#8211; Apr\u00e8s la r\u00e9siliation de l&rsquo;accord conclu avec le client, toutes les donn\u00e9es \u00e0 caract\u00e8re personnel appartenant \u00e0 la personne physique  <\/p>\n<p>donn\u00e9es tra\u00e7ables, dates et\/ou deux ans apr\u00e8s la fin de la consultation du client  <\/p>\n<p>supprim\u00e9es. Les donn\u00e9es n\u00e9cessaires \u00e0 des fins de conservation l\u00e9gale seront conserv\u00e9es pendant 10 ans. Les donn\u00e9es n\u00e9cessaires \u00e0 la conservation l\u00e9gale seront conserv\u00e9es pendant 10 ans.    <\/p>\n<p>les donn\u00e9es ne peuvent pas \u00eatre retrac\u00e9es directement jusqu&rsquo;\u00e0 la personne.  <\/p>\n<p><strong>Vos droits concernant vos donn\u00e9es personnelles :<\/strong><\/p>\n<p>&#8211; Donn\u00e9es relatives au comportement de navigation sur notre site web (trait\u00e9es de mani\u00e8re anonyme) &#8211; Nom &#8211; Sexe &#8211; Num\u00e9ro de t\u00e9l\u00e9phone &#8211; Autres donn\u00e9es personnelles que vous fournissez activement, par correspondance et par t\u00e9l\u00e9phone &#8211; Adresse \u00e9lectronique<\/p>\n<p><strong>Donn\u00e9es personnelles sp\u00e9ciales et\/ou sensibles que nous traitons :<\/strong><\/p>\n<p>Num\u00e9ros BSN pour les int\u00e9grateurs dans le cadre de la proc\u00e9dure DUO.<\/p>\n<p>Notre site web et\/ou service n&rsquo;a pas l&rsquo;intention de collecter des donn\u00e9es sur les visiteurs du site web \u00e2g\u00e9s de moins de 16 ans. \u00c0 moins qu&rsquo;ils ne disposent d&rsquo;une autorisation parentale ou d&rsquo;un tuteur. Toutefois, nous ne pouvons pas v\u00e9rifier si un visiteur a plus de 16 ans. Nous conseillons donc aux parents de s&rsquo;impliquer dans les activit\u00e9s en ligne de leurs enfants afin d&rsquo;\u00e9viter de collecter des donn\u00e9es sur les enfants sans leur consentement. Si vous \u00eates convaincu que nous avons collect\u00e9 des donn\u00e9es personnelles sur un mineur sans ce consentement, veuillez nous contacter \u00e0 l&rsquo;adresse info@bogaerstalen.nl et nous supprimerons ces informations.    <\/p>\n<p><strong>Bogaers <\/strong>Taleninstituut traite vos donn\u00e9es personnelles pour les raisons suivantes :<\/p>\n<p><strong>Partage de donn\u00e9es personnelles avec des tiers<\/strong><\/p>\n<p>Bogaers Taleninstituut BV ne vend pas vos donn\u00e9es \u00e0 des tiers et ne les divulgue qu&rsquo;\u00e0 des tiers et uniquement lorsque cela est n\u00e9cessaire pour l&rsquo;ex\u00e9cution de notre contrat avec vous ou pour se conformer \u00e0 une obligation l\u00e9gale.<\/p>\n<p>C<strong>ookies, ou techniques similaires, que nous utilisons<\/strong> Bogaers Taleninstituut utilise uniquement des cookies techniques et fonctionnels. Et des cookies analytiques qui ne portent pas atteinte \u00e0 votre vie priv\u00e9e. Un cookie est un petit fichier texte qui est stock\u00e9 sur votre ordinateur, tablette ou smartphone lors de votre premi\u00e8re visite sur ce site web. Les cookies que nous utilisons sont n\u00e9cessaires au fonctionnement technique du site web et \u00e0 votre facilit\u00e9 d&rsquo;utilisation. Ils garantissent le bon fonctionnement du site web et, par exemple, m\u00e9morisent vos pr\u00e9f\u00e9rences. Ils nous permettent \u00e9galement d&rsquo;optimiser notre site web. Vous pouvez refuser les cookies en param\u00e9trant votre navigateur Internet de mani\u00e8re \u00e0 ce qu&rsquo;il ne stocke plus de cookies. Vous pouvez \u00e9galement supprimer toute information pr\u00e9c\u00e9demment stock\u00e9e via les param\u00e8tres de votre navigateur.       <\/p>\n<p>C<strong>onsulter, corriger ou supprimer les donn\u00e9es<\/strong> Vous avez le droit de consulter, de corriger ou de supprimer vos donn\u00e9es personnelles.<\/p>\n<p>Vous avez \u00e9galement le droit de retirer votre \u00e9ventuel consentement au traitement des donn\u00e9es ou de vous opposer au traitement de vos donn\u00e9es personnelles par Bogaers Taleninstituut, et vous avez le droit \u00e0 la portabilit\u00e9 des donn\u00e9es. Cela signifie que vous pouvez nous demander de vous envoyer les donn\u00e9es personnelles que nous d\u00e9tenons sur vous dans un fichier informatique ou de les envoyer \u00e0 une autre organisation que vous aurez d\u00e9sign\u00e9e. <\/p>\n<p>Vous pouvez envoyer une demande d&rsquo;acc\u00e8s, de rectification, de suppression, de transfert de vos donn\u00e9es \u00e0 caract\u00e8re personnel ou demander la r\u00e9vocation de votre consentement ou de votre objection au traitement de vos donn\u00e9es \u00e0 caract\u00e8re personnel \u00e0 info@bogaerstalen.nl.<\/p>\n<p>Afin de s&rsquo;assurer que la demande de contr\u00f4le \u00e9mane bien de vous, nous vous demandons de joindre \u00e0 votre demande une copie de votre preuve d&rsquo;identit\u00e9. Sur cette copie, noircissez votre photo de passeport, la MRZ (zone de lecture automatique, la bande de chiffres au bas du passeport), le num\u00e9ro de passeport et le num\u00e9ro de service du citoyen (BSN). Ceci afin de prot\u00e9ger votre vie priv\u00e9e. Nous r\u00e9pondrons \u00e0 votre demande d\u00e8s que possible, mais dans un d\u00e9lai de quatre semaines.   <\/p>\n<p>C<strong>omment nous s\u00e9curisons les donn\u00e9es personnelles<\/strong> Le Bogaers Taleninstituut prend au s\u00e9rieux la protection de vos donn\u00e9es et prend des mesures appropri\u00e9es pour emp\u00eacher l&rsquo;utilisation abusive, la perte, l&rsquo;acc\u00e8s non autoris\u00e9, la divulgation non d\u00e9sir\u00e9e et la modification non autoris\u00e9e. Si vous avez l&rsquo;impression que vos donn\u00e9es ne sont pas correctement s\u00e9curis\u00e9es ou qu&rsquo;il existe des indices d&rsquo;utilisation abusive, veuillez nous contacter \u00e0 l&rsquo;adresse info@bogaerstalen.nl. <\/p>\n<ol>\n<li style=\"text-align: left;\">  Sites d&rsquo;information sur le programme AVG et la protection de la vie priv\u00e9e :<\/li>\n<li style=\"text-align: left;\"><b>  <strong> Association des consommateurs<\/strong><br \/><a href=\"https:\/\/kleurrijker.us14.list-manage.com\/track\/click?u=03e05eeacf0474d900aec72c5&amp;id=2f79c3b391&amp;e=be00f28738\"> https:\/\/www.consumentenbond.nl\/internet-privacy<\/a><\/b><\/li>\n<li style=\"text-align: left;\"><b> <strong> Association internationale des professionnels de la protection de la vie priv\u00e9e<\/strong><br \/><a href=\"https:\/\/kleurrijker.us14.list-manage.com\/track\/click?u=03e05eeacf0474d900aec72c5&amp;id=b78ad1fd04&amp;e=be00f28738\"> https:\/\/iapp.org\/search?q=GDPR<\/a><\/b><\/li>\n<li style=\"text-align: left;\"> <strong> Commission europ\u00e9enne<\/strong><br \/><a href=\"https:\/\/kleurrijker.us14.list-manage.com\/track\/click?u=03e05eeacf0474d900aec72c5&amp;id=956a8a3b15&amp;e=be00f28738\"> https:\/\/ec.europa.eu\/commission\/priorities\/justice-and-fundamental-rights\/data-protection\/2018-reform-eu-data- protection-rules_fr<\/a><\/li>\n<li style=\"text-align: left;\"> <strong> Infographie de la Commission europ\u00e9enne<\/strong><br \/><a href=\"https:\/\/kleurrijker.us14.list-manage.com\/track\/click?u=03e05eeacf0474d900aec72c5&amp;id=ba85a0142d&amp;e=be00f28738\"> http:\/\/ec.europa.eu\/justice\/smedataprotect\/index_nl.htm<\/a><\/li>\n<li style=\"text-align: left;\"> <strong> Aide sur la protection de la vie priv\u00e9e<\/strong><br \/><a href=\"https:\/\/kleurrijker.us14.list-manage.com\/track\/click?u=03e05eeacf0474d900aec72c5&amp;id=8845e39fd7&amp;e=be00f28738\"> https:\/\/www.hulpbijprivacy.nl\/<\/a><\/li>\n<li style=\"text-align: left;\"> <strong> Gouvernement central<\/strong><br \/><a href=\"https:\/\/kleurrijker.us14.list-manage.com\/track\/click?u=03e05eeacf0474d900aec72c5&amp;id=f78bd1fcad&amp;e=be00f28738\"> https:\/\/www.rijksoverheid.nl\/onderwerpen\/privacy-en-persoonsgegevens<\/a><\/li>\n<\/ol>\n\t\t\t\t\t\t\t\t<\/div>\n\t\t\t\t<\/div>\n\t\t\t\t\t<\/div>\n\t\t\t\t<\/div>\n\t\t\t\t<\/div>\n\t\t","protected":false},"excerpt":{"rendered":"<p>Nouvelle loi sur la protection de la vie priv\u00e9e AVG Votre vie priv\u00e9e Nous avons r\u00e9cemment mis \u00e0 jour notre politique de confidentialit\u00e9 pour expliquer comment nous prot\u00e9geons vos donn\u00e9es personnelles conform\u00e9ment au nouveau r\u00e8glement g\u00e9n\u00e9ral sur la protection des donn\u00e9es (RGPD) de l&rsquo;UE. Notre politique actualis\u00e9e fournit davantage d&rsquo;informations sur : &#8211; les informations [&hellip;]<\/p>\n","protected":false},"author":3,"featured_media":0,"parent":0,"menu_order":0,"comment_status":"closed","ping_status":"closed","template":"aw-content-template.php","meta":{"_yoast_wpseo_focuskw":"","_yoast_wpseo_metadesc":"","rank_math_focus_keyword":"","rank_math_description":"","footnotes":""},"class_list":["post-8068","page","type-page","status-publish","hentry"],"yoast_head":"<!-- This site is optimized with the Yoast SEO plugin v27.2 - https:\/\/yoast.com\/product\/yoast-seo-wordpress\/ -->\n<title>D\u00e9claration de confidentialit\u00e9 - Bogaers Taleninstituut Tilburg<\/title>\n<meta name=\"robots\" content=\"index, follow, max-snippet:-1, max-image-preview:large, max-video-preview:-1\" \/>\n<link rel=\"canonical\" href=\"https:\/\/www.bogaerstalen.nl\/fr\/declaration-de-confidentialite\/\" \/>\n<meta property=\"og:locale\" content=\"fr_FR\" \/>\n<meta property=\"og:type\" content=\"article\" \/>\n<meta property=\"og:title\" content=\"D\u00e9claration de confidentialit\u00e9 - Bogaers Taleninstituut Tilburg\" \/>\n<meta property=\"og:description\" content=\"Nouvelle loi sur la protection de la vie priv\u00e9e AVG Votre vie priv\u00e9e Nous avons r\u00e9cemment mis \u00e0 jour notre politique de confidentialit\u00e9 pour expliquer comment nous prot\u00e9geons vos donn\u00e9es personnelles conform\u00e9ment au nouveau r\u00e8glement g\u00e9n\u00e9ral sur la protection des donn\u00e9es (RGPD) de l&rsquo;UE. Notre politique actualis\u00e9e fournit davantage d&rsquo;informations sur : &#8211; les informations [&hellip;]\" \/>\n<meta property=\"og:url\" content=\"https:\/\/www.bogaerstalen.nl\/fr\/declaration-de-confidentialite\/\" \/>\n<meta property=\"og:site_name\" content=\"Bogaers Taleninstituut Tilburg\" \/>\n<meta property=\"article:publisher\" content=\"https:\/\/www.facebook.com\/taleninstituut\/\" \/>\n<meta property=\"article:modified_time\" content=\"2024-11-14T12:27:45+00:00\" \/>\n<meta name=\"twitter:label1\" content=\"Dur\u00e9e de lecture estim\u00e9e\" \/>\n\t<meta name=\"twitter:data1\" content=\"6 minutes\" \/>\n<script type=\"application\/ld+json\" class=\"yoast-schema-graph\">{\"@context\":\"https:\/\/schema.org\",\"@graph\":[{\"@type\":\"WebPage\",\"@id\":\"https:\/\/www.bogaerstalen.nl\/fr\/declaration-de-confidentialite\/\",\"url\":\"https:\/\/www.bogaerstalen.nl\/fr\/declaration-de-confidentialite\/\",\"name\":\"D\u00e9claration de confidentialit\u00e9 - Bogaers Taleninstituut Tilburg\",\"isPartOf\":{\"@id\":\"https:\/\/www.bogaerstalen.nl\/fr\/#website\"},\"datePublished\":\"2024-11-14T12:27:37+00:00\",\"dateModified\":\"2024-11-14T12:27:45+00:00\",\"breadcrumb\":{\"@id\":\"https:\/\/www.bogaerstalen.nl\/fr\/declaration-de-confidentialite\/#breadcrumb\"},\"inLanguage\":\"fr-FR\",\"potentialAction\":[{\"@type\":\"ReadAction\",\"target\":[\"https:\/\/www.bogaerstalen.nl\/fr\/declaration-de-confidentialite\/\"]}]},{\"@type\":\"BreadcrumbList\",\"@id\":\"https:\/\/www.bogaerstalen.nl\/fr\/declaration-de-confidentialite\/#breadcrumb\",\"itemListElement\":[{\"@type\":\"ListItem\",\"position\":1,\"name\":\"Home\",\"item\":\"https:\/\/www.bogaerstalen.nl\/fr\/accueil\/\"},{\"@type\":\"ListItem\",\"position\":2,\"name\":\"D\u00e9claration de confidentialit\u00e9\"}]},{\"@type\":\"WebSite\",\"@id\":\"https:\/\/www.bogaerstalen.nl\/fr\/#website\",\"url\":\"https:\/\/www.bogaerstalen.nl\/fr\/\",\"name\":\"Bogaers Taleninstituut Tilburg\",\"description\":\"Sta sterk met taal!\",\"potentialAction\":[{\"@type\":\"SearchAction\",\"target\":{\"@type\":\"EntryPoint\",\"urlTemplate\":\"https:\/\/www.bogaerstalen.nl\/fr\/?s={search_term_string}\"},\"query-input\":{\"@type\":\"PropertyValueSpecification\",\"valueRequired\":true,\"valueName\":\"search_term_string\"}}],\"inLanguage\":\"fr-FR\"}]}<\/script>\n<!-- \/ Yoast SEO plugin. -->","yoast_head_json":{"title":"D\u00e9claration de confidentialit\u00e9 - Bogaers Taleninstituut Tilburg","robots":{"index":"index","follow":"follow","max-snippet":"max-snippet:-1","max-image-preview":"max-image-preview:large","max-video-preview":"max-video-preview:-1"},"canonical":"https:\/\/www.bogaerstalen.nl\/fr\/declaration-de-confidentialite\/","og_locale":"fr_FR","og_type":"article","og_title":"D\u00e9claration de confidentialit\u00e9 - Bogaers Taleninstituut Tilburg","og_description":"Nouvelle loi sur la protection de la vie priv\u00e9e AVG Votre vie priv\u00e9e Nous avons r\u00e9cemment mis \u00e0 jour notre politique de confidentialit\u00e9 pour expliquer comment nous prot\u00e9geons vos donn\u00e9es personnelles conform\u00e9ment au nouveau r\u00e8glement g\u00e9n\u00e9ral sur la protection des donn\u00e9es (RGPD) de l&rsquo;UE. Notre politique actualis\u00e9e fournit davantage d&rsquo;informations sur : &#8211; les informations [&hellip;]","og_url":"https:\/\/www.bogaerstalen.nl\/fr\/declaration-de-confidentialite\/","og_site_name":"Bogaers Taleninstituut Tilburg","article_publisher":"https:\/\/www.facebook.com\/taleninstituut\/","article_modified_time":"2024-11-14T12:27:45+00:00","twitter_misc":{"Dur\u00e9e de lecture estim\u00e9e":"6 minutes"},"schema":{"@context":"https:\/\/schema.org","@graph":[{"@type":"WebPage","@id":"https:\/\/www.bogaerstalen.nl\/fr\/declaration-de-confidentialite\/","url":"https:\/\/www.bogaerstalen.nl\/fr\/declaration-de-confidentialite\/","name":"D\u00e9claration de confidentialit\u00e9 - Bogaers Taleninstituut Tilburg","isPartOf":{"@id":"https:\/\/www.bogaerstalen.nl\/fr\/#website"},"datePublished":"2024-11-14T12:27:37+00:00","dateModified":"2024-11-14T12:27:45+00:00","breadcrumb":{"@id":"https:\/\/www.bogaerstalen.nl\/fr\/declaration-de-confidentialite\/#breadcrumb"},"inLanguage":"fr-FR","potentialAction":[{"@type":"ReadAction","target":["https:\/\/www.bogaerstalen.nl\/fr\/declaration-de-confidentialite\/"]}]},{"@type":"BreadcrumbList","@id":"https:\/\/www.bogaerstalen.nl\/fr\/declaration-de-confidentialite\/#breadcrumb","itemListElement":[{"@type":"ListItem","position":1,"name":"Home","item":"https:\/\/www.bogaerstalen.nl\/fr\/accueil\/"},{"@type":"ListItem","position":2,"name":"D\u00e9claration de confidentialit\u00e9"}]},{"@type":"WebSite","@id":"https:\/\/www.bogaerstalen.nl\/fr\/#website","url":"https:\/\/www.bogaerstalen.nl\/fr\/","name":"Bogaers Taleninstituut Tilburg","description":"Sta sterk met taal!","potentialAction":[{"@type":"SearchAction","target":{"@type":"EntryPoint","urlTemplate":"https:\/\/www.bogaerstalen.nl\/fr\/?s={search_term_string}"},"query-input":{"@type":"PropertyValueSpecification","valueRequired":true,"valueName":"search_term_string"}}],"inLanguage":"fr-FR"}]}},"_links":{"self":[{"href":"https:\/\/www.bogaerstalen.nl\/fr\/wp-json\/wp\/v2\/pages\/8068","targetHints":{"allow":["GET"]}}],"collection":[{"href":"https:\/\/www.bogaerstalen.nl\/fr\/wp-json\/wp\/v2\/pages"}],"about":[{"href":"https:\/\/www.bogaerstalen.nl\/fr\/wp-json\/wp\/v2\/types\/page"}],"author":[{"embeddable":true,"href":"https:\/\/www.bogaerstalen.nl\/fr\/wp-json\/wp\/v2\/users\/3"}],"replies":[{"embeddable":true,"href":"https:\/\/www.bogaerstalen.nl\/fr\/wp-json\/wp\/v2\/comments?post=8068"}],"version-history":[{"count":7,"href":"https:\/\/www.bogaerstalen.nl\/fr\/wp-json\/wp\/v2\/pages\/8068\/revisions"}],"predecessor-version":[{"id":8085,"href":"https:\/\/www.bogaerstalen.nl\/fr\/wp-json\/wp\/v2\/pages\/8068\/revisions\/8085"}],"wp:attachment":[{"href":"https:\/\/www.bogaerstalen.nl\/fr\/wp-json\/wp\/v2\/media?parent=8068"}],"curies":[{"name":"wp","href":"https:\/\/api.w.org\/{rel}","templated":true}]}}