{"id":8069,"date":"2024-11-14T13:27:37","date_gmt":"2024-11-14T12:27:37","guid":{"rendered":"https:\/\/www.bogaerstalen.nl\/prive\/"},"modified":"2024-11-14T13:27:51","modified_gmt":"2024-11-14T12:27:51","slug":"prive","status":"publish","type":"page","link":"https:\/\/www.bogaerstalen.nl\/fr\/shop-voyez-aussi-la-distinction-entre-business-et-private-en-raison-de-la-tva-en-haut-a-droite-de-votre-ecran\/prive\/","title":{"rendered":"Priv\u00e9"},"content":{"rendered":"","protected":false},"excerpt":{"rendered":"<p>R\u00e9ductions d&rsquo;automne ! Vous avez toujours voulu apprendre ou rafra\u00eechir une langue, mais vous n&rsquo;avez jamais pu le faire ? C&rsquo;est l&rsquo;occasion ou jamais ! Jusqu&rsquo;au 31 octobre 2017, nous vous offrons jusqu&rsquo;\u00e0 30% de r\u00e9duction ! Pour les particuliers, rendez-vous sur https:\/\/www.bogaerstalen.nl\/product-categorie\/particulier\/. Pour les entreprises : https:\/\/www.bogaerstalen.<\/p>\n<p>nl\/product-category\/business\/ Veuillez indiquer le code de r\u00e9duction bogaers5 lors de votre commande pour une r\u00e9duction de 5 % (\u00e0 partir de 500 \u20ac) bogaers10 pour une r\u00e9duction de 10&amp; \u00e0 partir d&rsquo;une commande de 1000 \u20ac et bogaers20 pour une r\u00e9duction de 20 % \u00e0 partir d&rsquo;une commande de 2000 \u20ac et bogaers30 pour une r\u00e9duction de 30 % \u00e0 partir d&rsquo;une commande de 3000 \u20ac.<\/p>\n","protected":false},"author":3,"featured_media":0,"parent":8095,"menu_order":0,"comment_status":"closed","ping_status":"closed","template":"aw-content-template.php","meta":{"_yoast_wpseo_focuskw":"","_yoast_wpseo_metadesc":"","rank_math_focus_keyword":"","rank_math_description":"","footnotes":""},"class_list":["post-8069","page","type-page","status-publish","hentry"],"yoast_head":"<!-- This site is optimized with the Yoast SEO plugin v27.5 - https:\/\/yoast.com\/product\/yoast-seo-wordpress\/ -->\n<title>Priv\u00e9 - Bogaers Taleninstituut Tilburg<\/title>\n<meta name=\"robots\" content=\"index, follow, max-snippet:-1, max-image-preview:large, max-video-preview:-1\" \/>\n<link rel=\"canonical\" href=\"https:\/\/www.bogaerstalen.nl\/fr\/shop-voyez-aussi-la-distinction-entre-business-et-private-en-raison-de-la-tva-en-haut-a-droite-de-votre-ecran\/prive\/\" \/>\n<meta property=\"og:locale\" content=\"fr_FR\" \/>\n<meta property=\"og:type\" content=\"article\" \/>\n<meta property=\"og:title\" content=\"Priv\u00e9 - Bogaers Taleninstituut Tilburg\" \/>\n<meta property=\"og:description\" content=\"R\u00e9ductions d&#039;automne ! Vous avez toujours voulu apprendre ou rafra\u00eechir une langue, mais vous n&#039;avez jamais pu le faire ? C&#039;est l&#039;occasion ou jamais ! Jusqu&#039;au 31 octobre 2017, nous vous offrons jusqu&#039;\u00e0 30% de r\u00e9duction ! Pour les particuliers, rendez-vous sur https:\/\/www.bogaerstalen.nl\/product-categorie\/particulier\/. Pour les entreprises : https:\/\/www.bogaerstalen.  nl\/product-category\/business\/ Veuillez indiquer le code de r\u00e9duction bogaers5 lors de votre commande pour une r\u00e9duction de 5 % (\u00e0 partir de 500 \u20ac) bogaers10 pour une r\u00e9duction de 10&amp; \u00e0 partir d&#039;une commande de 1000 \u20ac et bogaers20 pour une r\u00e9duction de 20 % \u00e0 partir d&#039;une commande de 2000 \u20ac et bogaers30 pour une r\u00e9duction de 30 % \u00e0 partir d&#039;une commande de 3000 \u20ac.\" \/>\n<meta property=\"og:url\" content=\"https:\/\/www.bogaerstalen.nl\/fr\/shop-voyez-aussi-la-distinction-entre-business-et-private-en-raison-de-la-tva-en-haut-a-droite-de-votre-ecran\/prive\/\" \/>\n<meta property=\"og:site_name\" content=\"Bogaers Taleninstituut Tilburg\" \/>\n<meta property=\"article:publisher\" content=\"https:\/\/www.facebook.com\/taleninstituut\/\" \/>\n<meta property=\"article:modified_time\" content=\"2024-11-14T12:27:51+00:00\" \/>\n<script type=\"application\/ld+json\" class=\"yoast-schema-graph\">{\"@context\":\"https:\\\/\\\/schema.org\",\"@graph\":[{\"@type\":\"WebPage\",\"@id\":\"https:\\\/\\\/www.bogaerstalen.nl\\\/fr\\\/shop-voyez-aussi-la-distinction-entre-business-et-private-en-raison-de-la-tva-en-haut-a-droite-de-votre-ecran\\\/prive\\\/\",\"url\":\"https:\\\/\\\/www.bogaerstalen.nl\\\/fr\\\/shop-voyez-aussi-la-distinction-entre-business-et-private-en-raison-de-la-tva-en-haut-a-droite-de-votre-ecran\\\/prive\\\/\",\"name\":\"Priv\u00e9 - Bogaers Taleninstituut Tilburg\",\"isPartOf\":{\"@id\":\"https:\\\/\\\/www.bogaerstalen.nl\\\/fr\\\/#website\"},\"datePublished\":\"2024-11-14T12:27:37+00:00\",\"dateModified\":\"2024-11-14T12:27:51+00:00\",\"breadcrumb\":{\"@id\":\"https:\\\/\\\/www.bogaerstalen.nl\\\/fr\\\/shop-voyez-aussi-la-distinction-entre-business-et-private-en-raison-de-la-tva-en-haut-a-droite-de-votre-ecran\\\/prive\\\/#breadcrumb\"},\"inLanguage\":\"fr-FR\",\"potentialAction\":[{\"@type\":\"ReadAction\",\"target\":[\"https:\\\/\\\/www.bogaerstalen.nl\\\/fr\\\/shop-voyez-aussi-la-distinction-entre-business-et-private-en-raison-de-la-tva-en-haut-a-droite-de-votre-ecran\\\/prive\\\/\"]}]},{\"@type\":\"BreadcrumbList\",\"@id\":\"https:\\\/\\\/www.bogaerstalen.nl\\\/fr\\\/shop-voyez-aussi-la-distinction-entre-business-et-private-en-raison-de-la-tva-en-haut-a-droite-de-votre-ecran\\\/prive\\\/#breadcrumb\",\"itemListElement\":[{\"@type\":\"ListItem\",\"position\":1,\"name\":\"Home\",\"item\":\"https:\\\/\\\/www.bogaerstalen.nl\\\/fr\\\/accueil\\\/\"},{\"@type\":\"ListItem\",\"position\":2,\"name\":\"Shop &#8211; voyez aussi la distinction entre Business et Private (en raison de la TVA) en haut \u00e0 droite de votre \u00e9cran !\",\"item\":\"https:\\\/\\\/www.bogaerstalen.nl\\\/fr\\\/shop-voyez-aussi-la-distinction-entre-business-et-private-en-raison-de-la-tva-en-haut-a-droite-de-votre-ecran\\\/\"},{\"@type\":\"ListItem\",\"position\":3,\"name\":\"Priv\u00e9\"}]},{\"@type\":\"WebSite\",\"@id\":\"https:\\\/\\\/www.bogaerstalen.nl\\\/fr\\\/#website\",\"url\":\"https:\\\/\\\/www.bogaerstalen.nl\\\/fr\\\/\",\"name\":\"Bogaers Taleninstituut Tilburg\",\"description\":\"Sta sterk met taal!\",\"potentialAction\":[{\"@type\":\"SearchAction\",\"target\":{\"@type\":\"EntryPoint\",\"urlTemplate\":\"https:\\\/\\\/www.bogaerstalen.nl\\\/fr\\\/?s={search_term_string}\"},\"query-input\":{\"@type\":\"PropertyValueSpecification\",\"valueRequired\":true,\"valueName\":\"search_term_string\"}}],\"inLanguage\":\"fr-FR\"}]}<\/script>\n<!-- \/ Yoast SEO plugin. -->","yoast_head_json":{"title":"Priv\u00e9 - Bogaers Taleninstituut Tilburg","robots":{"index":"index","follow":"follow","max-snippet":"max-snippet:-1","max-image-preview":"max-image-preview:large","max-video-preview":"max-video-preview:-1"},"canonical":"https:\/\/www.bogaerstalen.nl\/fr\/shop-voyez-aussi-la-distinction-entre-business-et-private-en-raison-de-la-tva-en-haut-a-droite-de-votre-ecran\/prive\/","og_locale":"fr_FR","og_type":"article","og_title":"Priv\u00e9 - Bogaers Taleninstituut Tilburg","og_description":"R\u00e9ductions d'automne ! Vous avez toujours voulu apprendre ou rafra\u00eechir une langue, mais vous n'avez jamais pu le faire ? C'est l'occasion ou jamais ! Jusqu'au 31 octobre 2017, nous vous offrons jusqu'\u00e0 30% de r\u00e9duction ! Pour les particuliers, rendez-vous sur https:\/\/www.bogaerstalen.nl\/product-categorie\/particulier\/. Pour les entreprises : https:\/\/www.bogaerstalen.  nl\/product-category\/business\/ Veuillez indiquer le code de r\u00e9duction bogaers5 lors de votre commande pour une r\u00e9duction de 5 % (\u00e0 partir de 500 \u20ac) bogaers10 pour une r\u00e9duction de 10&amp; \u00e0 partir d'une commande de 1000 \u20ac et bogaers20 pour une r\u00e9duction de 20 % \u00e0 partir d'une commande de 2000 \u20ac et bogaers30 pour une r\u00e9duction de 30 % \u00e0 partir d'une commande de 3000 \u20ac.","og_url":"https:\/\/www.bogaerstalen.nl\/fr\/shop-voyez-aussi-la-distinction-entre-business-et-private-en-raison-de-la-tva-en-haut-a-droite-de-votre-ecran\/prive\/","og_site_name":"Bogaers Taleninstituut Tilburg","article_publisher":"https:\/\/www.facebook.com\/taleninstituut\/","article_modified_time":"2024-11-14T12:27:51+00:00","schema":{"@context":"https:\/\/schema.org","@graph":[{"@type":"WebPage","@id":"https:\/\/www.bogaerstalen.nl\/fr\/shop-voyez-aussi-la-distinction-entre-business-et-private-en-raison-de-la-tva-en-haut-a-droite-de-votre-ecran\/prive\/","url":"https:\/\/www.bogaerstalen.nl\/fr\/shop-voyez-aussi-la-distinction-entre-business-et-private-en-raison-de-la-tva-en-haut-a-droite-de-votre-ecran\/prive\/","name":"Priv\u00e9 - Bogaers Taleninstituut Tilburg","isPartOf":{"@id":"https:\/\/www.bogaerstalen.nl\/fr\/#website"},"datePublished":"2024-11-14T12:27:37+00:00","dateModified":"2024-11-14T12:27:51+00:00","breadcrumb":{"@id":"https:\/\/www.bogaerstalen.nl\/fr\/shop-voyez-aussi-la-distinction-entre-business-et-private-en-raison-de-la-tva-en-haut-a-droite-de-votre-ecran\/prive\/#breadcrumb"},"inLanguage":"fr-FR","potentialAction":[{"@type":"ReadAction","target":["https:\/\/www.bogaerstalen.nl\/fr\/shop-voyez-aussi-la-distinction-entre-business-et-private-en-raison-de-la-tva-en-haut-a-droite-de-votre-ecran\/prive\/"]}]},{"@type":"BreadcrumbList","@id":"https:\/\/www.bogaerstalen.nl\/fr\/shop-voyez-aussi-la-distinction-entre-business-et-private-en-raison-de-la-tva-en-haut-a-droite-de-votre-ecran\/prive\/#breadcrumb","itemListElement":[{"@type":"ListItem","position":1,"name":"Home","item":"https:\/\/www.bogaerstalen.nl\/fr\/accueil\/"},{"@type":"ListItem","position":2,"name":"Shop &#8211; voyez aussi la distinction entre Business et Private (en raison de la TVA) en haut \u00e0 droite de votre \u00e9cran !","item":"https:\/\/www.bogaerstalen.nl\/fr\/shop-voyez-aussi-la-distinction-entre-business-et-private-en-raison-de-la-tva-en-haut-a-droite-de-votre-ecran\/"},{"@type":"ListItem","position":3,"name":"Priv\u00e9"}]},{"@type":"WebSite","@id":"https:\/\/www.bogaerstalen.nl\/fr\/#website","url":"https:\/\/www.bogaerstalen.nl\/fr\/","name":"Bogaers Taleninstituut Tilburg","description":"Sta sterk met taal!","potentialAction":[{"@type":"SearchAction","target":{"@type":"EntryPoint","urlTemplate":"https:\/\/www.bogaerstalen.nl\/fr\/?s={search_term_string}"},"query-input":{"@type":"PropertyValueSpecification","valueRequired":true,"valueName":"search_term_string"}}],"inLanguage":"fr-FR"}]}},"_links":{"self":[{"href":"https:\/\/www.bogaerstalen.nl\/fr\/wp-json\/wp\/v2\/pages\/8069","targetHints":{"allow":["GET"]}}],"collection":[{"href":"https:\/\/www.bogaerstalen.nl\/fr\/wp-json\/wp\/v2\/pages"}],"about":[{"href":"https:\/\/www.bogaerstalen.nl\/fr\/wp-json\/wp\/v2\/types\/page"}],"author":[{"embeddable":true,"href":"https:\/\/www.bogaerstalen.nl\/fr\/wp-json\/wp\/v2\/users\/3"}],"replies":[{"embeddable":true,"href":"https:\/\/www.bogaerstalen.nl\/fr\/wp-json\/wp\/v2\/comments?post=8069"}],"version-history":[{"count":1,"href":"https:\/\/www.bogaerstalen.nl\/fr\/wp-json\/wp\/v2\/pages\/8069\/revisions"}],"predecessor-version":[{"id":8098,"href":"https:\/\/www.bogaerstalen.nl\/fr\/wp-json\/wp\/v2\/pages\/8069\/revisions\/8098"}],"up":[{"embeddable":true,"href":"https:\/\/www.bogaerstalen.nl\/fr\/wp-json\/wp\/v2\/pages\/8095"}],"wp:attachment":[{"href":"https:\/\/www.bogaerstalen.nl\/fr\/wp-json\/wp\/v2\/media?parent=8069"}],"curies":[{"name":"wp","href":"https:\/\/api.w.org\/{rel}","templated":true}]}}