{"id":8102,"date":"2024-11-14T13:27:54","date_gmt":"2024-11-14T12:27:54","guid":{"rendered":"https:\/\/www.bogaerstalen.nl\/subventions-aux-employes-langue-neerlandaise\/"},"modified":"2024-11-18T19:26:11","modified_gmt":"2024-11-18T18:26:11","slug":"subventions-aux-employes-langue-neerlandaise","status":"publish","type":"page","link":"https:\/\/www.bogaerstalen.nl\/fr\/subventions-aux-employes-langue-neerlandaise\/","title":{"rendered":"Subventions aux employ\u00e9s : langue n\u00e9erlandaise."},"content":{"rendered":"\t\t<div data-elementor-type=\"wp-page\" data-elementor-id=\"8102\" class=\"elementor elementor-8102 elementor-2391\" data-elementor-post-type=\"page\">\n\t\t\t\t<div class=\"elementor-element elementor-element-6a95ad62 e-flex e-con-boxed e-con e-parent\" data-id=\"6a95ad62\" data-element_type=\"container\" data-e-type=\"container\">\n\t\t\t\t\t<div class=\"e-con-inner\">\n\t\t\t\t<div class=\"elementor-element elementor-element-44055386 elementor-widget elementor-widget-text-editor\" data-id=\"44055386\" data-element_type=\"widget\" data-e-type=\"widget\" data-widget_type=\"text-editor.default\">\n\t\t\t\t<div class=\"elementor-widget-container\">\n\t\t\t\t\t\t\t\t\t<h1>Sch\u00e9ma de subvention Compter avec la langue !<\/h1>\n<div class=\"intro\">\n<p>Les employeurs et les partenariats locaux ou r\u00e9gionaux peuvent recevoir des subventions pour lutter contre le faible niveau d&rsquo;alphab\u00e9tisation. La subvention peut atteindre 50 000 euros par demande. <\/p>\n<\/div>\n<h2>\u00c0 qui s&rsquo;adresse cette subvention ?<\/h2>\n<p>Cette subvention est destin\u00e9e \u00e0 :<\/p>\n<h3>Les employeurs aux Pays-Bas.<\/h3>\n<p>Ils peuvent <a class=\"external\" href=\"http:\/\/www.telmeemettaal.nl\/subsidieaanvraag\">demander une subvention pour une formation qui am\u00e9liore les comp\u00e9tences linguistiques de leurs employ\u00e9s<\/a>. Il s&rsquo;agit notamment des comp\u00e9tences linguistiques sur le lieu de travail (lecture, \u00e9coute, expression orale et \u00e9crite). Mais cela peut aussi inclure les comp\u00e9tences en calcul et en langue en ligne. Un employeur peut demander des subventions pour plusieurs programmes de formation ou groupes de participants en m\u00eame temps.   <\/p>\n<h3>Les partenariats qui ont sign\u00e9 un \u00ab\u00a0accord linguistique\u00a0\u00bb.<\/h3>\n<p>Un partenariat se compose d&rsquo;au moins huit participants. Il peut s&rsquo;agir d&rsquo;une municipalit\u00e9, d&rsquo;une biblioth\u00e8que ou d&rsquo;un \u00e9tablissement d&rsquo;enseignement. Les \u00e9tablissements de soins, les organisations b\u00e9n\u00e9voles et les groupes de jeu peuvent \u00e9galement faire partie de cette collaboration. Le groupe peut demander un financement pour un projet.   <\/p>\n<p>Les participants au partenariat concluent un accord linguistique. Cet accord poursuit les m\u00eames objectifs que le programme d&rsquo;action \u00ab\u00a0Compter avec les langues\u00a0\u00bb. Cela signifie que le projet doit contribuer \u00e0  <\/p>\n<ul>\n<li>l&rsquo;approche r\u00e9gionale ou locale de la faible alphab\u00e9tisation des adultes ou<\/li>\n<li>la promotion de la lecture chez les enfants.<\/li>\n<\/ul>\n<p>Les demandeurs paient au moins 33 % des co\u00fbts \u00e9ligibles. La subvention est assortie de conditions. Lisez le texte du<a class=\"external\" href=\"https:\/\/zoek.officielebekendmakingen.nl\/stcrt-2016-47238.html\">comte ainsi que le r\u00e9gime de subvention linguistique sur Overheid.nl.<\/a> <\/p>\n<\/p>\n<p>\n<div class=\"wpcf7 no-js\" id=\"wpcf7-f293-o1\" lang=\"nl-NL\" dir=\"ltr\" data-wpcf7-id=\"293\">\n<div class=\"screen-reader-response\"><p role=\"status\" aria-live=\"polite\" aria-atomic=\"true\"><\/p> <ul><\/ul><\/div>\n<form action=\"\/fr\/wp-json\/wp\/v2\/pages\/8102#wpcf7-f293-o1\" method=\"post\" class=\"wpcf7-form init\" aria-label=\"Contactformulier\" novalidate=\"novalidate\" data-status=\"init\">\n<fieldset class=\"hidden-fields-container\"><input type=\"hidden\" name=\"_wpcf7\" value=\"293\" \/><input type=\"hidden\" name=\"_wpcf7_version\" value=\"6.1.5\" \/><input type=\"hidden\" name=\"_wpcf7_locale\" value=\"nl_NL\" \/><input type=\"hidden\" name=\"_wpcf7_unit_tag\" value=\"wpcf7-f293-o1\" \/><input type=\"hidden\" name=\"_wpcf7_container_post\" value=\"0\" \/><input type=\"hidden\" name=\"_wpcf7_posted_data_hash\" value=\"\" \/>\n<\/fieldset>\n<p>Uw naam\n<\/p>\n<p><span class=\"wpcf7-form-control-wrap\" data-name=\"your-name\"><input size=\"40\" maxlength=\"400\" class=\"wpcf7-form-control wpcf7-text wpcf7-validates-as-required\" aria-required=\"true\" aria-invalid=\"false\" value=\"\" type=\"text\" name=\"your-name\" \/><\/span>\n<\/p>\n<p>Uw email\n<\/p>\n<p><span class=\"wpcf7-form-control-wrap\" data-name=\"your-email\"><input size=\"40\" maxlength=\"400\" class=\"wpcf7-form-control wpcf7-email wpcf7-validates-as-required wpcf7-text wpcf7-validates-as-email\" aria-required=\"true\" aria-invalid=\"false\" value=\"\" type=\"email\" name=\"your-email\" \/><\/span>\n<\/p>\n<p>Uw telefoonnummer\n<\/p>\n<p><span class=\"wpcf7-form-control-wrap\" data-name=\"tel\"><input size=\"40\" maxlength=\"400\" class=\"wpcf7-form-control wpcf7-tel wpcf7-validates-as-required wpcf7-text wpcf7-validates-as-tel\" aria-required=\"true\" aria-invalid=\"false\" value=\"\" type=\"tel\" name=\"tel\" \/><\/span>\n<\/p>\n<p>Alleen geldig op werkdagen van maandag t\/m vrijdag en graag 48 uur van tevoren iv.m. drukte!\n<\/p>\n<p>Taal\n<\/p>\n<p><span class=\"wpcf7-form-control-wrap\" data-name=\"taal\"><select class=\"wpcf7-form-control wpcf7-select wpcf7-validates-as-required\" aria-required=\"true\" aria-invalid=\"false\" name=\"taal\"><option value=\"\">&#8212;Kies een optie&#8212;<\/option><option value=\"Frans\">Frans<\/option><option value=\"Engels\">Engels<\/option><option value=\"Duits\">Duits<\/option><option value=\"Nederlands\">Nederlands<\/option><option value=\"Overige taal\">Overige taal<\/option><\/select><\/span>\n<\/p>\n<p>Datum\n<\/p>\n<p><span class=\"wpcf7-form-control-wrap\" data-name=\"datum\"><input class=\"wpcf7-form-control wpcf7-date wpcf7-validates-as-required wpcf7-validates-as-date\" aria-required=\"true\" aria-invalid=\"false\" value=\"\" type=\"date\" name=\"datum\" \/><\/span>\n<\/p>\n<p>Tijd\n<\/p>\n<p><span class=\"wpcf7-form-control-wrap\" data-name=\"tijd\"><select class=\"wpcf7-form-control wpcf7-select wpcf7-validates-as-required\" aria-required=\"true\" aria-invalid=\"false\" name=\"tijd\"><option value=\"10:00\">10:00<\/option><option value=\"10:15\">10:15<\/option><option value=\"10:30\">10:30<\/option><option value=\"10:45\">10:45<\/option><option value=\"11:00\">11:00<\/option><option value=\"11:15\">11:15<\/option><option value=\"11:30\">11:30<\/option><option value=\"11:45\">11:45<\/option><option value=\"12:00\">12:00<\/option><option value=\"12:15\">12:15<\/option><option value=\"12:30\">12:30<\/option><option value=\"12:45\">12:45<\/option><option value=\"13:00\">13:00<\/option><option value=\"13:15\">13:15<\/option><option value=\"13:30\">13:30<\/option><option value=\"13:45\">13:45<\/option><option value=\"14:00\">14:00<\/option><option value=\"14:15\">14:15<\/option><option value=\"14:30\">14:30<\/option><option value=\"14:45\">14:45<\/option><option value=\"15:00\">15:00<\/option><option value=\"15:15\">15:15<\/option><option value=\"15:30\">15:30<\/option><option value=\"15:45\">15:45<\/option><option value=\"16:00\">16:00<\/option><option value=\"16:15\">16:15<\/option><option value=\"16:30\">16:30<\/option><option value=\"16:45\">16:45<\/option><option value=\"17:00\">17:00<\/option><\/select><\/span>\n<\/p>\n<p><input class=\"wpcf7-form-control wpcf7-submit has-spinner\" type=\"submit\" value=\"Verzenden\" \/>\n<\/p>\n\n<!-- Google Code for Werknemers Subsidie Nederlands Conversion Page\nIn your html page, add the snippet and call\ngoog_report_conversion when someone clicks on the\nchosen link or button. -->\n<p><script type=\"text\/javascript\">\n \/* <![CDATA[ *\/\n goog_snippet_vars = function() {\n var w = window;\n w.google_conversion_id = 998825351;\n w.google_conversion_label = \"mEJUCLjokG0Qh7uj3AM\";\n w.google_remarketing_only = false;\n }\n \/\/ DO NOT CHANGE THE CODE BELOW.\n goog_report_conversion = function(url) {\n goog_snippet_vars();\n window.google_conversion_format = \"3\";\n var opt = new Object();\n opt.onload_callback = function() {\n if (typeof(url) != 'undefined') {\n window.location = url;\n }\n }\n var conv_handler = window['google_trackConversion'];\n if (typeof(conv_handler) == 'function') {\n conv_handler(opt);\n }\n}\n\/* ]]> *\/\n<\/script><br \/>\n<script type=\"text\/javascript\"\n src=\"\/\/www.googleadservices.com\/pagead\/conversion_async.js\">\n<\/script>\n<\/p><div class=\"wpcf7-response-output\" aria-hidden=\"true\"><\/div>\n<\/form>\n<\/div>\n<\/p>\n\t\t\t\t\t\t\t\t<\/div>\n\t\t\t\t<\/div>\n\t\t\t\t\t<\/div>\n\t\t\t\t<\/div>\n\t\t\t\t<\/div>\n\t\t","protected":false},"excerpt":{"rendered":"<p>Sch\u00e9ma de subvention Compter avec la langue ! Les employeurs et les partenariats locaux ou r\u00e9gionaux peuvent recevoir des subventions pour lutter contre le faible niveau d&rsquo;alphab\u00e9tisation. La subvention peut atteindre 50 000 euros par demande. \u00c0 qui s&rsquo;adresse cette subvention ? Cette subvention est destin\u00e9e \u00e0 : Les employeurs aux Pays-Bas. Ils peuvent demander [&hellip;]<\/p>\n","protected":false},"author":3,"featured_media":0,"parent":0,"menu_order":0,"comment_status":"closed","ping_status":"closed","template":"aw-content-template.php","meta":{"_yoast_wpseo_focuskw":"","_yoast_wpseo_metadesc":"","rank_math_focus_keyword":"","rank_math_description":"","footnotes":""},"class_list":["post-8102","page","type-page","status-publish","hentry"],"yoast_head":"<!-- This site is optimized with the Yoast SEO plugin v27.5 - https:\/\/yoast.com\/product\/yoast-seo-wordpress\/ -->\n<title>Subventions aux employ\u00e9s : langue n\u00e9erlandaise. - Bogaers Taleninstituut Tilburg<\/title>\n<meta name=\"robots\" content=\"index, follow, max-snippet:-1, max-image-preview:large, max-video-preview:-1\" \/>\n<link rel=\"canonical\" href=\"https:\/\/www.bogaerstalen.nl\/fr\/subventions-aux-employes-langue-neerlandaise\/\" \/>\n<meta property=\"og:locale\" content=\"fr_FR\" \/>\n<meta property=\"og:type\" content=\"article\" \/>\n<meta property=\"og:title\" content=\"Subventions aux employ\u00e9s : langue n\u00e9erlandaise. - Bogaers Taleninstituut Tilburg\" \/>\n<meta property=\"og:description\" content=\"Sch\u00e9ma de subvention Compter avec la langue ! Les employeurs et les partenariats locaux ou r\u00e9gionaux peuvent recevoir des subventions pour lutter contre le faible niveau d&rsquo;alphab\u00e9tisation. La subvention peut atteindre 50 000 euros par demande. \u00c0 qui s&rsquo;adresse cette subvention ? Cette subvention est destin\u00e9e \u00e0 : Les employeurs aux Pays-Bas. Ils peuvent demander [&hellip;]\" \/>\n<meta property=\"og:url\" content=\"https:\/\/www.bogaerstalen.nl\/fr\/subventions-aux-employes-langue-neerlandaise\/\" \/>\n<meta property=\"og:site_name\" content=\"Bogaers Taleninstituut Tilburg\" \/>\n<meta property=\"article:publisher\" content=\"https:\/\/www.facebook.com\/taleninstituut\/\" \/>\n<meta property=\"article:modified_time\" content=\"2024-11-18T18:26:11+00:00\" \/>\n<meta name=\"twitter:label1\" content=\"Dur\u00e9e de lecture estim\u00e9e\" \/>\n\t<meta name=\"twitter:data1\" content=\"1 minute\" \/>\n<script type=\"application\/ld+json\" class=\"yoast-schema-graph\">{\"@context\":\"https:\\\/\\\/schema.org\",\"@graph\":[{\"@type\":\"WebPage\",\"@id\":\"https:\\\/\\\/www.bogaerstalen.nl\\\/fr\\\/subventions-aux-employes-langue-neerlandaise\\\/\",\"url\":\"https:\\\/\\\/www.bogaerstalen.nl\\\/fr\\\/subventions-aux-employes-langue-neerlandaise\\\/\",\"name\":\"Subventions aux employ\u00e9s : langue n\u00e9erlandaise. - Bogaers Taleninstituut Tilburg\",\"isPartOf\":{\"@id\":\"https:\\\/\\\/www.bogaerstalen.nl\\\/fr\\\/#website\"},\"datePublished\":\"2024-11-14T12:27:54+00:00\",\"dateModified\":\"2024-11-18T18:26:11+00:00\",\"breadcrumb\":{\"@id\":\"https:\\\/\\\/www.bogaerstalen.nl\\\/fr\\\/subventions-aux-employes-langue-neerlandaise\\\/#breadcrumb\"},\"inLanguage\":\"fr-FR\",\"potentialAction\":[{\"@type\":\"ReadAction\",\"target\":[\"https:\\\/\\\/www.bogaerstalen.nl\\\/fr\\\/subventions-aux-employes-langue-neerlandaise\\\/\"]}]},{\"@type\":\"BreadcrumbList\",\"@id\":\"https:\\\/\\\/www.bogaerstalen.nl\\\/fr\\\/subventions-aux-employes-langue-neerlandaise\\\/#breadcrumb\",\"itemListElement\":[{\"@type\":\"ListItem\",\"position\":1,\"name\":\"Home\",\"item\":\"https:\\\/\\\/www.bogaerstalen.nl\\\/fr\\\/accueil\\\/\"},{\"@type\":\"ListItem\",\"position\":2,\"name\":\"Subventions aux employ\u00e9s : langue n\u00e9erlandaise.\"}]},{\"@type\":\"WebSite\",\"@id\":\"https:\\\/\\\/www.bogaerstalen.nl\\\/fr\\\/#website\",\"url\":\"https:\\\/\\\/www.bogaerstalen.nl\\\/fr\\\/\",\"name\":\"Bogaers Taleninstituut Tilburg\",\"description\":\"Sta sterk met taal!\",\"potentialAction\":[{\"@type\":\"SearchAction\",\"target\":{\"@type\":\"EntryPoint\",\"urlTemplate\":\"https:\\\/\\\/www.bogaerstalen.nl\\\/fr\\\/?s={search_term_string}\"},\"query-input\":{\"@type\":\"PropertyValueSpecification\",\"valueRequired\":true,\"valueName\":\"search_term_string\"}}],\"inLanguage\":\"fr-FR\"}]}<\/script>\n<!-- \/ Yoast SEO plugin. -->","yoast_head_json":{"title":"Subventions aux employ\u00e9s : langue n\u00e9erlandaise. - Bogaers Taleninstituut Tilburg","robots":{"index":"index","follow":"follow","max-snippet":"max-snippet:-1","max-image-preview":"max-image-preview:large","max-video-preview":"max-video-preview:-1"},"canonical":"https:\/\/www.bogaerstalen.nl\/fr\/subventions-aux-employes-langue-neerlandaise\/","og_locale":"fr_FR","og_type":"article","og_title":"Subventions aux employ\u00e9s : langue n\u00e9erlandaise. - Bogaers Taleninstituut Tilburg","og_description":"Sch\u00e9ma de subvention Compter avec la langue ! Les employeurs et les partenariats locaux ou r\u00e9gionaux peuvent recevoir des subventions pour lutter contre le faible niveau d&rsquo;alphab\u00e9tisation. La subvention peut atteindre 50 000 euros par demande. \u00c0 qui s&rsquo;adresse cette subvention ? Cette subvention est destin\u00e9e \u00e0 : Les employeurs aux Pays-Bas. Ils peuvent demander [&hellip;]","og_url":"https:\/\/www.bogaerstalen.nl\/fr\/subventions-aux-employes-langue-neerlandaise\/","og_site_name":"Bogaers Taleninstituut Tilburg","article_publisher":"https:\/\/www.facebook.com\/taleninstituut\/","article_modified_time":"2024-11-18T18:26:11+00:00","twitter_misc":{"Dur\u00e9e de lecture estim\u00e9e":"1 minute"},"schema":{"@context":"https:\/\/schema.org","@graph":[{"@type":"WebPage","@id":"https:\/\/www.bogaerstalen.nl\/fr\/subventions-aux-employes-langue-neerlandaise\/","url":"https:\/\/www.bogaerstalen.nl\/fr\/subventions-aux-employes-langue-neerlandaise\/","name":"Subventions aux employ\u00e9s : langue n\u00e9erlandaise. - Bogaers Taleninstituut Tilburg","isPartOf":{"@id":"https:\/\/www.bogaerstalen.nl\/fr\/#website"},"datePublished":"2024-11-14T12:27:54+00:00","dateModified":"2024-11-18T18:26:11+00:00","breadcrumb":{"@id":"https:\/\/www.bogaerstalen.nl\/fr\/subventions-aux-employes-langue-neerlandaise\/#breadcrumb"},"inLanguage":"fr-FR","potentialAction":[{"@type":"ReadAction","target":["https:\/\/www.bogaerstalen.nl\/fr\/subventions-aux-employes-langue-neerlandaise\/"]}]},{"@type":"BreadcrumbList","@id":"https:\/\/www.bogaerstalen.nl\/fr\/subventions-aux-employes-langue-neerlandaise\/#breadcrumb","itemListElement":[{"@type":"ListItem","position":1,"name":"Home","item":"https:\/\/www.bogaerstalen.nl\/fr\/accueil\/"},{"@type":"ListItem","position":2,"name":"Subventions aux employ\u00e9s : langue n\u00e9erlandaise."}]},{"@type":"WebSite","@id":"https:\/\/www.bogaerstalen.nl\/fr\/#website","url":"https:\/\/www.bogaerstalen.nl\/fr\/","name":"Bogaers Taleninstituut Tilburg","description":"Sta sterk met taal!","potentialAction":[{"@type":"SearchAction","target":{"@type":"EntryPoint","urlTemplate":"https:\/\/www.bogaerstalen.nl\/fr\/?s={search_term_string}"},"query-input":{"@type":"PropertyValueSpecification","valueRequired":true,"valueName":"search_term_string"}}],"inLanguage":"fr-FR"}]}},"_links":{"self":[{"href":"https:\/\/www.bogaerstalen.nl\/fr\/wp-json\/wp\/v2\/pages\/8102","targetHints":{"allow":["GET"]}}],"collection":[{"href":"https:\/\/www.bogaerstalen.nl\/fr\/wp-json\/wp\/v2\/pages"}],"about":[{"href":"https:\/\/www.bogaerstalen.nl\/fr\/wp-json\/wp\/v2\/types\/page"}],"author":[{"embeddable":true,"href":"https:\/\/www.bogaerstalen.nl\/fr\/wp-json\/wp\/v2\/users\/3"}],"replies":[{"embeddable":true,"href":"https:\/\/www.bogaerstalen.nl\/fr\/wp-json\/wp\/v2\/comments?post=8102"}],"version-history":[{"count":2,"href":"https:\/\/www.bogaerstalen.nl\/fr\/wp-json\/wp\/v2\/pages\/8102\/revisions"}],"predecessor-version":[{"id":8905,"href":"https:\/\/www.bogaerstalen.nl\/fr\/wp-json\/wp\/v2\/pages\/8102\/revisions\/8905"}],"wp:attachment":[{"href":"https:\/\/www.bogaerstalen.nl\/fr\/wp-json\/wp\/v2\/media?parent=8102"}],"curies":[{"name":"wp","href":"https:\/\/api.w.org\/{rel}","templated":true}]}}