{"id":8104,"date":"2024-11-14T13:27:55","date_gmt":"2024-11-14T12:27:55","guid":{"rendered":"https:\/\/www.bogaerstalen.nl\/changement-de-carriere-solutions-de-reintegration-orientation-professionnelle-placement-entre-deux-emplois\/"},"modified":"2024-11-14T13:29:12","modified_gmt":"2024-11-14T12:29:12","slug":"changement-de-carriere-solutions-de-reintegration-orientation-professionnelle-placement-entre-deux-emplois","status":"publish","type":"page","link":"https:\/\/www.bogaerstalen.nl\/fr\/lecons-et-cours\/changement-de-carriere-solutions-de-reintegration-orientation-professionnelle-placement-entre-deux-emplois\/","title":{"rendered":"Changement de carri\u00e8re &#8211; Solutions de r\u00e9int\u00e9gration &#8211; Orientation professionnelle &#8211; Placement &#8211; Entre deux emplois"},"content":{"rendered":"\t\t<div data-elementor-type=\"wp-page\" data-elementor-id=\"8104\" class=\"elementor elementor-8104 elementor-2008\" data-elementor-post-type=\"page\">\n\t\t\t\t<div class=\"elementor-element elementor-element-7bbfeac1 e-flex e-con-boxed e-con e-parent\" data-id=\"7bbfeac1\" data-element_type=\"container\" data-e-type=\"container\">\n\t\t\t\t\t<div class=\"e-con-inner\">\n\t\t\t\t<div class=\"elementor-element elementor-element-1db43d9b elementor-widget elementor-widget-text-editor\" data-id=\"1db43d9b\" data-element_type=\"widget\" data-e-type=\"widget\" data-widget_type=\"text-editor.default\">\n\t\t\t\t<div class=\"elementor-widget-container\">\n\t\t\t\t\t\t\t\t\t<h1><span style=\"color: #ff9900;\">Re-Interstate<\/span><\/h1>\n<p><strong>Cinq \u00e9tapes vers un nouveau travail<\/strong><\/p>\n<p>Nous aimons la structure, la vue d&rsquo;ensemble et la clart\u00e9, et nos coach\u00e9s le demandent \u00e9galement.<br \/>L&rsquo;exp\u00e9rience de la recherche d&rsquo;un nouveau travail est parfois tr\u00e8s longue et g\u00e9n\u00e8re beaucoup de questions et d&rsquo;incertitudes. <\/p>\n<p>Gr\u00e2ce \u00e0 ces 5 \u00e9tapes, prenez votre recherche d&#8217;emploi en main et structurez votre recherche !<\/p>\n<p><strong>\u00c9tape 1.<\/strong><br \/> Savoir ce que vous savez faire et quel travail vous convient<strong>\u00c9tape 2.<\/strong><br \/> Savoir ce que vous recherchez<strong>\u00c9tape 3.<\/strong><br \/> Avoir un \u00e9tat d&rsquo;esprit gagnant<strong>\u00c9tape 4.<\/strong><br \/> Se d\u00e9marquer et se distinguer des autres<strong>\u00c9tape 5.<\/strong> Savoir comment trouver le partenaire id\u00e9al<\/p>\n<p>Il y a bien s\u00fbr beaucoup \u00e0 dire sur ces mesures.<\/p>\n<p>Nous serions ravis de vous en dire plus \u00e0 ce sujet, alors passez nous voir pour une tasse de caf\u00e9 sans engagement.<\/p>\n<p>Nous pouvons vous aider de diff\u00e9rentes mani\u00e8res : d&rsquo;une bonne s\u00e9ance de coaching \u00e0 la participation \u00e0 des ateliers, en passant par un coaching intensif de plusieurs mois. Ou une combinaison de ces possibilit\u00e9s, car notre coaching et nos formations sont toujours sur mesure et nous les d\u00e9terminons ensemble !  <\/p>\n<p>C<strong>oaching de carri\u00e8re<\/strong> Pour tous ceux qui veulent prendre leur carri\u00e8re en main. Qui suis-je ?<br \/>Quels sont mes talents, mes passions et mes motivations ? Suis-je toujours au bon endroit ? Qu&rsquo;est-ce que je veux ?    <br \/>Des questions qui peuvent se poser au cours de l&rsquo;un de nos programmes de carri\u00e8re.<\/p>\n<p>O<strong>utplacement<\/strong> Il arrive parfois, que ce soit voulu ou non, que le travail chez l&#8217;employeur actuel prenne fin et qu&rsquo;il faille chercher un nouvel emploi. Mais qu&rsquo;est-ce que c&rsquo;est ? Et comment ?<\/p>\n<p>Les th\u00e8mes abord\u00e9s comprennent l&rsquo;\u00e9tablissement d&rsquo;un profil personnel et professionnel, la d\u00e9finition d&rsquo;une vision de carri\u00e8re et d&rsquo;objectifs, puis l&rsquo;apprentissage d&rsquo;une approche efficace et intelligente du march\u00e9 du travail.   <\/p>\n<p>C<strong>oaching<\/strong> Il arrive parfois que vous arriviez \u00e0 un moment de votre vie o\u00f9 vous remarquez que vous commencez \u00e0 \u00eatre bloqu\u00e9.<br \/>Les choses ne se font plus naturellement.<\/p>\n<p>Ou peut-\u00eatre que tout va bien mais que vous voulez passer au niveau sup\u00e9rieur, vous d\u00e9velopper et obtenir plus de vous-m\u00eame. Apprenez \u00e0 d\u00e9couvrir et \u00e0 utiliser vos points forts.   <\/p>\n<p>Les candidatures vid\u00e9o sont de plus en plus nombreuses. De plus en plus de candidatures se font virtuellement ou en ligne. Mais pour r\u00e9pondre \u00e0 une offre d&#8217;emploi (la candidature), il est bien s\u00fbr possible de r\u00e9pondre par une vid\u00e9o. Le recruteur se fait rapidement une bonne id\u00e9e du candidat : apparence, niveau de communication mais aussi contenu, il s&rsquo;agit d&rsquo;une courte pr\u00e9sentation (sorte de profil personnel) de vous-m\u00eame (et de vos qualit\u00e9s et objectifs de candidature).   <\/p>\n<p>La candidature par vid\u00e9o peut se faire de plusieurs mani\u00e8res :<\/p>\n<p><strong>1). Een open sollicitatie Video (presentatie) <\/strong><\/p>\n<p>Une pr\u00e9sentation g\u00e9n\u00e9rale que vous pouvez envoyer \u00e0 des entreprises int\u00e9ressantes (c&rsquo;est-\u00e0-dire pas sp\u00e9cifiquement en r\u00e9ponse \u00e0 une offre d&#8217;emploi). Vous vous pr\u00e9sentez bri\u00e8vement dans un petit film d&rsquo;environ deux \u00e0 trois minutes. Indiquez bri\u00e8vement vos points forts, vos plus grandes r\u00e9ussites et ce que vous aimez vraiment. Indiquez ensuite ce que vous recherchez exactement en termes de poste et d&rsquo;organisation (soutien administratif au sein d&rsquo;une organisation ouverte avec beaucoup de libert\u00e9, de pr\u00e9f\u00e9rence en travaillant au sein d&rsquo;une petite \u00e9quipe, de mani\u00e8re ind\u00e9pendante). Vous trouverez ici quelques <a href=\"https:\/\/youtu.be\/mM9KC7Bg01Q\">exemples<\/a> int\u00e9ressants et cr\u00e9atifs.    <\/p>\n<p><strong>2. Application vid\u00e9o cibl\u00e9e (pr\u00e9sentation)<\/strong><\/p>\n<p>En r\u00e9ponse \u00e0 une offre d&#8217;emploi int\u00e9ressante (ou \u00e0 plusieurs offres similaires), cr\u00e9ez une vid\u00e9o cibl\u00e9e qui corresponde le plus possible aux exigences. Par exemple, indiquez ce qui pla\u00eet dans le poste, pourquoi vous voulez travailler pour l&rsquo;entreprise et ce qui vous rend apte \u00e0 occuper le poste. <\/p>\n<p><strong>3. Appel vid\u00e9o  <\/strong><\/p>\n<p>Gr\u00e2ce \u00e0 une webcam ou \u00e0 d&rsquo;autres services tels que skype, facetime, zoom.us, vous pouvez postuler directement en ligne. C&rsquo;est presque comme un entretien en face \u00e0 face (sans avoir \u00e0 se d\u00e9placer). Bien entendu, cela pr\u00e9sente des avantages et des inconv\u00e9nients. Le recruteur vous posera des questions comme lors d&rsquo;un entretien normal. En fonction de la personne (l&rsquo;intervieweur), cet entretien peut \u00eatre tr\u00e8s diff\u00e9rent. Il peut \u00eatre court, long, bien construit ou parfois mal organis\u00e9. &gt; Vous vous parlez et vous vous voyez \u00e0 un moment convenu via l&rsquo;\u00e9cran (selon le service ou le logiciel, vous pouvez parfois activer la conversation \u00e0 l&rsquo;aide d&rsquo;un lien e-mail).      <\/p>\n<p>De plus en plus d&rsquo;entreprises demandent \u00e0 leurs candidats de postuler en ligne. Si vous d\u00e9cidez de le faire (ce qui est somptueux), voici quelques conseils : <\/p>\n<p>&#8211; Faites attention \u00e0 votre tenue vestimentaire.<\/p>\n<p>Avant l&rsquo;entretien, <a href=\"http:\/\/www.lichaamstaal.nl\/sollicitatie.html\">testez<\/a> votre connexion internet (pr\u00e9sente, suffisamment rapide) &#8211; Testez le logiciel, le service en ligne et\/ou la webcam que vous allez utiliser &#8211; Choisissez une bonne salle o\u00f9 vous pourrez mener l&rsquo;entretien &#8211; Assurez-vous que personne ne peut vous d\u00e9ranger pendant l&rsquo;entretien. <\/p>\n<h3>CR\u00c9ER VOTRE PROPRE VID\u00c9O DE CANDIDATURE (OUVERTE) ?<\/h3>\n<p>Nous avons rassembl\u00e9 une vue d&rsquo;ensemble et quelques conseils utiles si vous souhaitez r\u00e9aliser votre propre vid\u00e9o.<\/p>\n<p>1.<br \/>Limitez la vid\u00e9o au contenu de votre lettre (incluez toujours votre CV) 2.<br \/>R\u00e9digez d&rsquo;abord le test 3.<br \/>Fournissez une bonne structure 4.<br \/>Entra\u00eenez-vous d&rsquo;abord (de pr\u00e9f\u00e9rence avec un public) 5.<br \/>Placez la cam\u00e9ra \u00e0 environ un m\u00e8tre de vous (\u00e0 hauteur de vos yeux) 6.<br \/>Asseyez-vous ou tenez-vous droit ou l\u00e9g\u00e8rement inclin\u00e9 devant la pi\u00e8ce 7.<br \/>Regardez des exemples d&rsquo;applications vid\u00e9o sur YouTube pour vous inspirer 8.<br \/>Faites r\u00e9f\u00e9rence \u00e0 la candidature vid\u00e9o (url\/lien) dans l&rsquo;e-mail (et dans le CV) 9. Faites relire le produit final (candidature vid\u00e9o) par au moins deux autres personnes.<\/p>\n<h2>EXEMPLES<\/h2>\n<p>Vous cherchez l&rsquo;inspiration et peut-\u00eatre la motivation (le courage) pour r\u00e9aliser vous-m\u00eame une vid\u00e9o.<\/p>\n<p>Regardez plusieurs <a href=\"https:\/\/youtu.be\/mM9KC7Bg01Q\">exemples<\/a> sur Youtube ici. Vous cherchez un job coach ? Vous avez besoin d&rsquo;aide pour postuler \u00e0 un emploi ? Un professionnel de l&rsquo;entretien d&#8217;embauche, du conseil en carri\u00e8re, du coaching de carri\u00e8re et du job coaching peut vous aider.  <\/p>\n<p>Nous vous proposons les services suivants :<\/p>\n<p><strong>1). CV Check <\/strong><\/p>\n<p>Faites v\u00e9rifier votre CV par un coach professionnel. Nous examinons : la langue, la clart\u00e9, la longueur, la pertinence des informations, la fa\u00e7on de formuler, le formatage, la mise en page et le format et le CV invite-t-il \u00e0 un entretien ? <\/p>\n<p><strong>2).<\/strong> <strong>R\u00e9\u00e9criture du CV <\/strong>(m\u00e9tamorphose)<\/p>\n<p>V\u00e9rification, r\u00e9\u00e9criture et optimisation de votre CV.<\/p>\n<p><strong>3).<\/strong> <strong>R\u00e9\u00e9criture d&rsquo;une lettre de candidature<\/strong><\/p>\n<p>V\u00e9rifier, r\u00e9\u00e9crire et optimiser votre lettre de motivation.<\/p>\n<p><strong>4).<\/strong> <strong>Coaching professionnel<img decoding=\"async\" class=\"alignright size-thumbnail wp-image-1310\" src=\"http:\/\/sollicitatieinfo.nl\/wp-content\/uploads\/2014\/12\/reddingsboei-150x150.png\" sizes=\"(max-width: 150px) 100vw, 150px\" srcset=\"http:\/\/sollicitatieinfo.nl\/wp-content\/uploads\/2014\/12\/reddingsboei-150x150.png 150w, http:\/\/sollicitatieinfo.nl\/wp-content\/uploads\/2014\/12\/reddingsboei-90x90.png 90w, http:\/\/sollicitatieinfo.nl\/wp-content\/uploads\/2014\/12\/reddingsboei-100x100.png 100w, http:\/\/sollicitatieinfo.nl\/wp-content\/uploads\/2014\/12\/reddingsboei-125x125.png 125w, http:\/\/sollicitatieinfo.nl\/wp-content\/uploads\/2014\/12\/reddingsboei.png 256w\" alt=\"bou\u00e9e de sauvetage\"><\/strong><\/p>\n<p>Votre job coach personnel offre des solutions \u00e0 toutes les questions relatives \u00e0 la carri\u00e8re :<\/p>\n<p>&#8211; Choix de carri\u00e8re &#8211; D\u00e9veloppement personnel &#8211; Questions d&rsquo;entretien d&#8217;embauche &#8211; Pr\u00e9paration \u00e0 un entretien d&#8217;embauche important (conseils, entra\u00eenement, jeux de r\u00f4le, etc.) &#8211; Ou autres d\u00e9fis professionnels ou personnels dans votre carri\u00e8re.<\/p>\n<p>Un coach personnel exp\u00e9riment\u00e9 vous aidera dans vos d\u00e9marches.<\/p>\n<p><strong>Quels r\u00e9sultats dois-je attendre d&rsquo;un coach ?<\/strong><\/p>\n<p>&#8211; Un coach vous aide \u00e0 faire des choix clairs &#8211; Un coach vous aide \u00e0 formuler des objectifs concrets &#8211; Un coach vous apporte l&rsquo;inspiration n\u00e9cessaire pour atteindre vos objectifs &#8211; Un coach vous motive \u00e0 pers\u00e9v\u00e9rer et \u00e0 ne pas abandonner &#8211; Un coach est un confident (il vous \u00e9coute et n&rsquo;est l\u00e0 que pour vous) &#8211; Un coach est un miroir et vous confronte aux limites de votre comportement que vous ne voyez pas vous-m\u00eame &#8211; Un coach vous aide \u00e0 aller de l&rsquo;avant.<\/p>\n<p><strong><br \/><\/strong><br \/>T<strong>arifs coaching personnel<\/strong> Nous facturons un tarif de lancement pour la premi\u00e8re session. Le coaching se fait toujours par t\u00e9l\u00e9phone et\/ou par vid\u00e9oconf\u00e9rence (pour des raisons de temps de d\u00e9placement, de co\u00fbts et d&rsquo;efficacit\u00e9).<strong><\/strong> <\/p>\n<p><strong>Session d&rsquo;introduction (30 minutes) :  <\/strong><\/p>\n<p>Il s&rsquo;agit d&rsquo;une pr\u00e9sentation personnelle, d&rsquo;un test de conduite, d&rsquo;un examen de vos probl\u00e8mes et, pour vous, peut-\u00eatre d&rsquo;une premi\u00e8re introduction au coaching. Vous d\u00e9cidez s&rsquo;il y a suffisamment de d\u00e9clic pour un \u00e9ventuel suivi. <\/p>\n\t\t\t\t\t\t\t\t<\/div>\n\t\t\t\t<\/div>\n\t\t\t\t\t<\/div>\n\t\t\t\t<\/div>\n\t\t\t\t<\/div>\n\t\t","protected":false},"excerpt":{"rendered":"<p>Re-Interstate Cinq \u00e9tapes vers un nouveau travail Nous aimons la structure, la vue d&rsquo;ensemble et la clart\u00e9, et nos coach\u00e9s le demandent \u00e9galement.L&rsquo;exp\u00e9rience de la recherche d&rsquo;un nouveau travail est parfois tr\u00e8s longue et g\u00e9n\u00e8re beaucoup de questions et d&rsquo;incertitudes. Gr\u00e2ce \u00e0 ces 5 \u00e9tapes, prenez votre recherche d&#8217;emploi en main et structurez votre recherche [&hellip;]<\/p>\n","protected":false},"author":3,"featured_media":0,"parent":8253,"menu_order":0,"comment_status":"closed","ping_status":"closed","template":"aw-content-template.php","meta":{"_yoast_wpseo_focuskw":"","_yoast_wpseo_metadesc":"","rank_math_focus_keyword":"","rank_math_description":"","footnotes":""},"class_list":["post-8104","page","type-page","status-publish","hentry"],"yoast_head":"<!-- This site is optimized with the Yoast SEO plugin v27.2 - https:\/\/yoast.com\/product\/yoast-seo-wordpress\/ -->\n<title>Changement de carri\u00e8re - Solutions de r\u00e9int\u00e9gration - Orientation professionnelle - Placement - Entre deux emplois - Bogaers Taleninstituut Tilburg<\/title>\n<meta name=\"robots\" content=\"index, follow, max-snippet:-1, max-image-preview:large, max-video-preview:-1\" \/>\n<link rel=\"canonical\" href=\"https:\/\/www.bogaerstalen.nl\/fr\/lecons-et-cours\/changement-de-carriere-solutions-de-reintegration-orientation-professionnelle-placement-entre-deux-emplois\/\" \/>\n<meta property=\"og:locale\" content=\"fr_FR\" \/>\n<meta property=\"og:type\" content=\"article\" \/>\n<meta property=\"og:title\" content=\"Changement de carri\u00e8re - Solutions de r\u00e9int\u00e9gration - Orientation professionnelle - Placement - Entre deux emplois - Bogaers Taleninstituut Tilburg\" \/>\n<meta property=\"og:description\" content=\"Re-Interstate Cinq \u00e9tapes vers un nouveau travail Nous aimons la structure, la vue d&rsquo;ensemble et la clart\u00e9, et nos coach\u00e9s le demandent \u00e9galement.L&rsquo;exp\u00e9rience de la recherche d&rsquo;un nouveau travail est parfois tr\u00e8s longue et g\u00e9n\u00e8re beaucoup de questions et d&rsquo;incertitudes. Gr\u00e2ce \u00e0 ces 5 \u00e9tapes, prenez votre recherche d&#8217;emploi en main et structurez votre recherche [&hellip;]\" \/>\n<meta property=\"og:url\" content=\"https:\/\/www.bogaerstalen.nl\/fr\/lecons-et-cours\/changement-de-carriere-solutions-de-reintegration-orientation-professionnelle-placement-entre-deux-emplois\/\" \/>\n<meta property=\"og:site_name\" content=\"Bogaers Taleninstituut Tilburg\" \/>\n<meta property=\"article:publisher\" content=\"https:\/\/www.facebook.com\/taleninstituut\/\" \/>\n<meta property=\"article:modified_time\" content=\"2024-11-14T12:29:12+00:00\" \/>\n<meta name=\"twitter:label1\" content=\"Dur\u00e9e de lecture estim\u00e9e\" \/>\n\t<meta name=\"twitter:data1\" content=\"7 minutes\" \/>\n<script type=\"application\/ld+json\" class=\"yoast-schema-graph\">{\"@context\":\"https:\/\/schema.org\",\"@graph\":[{\"@type\":\"WebPage\",\"@id\":\"https:\/\/www.bogaerstalen.nl\/fr\/lecons-et-cours\/changement-de-carriere-solutions-de-reintegration-orientation-professionnelle-placement-entre-deux-emplois\/\",\"url\":\"https:\/\/www.bogaerstalen.nl\/fr\/lecons-et-cours\/changement-de-carriere-solutions-de-reintegration-orientation-professionnelle-placement-entre-deux-emplois\/\",\"name\":\"Changement de carri\u00e8re - Solutions de r\u00e9int\u00e9gration - Orientation professionnelle - Placement - Entre deux emplois - Bogaers Taleninstituut Tilburg\",\"isPartOf\":{\"@id\":\"https:\/\/www.bogaerstalen.nl\/fr\/#website\"},\"primaryImageOfPage\":{\"@id\":\"https:\/\/www.bogaerstalen.nl\/fr\/lecons-et-cours\/changement-de-carriere-solutions-de-reintegration-orientation-professionnelle-placement-entre-deux-emplois\/#primaryimage\"},\"image\":{\"@id\":\"https:\/\/www.bogaerstalen.nl\/fr\/lecons-et-cours\/changement-de-carriere-solutions-de-reintegration-orientation-professionnelle-placement-entre-deux-emplois\/#primaryimage\"},\"thumbnailUrl\":\"http:\/\/sollicitatieinfo.nl\/wp-content\/uploads\/2014\/12\/reddingsboei-150x150.png\",\"datePublished\":\"2024-11-14T12:27:55+00:00\",\"dateModified\":\"2024-11-14T12:29:12+00:00\",\"breadcrumb\":{\"@id\":\"https:\/\/www.bogaerstalen.nl\/fr\/lecons-et-cours\/changement-de-carriere-solutions-de-reintegration-orientation-professionnelle-placement-entre-deux-emplois\/#breadcrumb\"},\"inLanguage\":\"fr-FR\",\"potentialAction\":[{\"@type\":\"ReadAction\",\"target\":[\"https:\/\/www.bogaerstalen.nl\/fr\/lecons-et-cours\/changement-de-carriere-solutions-de-reintegration-orientation-professionnelle-placement-entre-deux-emplois\/\"]}]},{\"@type\":\"ImageObject\",\"inLanguage\":\"fr-FR\",\"@id\":\"https:\/\/www.bogaerstalen.nl\/fr\/lecons-et-cours\/changement-de-carriere-solutions-de-reintegration-orientation-professionnelle-placement-entre-deux-emplois\/#primaryimage\",\"url\":\"http:\/\/sollicitatieinfo.nl\/wp-content\/uploads\/2014\/12\/reddingsboei-150x150.png\",\"contentUrl\":\"http:\/\/sollicitatieinfo.nl\/wp-content\/uploads\/2014\/12\/reddingsboei-150x150.png\"},{\"@type\":\"BreadcrumbList\",\"@id\":\"https:\/\/www.bogaerstalen.nl\/fr\/lecons-et-cours\/changement-de-carriere-solutions-de-reintegration-orientation-professionnelle-placement-entre-deux-emplois\/#breadcrumb\",\"itemListElement\":[{\"@type\":\"ListItem\",\"position\":1,\"name\":\"Home\",\"item\":\"https:\/\/www.bogaerstalen.nl\/fr\/accueil\/\"},{\"@type\":\"ListItem\",\"position\":2,\"name\":\"Le\u00e7ons et cours\",\"item\":\"https:\/\/www.bogaerstalen.nl\/fr\/lecons-et-cours\/\"},{\"@type\":\"ListItem\",\"position\":3,\"name\":\"Changement de carri\u00e8re &#8211; Solutions de r\u00e9int\u00e9gration &#8211; Orientation professionnelle &#8211; Placement &#8211; Entre deux emplois\"}]},{\"@type\":\"WebSite\",\"@id\":\"https:\/\/www.bogaerstalen.nl\/fr\/#website\",\"url\":\"https:\/\/www.bogaerstalen.nl\/fr\/\",\"name\":\"Bogaers Taleninstituut Tilburg\",\"description\":\"Sta sterk met taal!\",\"potentialAction\":[{\"@type\":\"SearchAction\",\"target\":{\"@type\":\"EntryPoint\",\"urlTemplate\":\"https:\/\/www.bogaerstalen.nl\/fr\/?s={search_term_string}\"},\"query-input\":{\"@type\":\"PropertyValueSpecification\",\"valueRequired\":true,\"valueName\":\"search_term_string\"}}],\"inLanguage\":\"fr-FR\"}]}<\/script>\n<!-- \/ Yoast SEO plugin. -->","yoast_head_json":{"title":"Changement de carri\u00e8re - Solutions de r\u00e9int\u00e9gration - Orientation professionnelle - Placement - Entre deux emplois - Bogaers Taleninstituut Tilburg","robots":{"index":"index","follow":"follow","max-snippet":"max-snippet:-1","max-image-preview":"max-image-preview:large","max-video-preview":"max-video-preview:-1"},"canonical":"https:\/\/www.bogaerstalen.nl\/fr\/lecons-et-cours\/changement-de-carriere-solutions-de-reintegration-orientation-professionnelle-placement-entre-deux-emplois\/","og_locale":"fr_FR","og_type":"article","og_title":"Changement de carri\u00e8re - Solutions de r\u00e9int\u00e9gration - Orientation professionnelle - Placement - Entre deux emplois - Bogaers Taleninstituut Tilburg","og_description":"Re-Interstate Cinq \u00e9tapes vers un nouveau travail Nous aimons la structure, la vue d&rsquo;ensemble et la clart\u00e9, et nos coach\u00e9s le demandent \u00e9galement.L&rsquo;exp\u00e9rience de la recherche d&rsquo;un nouveau travail est parfois tr\u00e8s longue et g\u00e9n\u00e8re beaucoup de questions et d&rsquo;incertitudes. Gr\u00e2ce \u00e0 ces 5 \u00e9tapes, prenez votre recherche d&#8217;emploi en main et structurez votre recherche [&hellip;]","og_url":"https:\/\/www.bogaerstalen.nl\/fr\/lecons-et-cours\/changement-de-carriere-solutions-de-reintegration-orientation-professionnelle-placement-entre-deux-emplois\/","og_site_name":"Bogaers Taleninstituut Tilburg","article_publisher":"https:\/\/www.facebook.com\/taleninstituut\/","article_modified_time":"2024-11-14T12:29:12+00:00","twitter_misc":{"Dur\u00e9e de lecture estim\u00e9e":"7 minutes"},"schema":{"@context":"https:\/\/schema.org","@graph":[{"@type":"WebPage","@id":"https:\/\/www.bogaerstalen.nl\/fr\/lecons-et-cours\/changement-de-carriere-solutions-de-reintegration-orientation-professionnelle-placement-entre-deux-emplois\/","url":"https:\/\/www.bogaerstalen.nl\/fr\/lecons-et-cours\/changement-de-carriere-solutions-de-reintegration-orientation-professionnelle-placement-entre-deux-emplois\/","name":"Changement de carri\u00e8re - Solutions de r\u00e9int\u00e9gration - Orientation professionnelle - Placement - Entre deux emplois - Bogaers Taleninstituut Tilburg","isPartOf":{"@id":"https:\/\/www.bogaerstalen.nl\/fr\/#website"},"primaryImageOfPage":{"@id":"https:\/\/www.bogaerstalen.nl\/fr\/lecons-et-cours\/changement-de-carriere-solutions-de-reintegration-orientation-professionnelle-placement-entre-deux-emplois\/#primaryimage"},"image":{"@id":"https:\/\/www.bogaerstalen.nl\/fr\/lecons-et-cours\/changement-de-carriere-solutions-de-reintegration-orientation-professionnelle-placement-entre-deux-emplois\/#primaryimage"},"thumbnailUrl":"http:\/\/sollicitatieinfo.nl\/wp-content\/uploads\/2014\/12\/reddingsboei-150x150.png","datePublished":"2024-11-14T12:27:55+00:00","dateModified":"2024-11-14T12:29:12+00:00","breadcrumb":{"@id":"https:\/\/www.bogaerstalen.nl\/fr\/lecons-et-cours\/changement-de-carriere-solutions-de-reintegration-orientation-professionnelle-placement-entre-deux-emplois\/#breadcrumb"},"inLanguage":"fr-FR","potentialAction":[{"@type":"ReadAction","target":["https:\/\/www.bogaerstalen.nl\/fr\/lecons-et-cours\/changement-de-carriere-solutions-de-reintegration-orientation-professionnelle-placement-entre-deux-emplois\/"]}]},{"@type":"ImageObject","inLanguage":"fr-FR","@id":"https:\/\/www.bogaerstalen.nl\/fr\/lecons-et-cours\/changement-de-carriere-solutions-de-reintegration-orientation-professionnelle-placement-entre-deux-emplois\/#primaryimage","url":"http:\/\/sollicitatieinfo.nl\/wp-content\/uploads\/2014\/12\/reddingsboei-150x150.png","contentUrl":"http:\/\/sollicitatieinfo.nl\/wp-content\/uploads\/2014\/12\/reddingsboei-150x150.png"},{"@type":"BreadcrumbList","@id":"https:\/\/www.bogaerstalen.nl\/fr\/lecons-et-cours\/changement-de-carriere-solutions-de-reintegration-orientation-professionnelle-placement-entre-deux-emplois\/#breadcrumb","itemListElement":[{"@type":"ListItem","position":1,"name":"Home","item":"https:\/\/www.bogaerstalen.nl\/fr\/accueil\/"},{"@type":"ListItem","position":2,"name":"Le\u00e7ons et cours","item":"https:\/\/www.bogaerstalen.nl\/fr\/lecons-et-cours\/"},{"@type":"ListItem","position":3,"name":"Changement de carri\u00e8re &#8211; Solutions de r\u00e9int\u00e9gration &#8211; Orientation professionnelle &#8211; Placement &#8211; Entre deux emplois"}]},{"@type":"WebSite","@id":"https:\/\/www.bogaerstalen.nl\/fr\/#website","url":"https:\/\/www.bogaerstalen.nl\/fr\/","name":"Bogaers Taleninstituut Tilburg","description":"Sta sterk met taal!","potentialAction":[{"@type":"SearchAction","target":{"@type":"EntryPoint","urlTemplate":"https:\/\/www.bogaerstalen.nl\/fr\/?s={search_term_string}"},"query-input":{"@type":"PropertyValueSpecification","valueRequired":true,"valueName":"search_term_string"}}],"inLanguage":"fr-FR"}]}},"_links":{"self":[{"href":"https:\/\/www.bogaerstalen.nl\/fr\/wp-json\/wp\/v2\/pages\/8104","targetHints":{"allow":["GET"]}}],"collection":[{"href":"https:\/\/www.bogaerstalen.nl\/fr\/wp-json\/wp\/v2\/pages"}],"about":[{"href":"https:\/\/www.bogaerstalen.nl\/fr\/wp-json\/wp\/v2\/types\/page"}],"author":[{"embeddable":true,"href":"https:\/\/www.bogaerstalen.nl\/fr\/wp-json\/wp\/v2\/users\/3"}],"replies":[{"embeddable":true,"href":"https:\/\/www.bogaerstalen.nl\/fr\/wp-json\/wp\/v2\/comments?post=8104"}],"version-history":[{"count":9,"href":"https:\/\/www.bogaerstalen.nl\/fr\/wp-json\/wp\/v2\/pages\/8104\/revisions"}],"predecessor-version":[{"id":8129,"href":"https:\/\/www.bogaerstalen.nl\/fr\/wp-json\/wp\/v2\/pages\/8104\/revisions\/8129"}],"up":[{"embeddable":true,"href":"https:\/\/www.bogaerstalen.nl\/fr\/wp-json\/wp\/v2\/pages\/8253"}],"wp:attachment":[{"href":"https:\/\/www.bogaerstalen.nl\/fr\/wp-json\/wp\/v2\/media?parent=8104"}],"curies":[{"name":"wp","href":"https:\/\/api.w.org\/{rel}","templated":true}]}}