{"id":8111,"date":"2024-11-14T13:27:58","date_gmt":"2024-11-14T12:27:58","guid":{"rendered":"https:\/\/www.bogaerstalen.nl\/integration-pour-les-personnes-qui-paient-elles-memes-bogaers-propose-tous-les-niveaux-et-tous-les-itineraires\/"},"modified":"2024-11-14T13:29:13","modified_gmt":"2024-11-14T12:29:13","slug":"integration-pour-les-personnes-qui-paient-elles-memes-bogaers-propose-tous-les-niveaux-et-tous-les-itineraires","status":"publish","type":"page","link":"https:\/\/www.bogaerstalen.nl\/fr\/lecons-et-cours\/integration-pour-les-personnes-qui-paient-elles-memes-bogaers-propose-tous-les-niveaux-et-tous-les-itineraires\/","title":{"rendered":"Int\u00e9gration pour les personnes qui paient elles-m\u00eames &#8211; Bogaers propose tous les niveaux et tous les itin\u00e9raires."},"content":{"rendered":"<h3><strong>Int\u00e9gration : comment faire ?<\/strong><\/h3>\n<p>Pour devenir citoyen, vous devez apprendre le n\u00e9erlandais. Et vous devez apprendre comment les N\u00e9erlandais vivent et travaillent. C&rsquo;est ce que pr\u00e9voit la loi sur l&rsquo;int\u00e9gration civique.<br \/>\nSi vous avez suffisamment appris, vous passerez l&rsquo;examen d&rsquo;int\u00e9gration civique. Ce site Web s&rsquo;adresse \u00e0 vous si vous avez \u00e9t\u00e9 soumis \u00e0 l&rsquo;obligation d&rsquo;int\u00e9gration apr\u00e8s le 1er janvier 2013. Ou si vous souhaitez vous faire naturaliser.    <\/p>\n<div class=\"paragraph\">\n<h3>Pour les participants obligatoires et volontaires, mais seulement pour les personnes qui paient elles-m\u00eames.<\/h3>\n<p>&nbsp;<\/p>\n<\/div>\n<div class=\"paragraph\">\n<h2>Contenu du cours<\/h2>\n<p>Les participants \u00e0 un cours d&rsquo;int\u00e9gration suivent un certain nombre de modules d&rsquo;apprentissage pour atteindre le niveau A2 du <a title=\"Cadre de r\u00e9f\u00e9rence europ\u00e9en\" href=\"http:\/\/www.pacetaleninstituut.nl\/uploads\/File\/Europees%20Referentiekader.PDF\" target=\"_blank\" rel=\"noopener noreferrer\">Cadre europ\u00e9en de r\u00e9f\u00e9rence.<\/a> C&rsquo;est le niveau requis pour l&rsquo;examen. Le nombre de modules d\u00e9pend du niveau de d\u00e9part du participant. Un d\u00e9butant absolu (A1 moins) a g\u00e9n\u00e9ralement besoin de 600 le\u00e7ons pour atteindre le niveau A2. Lors de l&rsquo;admission, nous donnons \u00e0 l&rsquo;\u00e9tudiant un avis r\u00e9aliste sur la dur\u00e9e du cours \u00e0 suivre.    <\/p>\n<\/div>\n<div class=\"paragraph\">\n<p>&nbsp;<\/p>\n<h2>Examen d&rsquo;int\u00e9gration<\/h2>\n<p>Les questions de l&rsquo;Inburgeringsexamen portent sur les coutumes et les r\u00e8gles n\u00e9erlandaises. Lors de l&rsquo;examen, vous devez \u00e9galement montrer que vous connaissez suffisamment bien la langue n\u00e9erlandaise. Voici les \u00e9l\u00e9ments de l&rsquo;examen :  <\/p>\n<ul>\n<li><strong>\u00c9criture<\/strong> (35 min) : A l&rsquo;aide d&rsquo;un stylo et de papier, \u00e9crivez de courtes lettres et remplissez un formulaire.<\/li>\n<li><strong>Expression orale<\/strong> (35 min) : Sur l&rsquo;ordinateur, regardez les vid\u00e9os et r\u00e9pondez aux questions.<\/li>\n<li><strong>Compr\u00e9hension orale<\/strong> (45 min) : Sur l&rsquo;ordinateur, vous devrez r\u00e9pondre \u00e0 des questions sur les vid\u00e9os et \u00e9couter les textes.<\/li>\n<li><strong>Lecture<\/strong> (50 min) : Sur l&rsquo;ordinateur, lisez des textes courts et r\u00e9pondez aux questions.<\/li>\n<li><strong>Connaissance de la soci\u00e9t\u00e9 n\u00e9erlandaise<\/strong> (45 min.) : Sur l&rsquo;ordinateur, vous regardez de courts films sur des situations n\u00e9erlandaises, par exemple le shopping. Vous r\u00e9pondez \u00e0 des questions. <\/li>\n<li><strong>Orientation sur le march\u00e9 du travail n\u00e9erlandais<\/strong> (40 min) : Cette partie de l&rsquo;examen est obligatoire pour les migrants qui ont \u00e9t\u00e9 oblig\u00e9s de s&rsquo;int\u00e9grer apr\u00e8s le 1er janvier 2015. Elle porte sur le travail et la recherche d&#8217;emploi. Vous faites des devoirs \u00e0 la maison et \u00e0 l&rsquo;\u00e9cole et vous envoyez les r\u00e9sultats \u00e0 DUO. Pour ce faire, vous utilisez des<em> cartes de r\u00e9sultats<\/em>. Ensuite, vous avez une conversation \u00e0 ce sujet au DUO. Une question concerne l&rsquo;\u00e9valuation des dipl\u00f4mes : quelle est la valeur de votre dipl\u00f4me ou de votre cours aux Pays-Bas ? Vous pouvez demander gratuitement l&rsquo;\u00e9valuation de votre dipl\u00f4me \u00e0 <a title=\"IDW\" href=\"http:\/\/www.idw.nl\/diplomawaardering-aanvragen.html\" target=\"_blank\" rel=\"noopener noreferrer\">IDW<\/a>.      <\/li>\n<\/ul>\n<\/div>\n<p><a href=\"https:\/\/www.inburgeren.nl\/inburgeren-betalen.jsp\">cliquez ici pour une explication de l&rsquo;int\u00e9gration civique<\/a><\/p>\n<p>&nbsp;<\/p>\n","protected":false},"excerpt":{"rendered":"<p>Int\u00e9gration : comment faire ? Pour devenir citoyen, vous devez apprendre le n\u00e9erlandais. Et vous devez apprendre comment les N\u00e9erlandais vivent et travaillent. C&rsquo;est ce que pr\u00e9voit la loi sur l&rsquo;int\u00e9gration civique. Si vous avez suffisamment appris, vous passerez l&rsquo;examen d&rsquo;int\u00e9gration civique. Ce site Web s&rsquo;adresse \u00e0 vous si vous avez \u00e9t\u00e9 soumis \u00e0 l&rsquo;obligation [&hellip;]<\/p>\n","protected":false},"author":3,"featured_media":0,"parent":8253,"menu_order":0,"comment_status":"closed","ping_status":"closed","template":"aw-content-template.php","meta":{"_yoast_wpseo_focuskw":"","_yoast_wpseo_metadesc":"","rank_math_focus_keyword":"","rank_math_description":"","footnotes":""},"class_list":["post-8111","page","type-page","status-publish","hentry"],"yoast_head":"<!-- This site is optimized with the Yoast SEO plugin v27.5 - https:\/\/yoast.com\/product\/yoast-seo-wordpress\/ -->\n<title>Int\u00e9gration pour les personnes qui paient elles-m\u00eames - Bogaers propose tous les niveaux et tous les itin\u00e9raires. - Bogaers Taleninstituut Tilburg<\/title>\n<meta name=\"robots\" content=\"index, follow, max-snippet:-1, max-image-preview:large, max-video-preview:-1\" \/>\n<link rel=\"canonical\" href=\"https:\/\/www.bogaerstalen.nl\/fr\/lecons-et-cours\/integration-pour-les-personnes-qui-paient-elles-memes-bogaers-propose-tous-les-niveaux-et-tous-les-itineraires\/\" \/>\n<meta property=\"og:locale\" content=\"fr_FR\" \/>\n<meta property=\"og:type\" content=\"article\" \/>\n<meta property=\"og:title\" content=\"Int\u00e9gration pour les personnes qui paient elles-m\u00eames - Bogaers propose tous les niveaux et tous les itin\u00e9raires. - Bogaers Taleninstituut Tilburg\" \/>\n<meta property=\"og:description\" content=\"Int\u00e9gration : comment faire ? Pour devenir citoyen, vous devez apprendre le n\u00e9erlandais. Et vous devez apprendre comment les N\u00e9erlandais vivent et travaillent. C&rsquo;est ce que pr\u00e9voit la loi sur l&rsquo;int\u00e9gration civique. Si vous avez suffisamment appris, vous passerez l&rsquo;examen d&rsquo;int\u00e9gration civique. Ce site Web s&rsquo;adresse \u00e0 vous si vous avez \u00e9t\u00e9 soumis \u00e0 l&rsquo;obligation [&hellip;]\" \/>\n<meta property=\"og:url\" content=\"https:\/\/www.bogaerstalen.nl\/fr\/lecons-et-cours\/integration-pour-les-personnes-qui-paient-elles-memes-bogaers-propose-tous-les-niveaux-et-tous-les-itineraires\/\" \/>\n<meta property=\"og:site_name\" content=\"Bogaers Taleninstituut Tilburg\" \/>\n<meta property=\"article:publisher\" content=\"https:\/\/www.facebook.com\/taleninstituut\/\" \/>\n<meta property=\"article:modified_time\" content=\"2024-11-14T12:29:13+00:00\" \/>\n<meta name=\"twitter:label1\" content=\"Dur\u00e9e de lecture estim\u00e9e\" \/>\n\t<meta name=\"twitter:data1\" content=\"2 minutes\" \/>\n<script type=\"application\/ld+json\" class=\"yoast-schema-graph\">{\"@context\":\"https:\\\/\\\/schema.org\",\"@graph\":[{\"@type\":\"WebPage\",\"@id\":\"https:\\\/\\\/www.bogaerstalen.nl\\\/fr\\\/lecons-et-cours\\\/integration-pour-les-personnes-qui-paient-elles-memes-bogaers-propose-tous-les-niveaux-et-tous-les-itineraires\\\/\",\"url\":\"https:\\\/\\\/www.bogaerstalen.nl\\\/fr\\\/lecons-et-cours\\\/integration-pour-les-personnes-qui-paient-elles-memes-bogaers-propose-tous-les-niveaux-et-tous-les-itineraires\\\/\",\"name\":\"Int\u00e9gration pour les personnes qui paient elles-m\u00eames - Bogaers propose tous les niveaux et tous les itin\u00e9raires. - Bogaers Taleninstituut Tilburg\",\"isPartOf\":{\"@id\":\"https:\\\/\\\/www.bogaerstalen.nl\\\/fr\\\/#website\"},\"datePublished\":\"2024-11-14T12:27:58+00:00\",\"dateModified\":\"2024-11-14T12:29:13+00:00\",\"breadcrumb\":{\"@id\":\"https:\\\/\\\/www.bogaerstalen.nl\\\/fr\\\/lecons-et-cours\\\/integration-pour-les-personnes-qui-paient-elles-memes-bogaers-propose-tous-les-niveaux-et-tous-les-itineraires\\\/#breadcrumb\"},\"inLanguage\":\"fr-FR\",\"potentialAction\":[{\"@type\":\"ReadAction\",\"target\":[\"https:\\\/\\\/www.bogaerstalen.nl\\\/fr\\\/lecons-et-cours\\\/integration-pour-les-personnes-qui-paient-elles-memes-bogaers-propose-tous-les-niveaux-et-tous-les-itineraires\\\/\"]}]},{\"@type\":\"BreadcrumbList\",\"@id\":\"https:\\\/\\\/www.bogaerstalen.nl\\\/fr\\\/lecons-et-cours\\\/integration-pour-les-personnes-qui-paient-elles-memes-bogaers-propose-tous-les-niveaux-et-tous-les-itineraires\\\/#breadcrumb\",\"itemListElement\":[{\"@type\":\"ListItem\",\"position\":1,\"name\":\"Home\",\"item\":\"https:\\\/\\\/www.bogaerstalen.nl\\\/fr\\\/accueil\\\/\"},{\"@type\":\"ListItem\",\"position\":2,\"name\":\"Le\u00e7ons et cours\",\"item\":\"https:\\\/\\\/www.bogaerstalen.nl\\\/fr\\\/lecons-et-cours\\\/\"},{\"@type\":\"ListItem\",\"position\":3,\"name\":\"Int\u00e9gration pour les personnes qui paient elles-m\u00eames &#8211; Bogaers propose tous les niveaux et tous les itin\u00e9raires.\"}]},{\"@type\":\"WebSite\",\"@id\":\"https:\\\/\\\/www.bogaerstalen.nl\\\/fr\\\/#website\",\"url\":\"https:\\\/\\\/www.bogaerstalen.nl\\\/fr\\\/\",\"name\":\"Bogaers Taleninstituut Tilburg\",\"description\":\"Sta sterk met taal!\",\"potentialAction\":[{\"@type\":\"SearchAction\",\"target\":{\"@type\":\"EntryPoint\",\"urlTemplate\":\"https:\\\/\\\/www.bogaerstalen.nl\\\/fr\\\/?s={search_term_string}\"},\"query-input\":{\"@type\":\"PropertyValueSpecification\",\"valueRequired\":true,\"valueName\":\"search_term_string\"}}],\"inLanguage\":\"fr-FR\"}]}<\/script>\n<!-- \/ Yoast SEO plugin. -->","yoast_head_json":{"title":"Int\u00e9gration pour les personnes qui paient elles-m\u00eames - Bogaers propose tous les niveaux et tous les itin\u00e9raires. - Bogaers Taleninstituut Tilburg","robots":{"index":"index","follow":"follow","max-snippet":"max-snippet:-1","max-image-preview":"max-image-preview:large","max-video-preview":"max-video-preview:-1"},"canonical":"https:\/\/www.bogaerstalen.nl\/fr\/lecons-et-cours\/integration-pour-les-personnes-qui-paient-elles-memes-bogaers-propose-tous-les-niveaux-et-tous-les-itineraires\/","og_locale":"fr_FR","og_type":"article","og_title":"Int\u00e9gration pour les personnes qui paient elles-m\u00eames - Bogaers propose tous les niveaux et tous les itin\u00e9raires. - Bogaers Taleninstituut Tilburg","og_description":"Int\u00e9gration : comment faire ? Pour devenir citoyen, vous devez apprendre le n\u00e9erlandais. Et vous devez apprendre comment les N\u00e9erlandais vivent et travaillent. C&rsquo;est ce que pr\u00e9voit la loi sur l&rsquo;int\u00e9gration civique. Si vous avez suffisamment appris, vous passerez l&rsquo;examen d&rsquo;int\u00e9gration civique. Ce site Web s&rsquo;adresse \u00e0 vous si vous avez \u00e9t\u00e9 soumis \u00e0 l&rsquo;obligation [&hellip;]","og_url":"https:\/\/www.bogaerstalen.nl\/fr\/lecons-et-cours\/integration-pour-les-personnes-qui-paient-elles-memes-bogaers-propose-tous-les-niveaux-et-tous-les-itineraires\/","og_site_name":"Bogaers Taleninstituut Tilburg","article_publisher":"https:\/\/www.facebook.com\/taleninstituut\/","article_modified_time":"2024-11-14T12:29:13+00:00","twitter_misc":{"Dur\u00e9e de lecture estim\u00e9e":"2 minutes"},"schema":{"@context":"https:\/\/schema.org","@graph":[{"@type":"WebPage","@id":"https:\/\/www.bogaerstalen.nl\/fr\/lecons-et-cours\/integration-pour-les-personnes-qui-paient-elles-memes-bogaers-propose-tous-les-niveaux-et-tous-les-itineraires\/","url":"https:\/\/www.bogaerstalen.nl\/fr\/lecons-et-cours\/integration-pour-les-personnes-qui-paient-elles-memes-bogaers-propose-tous-les-niveaux-et-tous-les-itineraires\/","name":"Int\u00e9gration pour les personnes qui paient elles-m\u00eames - Bogaers propose tous les niveaux et tous les itin\u00e9raires. - Bogaers Taleninstituut Tilburg","isPartOf":{"@id":"https:\/\/www.bogaerstalen.nl\/fr\/#website"},"datePublished":"2024-11-14T12:27:58+00:00","dateModified":"2024-11-14T12:29:13+00:00","breadcrumb":{"@id":"https:\/\/www.bogaerstalen.nl\/fr\/lecons-et-cours\/integration-pour-les-personnes-qui-paient-elles-memes-bogaers-propose-tous-les-niveaux-et-tous-les-itineraires\/#breadcrumb"},"inLanguage":"fr-FR","potentialAction":[{"@type":"ReadAction","target":["https:\/\/www.bogaerstalen.nl\/fr\/lecons-et-cours\/integration-pour-les-personnes-qui-paient-elles-memes-bogaers-propose-tous-les-niveaux-et-tous-les-itineraires\/"]}]},{"@type":"BreadcrumbList","@id":"https:\/\/www.bogaerstalen.nl\/fr\/lecons-et-cours\/integration-pour-les-personnes-qui-paient-elles-memes-bogaers-propose-tous-les-niveaux-et-tous-les-itineraires\/#breadcrumb","itemListElement":[{"@type":"ListItem","position":1,"name":"Home","item":"https:\/\/www.bogaerstalen.nl\/fr\/accueil\/"},{"@type":"ListItem","position":2,"name":"Le\u00e7ons et cours","item":"https:\/\/www.bogaerstalen.nl\/fr\/lecons-et-cours\/"},{"@type":"ListItem","position":3,"name":"Int\u00e9gration pour les personnes qui paient elles-m\u00eames &#8211; Bogaers propose tous les niveaux et tous les itin\u00e9raires."}]},{"@type":"WebSite","@id":"https:\/\/www.bogaerstalen.nl\/fr\/#website","url":"https:\/\/www.bogaerstalen.nl\/fr\/","name":"Bogaers Taleninstituut Tilburg","description":"Sta sterk met taal!","potentialAction":[{"@type":"SearchAction","target":{"@type":"EntryPoint","urlTemplate":"https:\/\/www.bogaerstalen.nl\/fr\/?s={search_term_string}"},"query-input":{"@type":"PropertyValueSpecification","valueRequired":true,"valueName":"search_term_string"}}],"inLanguage":"fr-FR"}]}},"_links":{"self":[{"href":"https:\/\/www.bogaerstalen.nl\/fr\/wp-json\/wp\/v2\/pages\/8111","targetHints":{"allow":["GET"]}}],"collection":[{"href":"https:\/\/www.bogaerstalen.nl\/fr\/wp-json\/wp\/v2\/pages"}],"about":[{"href":"https:\/\/www.bogaerstalen.nl\/fr\/wp-json\/wp\/v2\/types\/page"}],"author":[{"embeddable":true,"href":"https:\/\/www.bogaerstalen.nl\/fr\/wp-json\/wp\/v2\/users\/3"}],"replies":[{"embeddable":true,"href":"https:\/\/www.bogaerstalen.nl\/fr\/wp-json\/wp\/v2\/comments?post=8111"}],"version-history":[{"count":1,"href":"https:\/\/www.bogaerstalen.nl\/fr\/wp-json\/wp\/v2\/pages\/8111\/revisions"}],"predecessor-version":[{"id":8261,"href":"https:\/\/www.bogaerstalen.nl\/fr\/wp-json\/wp\/v2\/pages\/8111\/revisions\/8261"}],"up":[{"embeddable":true,"href":"https:\/\/www.bogaerstalen.nl\/fr\/wp-json\/wp\/v2\/pages\/8253"}],"wp:attachment":[{"href":"https:\/\/www.bogaerstalen.nl\/fr\/wp-json\/wp\/v2\/media?parent=8111"}],"curies":[{"name":"wp","href":"https:\/\/api.w.org\/{rel}","templated":true}]}}