{"id":8114,"date":"2024-11-14T13:28:00","date_gmt":"2024-11-14T12:28:00","guid":{"rendered":"https:\/\/www.bogaerstalen.nl\/changement-de-carriere-solutions-de-reintegration-orientation-professionnelle-placement-entre-deux-emplois-2\/"},"modified":"2024-11-14T13:29:13","modified_gmt":"2024-11-14T12:29:13","slug":"changement-de-carriere-solutions-de-reintegration-orientation-professionnelle-placement-entre-deux-emplois-2","status":"publish","type":"page","link":"https:\/\/www.bogaerstalen.nl\/fr\/lecons-et-cours\/changement-de-carriere-solutions-de-reintegration-orientation-professionnelle-placement-entre-deux-emplois-2\/","title":{"rendered":"Changement de carri\u00e8re &#8211; Solutions de r\u00e9int\u00e9gration &#8211; Orientation professionnelle &#8211; Placement &#8211; Entre deux emplois"},"content":{"rendered":"<p>test<\/p>\n","protected":false},"excerpt":{"rendered":"<p>test<\/p>\n","protected":false},"author":3,"featured_media":0,"parent":8253,"menu_order":0,"comment_status":"closed","ping_status":"closed","template":"aw-content-template.php","meta":{"_yoast_wpseo_focuskw":"","_yoast_wpseo_metadesc":"","rank_math_focus_keyword":"","rank_math_description":"","footnotes":""},"class_list":["post-8114","page","type-page","status-publish","hentry"],"yoast_head":"<!-- This site is optimized with the Yoast SEO plugin v27.2 - https:\/\/yoast.com\/product\/yoast-seo-wordpress\/ -->\n<title>Changement de carri\u00e8re - Solutions de r\u00e9int\u00e9gration - Orientation professionnelle - Placement - Entre deux emplois - Bogaers Taleninstituut Tilburg<\/title>\n<meta name=\"robots\" content=\"index, follow, max-snippet:-1, max-image-preview:large, max-video-preview:-1\" \/>\n<link rel=\"canonical\" href=\"https:\/\/www.bogaerstalen.nl\/fr\/lecons-et-cours\/changement-de-carriere-solutions-de-reintegration-orientation-professionnelle-placement-entre-deux-emplois-2\/\" \/>\n<meta property=\"og:locale\" content=\"fr_FR\" \/>\n<meta property=\"og:type\" content=\"article\" \/>\n<meta property=\"og:title\" content=\"Changement de carri\u00e8re - Solutions de r\u00e9int\u00e9gration - Orientation professionnelle - Placement - Entre deux emplois - Bogaers Taleninstituut Tilburg\" \/>\n<meta property=\"og:description\" content=\"test\" \/>\n<meta property=\"og:url\" content=\"https:\/\/www.bogaerstalen.nl\/fr\/lecons-et-cours\/changement-de-carriere-solutions-de-reintegration-orientation-professionnelle-placement-entre-deux-emplois-2\/\" \/>\n<meta property=\"og:site_name\" content=\"Bogaers Taleninstituut Tilburg\" \/>\n<meta property=\"article:publisher\" content=\"https:\/\/www.facebook.com\/taleninstituut\/\" \/>\n<meta property=\"article:modified_time\" content=\"2024-11-14T12:29:13+00:00\" \/>\n<script type=\"application\/ld+json\" class=\"yoast-schema-graph\">{\"@context\":\"https:\/\/schema.org\",\"@graph\":[{\"@type\":\"WebPage\",\"@id\":\"https:\/\/www.bogaerstalen.nl\/fr\/lecons-et-cours\/changement-de-carriere-solutions-de-reintegration-orientation-professionnelle-placement-entre-deux-emplois-2\/\",\"url\":\"https:\/\/www.bogaerstalen.nl\/fr\/lecons-et-cours\/changement-de-carriere-solutions-de-reintegration-orientation-professionnelle-placement-entre-deux-emplois-2\/\",\"name\":\"Changement de carri\u00e8re - Solutions de r\u00e9int\u00e9gration - Orientation professionnelle - Placement - Entre deux emplois - Bogaers Taleninstituut Tilburg\",\"isPartOf\":{\"@id\":\"https:\/\/www.bogaerstalen.nl\/fr\/#website\"},\"datePublished\":\"2024-11-14T12:28:00+00:00\",\"dateModified\":\"2024-11-14T12:29:13+00:00\",\"breadcrumb\":{\"@id\":\"https:\/\/www.bogaerstalen.nl\/fr\/lecons-et-cours\/changement-de-carriere-solutions-de-reintegration-orientation-professionnelle-placement-entre-deux-emplois-2\/#breadcrumb\"},\"inLanguage\":\"fr-FR\",\"potentialAction\":[{\"@type\":\"ReadAction\",\"target\":[\"https:\/\/www.bogaerstalen.nl\/fr\/lecons-et-cours\/changement-de-carriere-solutions-de-reintegration-orientation-professionnelle-placement-entre-deux-emplois-2\/\"]}]},{\"@type\":\"BreadcrumbList\",\"@id\":\"https:\/\/www.bogaerstalen.nl\/fr\/lecons-et-cours\/changement-de-carriere-solutions-de-reintegration-orientation-professionnelle-placement-entre-deux-emplois-2\/#breadcrumb\",\"itemListElement\":[{\"@type\":\"ListItem\",\"position\":1,\"name\":\"Home\",\"item\":\"https:\/\/www.bogaerstalen.nl\/fr\/accueil\/\"},{\"@type\":\"ListItem\",\"position\":2,\"name\":\"Le\u00e7ons et cours\",\"item\":\"https:\/\/www.bogaerstalen.nl\/fr\/lecons-et-cours\/\"},{\"@type\":\"ListItem\",\"position\":3,\"name\":\"Changement de carri\u00e8re &#8211; Solutions de r\u00e9int\u00e9gration &#8211; Orientation professionnelle &#8211; Placement &#8211; Entre deux emplois\"}]},{\"@type\":\"WebSite\",\"@id\":\"https:\/\/www.bogaerstalen.nl\/fr\/#website\",\"url\":\"https:\/\/www.bogaerstalen.nl\/fr\/\",\"name\":\"Bogaers Taleninstituut Tilburg\",\"description\":\"Sta sterk met taal!\",\"potentialAction\":[{\"@type\":\"SearchAction\",\"target\":{\"@type\":\"EntryPoint\",\"urlTemplate\":\"https:\/\/www.bogaerstalen.nl\/fr\/?s={search_term_string}\"},\"query-input\":{\"@type\":\"PropertyValueSpecification\",\"valueRequired\":true,\"valueName\":\"search_term_string\"}}],\"inLanguage\":\"fr-FR\"}]}<\/script>\n<!-- \/ Yoast SEO plugin. -->","yoast_head_json":{"title":"Changement de carri\u00e8re - Solutions de r\u00e9int\u00e9gration - Orientation professionnelle - Placement - Entre deux emplois - Bogaers Taleninstituut Tilburg","robots":{"index":"index","follow":"follow","max-snippet":"max-snippet:-1","max-image-preview":"max-image-preview:large","max-video-preview":"max-video-preview:-1"},"canonical":"https:\/\/www.bogaerstalen.nl\/fr\/lecons-et-cours\/changement-de-carriere-solutions-de-reintegration-orientation-professionnelle-placement-entre-deux-emplois-2\/","og_locale":"fr_FR","og_type":"article","og_title":"Changement de carri\u00e8re - Solutions de r\u00e9int\u00e9gration - Orientation professionnelle - Placement - Entre deux emplois - Bogaers Taleninstituut Tilburg","og_description":"test","og_url":"https:\/\/www.bogaerstalen.nl\/fr\/lecons-et-cours\/changement-de-carriere-solutions-de-reintegration-orientation-professionnelle-placement-entre-deux-emplois-2\/","og_site_name":"Bogaers Taleninstituut Tilburg","article_publisher":"https:\/\/www.facebook.com\/taleninstituut\/","article_modified_time":"2024-11-14T12:29:13+00:00","schema":{"@context":"https:\/\/schema.org","@graph":[{"@type":"WebPage","@id":"https:\/\/www.bogaerstalen.nl\/fr\/lecons-et-cours\/changement-de-carriere-solutions-de-reintegration-orientation-professionnelle-placement-entre-deux-emplois-2\/","url":"https:\/\/www.bogaerstalen.nl\/fr\/lecons-et-cours\/changement-de-carriere-solutions-de-reintegration-orientation-professionnelle-placement-entre-deux-emplois-2\/","name":"Changement de carri\u00e8re - Solutions de r\u00e9int\u00e9gration - Orientation professionnelle - Placement - Entre deux emplois - Bogaers Taleninstituut Tilburg","isPartOf":{"@id":"https:\/\/www.bogaerstalen.nl\/fr\/#website"},"datePublished":"2024-11-14T12:28:00+00:00","dateModified":"2024-11-14T12:29:13+00:00","breadcrumb":{"@id":"https:\/\/www.bogaerstalen.nl\/fr\/lecons-et-cours\/changement-de-carriere-solutions-de-reintegration-orientation-professionnelle-placement-entre-deux-emplois-2\/#breadcrumb"},"inLanguage":"fr-FR","potentialAction":[{"@type":"ReadAction","target":["https:\/\/www.bogaerstalen.nl\/fr\/lecons-et-cours\/changement-de-carriere-solutions-de-reintegration-orientation-professionnelle-placement-entre-deux-emplois-2\/"]}]},{"@type":"BreadcrumbList","@id":"https:\/\/www.bogaerstalen.nl\/fr\/lecons-et-cours\/changement-de-carriere-solutions-de-reintegration-orientation-professionnelle-placement-entre-deux-emplois-2\/#breadcrumb","itemListElement":[{"@type":"ListItem","position":1,"name":"Home","item":"https:\/\/www.bogaerstalen.nl\/fr\/accueil\/"},{"@type":"ListItem","position":2,"name":"Le\u00e7ons et cours","item":"https:\/\/www.bogaerstalen.nl\/fr\/lecons-et-cours\/"},{"@type":"ListItem","position":3,"name":"Changement de carri\u00e8re &#8211; Solutions de r\u00e9int\u00e9gration &#8211; Orientation professionnelle &#8211; Placement &#8211; Entre deux emplois"}]},{"@type":"WebSite","@id":"https:\/\/www.bogaerstalen.nl\/fr\/#website","url":"https:\/\/www.bogaerstalen.nl\/fr\/","name":"Bogaers Taleninstituut Tilburg","description":"Sta sterk met taal!","potentialAction":[{"@type":"SearchAction","target":{"@type":"EntryPoint","urlTemplate":"https:\/\/www.bogaerstalen.nl\/fr\/?s={search_term_string}"},"query-input":{"@type":"PropertyValueSpecification","valueRequired":true,"valueName":"search_term_string"}}],"inLanguage":"fr-FR"}]}},"_links":{"self":[{"href":"https:\/\/www.bogaerstalen.nl\/fr\/wp-json\/wp\/v2\/pages\/8114","targetHints":{"allow":["GET"]}}],"collection":[{"href":"https:\/\/www.bogaerstalen.nl\/fr\/wp-json\/wp\/v2\/pages"}],"about":[{"href":"https:\/\/www.bogaerstalen.nl\/fr\/wp-json\/wp\/v2\/types\/page"}],"author":[{"embeddable":true,"href":"https:\/\/www.bogaerstalen.nl\/fr\/wp-json\/wp\/v2\/users\/3"}],"replies":[{"embeddable":true,"href":"https:\/\/www.bogaerstalen.nl\/fr\/wp-json\/wp\/v2\/comments?post=8114"}],"version-history":[{"count":1,"href":"https:\/\/www.bogaerstalen.nl\/fr\/wp-json\/wp\/v2\/pages\/8114\/revisions"}],"predecessor-version":[{"id":8259,"href":"https:\/\/www.bogaerstalen.nl\/fr\/wp-json\/wp\/v2\/pages\/8114\/revisions\/8259"}],"up":[{"embeddable":true,"href":"https:\/\/www.bogaerstalen.nl\/fr\/wp-json\/wp\/v2\/pages\/8253"}],"wp:attachment":[{"href":"https:\/\/www.bogaerstalen.nl\/fr\/wp-json\/wp\/v2\/media?parent=8114"}],"curies":[{"name":"wp","href":"https:\/\/api.w.org\/{rel}","templated":true}]}}