{"id":8132,"date":"2024-11-14T13:28:13","date_gmt":"2024-11-14T12:28:13","guid":{"rendered":"https:\/\/www.bogaerstalen.nl\/postes-vacants\/"},"modified":"2024-11-14T13:28:24","modified_gmt":"2024-11-14T12:28:24","slug":"postes-vacants","status":"publish","type":"page","link":"https:\/\/www.bogaerstalen.nl\/fr\/postes-vacants\/","title":{"rendered":"Postes vacants"},"content":{"rendered":"\t\t<div data-elementor-type=\"wp-page\" data-elementor-id=\"8132\" class=\"elementor elementor-8132 elementor-798\" data-elementor-post-type=\"page\">\n\t\t\t\t<div class=\"elementor-element elementor-element-2f5288d7 e-flex e-con-boxed e-con e-parent\" data-id=\"2f5288d7\" data-element_type=\"container\" data-e-type=\"container\">\n\t\t\t\t\t<div class=\"e-con-inner\">\n\t\t\t\t<div class=\"elementor-element elementor-element-41d7a38b elementor-widget elementor-widget-text-editor\" data-id=\"41d7a38b\" data-element_type=\"widget\" data-e-type=\"widget\" data-widget_type=\"text-editor.default\">\n\t\t\t\t<div class=\"elementor-widget-container\">\n\t\t\t\t\t\t\t\t\t<h1><span style=\"color: #ff9900;\">N\u00e9erlandais\/NT2 ou 24 autres langues<\/span><\/h1>\n<p>Nous demandons \u00e0 nos formateurs linguistiques :<\/p>\n<p><strong>-Une formation de niveau universitaire ou coll\u00e9gial ;<\/strong><\/p>\n<p><strong>-Ma\u00eetrise du n\u00e9erlandais au niveau B1 minimum et, de pr\u00e9f\u00e9rence, d&rsquo;une autre langue au niveau B1 minimum ;<\/strong><\/p>\n<p><strong>-Bonne capacit\u00e9 de communication ;<\/strong><\/p>\n<p><strong>-D\u00e9veloppement et int\u00e9r\u00eat g\u00e9n\u00e9ral ;<\/strong><\/p>\n<p><strong>-L&#8217;empathie pour la diversit\u00e9 des cultures ;<\/strong><\/p>\n<p><strong>Aptitude ou exp\u00e9rience en mati\u00e8re de transfert de connaissances et disponibilit\u00e9 flexible (matin, apr\u00e8s-midi et\/ou soir) pour environ 4 heures par semaine.<\/strong><\/p>\n<p><strong>&#8211; Vivre de pr\u00e9f\u00e9rence dans la r\u00e9gion de Tilburg.<\/strong><\/p>\n<p>Nous vous invitons particuli\u00e8rement \u00e0 r\u00e9pondre si vous trouvez int\u00e9ressant de travailler pour le Bogaers Taleninstituut sur une base flexible (freelance\/ZZP-er, contrat sur appel, contrat minmax). Votre r\u00e9mun\u00e9ration est conforme au march\u00e9. Bogaers Talen offre un environnement de travail international stimulant et consid\u00e8re qu&rsquo;il est important d&rsquo;investir dans votre d\u00e9veloppement. Le test de vos comp\u00e9tences linguistiques et de votre langue maternelle fait partie de la proc\u00e9dure de s\u00e9lection. S&rsquo;il s&rsquo;av\u00e8re que vous \u00eates apte, un coaching interne approfondi suivra.    <\/p>\n<p>Envoyez votre CV \u00e0 administratie@bogaerstalen.nl.<\/p>\n\t\t\t\t\t\t\t\t<\/div>\n\t\t\t\t<\/div>\n\t\t\t\t\t<\/div>\n\t\t\t\t<\/div>\n\t\t\t\t<\/div>\n\t\t","protected":false},"excerpt":{"rendered":"<p>N\u00e9erlandais\/NT2 ou 24 autres langues Nous demandons \u00e0 nos formateurs linguistiques : -Une formation de niveau universitaire ou coll\u00e9gial ; -Ma\u00eetrise du n\u00e9erlandais au niveau B1 minimum et, de pr\u00e9f\u00e9rence, d&rsquo;une autre langue au niveau B1 minimum ; -Bonne capacit\u00e9 de communication ; -D\u00e9veloppement et int\u00e9r\u00eat g\u00e9n\u00e9ral ; -L&#8217;empathie pour la diversit\u00e9 des cultures ; [&hellip;]<\/p>\n","protected":false},"author":3,"featured_media":0,"parent":0,"menu_order":0,"comment_status":"open","ping_status":"open","template":"aw-content-template.php","meta":{"_yoast_wpseo_focuskw":"Postes vacants","_yoast_wpseo_metadesc":"","rank_math_focus_keyword":"","rank_math_description":"","footnotes":""},"class_list":["post-8132","page","type-page","status-publish","hentry"],"yoast_head":"<!-- This site is optimized with the Yoast SEO plugin v27.2 - https:\/\/yoast.com\/product\/yoast-seo-wordpress\/ -->\n<title>Postes vacants - Bogaers Taleninstituut Tilburg<\/title>\n<meta name=\"robots\" content=\"index, follow, max-snippet:-1, max-image-preview:large, max-video-preview:-1\" \/>\n<link rel=\"canonical\" href=\"https:\/\/www.bogaerstalen.nl\/fr\/postes-vacants\/\" \/>\n<meta property=\"og:locale\" content=\"fr_FR\" \/>\n<meta property=\"og:type\" content=\"article\" \/>\n<meta property=\"og:title\" content=\"Postes vacants - Bogaers Taleninstituut Tilburg\" \/>\n<meta property=\"og:description\" content=\"N\u00e9erlandais\/NT2 ou 24 autres langues Nous demandons \u00e0 nos formateurs linguistiques : -Une formation de niveau universitaire ou coll\u00e9gial ; -Ma\u00eetrise du n\u00e9erlandais au niveau B1 minimum et, de pr\u00e9f\u00e9rence, d&rsquo;une autre langue au niveau B1 minimum ; -Bonne capacit\u00e9 de communication ; -D\u00e9veloppement et int\u00e9r\u00eat g\u00e9n\u00e9ral ; -L&#8217;empathie pour la diversit\u00e9 des cultures ; [&hellip;]\" \/>\n<meta property=\"og:url\" content=\"https:\/\/www.bogaerstalen.nl\/fr\/postes-vacants\/\" \/>\n<meta property=\"og:site_name\" content=\"Bogaers Taleninstituut Tilburg\" \/>\n<meta property=\"article:publisher\" content=\"https:\/\/www.facebook.com\/taleninstituut\/\" \/>\n<meta property=\"article:modified_time\" content=\"2024-11-14T12:28:24+00:00\" \/>\n<meta name=\"twitter:label1\" content=\"Dur\u00e9e de lecture estim\u00e9e\" \/>\n\t<meta name=\"twitter:data1\" content=\"1 minute\" \/>\n<script type=\"application\/ld+json\" class=\"yoast-schema-graph\">{\"@context\":\"https:\/\/schema.org\",\"@graph\":[{\"@type\":\"WebPage\",\"@id\":\"https:\/\/www.bogaerstalen.nl\/fr\/postes-vacants\/\",\"url\":\"https:\/\/www.bogaerstalen.nl\/fr\/postes-vacants\/\",\"name\":\"Postes vacants - Bogaers Taleninstituut Tilburg\",\"isPartOf\":{\"@id\":\"https:\/\/www.bogaerstalen.nl\/fr\/#website\"},\"datePublished\":\"2024-11-14T12:28:13+00:00\",\"dateModified\":\"2024-11-14T12:28:24+00:00\",\"breadcrumb\":{\"@id\":\"https:\/\/www.bogaerstalen.nl\/fr\/postes-vacants\/#breadcrumb\"},\"inLanguage\":\"fr-FR\",\"potentialAction\":[{\"@type\":\"ReadAction\",\"target\":[\"https:\/\/www.bogaerstalen.nl\/fr\/postes-vacants\/\"]}]},{\"@type\":\"BreadcrumbList\",\"@id\":\"https:\/\/www.bogaerstalen.nl\/fr\/postes-vacants\/#breadcrumb\",\"itemListElement\":[{\"@type\":\"ListItem\",\"position\":1,\"name\":\"Home\",\"item\":\"https:\/\/www.bogaerstalen.nl\/fr\/accueil\/\"},{\"@type\":\"ListItem\",\"position\":2,\"name\":\"Postes vacants\"}]},{\"@type\":\"WebSite\",\"@id\":\"https:\/\/www.bogaerstalen.nl\/fr\/#website\",\"url\":\"https:\/\/www.bogaerstalen.nl\/fr\/\",\"name\":\"Bogaers Taleninstituut Tilburg\",\"description\":\"Sta sterk met taal!\",\"potentialAction\":[{\"@type\":\"SearchAction\",\"target\":{\"@type\":\"EntryPoint\",\"urlTemplate\":\"https:\/\/www.bogaerstalen.nl\/fr\/?s={search_term_string}\"},\"query-input\":{\"@type\":\"PropertyValueSpecification\",\"valueRequired\":true,\"valueName\":\"search_term_string\"}}],\"inLanguage\":\"fr-FR\"}]}<\/script>\n<!-- \/ Yoast SEO plugin. -->","yoast_head_json":{"title":"Postes vacants - Bogaers Taleninstituut Tilburg","robots":{"index":"index","follow":"follow","max-snippet":"max-snippet:-1","max-image-preview":"max-image-preview:large","max-video-preview":"max-video-preview:-1"},"canonical":"https:\/\/www.bogaerstalen.nl\/fr\/postes-vacants\/","og_locale":"fr_FR","og_type":"article","og_title":"Postes vacants - Bogaers Taleninstituut Tilburg","og_description":"N\u00e9erlandais\/NT2 ou 24 autres langues Nous demandons \u00e0 nos formateurs linguistiques : -Une formation de niveau universitaire ou coll\u00e9gial ; -Ma\u00eetrise du n\u00e9erlandais au niveau B1 minimum et, de pr\u00e9f\u00e9rence, d&rsquo;une autre langue au niveau B1 minimum ; -Bonne capacit\u00e9 de communication ; -D\u00e9veloppement et int\u00e9r\u00eat g\u00e9n\u00e9ral ; -L&#8217;empathie pour la diversit\u00e9 des cultures ; [&hellip;]","og_url":"https:\/\/www.bogaerstalen.nl\/fr\/postes-vacants\/","og_site_name":"Bogaers Taleninstituut Tilburg","article_publisher":"https:\/\/www.facebook.com\/taleninstituut\/","article_modified_time":"2024-11-14T12:28:24+00:00","twitter_misc":{"Dur\u00e9e de lecture estim\u00e9e":"1 minute"},"schema":{"@context":"https:\/\/schema.org","@graph":[{"@type":"WebPage","@id":"https:\/\/www.bogaerstalen.nl\/fr\/postes-vacants\/","url":"https:\/\/www.bogaerstalen.nl\/fr\/postes-vacants\/","name":"Postes vacants - Bogaers Taleninstituut Tilburg","isPartOf":{"@id":"https:\/\/www.bogaerstalen.nl\/fr\/#website"},"datePublished":"2024-11-14T12:28:13+00:00","dateModified":"2024-11-14T12:28:24+00:00","breadcrumb":{"@id":"https:\/\/www.bogaerstalen.nl\/fr\/postes-vacants\/#breadcrumb"},"inLanguage":"fr-FR","potentialAction":[{"@type":"ReadAction","target":["https:\/\/www.bogaerstalen.nl\/fr\/postes-vacants\/"]}]},{"@type":"BreadcrumbList","@id":"https:\/\/www.bogaerstalen.nl\/fr\/postes-vacants\/#breadcrumb","itemListElement":[{"@type":"ListItem","position":1,"name":"Home","item":"https:\/\/www.bogaerstalen.nl\/fr\/accueil\/"},{"@type":"ListItem","position":2,"name":"Postes vacants"}]},{"@type":"WebSite","@id":"https:\/\/www.bogaerstalen.nl\/fr\/#website","url":"https:\/\/www.bogaerstalen.nl\/fr\/","name":"Bogaers Taleninstituut Tilburg","description":"Sta sterk met taal!","potentialAction":[{"@type":"SearchAction","target":{"@type":"EntryPoint","urlTemplate":"https:\/\/www.bogaerstalen.nl\/fr\/?s={search_term_string}"},"query-input":{"@type":"PropertyValueSpecification","valueRequired":true,"valueName":"search_term_string"}}],"inLanguage":"fr-FR"}]}},"_links":{"self":[{"href":"https:\/\/www.bogaerstalen.nl\/fr\/wp-json\/wp\/v2\/pages\/8132","targetHints":{"allow":["GET"]}}],"collection":[{"href":"https:\/\/www.bogaerstalen.nl\/fr\/wp-json\/wp\/v2\/pages"}],"about":[{"href":"https:\/\/www.bogaerstalen.nl\/fr\/wp-json\/wp\/v2\/types\/page"}],"author":[{"embeddable":true,"href":"https:\/\/www.bogaerstalen.nl\/fr\/wp-json\/wp\/v2\/users\/3"}],"replies":[{"embeddable":true,"href":"https:\/\/www.bogaerstalen.nl\/fr\/wp-json\/wp\/v2\/comments?post=8132"}],"version-history":[{"count":7,"href":"https:\/\/www.bogaerstalen.nl\/fr\/wp-json\/wp\/v2\/pages\/8132\/revisions"}],"predecessor-version":[{"id":8161,"href":"https:\/\/www.bogaerstalen.nl\/fr\/wp-json\/wp\/v2\/pages\/8132\/revisions\/8161"}],"wp:attachment":[{"href":"https:\/\/www.bogaerstalen.nl\/fr\/wp-json\/wp\/v2\/media?parent=8132"}],"curies":[{"name":"wp","href":"https:\/\/api.w.org\/{rel}","templated":true}]}}