{"id":8133,"date":"2024-11-14T13:28:13","date_gmt":"2024-11-14T12:28:13","guid":{"rendered":"https:\/\/www.bogaerstalen.nl\/a-propos-de-nous\/"},"modified":"2024-11-14T13:28:18","modified_gmt":"2024-11-14T12:28:18","slug":"a-propos-de-nous","status":"publish","type":"page","link":"https:\/\/www.bogaerstalen.nl\/fr\/a-propos-de-nous\/","title":{"rendered":"A propos de nous"},"content":{"rendered":"\t\t<div data-elementor-type=\"wp-page\" data-elementor-id=\"8133\" class=\"elementor elementor-8133 elementor-1292\" data-elementor-post-type=\"page\">\n\t\t\t\t<div class=\"elementor-element elementor-element-54662198 e-flex e-con-boxed e-con e-parent\" data-id=\"54662198\" data-element_type=\"container\" data-e-type=\"container\">\n\t\t\t\t\t<div class=\"e-con-inner\">\n\t\t\t\t<div class=\"elementor-element elementor-element-17ad111f elementor-widget elementor-widget-text-editor\" data-id=\"17ad111f\" data-element_type=\"widget\" data-e-type=\"widget\" data-widget_type=\"text-editor.default\">\n\t\t\t\t<div class=\"elementor-widget-container\">\n\t\t\t\t\t\t\t\t\t<h1><strong><span style=\"color: #ff9900;\">Pourquoi Bogaers Taleninstituut B.V. ?<\/span><\/strong><\/h1>\n<p>De l&rsquo;entreprise individuelle \u00e0 la soci\u00e9t\u00e9 \u00e0 responsabilit\u00e9 limit\u00e9e. Bogaers Taleninstituut a \u00e9t\u00e9 fond\u00e9 en 1986 par la propri\u00e9taire\/directrice, Mme J. van der Meijden (anciennement Bogaers). Elle est \u00e0 l&rsquo;origine professeur de fran\u00e7ais et de n\u00e9erlandais et, apr\u00e8s des ann\u00e9es d&rsquo;exp\u00e9rience pratique et d&rsquo;enseignement, elle peut donner des conseils avis\u00e9s.  <\/p>\n<p>L&rsquo;ambition de Bogaers est de proposer des formations adapt\u00e9es et de qualit\u00e9 \u00e0 toutes les demandes du march\u00e9 dans le domaine des langues, sur la base d&rsquo;une \u00e9valuation et d&rsquo;un d\u00e9veloppement continus.<\/p>\n<p>Bogaers Taleninstituut est un expert en formation linguistique depuis pr\u00e8s de 30 ans. Au cours de cette p\u00e9riode, de nombreux participants ont \u00e9t\u00e9 initi\u00e9s \u00e0 nos m\u00e9thodes d&rsquo;enseignement et ont r\u00e9ussi \u00e0 apprendre une nouvelle langue ou \u00e0 am\u00e9liorer leur niveau linguistique. <\/p>\n<p>Sur notre site de Tilburg, des formateurs de diff\u00e9rentes disciplines sont pr\u00eats \u00e0 vous apporter les connaissances dont vous avez besoin. Bogaers propose des formations linguistiques aux particuliers, aux entreprises, aux institutions et aux gouvernements. Bogaers propose des formations dans 25 langues diff\u00e9rentes en utilisant 6 m\u00e9thodes de formation diff\u00e9rentes.  <\/p>\n<p>Chez Bogaers, vous trouverez des formateurs en langues et des traducteurs pour qui la langue \u00e9trang\u00e8re n&rsquo;a pas de secret. Presque tous nos formateurs en langues sont des locuteurs natifs, n\u00e9s et form\u00e9s dans le pays dont ils enseignent la langue. Nos formateurs et nos traducteurs sont des sp\u00e9cialistes dans diff\u00e9rents domaines. Quel que soit le niveau auquel vous souhaitez ma\u00eetriser une nouvelle langue, Bogaers vous permet de le faire. \u00ab\u00a0Nous proposons des formations linguistiques sur mesure, enti\u00e8rement adapt\u00e9es aux souhaits et aux besoins de l&rsquo;\u00e9tudiant. Lors de l&rsquo;admission, nous d\u00e9terminons le niveau d&rsquo;entr\u00e9e et discutons du niveau final souhait\u00e9. Nous suivons de pr\u00e8s les progr\u00e8s de l&rsquo;\u00e9tudiant et adaptons le programme si n\u00e9cessaire.    <span style=\"font-size: 15px;\">&nbsp;<\/span><\/p>\n<h4><span style=\"color: #ff9900;\"><strong>Dipl\u00f4mes reconnus au niveau international<\/strong><\/span><\/h4>\n<p>Bogaers Talen propose des formations sp\u00e9cifiques en langues commerciales. Ces formations en anglais, fran\u00e7ais, allemand et italien d\u00e9bouchent sur des dipl\u00f4mes reconnus au niveau international.<br>Nous collaborons avec diverses chambres de commerce internationales et d&rsquo;autres institutions renomm\u00e9es. Ces formations sont id\u00e9ales pour tous ceux qui doivent communiquer fr\u00e9quemment en anglais, en fran\u00e7ais, en allemand ou en italien.  <\/p>\n<h4><span style=\"color: #ff9900;\">Certificat<\/span><\/h4>\n<p>Les participants au cours re\u00e7oivent un certificat indiquant les niveaux atteints.<\/p>\n<h4><span style=\"color: #ff9900;\">Service de traduction<\/span><\/h4>\n<p><br>Bogaers Translation Service est un service de traduction polyvalent qui propose des traductions confidentielles et professionnelles dans plus de 25 langues, de l&rsquo;arabe au su\u00e9dois. Nous travaillons avec plus de 150 traducteurs en Belgique et \u00e0 l&rsquo;\u00e9tranger.<br>Tous les traducteurs travaillent selon le syst\u00e8me du \u00ab\u00a0locuteur natif\u00a0\u00bb, ce qui signifie qu&rsquo;ils ne traduisent que vers leur langue maternelle.<br>Ils ont tous suivi une formation de niveau HBO ou un niveau comparable \u00e0 l&rsquo;\u00e9tranger et poss\u00e8dent de nombreuses ann\u00e9es d&rsquo;exp\u00e9rience dans divers domaines. Notre service de traduction est membre de l&rsquo;Association des agences de traduction (www.metacom.org\/ata).  <\/p>\n<h4><span style=\"color: #ff9900;\"><strong>Niveaux de comp\u00e9tence linguistique<\/strong><\/span><\/h4>\n<p><br>Cadre europ\u00e9en de r\u00e9f\u00e9rence (CER) Le Cadre europ\u00e9en commun pour l&rsquo;apprentissage, l&rsquo;enseignement et l&rsquo;\u00e9valuation des langues est la ligne directrice pour d\u00e9terminer le niveau d&rsquo;entr\u00e9e, les progr\u00e8s et les r\u00e9sultats de nos cours de langues. Le cadre de r\u00e9f\u00e9rence est bas\u00e9 sur cinq aspects diff\u00e9rents de la comp\u00e9tence linguistique : \u00e9couter, tenir une conversation, parler, lire et \u00e9crire. Dans chaque cat\u00e9gorie, un apprenant peut \u00eatre class\u00e9 et \u00e9valu\u00e9 \u00e0 un niveau diff\u00e9rent.  <\/p>\n<h4><span style=\"color: #ff9900;\"><strong>R\u00e9f\u00e9rences<\/strong><\/span><\/h4>\n<p>\u00ab\u00a0La caract\u00e9ristique de notre service est que nous fournissons une formation sur mesure adapt\u00e9e aux besoins individuels des stagiaires. Adapt\u00e9e aux besoins sp\u00e9cifiques de l&rsquo;organisation. N\u00e9anmoins, nous sommes convaincus que notre exp\u00e9rience dans des secteurs sp\u00e9cifiques offre une valeur ajout\u00e9e significative. C&rsquo;est pourquoi nous sommes heureux de vous donner un aper\u00e7u des secteurs, des entreprises et des institutions dans lesquels nous op\u00e9rons\u00a0\u00bb.<\/p>\n<h4><span style=\"color: #ff9900;\">Lieu : Bogaers Taleninstituut B.V.<\/span><\/h4>\n<p>Ce lieu est facilement accessible par les transports publics. Pour plus d&rsquo;informations, veuillez vous r\u00e9f\u00e9rer \u00e0 la page de contact o\u00f9 vous trouverez toutes les coordonn\u00e9es. <\/p>\t\t\t\t\t\t\t\t<\/div>\n\t\t\t\t<\/div>\n\t\t\t\t\t<\/div>\n\t\t\t\t<\/div>\n\t\t\t\t<\/div>\n\t\t","protected":false},"excerpt":{"rendered":"<p>Pourquoi Bogaers Taleninstituut B.V. ? De l&rsquo;entreprise individuelle \u00e0 la soci\u00e9t\u00e9 \u00e0 responsabilit\u00e9 limit\u00e9e. Bogaers Taleninstituut a \u00e9t\u00e9 fond\u00e9 en 1986 par la propri\u00e9taire\/directrice, Mme J. van der Meijden (anciennement Bogaers). Elle est \u00e0 l&rsquo;origine professeur de fran\u00e7ais et de n\u00e9erlandais et, apr\u00e8s des ann\u00e9es d&rsquo;exp\u00e9rience pratique et d&rsquo;enseignement, elle peut donner des conseils avis\u00e9s. [&hellip;]<\/p>\n","protected":false},"author":3,"featured_media":0,"parent":0,"menu_order":0,"comment_status":"open","ping_status":"open","template":"aw-content-template.php","meta":{"_yoast_wpseo_focuskw":"","_yoast_wpseo_metadesc":"","rank_math_focus_keyword":"","rank_math_description":"","footnotes":""},"class_list":["post-8133","page","type-page","status-publish","hentry"],"yoast_head":"<!-- This site is optimized with the Yoast SEO plugin v27.5 - https:\/\/yoast.com\/product\/yoast-seo-wordpress\/ -->\n<title>A propos de nous - Bogaers Taleninstituut Tilburg<\/title>\n<meta name=\"robots\" content=\"index, follow, max-snippet:-1, max-image-preview:large, max-video-preview:-1\" \/>\n<link rel=\"canonical\" href=\"https:\/\/www.bogaerstalen.nl\/fr\/a-propos-de-nous\/\" \/>\n<meta property=\"og:locale\" content=\"fr_FR\" \/>\n<meta property=\"og:type\" content=\"article\" \/>\n<meta property=\"og:title\" content=\"A propos de nous - Bogaers Taleninstituut Tilburg\" \/>\n<meta property=\"og:description\" content=\"Pourquoi Bogaers Taleninstituut B.V. ? De l&rsquo;entreprise individuelle \u00e0 la soci\u00e9t\u00e9 \u00e0 responsabilit\u00e9 limit\u00e9e. Bogaers Taleninstituut a \u00e9t\u00e9 fond\u00e9 en 1986 par la propri\u00e9taire\/directrice, Mme J. van der Meijden (anciennement Bogaers). Elle est \u00e0 l&rsquo;origine professeur de fran\u00e7ais et de n\u00e9erlandais et, apr\u00e8s des ann\u00e9es d&rsquo;exp\u00e9rience pratique et d&rsquo;enseignement, elle peut donner des conseils avis\u00e9s. [&hellip;]\" \/>\n<meta property=\"og:url\" content=\"https:\/\/www.bogaerstalen.nl\/fr\/a-propos-de-nous\/\" \/>\n<meta property=\"og:site_name\" content=\"Bogaers Taleninstituut Tilburg\" \/>\n<meta property=\"article:publisher\" content=\"https:\/\/www.facebook.com\/taleninstituut\/\" \/>\n<meta property=\"article:modified_time\" content=\"2024-11-14T12:28:18+00:00\" \/>\n<meta name=\"twitter:label1\" content=\"Dur\u00e9e de lecture estim\u00e9e\" \/>\n\t<meta name=\"twitter:data1\" content=\"4 minutes\" \/>\n<script type=\"application\/ld+json\" class=\"yoast-schema-graph\">{\"@context\":\"https:\\\/\\\/schema.org\",\"@graph\":[{\"@type\":\"WebPage\",\"@id\":\"https:\\\/\\\/www.bogaerstalen.nl\\\/fr\\\/a-propos-de-nous\\\/\",\"url\":\"https:\\\/\\\/www.bogaerstalen.nl\\\/fr\\\/a-propos-de-nous\\\/\",\"name\":\"A propos de nous - Bogaers Taleninstituut Tilburg\",\"isPartOf\":{\"@id\":\"https:\\\/\\\/www.bogaerstalen.nl\\\/fr\\\/#website\"},\"datePublished\":\"2024-11-14T12:28:13+00:00\",\"dateModified\":\"2024-11-14T12:28:18+00:00\",\"breadcrumb\":{\"@id\":\"https:\\\/\\\/www.bogaerstalen.nl\\\/fr\\\/a-propos-de-nous\\\/#breadcrumb\"},\"inLanguage\":\"fr-FR\",\"potentialAction\":[{\"@type\":\"ReadAction\",\"target\":[\"https:\\\/\\\/www.bogaerstalen.nl\\\/fr\\\/a-propos-de-nous\\\/\"]}]},{\"@type\":\"BreadcrumbList\",\"@id\":\"https:\\\/\\\/www.bogaerstalen.nl\\\/fr\\\/a-propos-de-nous\\\/#breadcrumb\",\"itemListElement\":[{\"@type\":\"ListItem\",\"position\":1,\"name\":\"Home\",\"item\":\"https:\\\/\\\/www.bogaerstalen.nl\\\/fr\\\/accueil\\\/\"},{\"@type\":\"ListItem\",\"position\":2,\"name\":\"A propos de nous\"}]},{\"@type\":\"WebSite\",\"@id\":\"https:\\\/\\\/www.bogaerstalen.nl\\\/fr\\\/#website\",\"url\":\"https:\\\/\\\/www.bogaerstalen.nl\\\/fr\\\/\",\"name\":\"Bogaers Taleninstituut Tilburg\",\"description\":\"Sta sterk met taal!\",\"potentialAction\":[{\"@type\":\"SearchAction\",\"target\":{\"@type\":\"EntryPoint\",\"urlTemplate\":\"https:\\\/\\\/www.bogaerstalen.nl\\\/fr\\\/?s={search_term_string}\"},\"query-input\":{\"@type\":\"PropertyValueSpecification\",\"valueRequired\":true,\"valueName\":\"search_term_string\"}}],\"inLanguage\":\"fr-FR\"}]}<\/script>\n<!-- \/ Yoast SEO plugin. -->","yoast_head_json":{"title":"A propos de nous - Bogaers Taleninstituut Tilburg","robots":{"index":"index","follow":"follow","max-snippet":"max-snippet:-1","max-image-preview":"max-image-preview:large","max-video-preview":"max-video-preview:-1"},"canonical":"https:\/\/www.bogaerstalen.nl\/fr\/a-propos-de-nous\/","og_locale":"fr_FR","og_type":"article","og_title":"A propos de nous - Bogaers Taleninstituut Tilburg","og_description":"Pourquoi Bogaers Taleninstituut B.V. ? De l&rsquo;entreprise individuelle \u00e0 la soci\u00e9t\u00e9 \u00e0 responsabilit\u00e9 limit\u00e9e. Bogaers Taleninstituut a \u00e9t\u00e9 fond\u00e9 en 1986 par la propri\u00e9taire\/directrice, Mme J. van der Meijden (anciennement Bogaers). Elle est \u00e0 l&rsquo;origine professeur de fran\u00e7ais et de n\u00e9erlandais et, apr\u00e8s des ann\u00e9es d&rsquo;exp\u00e9rience pratique et d&rsquo;enseignement, elle peut donner des conseils avis\u00e9s. [&hellip;]","og_url":"https:\/\/www.bogaerstalen.nl\/fr\/a-propos-de-nous\/","og_site_name":"Bogaers Taleninstituut Tilburg","article_publisher":"https:\/\/www.facebook.com\/taleninstituut\/","article_modified_time":"2024-11-14T12:28:18+00:00","twitter_misc":{"Dur\u00e9e de lecture estim\u00e9e":"4 minutes"},"schema":{"@context":"https:\/\/schema.org","@graph":[{"@type":"WebPage","@id":"https:\/\/www.bogaerstalen.nl\/fr\/a-propos-de-nous\/","url":"https:\/\/www.bogaerstalen.nl\/fr\/a-propos-de-nous\/","name":"A propos de nous - Bogaers Taleninstituut Tilburg","isPartOf":{"@id":"https:\/\/www.bogaerstalen.nl\/fr\/#website"},"datePublished":"2024-11-14T12:28:13+00:00","dateModified":"2024-11-14T12:28:18+00:00","breadcrumb":{"@id":"https:\/\/www.bogaerstalen.nl\/fr\/a-propos-de-nous\/#breadcrumb"},"inLanguage":"fr-FR","potentialAction":[{"@type":"ReadAction","target":["https:\/\/www.bogaerstalen.nl\/fr\/a-propos-de-nous\/"]}]},{"@type":"BreadcrumbList","@id":"https:\/\/www.bogaerstalen.nl\/fr\/a-propos-de-nous\/#breadcrumb","itemListElement":[{"@type":"ListItem","position":1,"name":"Home","item":"https:\/\/www.bogaerstalen.nl\/fr\/accueil\/"},{"@type":"ListItem","position":2,"name":"A propos de nous"}]},{"@type":"WebSite","@id":"https:\/\/www.bogaerstalen.nl\/fr\/#website","url":"https:\/\/www.bogaerstalen.nl\/fr\/","name":"Bogaers Taleninstituut Tilburg","description":"Sta sterk met taal!","potentialAction":[{"@type":"SearchAction","target":{"@type":"EntryPoint","urlTemplate":"https:\/\/www.bogaerstalen.nl\/fr\/?s={search_term_string}"},"query-input":{"@type":"PropertyValueSpecification","valueRequired":true,"valueName":"search_term_string"}}],"inLanguage":"fr-FR"}]}},"_links":{"self":[{"href":"https:\/\/www.bogaerstalen.nl\/fr\/wp-json\/wp\/v2\/pages\/8133","targetHints":{"allow":["GET"]}}],"collection":[{"href":"https:\/\/www.bogaerstalen.nl\/fr\/wp-json\/wp\/v2\/pages"}],"about":[{"href":"https:\/\/www.bogaerstalen.nl\/fr\/wp-json\/wp\/v2\/types\/page"}],"author":[{"embeddable":true,"href":"https:\/\/www.bogaerstalen.nl\/fr\/wp-json\/wp\/v2\/users\/3"}],"replies":[{"embeddable":true,"href":"https:\/\/www.bogaerstalen.nl\/fr\/wp-json\/wp\/v2\/comments?post=8133"}],"version-history":[{"count":5,"href":"https:\/\/www.bogaerstalen.nl\/fr\/wp-json\/wp\/v2\/pages\/8133\/revisions"}],"predecessor-version":[{"id":8148,"href":"https:\/\/www.bogaerstalen.nl\/fr\/wp-json\/wp\/v2\/pages\/8133\/revisions\/8148"}],"wp:attachment":[{"href":"https:\/\/www.bogaerstalen.nl\/fr\/wp-json\/wp\/v2\/media?parent=8133"}],"curies":[{"name":"wp","href":"https:\/\/api.w.org\/{rel}","templated":true}]}}