{"id":8183,"date":"2024-11-14T13:28:34","date_gmt":"2024-11-14T12:28:34","guid":{"rendered":"https:\/\/www.bogaerstalen.nl\/autres-langues\/"},"modified":"2024-11-14T16:21:13","modified_gmt":"2024-11-14T15:21:13","slug":"autres-langues","status":"publish","type":"page","link":"https:\/\/www.bogaerstalen.nl\/fr\/autres-langues\/","title":{"rendered":"Autres langues"},"content":{"rendered":"\t\t<div data-elementor-type=\"wp-page\" data-elementor-id=\"8183\" class=\"elementor elementor-8183 elementor-279\" data-elementor-post-type=\"page\">\n\t\t\t\t<div class=\"elementor-element elementor-element-2bfd685 e-flex e-con-boxed e-con e-parent\" data-id=\"2bfd685\" data-element_type=\"container\" data-e-type=\"container\">\n\t\t\t\t\t<div class=\"e-con-inner\">\n\t\t\t\t<div class=\"elementor-element elementor-element-3f25d44a elementor-widget elementor-widget-text-editor\" data-id=\"3f25d44a\" data-element_type=\"widget\" data-e-type=\"widget\" data-widget_type=\"text-editor.default\">\n\t\t\t\t<div class=\"elementor-widget-container\">\n\t\t\t\t\t\t\t\t\t<h1><strong><span style=\"color: #ff9900;\">Autres langues<\/span><\/strong><\/h1>\n<p><strong>Que pouvez-vous attendre, entre autres, de cette formation interactive ?<\/strong><\/p>\n<p>Avec les comp\u00e9tences de communication acquises, vous pouvez :<\/p>\n<ul>\n<li>effectuer des appels g\u00e9n\u00e9raux de courte dur\u00e9e<\/li>\n<li>enrichissez votre vocabulaire<\/li>\n<li>comprendre votre interlocuteur et r\u00e9agir de mani\u00e8re appropri\u00e9e<\/li>\n<li>comprendre et\/ou \u00e9crire un texte simple et court<\/li>\n<li>apprendre \u00e0 conna\u00eetre la culture concern\u00e9e (ainsi que les choses \u00e0 faire et \u00e0 ne pas faire)<\/li>\n<\/ul>\n<p><strong>Une option consiste \u00e0 utiliser notre MML (MultiMediaLab) ou l&rsquo;apprentissage en ligne.<\/strong><\/p>\n<p>Vous permet de :<\/p>\n<ul>\n<li>Am\u00e9liorer la prononciation<\/li>\n<li>Pratiquer l&rsquo;expression orale<\/li>\n<li>Am\u00e9liorer les capacit\u00e9s d&rsquo;\u00e9coute<\/li>\n<li>Pratiquer les structures de phrases<\/li>\n<li>(Au MML, vous pouvez utiliser tout le mat\u00e9riel disponible pendant les heures de bureau !)<\/li>\n<li>L&rsquo;apprentissage en ligne peut m\u00eame se faire \u00e0 partir de n&rsquo;importe quel endroit o\u00f9 vous disposez d&rsquo;une connexion internet !<\/li>\n<li>Pratique illimit\u00e9e \u00e0 votre convenance<\/li>\n<\/ul>\n<p><strong>Pour toutes les langues ci-dessous, vous avez l&rsquo;apprentissage mixte, la formation individuelle, la formation express, la formation de groupe et la formation en entreprise.<\/strong><\/p>\n<table style=\"height: 252px;\" width=\"347\">\n<tbody>\n<tr>\n<td> Arabe<\/td>\n<td><a href=\"https:\/\/www.bogaerstalen.nl\/wp-content\/uploads\/2015\/05\/Arabisch.pdf\">T\u00e9l\u00e9chargez la fiche de talent (PDF)<\/a><\/td>\n<\/tr>\n<tr>\n<td> Bulgare<\/td>\n<td><a href=\"https:\/\/www.bogaerstalen.nl\/wp-content\/uploads\/2015\/05\/Bulgaars.pdf\">T\u00e9l\u00e9chargez la fiche de talent (PDF)<\/a><\/td>\n<\/tr>\n<tr>\n<td> Chinois<\/td>\n<td><a href=\"https:\/\/www.bogaerstalen.nl\/wp-content\/uploads\/2015\/05\/Chinees.pdf\">T\u00e9l\u00e9chargez la fiche de talent (PDF)<\/a><\/td>\n<\/tr>\n<tr>\n<td> Danois<\/td>\n<td><a href=\"https:\/\/www.bogaerstalen.nl\/wp-content\/uploads\/2015\/05\/Deens.pdf\">T\u00e9l\u00e9chargez la fiche de talent (PDF)<\/a><\/td>\n<\/tr>\n<tr>\n<td> Grec<\/td>\n<td><a href=\"https:\/\/www.bogaerstalen.nl\/wp-content\/uploads\/2015\/05\/Grieks.pdf\">T\u00e9l\u00e9chargez la fiche de talent (PDF)<\/a><\/td>\n<\/tr>\n<tr>\n<td> H\u00e9breu<\/td>\n<td><a href=\"https:\/\/www.bogaerstalen.nl\/wp-content\/uploads\/2015\/05\/Hebreeuws.pdf\">T\u00e9l\u00e9chargez la fiche de talent (PDF)<\/a><\/td>\n<\/tr>\n<tr>\n<td> Hongrois<\/td>\n<td><a href=\"https:\/\/www.bogaerstalen.nl\/wp-content\/uploads\/2015\/05\/Hongaars.pdf\">T\u00e9l\u00e9chargez la fiche de talent (PDF)<\/a><\/td>\n<\/tr>\n<tr>\n<td> Indon\u00e9sien<\/td>\n<td><a href=\"https:\/\/www.bogaerstalen.nl\/wp-content\/uploads\/2015\/05\/Indonesisch.pdf\">T\u00e9l\u00e9chargez la fiche de talent (PDF)<\/a><\/td>\n<\/tr>\n<tr>\n<td> Italien<\/td>\n<td><a href=\"https:\/\/www.bogaerstalen.nl\/wp-content\/uploads\/2015\/05\/Italiaans.pdf\">T\u00e9l\u00e9chargez la fiche de talent (PDF)<\/a><\/td>\n<\/tr>\n<tr>\n<td> Japonais<\/td>\n<td><a href=\"https:\/\/www.bogaerstalen.nl\/wp-content\/uploads\/2015\/05\/Japans.pdf\">T\u00e9l\u00e9chargez la fiche de talent (PDF)<\/a><\/td>\n<\/tr>\n<tr>\n<td> Croate<\/td>\n<td><a href=\"https:\/\/www.bogaerstalen.nl\/wp-content\/uploads\/2015\/05\/Kroatisch.pdf\">T\u00e9l\u00e9chargez la fiche de talent (PDF)<\/a><\/td>\n<\/tr>\n<tr>\n<td> Norv\u00e9gien<\/td>\n<td><a href=\"https:\/\/www.bogaerstalen.nl\/wp-content\/uploads\/2015\/05\/Noors.pdf\">T\u00e9l\u00e9chargez la fiche de talent (PDF)<\/a><\/td>\n<\/tr>\n<tr>\n<td> Papiamento<\/td>\n<td><a href=\"https:\/\/www.bogaerstalen.nl\/wp-content\/uploads\/2015\/05\/Papiamento.pdf\">T\u00e9l\u00e9chargez la fiche de talent (PDF)<\/a><\/td>\n<\/tr>\n<tr>\n<td> Polonais<\/td>\n<td><a href=\"https:\/\/www.bogaerstalen.nl\/wp-content\/uploads\/2015\/05\/Pools.pdf\">T\u00e9l\u00e9chargez la fiche de talent (PDF)<\/a><\/td>\n<\/tr>\n<tr>\n<td> Portugais<\/td>\n<td><a href=\"https:\/\/www.bogaerstalen.nl\/wp-content\/uploads\/2015\/05\/Portugees.pdf\">T\u00e9l\u00e9chargez la fiche de talent (PDF)<\/a><\/td>\n<\/tr>\n<tr>\n<td> Roumain<\/td>\n<td><a href=\"https:\/\/www.bogaerstalen.nl\/wp-content\/uploads\/2015\/05\/Roemeens.pdf\">T\u00e9l\u00e9chargez la fiche de talent (PDF)<\/a><\/td>\n<\/tr>\n<tr>\n<td> Russe<\/td>\n<td><a href=\"https:\/\/www.bogaerstalen.nl\/wp-content\/uploads\/2015\/05\/Russisch.pdf\">T\u00e9l\u00e9chargez la fiche de talent (PDF)<\/a><\/td>\n<\/tr>\n<tr>\n<td><a href=\"https:\/\/www.bogaerstalen.nl\/wp-content\/uploads\/2022\/05\/Spaans.pdf\"> Espagnol<\/a><\/td>\n<td><a href=\"https:\/\/www.bogaerstalen.nl\/wp-content\/uploads\/2022\/05\/Spaans.pdf\">T\u00e9l\u00e9chargez la fiche de talent (PDF)<\/a><\/td>\n<\/tr>\n<tr>\n<td> Tch\u00e8que<\/td>\n<td><a href=\"https:\/\/www.bogaerstalen.nl\/wp-content\/uploads\/2015\/05\/Tsjechisch.pdf\">T\u00e9l\u00e9chargez la fiche de talent (PDF)<\/a><\/td>\n<\/tr>\n<tr>\n<td> Turc<\/td>\n<td><a href=\"https:\/\/www.bogaerstalen.nl\/wp-content\/uploads\/2015\/05\/Turks.pdf\">T\u00e9l\u00e9chargez la fiche de talent (PDF)<\/a><\/td>\n<\/tr>\n<tr>\n<td> Su\u00e9dois<\/td>\n<td><a href=\"https:\/\/www.bogaerstalen.nl\/wp-content\/uploads\/2015\/05\/Zweeds.pdf\">T\u00e9l\u00e9chargez la fiche de talent (PDF)<\/a><\/td>\n<\/tr>\n<\/tbody>\n<\/table>\n\t\t\t\t\t\t\t\t<\/div>\n\t\t\t\t<\/div>\n\t\t\t\t\t<\/div>\n\t\t\t\t<\/div>\n\t\t\t\t<\/div>\n\t\t","protected":false},"excerpt":{"rendered":"<p>Autres langues Que pouvez-vous attendre, entre autres, de cette formation interactive ? Avec les comp\u00e9tences de communication acquises, vous pouvez : effectuer des appels g\u00e9n\u00e9raux de courte dur\u00e9e enrichissez votre vocabulaire comprendre votre interlocuteur et r\u00e9agir de mani\u00e8re appropri\u00e9e comprendre et\/ou \u00e9crire un texte simple et court apprendre \u00e0 conna\u00eetre la culture concern\u00e9e (ainsi que [&hellip;]<\/p>\n","protected":false},"author":3,"featured_media":0,"parent":0,"menu_order":0,"comment_status":"open","ping_status":"open","template":"aw-content-template.php","meta":{"_yoast_wpseo_focuskw":"Autres langues","_yoast_wpseo_metadesc":"","rank_math_focus_keyword":"","rank_math_description":"","footnotes":""},"class_list":["post-8183","page","type-page","status-publish","hentry"],"yoast_head":"<!-- This site is optimized with the Yoast SEO plugin v27.5 - https:\/\/yoast.com\/product\/yoast-seo-wordpress\/ -->\n<title>Autres langues - Bogaers Taleninstituut Tilburg<\/title>\n<meta name=\"robots\" content=\"index, follow, max-snippet:-1, max-image-preview:large, max-video-preview:-1\" \/>\n<link rel=\"canonical\" href=\"https:\/\/www.bogaerstalen.nl\/fr\/autres-langues\/\" \/>\n<meta property=\"og:locale\" content=\"fr_FR\" \/>\n<meta property=\"og:type\" content=\"article\" \/>\n<meta property=\"og:title\" content=\"Autres langues - Bogaers Taleninstituut Tilburg\" \/>\n<meta property=\"og:description\" content=\"Autres langues Que pouvez-vous attendre, entre autres, de cette formation interactive ? Avec les comp\u00e9tences de communication acquises, vous pouvez : effectuer des appels g\u00e9n\u00e9raux de courte dur\u00e9e enrichissez votre vocabulaire comprendre votre interlocuteur et r\u00e9agir de mani\u00e8re appropri\u00e9e comprendre et\/ou \u00e9crire un texte simple et court apprendre \u00e0 conna\u00eetre la culture concern\u00e9e (ainsi que [&hellip;]\" \/>\n<meta property=\"og:url\" content=\"https:\/\/www.bogaerstalen.nl\/fr\/autres-langues\/\" \/>\n<meta property=\"og:site_name\" content=\"Bogaers Taleninstituut Tilburg\" \/>\n<meta property=\"article:publisher\" content=\"https:\/\/www.facebook.com\/taleninstituut\/\" \/>\n<meta property=\"article:modified_time\" content=\"2024-11-14T15:21:13+00:00\" \/>\n<meta name=\"twitter:label1\" content=\"Dur\u00e9e de lecture estim\u00e9e\" \/>\n\t<meta name=\"twitter:data1\" content=\"2 minutes\" \/>\n<script type=\"application\/ld+json\" class=\"yoast-schema-graph\">{\"@context\":\"https:\\\/\\\/schema.org\",\"@graph\":[{\"@type\":\"WebPage\",\"@id\":\"https:\\\/\\\/www.bogaerstalen.nl\\\/fr\\\/autres-langues\\\/\",\"url\":\"https:\\\/\\\/www.bogaerstalen.nl\\\/fr\\\/autres-langues\\\/\",\"name\":\"Autres langues - Bogaers Taleninstituut Tilburg\",\"isPartOf\":{\"@id\":\"https:\\\/\\\/www.bogaerstalen.nl\\\/fr\\\/#website\"},\"datePublished\":\"2024-11-14T12:28:34+00:00\",\"dateModified\":\"2024-11-14T15:21:13+00:00\",\"breadcrumb\":{\"@id\":\"https:\\\/\\\/www.bogaerstalen.nl\\\/fr\\\/autres-langues\\\/#breadcrumb\"},\"inLanguage\":\"fr-FR\",\"potentialAction\":[{\"@type\":\"ReadAction\",\"target\":[\"https:\\\/\\\/www.bogaerstalen.nl\\\/fr\\\/autres-langues\\\/\"]}]},{\"@type\":\"BreadcrumbList\",\"@id\":\"https:\\\/\\\/www.bogaerstalen.nl\\\/fr\\\/autres-langues\\\/#breadcrumb\",\"itemListElement\":[{\"@type\":\"ListItem\",\"position\":1,\"name\":\"Home\",\"item\":\"https:\\\/\\\/www.bogaerstalen.nl\\\/fr\\\/accueil\\\/\"},{\"@type\":\"ListItem\",\"position\":2,\"name\":\"Autres langues\"}]},{\"@type\":\"WebSite\",\"@id\":\"https:\\\/\\\/www.bogaerstalen.nl\\\/fr\\\/#website\",\"url\":\"https:\\\/\\\/www.bogaerstalen.nl\\\/fr\\\/\",\"name\":\"Bogaers Taleninstituut Tilburg\",\"description\":\"Sta sterk met taal!\",\"potentialAction\":[{\"@type\":\"SearchAction\",\"target\":{\"@type\":\"EntryPoint\",\"urlTemplate\":\"https:\\\/\\\/www.bogaerstalen.nl\\\/fr\\\/?s={search_term_string}\"},\"query-input\":{\"@type\":\"PropertyValueSpecification\",\"valueRequired\":true,\"valueName\":\"search_term_string\"}}],\"inLanguage\":\"fr-FR\"}]}<\/script>\n<!-- \/ Yoast SEO plugin. -->","yoast_head_json":{"title":"Autres langues - Bogaers Taleninstituut Tilburg","robots":{"index":"index","follow":"follow","max-snippet":"max-snippet:-1","max-image-preview":"max-image-preview:large","max-video-preview":"max-video-preview:-1"},"canonical":"https:\/\/www.bogaerstalen.nl\/fr\/autres-langues\/","og_locale":"fr_FR","og_type":"article","og_title":"Autres langues - Bogaers Taleninstituut Tilburg","og_description":"Autres langues Que pouvez-vous attendre, entre autres, de cette formation interactive ? Avec les comp\u00e9tences de communication acquises, vous pouvez : effectuer des appels g\u00e9n\u00e9raux de courte dur\u00e9e enrichissez votre vocabulaire comprendre votre interlocuteur et r\u00e9agir de mani\u00e8re appropri\u00e9e comprendre et\/ou \u00e9crire un texte simple et court apprendre \u00e0 conna\u00eetre la culture concern\u00e9e (ainsi que [&hellip;]","og_url":"https:\/\/www.bogaerstalen.nl\/fr\/autres-langues\/","og_site_name":"Bogaers Taleninstituut Tilburg","article_publisher":"https:\/\/www.facebook.com\/taleninstituut\/","article_modified_time":"2024-11-14T15:21:13+00:00","twitter_misc":{"Dur\u00e9e de lecture estim\u00e9e":"2 minutes"},"schema":{"@context":"https:\/\/schema.org","@graph":[{"@type":"WebPage","@id":"https:\/\/www.bogaerstalen.nl\/fr\/autres-langues\/","url":"https:\/\/www.bogaerstalen.nl\/fr\/autres-langues\/","name":"Autres langues - Bogaers Taleninstituut Tilburg","isPartOf":{"@id":"https:\/\/www.bogaerstalen.nl\/fr\/#website"},"datePublished":"2024-11-14T12:28:34+00:00","dateModified":"2024-11-14T15:21:13+00:00","breadcrumb":{"@id":"https:\/\/www.bogaerstalen.nl\/fr\/autres-langues\/#breadcrumb"},"inLanguage":"fr-FR","potentialAction":[{"@type":"ReadAction","target":["https:\/\/www.bogaerstalen.nl\/fr\/autres-langues\/"]}]},{"@type":"BreadcrumbList","@id":"https:\/\/www.bogaerstalen.nl\/fr\/autres-langues\/#breadcrumb","itemListElement":[{"@type":"ListItem","position":1,"name":"Home","item":"https:\/\/www.bogaerstalen.nl\/fr\/accueil\/"},{"@type":"ListItem","position":2,"name":"Autres langues"}]},{"@type":"WebSite","@id":"https:\/\/www.bogaerstalen.nl\/fr\/#website","url":"https:\/\/www.bogaerstalen.nl\/fr\/","name":"Bogaers Taleninstituut Tilburg","description":"Sta sterk met taal!","potentialAction":[{"@type":"SearchAction","target":{"@type":"EntryPoint","urlTemplate":"https:\/\/www.bogaerstalen.nl\/fr\/?s={search_term_string}"},"query-input":{"@type":"PropertyValueSpecification","valueRequired":true,"valueName":"search_term_string"}}],"inLanguage":"fr-FR"}]}},"_links":{"self":[{"href":"https:\/\/www.bogaerstalen.nl\/fr\/wp-json\/wp\/v2\/pages\/8183","targetHints":{"allow":["GET"]}}],"collection":[{"href":"https:\/\/www.bogaerstalen.nl\/fr\/wp-json\/wp\/v2\/pages"}],"about":[{"href":"https:\/\/www.bogaerstalen.nl\/fr\/wp-json\/wp\/v2\/types\/page"}],"author":[{"embeddable":true,"href":"https:\/\/www.bogaerstalen.nl\/fr\/wp-json\/wp\/v2\/users\/3"}],"replies":[{"embeddable":true,"href":"https:\/\/www.bogaerstalen.nl\/fr\/wp-json\/wp\/v2\/comments?post=8183"}],"version-history":[{"count":4,"href":"https:\/\/www.bogaerstalen.nl\/fr\/wp-json\/wp\/v2\/pages\/8183\/revisions"}],"predecessor-version":[{"id":8574,"href":"https:\/\/www.bogaerstalen.nl\/fr\/wp-json\/wp\/v2\/pages\/8183\/revisions\/8574"}],"wp:attachment":[{"href":"https:\/\/www.bogaerstalen.nl\/fr\/wp-json\/wp\/v2\/media?parent=8183"}],"curies":[{"name":"wp","href":"https:\/\/api.w.org\/{rel}","templated":true}]}}