{"id":8188,"date":"2024-11-14T13:28:36","date_gmt":"2024-11-14T12:28:36","guid":{"rendered":"https:\/\/www.bogaerstalen.nl\/references\/"},"modified":"2024-11-14T13:28:43","modified_gmt":"2024-11-14T12:28:43","slug":"references","status":"publish","type":"page","link":"https:\/\/www.bogaerstalen.nl\/fr\/references\/","title":{"rendered":"R\u00e9f\u00e9rences"},"content":{"rendered":"\t\t<div data-elementor-type=\"wp-page\" data-elementor-id=\"8188\" class=\"elementor elementor-8188 elementor-309\" data-elementor-post-type=\"page\">\n\t\t\t\t<div class=\"elementor-element elementor-element-baa8f4b e-flex e-con-boxed e-con e-parent\" data-id=\"baa8f4b\" data-element_type=\"container\" data-e-type=\"container\">\n\t\t\t\t\t<div class=\"e-con-inner\">\n\t\t\t\t<div class=\"elementor-element elementor-element-3f9b8e24 elementor-widget elementor-widget-text-editor\" data-id=\"3f9b8e24\" data-element_type=\"widget\" data-e-type=\"widget\" data-widget_type=\"text-editor.default\">\n\t\t\t\t<div class=\"elementor-widget-container\">\n\t\t\t\t\t\t\t\t\t<h1><span style=\"color: #ff9900;\">R\u00e9f\u00e9rences<\/span><\/h1>\n<p>L&rsquo;une des caract\u00e9ristiques de nos services est que nous fournissons des solutions sur mesure. Adapt\u00e9es aux besoins individuels des participants aux cours. Adapt\u00e9es aux besoins sp\u00e9cifiques de l&rsquo;organisation. Nous sommes toutefois convaincus que notre exp\u00e9rience dans des secteurs sp\u00e9cifiques apporte une valeur ajout\u00e9e significative. C&rsquo;est pourquoi nous aimerions vous donner un aper\u00e7u des secteurs, des entreprises et des institutions dans lesquels nous travaillons.    <\/p>\n<h3><big>R\u00e9f\u00e9rences<\/big><\/h3>\n<p><big><br \/><\/big><br \/><img fetchpriority=\"high\" decoding=\"async\" class=\"alignnone wp-image-423 size-full\" src=\"https:\/\/www.bogaerstalen.nl\/wp-content\/uploads\/2014\/11\/Schermafbeelding-2014-11-25-om-09.57.41.png\" alt=\"\" width=\"511\" height=\"469\" srcset=\"https:\/\/www.bogaerstalen.nl\/wp-content\/uploads\/2014\/11\/Schermafbeelding-2014-11-25-om-09.57.41.png 511w, https:\/\/www.bogaerstalen.nl\/wp-content\/uploads\/2014\/11\/Schermafbeelding-2014-11-25-om-09.57.41-510x468.png 510w, https:\/\/www.bogaerstalen.nl\/wp-content\/uploads\/2014\/11\/Schermafbeelding-2014-11-25-om-09.57.41-300x275.png 300w\" sizes=\"(max-width: 511px) 100vw, 511px\" \/><\/p>\n<\/p>\n<h2>Services aux entreprises<\/h2>\n<p>Groupe Diamant D\u00e9tachements Manpower Eksakt Uitzendbureau BV<\/p>\n<p>R<strong>\u00e9int\u00e9gration<\/strong> UWV RBO<\/p>\n<p>B<strong>anque, finance et assurance<\/strong> Interpolis ABN-Amro Health CZ<\/p>\n<p>\u00c9ducation <strong> Universit\u00e9 de Tilburg Clerg\u00e9 Abbaye de Koningshoeve Ned. Congr\u00e9gation Prov.<\/strong>  <\/p>\n<p>G<strong>ouvernement<\/strong> Municipalit\u00e9 de Tilburg Municipalit\u00e9 d&rsquo;Oisterwijk Agriculture et \u00e9levage Agriterra<\/p>\n<p>P<strong>roduits chimiques et pharmaceutiques<\/strong> DSM NeoResins Alabastine Informatics<\/p>\n<p>I<strong>CT Automation<\/strong> Textile, cuir et chaussures Vlisco Van Bommel Ecco Benelux Desso<\/p>\n<p>L<strong>uxe et loisirs<\/strong> OTTO<\/p>\n<p>T<strong>ransport et<\/strong><strong>services g\u00e9n\u00e9raux<\/strong> Schenker Ned Train Lomar Logistics BV BAS Logistics Caterpillar Logistics Services BV LAN Handling Systems BV<\/p>\n<p>V<strong>\u00e9hicules et mat\u00e9riel de transport<\/strong> Chromalloy V DT Daedalus Strukton Railinfra Materieel BV<\/p>\n<p>C<strong>onstructions m\u00e9caniques et industrielles<\/strong> Van Esch BV Skil Europe BV Fabory Nederland \/ Borstlap BV<\/p>\n<p>\u00c9quipement \u00e9lectrique\/\u00e9lectronique <strong> Bosch BV Sony Supply Chain Solutions (Europe) LMS Instruments Siemens Milltronics<\/strong><\/p>\n<p>M<strong>at\u00e9riaux de pr\u00e9cision<\/strong> Fujifilm Manufacturing Europe NRG Benelux Bender Benelux Oc\u00e9 Netherlands Omron Manufacturing<\/p>\n<p>P<strong>apier et carton<\/strong> S.C.A. Emballage<\/p>\n<p>I<strong>ndustrie alimentaire<\/strong> Delicia BV Ma\u00eetre Paul<\/p>\n<p>E<strong>ntreprises de construction, travaux publics<\/strong> Universo BV Zoontjes concrete Ardagh Glass Group<\/p>\n<p>B<strong>ois et meubles<\/strong> Jardin Netherlands BV Mandemakers Group<\/p>\n<p>\u00c9nergie et ressources <strong> Essent<\/strong><\/p>\n<p>T<strong>ourisme et loisirs<\/strong> Efteling Th\u00e9\u00e2tres Tilburg<\/p>\n\t\t\t\t\t\t\t\t<\/div>\n\t\t\t\t<\/div>\n\t\t\t\t\t<\/div>\n\t\t\t\t<\/div>\n\t\t\t\t<\/div>\n\t\t","protected":false},"excerpt":{"rendered":"<p>R\u00e9f\u00e9rences L&rsquo;une des caract\u00e9ristiques de nos services est que nous fournissons des solutions sur mesure. Adapt\u00e9es aux besoins individuels des participants aux cours. Adapt\u00e9es aux besoins sp\u00e9cifiques de l&rsquo;organisation. Nous sommes toutefois convaincus que notre exp\u00e9rience dans des secteurs sp\u00e9cifiques apporte une valeur ajout\u00e9e significative. C&rsquo;est pourquoi nous aimerions vous donner un aper\u00e7u des secteurs, [&hellip;]<\/p>\n","protected":false},"author":3,"featured_media":0,"parent":0,"menu_order":0,"comment_status":"open","ping_status":"open","template":"aw-content-template.php","meta":{"_yoast_wpseo_focuskw":"les r\u00e9f\u00e9rences","_yoast_wpseo_metadesc":"","rank_math_focus_keyword":"","rank_math_description":"","footnotes":""},"class_list":["post-8188","page","type-page","status-publish","hentry"],"yoast_head":"<!-- This site is optimized with the Yoast SEO plugin v27.5 - https:\/\/yoast.com\/product\/yoast-seo-wordpress\/ -->\n<title>R\u00e9f\u00e9rences - Bogaers Taleninstituut Tilburg<\/title>\n<meta name=\"robots\" content=\"index, follow, max-snippet:-1, max-image-preview:large, max-video-preview:-1\" \/>\n<link rel=\"canonical\" href=\"https:\/\/www.bogaerstalen.nl\/fr\/references\/\" \/>\n<meta property=\"og:locale\" content=\"fr_FR\" \/>\n<meta property=\"og:type\" content=\"article\" \/>\n<meta property=\"og:title\" content=\"R\u00e9f\u00e9rences - Bogaers Taleninstituut Tilburg\" \/>\n<meta property=\"og:description\" content=\"R\u00e9f\u00e9rences L&rsquo;une des caract\u00e9ristiques de nos services est que nous fournissons des solutions sur mesure. Adapt\u00e9es aux besoins individuels des participants aux cours. Adapt\u00e9es aux besoins sp\u00e9cifiques de l&rsquo;organisation. Nous sommes toutefois convaincus que notre exp\u00e9rience dans des secteurs sp\u00e9cifiques apporte une valeur ajout\u00e9e significative. C&rsquo;est pourquoi nous aimerions vous donner un aper\u00e7u des secteurs, [&hellip;]\" \/>\n<meta property=\"og:url\" content=\"https:\/\/www.bogaerstalen.nl\/fr\/references\/\" \/>\n<meta property=\"og:site_name\" content=\"Bogaers Taleninstituut Tilburg\" \/>\n<meta property=\"article:publisher\" content=\"https:\/\/www.facebook.com\/taleninstituut\/\" \/>\n<meta property=\"article:modified_time\" content=\"2024-11-14T12:28:43+00:00\" \/>\n<meta property=\"og:image\" content=\"https:\/\/www.bogaerstalen.nl\/wp-content\/uploads\/2014\/11\/Schermafbeelding-2014-11-25-om-09.57.41.png\" \/>\n\t<meta property=\"og:image:width\" content=\"511\" \/>\n\t<meta property=\"og:image:height\" content=\"469\" \/>\n\t<meta property=\"og:image:type\" content=\"image\/png\" \/>\n<meta name=\"twitter:label1\" content=\"Dur\u00e9e de lecture estim\u00e9e\" \/>\n\t<meta name=\"twitter:data1\" content=\"1 minute\" \/>\n<script type=\"application\/ld+json\" class=\"yoast-schema-graph\">{\"@context\":\"https:\\\/\\\/schema.org\",\"@graph\":[{\"@type\":\"WebPage\",\"@id\":\"https:\\\/\\\/www.bogaerstalen.nl\\\/fr\\\/references\\\/\",\"url\":\"https:\\\/\\\/www.bogaerstalen.nl\\\/fr\\\/references\\\/\",\"name\":\"R\u00e9f\u00e9rences - Bogaers Taleninstituut Tilburg\",\"isPartOf\":{\"@id\":\"https:\\\/\\\/www.bogaerstalen.nl\\\/fr\\\/#website\"},\"primaryImageOfPage\":{\"@id\":\"https:\\\/\\\/www.bogaerstalen.nl\\\/fr\\\/references\\\/#primaryimage\"},\"image\":{\"@id\":\"https:\\\/\\\/www.bogaerstalen.nl\\\/fr\\\/references\\\/#primaryimage\"},\"thumbnailUrl\":\"https:\\\/\\\/www.bogaerstalen.nl\\\/wp-content\\\/uploads\\\/2014\\\/11\\\/Schermafbeelding-2014-11-25-om-09.57.41.png\",\"datePublished\":\"2024-11-14T12:28:36+00:00\",\"dateModified\":\"2024-11-14T12:28:43+00:00\",\"breadcrumb\":{\"@id\":\"https:\\\/\\\/www.bogaerstalen.nl\\\/fr\\\/references\\\/#breadcrumb\"},\"inLanguage\":\"fr-FR\",\"potentialAction\":[{\"@type\":\"ReadAction\",\"target\":[\"https:\\\/\\\/www.bogaerstalen.nl\\\/fr\\\/references\\\/\"]}]},{\"@type\":\"ImageObject\",\"inLanguage\":\"fr-FR\",\"@id\":\"https:\\\/\\\/www.bogaerstalen.nl\\\/fr\\\/references\\\/#primaryimage\",\"url\":\"https:\\\/\\\/www.bogaerstalen.nl\\\/wp-content\\\/uploads\\\/2014\\\/11\\\/Schermafbeelding-2014-11-25-om-09.57.41.png\",\"contentUrl\":\"https:\\\/\\\/www.bogaerstalen.nl\\\/wp-content\\\/uploads\\\/2014\\\/11\\\/Schermafbeelding-2014-11-25-om-09.57.41.png\"},{\"@type\":\"BreadcrumbList\",\"@id\":\"https:\\\/\\\/www.bogaerstalen.nl\\\/fr\\\/references\\\/#breadcrumb\",\"itemListElement\":[{\"@type\":\"ListItem\",\"position\":1,\"name\":\"Home\",\"item\":\"https:\\\/\\\/www.bogaerstalen.nl\\\/fr\\\/accueil\\\/\"},{\"@type\":\"ListItem\",\"position\":2,\"name\":\"R\u00e9f\u00e9rences\"}]},{\"@type\":\"WebSite\",\"@id\":\"https:\\\/\\\/www.bogaerstalen.nl\\\/fr\\\/#website\",\"url\":\"https:\\\/\\\/www.bogaerstalen.nl\\\/fr\\\/\",\"name\":\"Bogaers Taleninstituut Tilburg\",\"description\":\"Sta sterk met taal!\",\"potentialAction\":[{\"@type\":\"SearchAction\",\"target\":{\"@type\":\"EntryPoint\",\"urlTemplate\":\"https:\\\/\\\/www.bogaerstalen.nl\\\/fr\\\/?s={search_term_string}\"},\"query-input\":{\"@type\":\"PropertyValueSpecification\",\"valueRequired\":true,\"valueName\":\"search_term_string\"}}],\"inLanguage\":\"fr-FR\"}]}<\/script>\n<!-- \/ Yoast SEO plugin. -->","yoast_head_json":{"title":"R\u00e9f\u00e9rences - Bogaers Taleninstituut Tilburg","robots":{"index":"index","follow":"follow","max-snippet":"max-snippet:-1","max-image-preview":"max-image-preview:large","max-video-preview":"max-video-preview:-1"},"canonical":"https:\/\/www.bogaerstalen.nl\/fr\/references\/","og_locale":"fr_FR","og_type":"article","og_title":"R\u00e9f\u00e9rences - Bogaers Taleninstituut Tilburg","og_description":"R\u00e9f\u00e9rences L&rsquo;une des caract\u00e9ristiques de nos services est que nous fournissons des solutions sur mesure. Adapt\u00e9es aux besoins individuels des participants aux cours. Adapt\u00e9es aux besoins sp\u00e9cifiques de l&rsquo;organisation. Nous sommes toutefois convaincus que notre exp\u00e9rience dans des secteurs sp\u00e9cifiques apporte une valeur ajout\u00e9e significative. C&rsquo;est pourquoi nous aimerions vous donner un aper\u00e7u des secteurs, [&hellip;]","og_url":"https:\/\/www.bogaerstalen.nl\/fr\/references\/","og_site_name":"Bogaers Taleninstituut Tilburg","article_publisher":"https:\/\/www.facebook.com\/taleninstituut\/","article_modified_time":"2024-11-14T12:28:43+00:00","og_image":[{"width":511,"height":469,"url":"https:\/\/www.bogaerstalen.nl\/wp-content\/uploads\/2014\/11\/Schermafbeelding-2014-11-25-om-09.57.41.png","type":"image\/png"}],"twitter_misc":{"Dur\u00e9e de lecture estim\u00e9e":"1 minute"},"schema":{"@context":"https:\/\/schema.org","@graph":[{"@type":"WebPage","@id":"https:\/\/www.bogaerstalen.nl\/fr\/references\/","url":"https:\/\/www.bogaerstalen.nl\/fr\/references\/","name":"R\u00e9f\u00e9rences - Bogaers Taleninstituut Tilburg","isPartOf":{"@id":"https:\/\/www.bogaerstalen.nl\/fr\/#website"},"primaryImageOfPage":{"@id":"https:\/\/www.bogaerstalen.nl\/fr\/references\/#primaryimage"},"image":{"@id":"https:\/\/www.bogaerstalen.nl\/fr\/references\/#primaryimage"},"thumbnailUrl":"https:\/\/www.bogaerstalen.nl\/wp-content\/uploads\/2014\/11\/Schermafbeelding-2014-11-25-om-09.57.41.png","datePublished":"2024-11-14T12:28:36+00:00","dateModified":"2024-11-14T12:28:43+00:00","breadcrumb":{"@id":"https:\/\/www.bogaerstalen.nl\/fr\/references\/#breadcrumb"},"inLanguage":"fr-FR","potentialAction":[{"@type":"ReadAction","target":["https:\/\/www.bogaerstalen.nl\/fr\/references\/"]}]},{"@type":"ImageObject","inLanguage":"fr-FR","@id":"https:\/\/www.bogaerstalen.nl\/fr\/references\/#primaryimage","url":"https:\/\/www.bogaerstalen.nl\/wp-content\/uploads\/2014\/11\/Schermafbeelding-2014-11-25-om-09.57.41.png","contentUrl":"https:\/\/www.bogaerstalen.nl\/wp-content\/uploads\/2014\/11\/Schermafbeelding-2014-11-25-om-09.57.41.png"},{"@type":"BreadcrumbList","@id":"https:\/\/www.bogaerstalen.nl\/fr\/references\/#breadcrumb","itemListElement":[{"@type":"ListItem","position":1,"name":"Home","item":"https:\/\/www.bogaerstalen.nl\/fr\/accueil\/"},{"@type":"ListItem","position":2,"name":"R\u00e9f\u00e9rences"}]},{"@type":"WebSite","@id":"https:\/\/www.bogaerstalen.nl\/fr\/#website","url":"https:\/\/www.bogaerstalen.nl\/fr\/","name":"Bogaers Taleninstituut Tilburg","description":"Sta sterk met taal!","potentialAction":[{"@type":"SearchAction","target":{"@type":"EntryPoint","urlTemplate":"https:\/\/www.bogaerstalen.nl\/fr\/?s={search_term_string}"},"query-input":{"@type":"PropertyValueSpecification","valueRequired":true,"valueName":"search_term_string"}}],"inLanguage":"fr-FR"}]}},"_links":{"self":[{"href":"https:\/\/www.bogaerstalen.nl\/fr\/wp-json\/wp\/v2\/pages\/8188","targetHints":{"allow":["GET"]}}],"collection":[{"href":"https:\/\/www.bogaerstalen.nl\/fr\/wp-json\/wp\/v2\/pages"}],"about":[{"href":"https:\/\/www.bogaerstalen.nl\/fr\/wp-json\/wp\/v2\/types\/page"}],"author":[{"embeddable":true,"href":"https:\/\/www.bogaerstalen.nl\/fr\/wp-json\/wp\/v2\/users\/3"}],"replies":[{"embeddable":true,"href":"https:\/\/www.bogaerstalen.nl\/fr\/wp-json\/wp\/v2\/comments?post=8188"}],"version-history":[{"count":1,"href":"https:\/\/www.bogaerstalen.nl\/fr\/wp-json\/wp\/v2\/pages\/8188\/revisions"}],"predecessor-version":[{"id":8195,"href":"https:\/\/www.bogaerstalen.nl\/fr\/wp-json\/wp\/v2\/pages\/8188\/revisions\/8195"}],"wp:attachment":[{"href":"https:\/\/www.bogaerstalen.nl\/fr\/wp-json\/wp\/v2\/media?parent=8188"}],"curies":[{"name":"wp","href":"https:\/\/api.w.org\/{rel}","templated":true}]}}