{"id":8201,"date":"2024-11-14T13:28:41","date_gmt":"2024-11-14T12:28:41","guid":{"rendered":"https:\/\/www.bogaerstalen.nl\/partenaires\/"},"modified":"2024-11-14T13:28:43","modified_gmt":"2024-11-14T12:28:43","slug":"partenaires","status":"publish","type":"page","link":"https:\/\/www.bogaerstalen.nl\/fr\/partenaires\/","title":{"rendered":"Partenaires"},"content":{"rendered":"\t\t<div data-elementor-type=\"wp-page\" data-elementor-id=\"8201\" class=\"elementor elementor-8201 elementor-304\" data-elementor-post-type=\"page\">\n\t\t\t\t<div class=\"elementor-element elementor-element-f89d292 e-flex e-con-boxed e-con e-parent\" data-id=\"f89d292\" data-element_type=\"container\" data-e-type=\"container\">\n\t\t\t\t\t<div class=\"e-con-inner\">\n\t\t\t\t<div class=\"elementor-element elementor-element-ab1b8e7 elementor-widget elementor-widget-text-editor\" data-id=\"ab1b8e7\" data-element_type=\"widget\" data-e-type=\"widget\" data-widget_type=\"text-editor.default\">\n\t\t\t\t<div class=\"elementor-widget-container\">\n\t\t\t\t\t\t\t\t\t<h1><span style=\"color: #ff9900;\">Partenaires<\/span><\/h1>\n<h3>R\u00e9serv\u00e9 aux d\u00e9tenteurs d&rsquo;un passeport linguistique et culturel !<\/h3>\n<p>B\u00e9n\u00e9ficiez des actions ci-dessous avec le Pass Langue &amp; Culture Bogaers En tant que participant aux cours de Bogaers Taleninstituut, vous b\u00e9n\u00e9ficiez gratuitement de ce pass.<\/p>\n<p>Vous souhaitez contribuer \u00e0 cette id\u00e9e ?<br \/>N&rsquo;h\u00e9sitez pas \u00e0 l&rsquo;envoyer par e-mail \u00e0<a href=\"mailto:jolanda.meijden@bogaerstalen.nl.Bovendien\"> jolanda.meijden@bogaerstalen.nl.<\/a> De plus, vous\/votre entreprise obtiendrez une meilleure position dans le classement Google. <\/p>\n<hr>\n<div class=\"item-page\">\n<p>\u00c0 partir du 1er d\u00e9cembre 2020, vous pourrez \u00e0 nouveau b\u00e9n\u00e9ficier d&rsquo;une consultation gratuite sur le d\u00e9veloppement.<\/p>\n<p>Un programme similaire, mis en place en ao\u00fbt, a \u00e9t\u00e9 \u00e9puis\u00e9 en l&rsquo;espace d&rsquo;un mois. 22 000 personnes ont d\u00e9pos\u00e9 une demande et le fonds de subvention s&rsquo;est alors vid\u00e9.<\/p>\n<p>Heureusement, le gouvernement a choisi de rendre \u00e0 nouveau possible le conseil en d\u00e9veloppement gratuit \u00e0 partir de d\u00e9cembre 2020.<\/p>\n<p>Vous avez envie de 4 heures de coaching individuel gratuit, y compris un programme de carri\u00e8re en ligne ?<\/p>\n<p>Inscrivez-vous d\u00e8s maintenant sur notre liste d&rsquo;attente afin que nous soyons les premiers \u00e0 vous informer de l&rsquo;ouverture des portes de la bourse.<\/p>\n<p><a href=\"https:\/\/degelukkigeprofessional.us20.list-manage.com\/track\/click?u=c0dda73d986281e22e736a727&amp;id=c0c8b13762&amp;e=1e5a989e71\" target=\"_blank\" rel=\"noopener noreferrer\" data-saferedirecturl=\"https:\/\/www.google.com\/url?q=https:\/\/degelukkigeprofessional.us20.list-manage.com\/track\/click?u%3Dc0dda73d986281e22e736a727%26id%3Dc0c8b13762%26e%3D1e5a989e71&amp;source=gmail&amp;ust=1602338908283000&amp;usg=AFQjCNFIjS3YhFiMhPu9s9gMW8_dkVdUrw\"><br \/>Vous trouverez sur cette page un formulaire \u00e0 remplir pour vous inscrire sur notre liste d&rsquo;attente.<\/a><\/p>\n<p>Nous sommes toujours en pleine activit\u00e9 avec ceux qui se sont inscrits aux conseils de d\u00e9veloppement en ao\u00fbt et c&rsquo;est encore une fois incroyablement amusant \u00e0 faire.<\/p>\n<p>Les participants d\u00e9couvrent de belles choses, se voient parfois confirm\u00e9s dans ce qu&rsquo;ils savent d\u00e9j\u00e0 sur eux-m\u00eames ou sur leur travail, et savent de toute fa\u00e7on, apr\u00e8s le Conseil de d\u00e9veloppement, ce qu&rsquo;ils doivent faire ensuite.<\/p>\n<p>Nous attendons donc d\u00e9j\u00e0 avec impatience le tour de d\u00e9cembre. Vous aussi ? <\/p>\n<p><a href=\"https:\/\/degelukkigeprofessional.us20.list-manage.com\/track\/click?u=c0dda73d986281e22e736a727&amp;id=3945d0f10e&amp;e=1e5a989e71\" target=\"_blank\" rel=\"noopener noreferrer\" data-saferedirecturl=\"https:\/\/www.google.com\/url?q=https:\/\/degelukkigeprofessional.us20.list-manage.com\/track\/click?u%3Dc0dda73d986281e22e736a727%26id%3D3945d0f10e%26e%3D1e5a989e71&amp;source=gmail&amp;ust=1602338908283000&amp;usg=AFQjCNH6OPladyDO3LaFf7AMOoVmdS9qqA\">Alors inscrivez-vous rapidement !<\/a><\/p>\n<p><a href=\"https:\/\/www.degelukkigeprofessional.nl\/trivalent-academie\/\">  www.degelukkigeprofessional.nl\/trivalent-academie\/<\/a><\/p>\n<hr>\n<p>Utilisez <a href=\"https:\/\/www.booking.com\">Booking.com<\/a> et r\u00e9compensez-nous tous les deux avec 15 \u20ac. <a href=\"https:\/\/www.booking.com\/s\/r0252306\">https:\/\/www.booking.com\/s\/r0252306<\/a><\/p>\n<div class=\"item-page\">\n<div class=\"item-page\">\n<p><a href=\"http:\/\/www.studytravel.nl\/?aff=1D001\">Www.studytravel.co.uk<\/a>pour un voyage amusant et \u00e9ducatif !<\/p>\n<\/div>\n<\/div>\n<div class=\"item-page\">\n<div class=\"item-page\">\n<hr>\n<\/div>\n<div class=\"item-page\">\n<p><strong>Nuit\u00e9e dans un B&amp;B agr\u00e9able pour seulement \u20ac 29,- p.p. &#8211; (pour un s\u00e9jour de min. 2 pers.)<br \/><\/strong><\/p>\n<p><strong>y compris le petit-d\u00e9jeuner bourguignon ! <\/strong><br \/><strong><a href=\"https:\/\/www.bogaerstalen.nl\/acacia\/\">www.bogaerstalen.nl\/acacia<\/a><\/strong><\/p>\n<\/div>\n<\/div>\n<p>&#8212;&#8212;&#8212;&#8212;&#8212;&#8212;&#8212;&#8212;&#8212;&#8212;&#8212;&#8212;&#8212;&#8212;&#8212;&#8212;&#8212;&#8212;&#8212;&#8212;&#8212;&#8212;&#8212;&#8212;&#8212;&#8212;&#8212;&#8212;&#8212;&#8212;&#8212;&#8212;&#8212;&#8212;&#8212;&#8212;&#8212;&#8212;&#8212;&#8212;&#8212;&#8212;&#8212;&#8212;&#8212;&#8212;&#8212;&#8212;&#8212;&#8212;&#8212;&#8212;&#8212;&#8212;&#8212;&#8212;&#8212;&#8212;&#8212;&#8212;&#8212;&#8211;<\/p>\n<p>Bogaers Taleninstituut BV, une \u00e9cole de langues exp\u00e9riment\u00e9e depuis 1986, souhaite entamer une belle et libre collaboration avec votre organisation.<\/p>\n<p>La raison en est que nous voulons aider nos \u00e9tudiants\/expatri\u00e9s (\u00e9trangers) \u00e0 ma\u00eetriser la langue n\u00e9erlandaise autant que possible.<\/p>\n<p>Le sport et l&rsquo;exercice sont bons et sains pour de nombreuses choses, y compris pour le cerveau humain qui apprend\/comprend et se souvient plus rapidement et plus efficacement !<\/p>\n<p>Si nos stagiaires interagissent plus souvent avec d&rsquo;autres personnes dans les espaces locaux et publics, ils auront l&rsquo;occasion de parler plus souvent le n\u00e9erlandais, ce qui renforcera leur confiance en eux.<\/p>\n<p>Apprendre la langue en pratique, c&rsquo;est donc aussi multiplier les opportunit\u00e9s sur le march\u00e9 du travail !<\/p>\n<p>Il peut \u00e9galement y avoir des possibilit\u00e9s de double parcours, de sorte que le n\u00e9erlandais soit \u00e9galement \u00ab\u00a0naturalis\u00e9\u00a0\u00bb sur le lieu de travail.<\/p>\n<p>Un stagiaire apprend ainsi \u00e0 d\u00e9velopper des comp\u00e9tences d&#8217;employ\u00e9, des comp\u00e9tences sociales et peut-\u00eatre num\u00e9riques.<\/p>\n<p><strong>Comment cela fonctionne-t-il ?<\/strong><\/p>\n<p>Nos stagiaires re\u00e7oivent un laissez-passer culturel qui comporte un lien avec les parties avec lesquelles nous collaborons d\u00e9j\u00e0.<\/p>\n<p>Votre nom, votre logo et vos informations appara\u00eetront avec le lien sur la carte culture.<\/p>\n<p>Les membres de votre organisation peuvent \u00e9galement passer gratuitement un test de langue de leur choix chez Bogaers Talen ! (d&rsquo;une valeur de 50 euros). <\/p>\n<p>Il s&rsquo;agit donc d&rsquo;une situation gagnant-gagnant et totalement gratuite.<\/p>\n<p>Si vous avez d&rsquo;autres suggestions ou si vous pr\u00e9f\u00e9rez en discuter autour d&rsquo;une table, c&rsquo;est \u00e9galement possible !<\/p>\n<p>Bien entendu, nous pouvons \u00e9galement \u00e9changer des pistes ou du mat\u00e9riel d&rsquo;affichage.<\/p>\n<p>R\u00e9ponse :<\/p>\n<p>Ch\u00e8re Jolanda, excellente initiative. Nous voulons coop\u00e9rer gratuitement, qui sait ce que nous pouvons faire l&rsquo;un pour l&rsquo;autre et pour nos visiteurs\/participants de cette mani\u00e8re ? <\/p>\n<p>Nom : Centre d&rsquo;expertise sur l&rsquo;\u00e9mancipation Phoenix Tilburg  <\/p>\n<p>Info <a href=\"https:\/\/fenikstilburg.nl\/aanbod\/\">: https:\/\/fenikstilburg.nl\/aanbod\/<\/a><\/p>\n<p>Nous sommes heureux de participer !<\/p>\n<p>Je vous prie d&rsquo;agr\u00e9er, Madame, Monsieur, l&rsquo;expression de mes salutations distingu\u00e9es.<\/p>\n<p><strong><em>Kristel Doorakkers<\/em><\/strong><br \/>Formatrice et coach<\/p>\n<p>Centre d&rsquo;expertise sur l&rsquo;\u00e9mancipation de Phoenix<\/p>\n<p>NS Plein 17, 5014 DA Tilburg<\/p>\n<p>T : 013 5421896<a href=\"mailto:kristel.doorakkers@fenikstilburg.nl\">kristel.doorakkers@fenikstilburg.nl<\/a><\/p>\n<p>Nom : Centre d&rsquo;expertise sur l&rsquo;\u00e9mancipation Phoenix Tilburg<\/p>\n<p>Info <a href=\"https:\/\/fenikstilburg.nl\/aanbod\/\">: https:\/\/fenikstilburg.nl\/aanbod\/<\/a><\/p>\n<p><a href=\"http:\/\/www.fenikstilburg.nl\">www.fenikstilburg.nl<\/a><\/p>\n<p>&#8212;&#8212;&#8212;&#8212;&#8212;&#8212;&#8212;&#8212;&#8212;&#8212;&#8212;&#8212;&#8212;&#8212;&#8212;&#8212;&#8212;&#8212;&#8212;&#8212;&#8212;&#8212;&#8212;&#8212;&#8212;&#8212;&#8212;&#8212;&#8212;&#8212;&#8212;&#8212;&#8212;&#8212;&#8212;&#8212;&#8212;&#8212;&#8212;&#8212;&#8212;&#8212;&#8212;&#8212;&#8212;&#8212;&#8212;&#8212;&#8212;&#8212;&#8212;&#8212;&#8212;&#8212;&#8212;&#8212;&#8212;&#8212;&#8212;&#8212;&#8212;&#8212;-<\/p>\n<table>\n<tbody>\n<tr>\n<td width=\"3\"> <\/td>\n<\/tr>\n<tr>\n<td> <\/td>\n<td> <\/td>\n<\/tr>\n<\/tbody>\n<\/table>\n<p>B\u00e9n\u00e9ficiez de 10% de r\u00e9duction sur toutes les offres Novasol avec le pass culture BogaersTalen !<\/p>\n<p><a href=\"https:\/\/www.novasol.nl\/\">https:\/\/www.novasol.nl\/<\/a><\/p>\n<hr>\n<p><strong>Autre :<\/strong><\/p>\n<\/div>\n<div class=\"item-page\">\n<div class=\"item-page\">\n<p><a href=\"http:\/\/www.beautalen.nl\/\" target=\"_blank\" rel=\"noopener noreferrer\">www.beautalen.nl<br \/><\/a><\/p>\n<\/div>\n<p><a href=\"http:\/\/www.zegenrijk.nl\/\" target=\"_blank\" rel=\"noopener noreferrer\">www.zegenrijk.nl<\/a><\/p>\n<p>w<a href=\"http:\/\/www.xlvertaalservice.nl\/partners.html\" target=\"_blank\" rel=\"noopener noreferrer\">ww.xlve<\/a>rtaalservice.nl\/partners.html<\/p>\n<p><a href=\"http:\/\/www.bed-en-breakfast.nl\/\" target=\"_blank\" rel=\"noopener noreferrer\">bed-and-breakfast.com<\/a><\/p>\n<p><a href=\"http:\/\/www.instituutbroers.nl\" target=\"_blank\" rel=\"noopener noreferrer\">www.instituutbroers.nl<\/a><\/p>\n<p><a href=\"http:\/\/www.cursusvoor.nl\/\" target=\"_blank\" rel=\"noopener noreferrer\">www.cursusvoor.nl<\/a><\/p>\n<p><a href=\"http:\/\/www.albertkeldersportmassage.nl\/\" target=\"_blank\" rel=\"noopener noreferrer\">www.albertkeldersportmassage.nl<\/a><\/p>\n<p><a href=\"http:\/\/www.hollandexpatcenter.com\/\" target=\"_blank\" rel=\"noopener noreferrer\">www.hollandexpatcenter.com<\/a><\/p>\n<p><a href=\"http:\/\/www.please.nl\" target=\"_blank\" rel=\"noopener noreferrer\">www.please.nl<\/a><\/p>\n<p><a style=\"font-size: 15px;\" href=\"http:\/\/www.kieseentraining.nl\/\" target=\"_blank\" rel=\"noopener noreferrer\">www.kieseentraining.nl<\/a><\/p>\n<p><a href=\"http:\/\/www.bsigroup.com\">www.bsigroup.com<\/a><\/p>\n<p><a href=\"https:\/\/www.testgroup.eu\/competentietest\/\" target=\"_blank\" rel=\"noopener noreferrer\">test de comp\u00e9tence<\/a><\/p>\n<\/div>\n\t\t\t\t\t\t\t\t<\/div>\n\t\t\t\t<\/div>\n\t\t\t\t\t<\/div>\n\t\t\t\t<\/div>\n\t\t\t\t<\/div>\n\t\t","protected":false},"excerpt":{"rendered":"<p>Partenaires R\u00e9serv\u00e9 aux d\u00e9tenteurs d&rsquo;un passeport linguistique et culturel ! B\u00e9n\u00e9ficiez des actions ci-dessous avec le Pass Langue &amp; Culture Bogaers En tant que participant aux cours de Bogaers Taleninstituut, vous b\u00e9n\u00e9ficiez gratuitement de ce pass. Vous souhaitez contribuer \u00e0 cette id\u00e9e ?N&rsquo;h\u00e9sitez pas \u00e0 l&rsquo;envoyer par e-mail \u00e0 jolanda.meijden@bogaerstalen.nl. De plus, vous\/votre entreprise obtiendrez [&hellip;]<\/p>\n","protected":false},"author":3,"featured_media":0,"parent":0,"menu_order":0,"comment_status":"open","ping_status":"open","template":"aw-content-template.php","meta":{"_yoast_wpseo_focuskw":"Partenaires","_yoast_wpseo_metadesc":"","rank_math_focus_keyword":"","rank_math_description":"","footnotes":""},"class_list":["post-8201","page","type-page","status-publish","hentry"],"yoast_head":"<!-- This site is optimized with the Yoast SEO plugin v27.2 - https:\/\/yoast.com\/product\/yoast-seo-wordpress\/ -->\n<title>Partenaires - Bogaers Taleninstituut Tilburg<\/title>\n<meta name=\"robots\" content=\"index, follow, max-snippet:-1, max-image-preview:large, max-video-preview:-1\" \/>\n<link rel=\"canonical\" href=\"https:\/\/www.bogaerstalen.nl\/fr\/partenaires\/\" \/>\n<meta property=\"og:locale\" content=\"fr_FR\" \/>\n<meta property=\"og:type\" content=\"article\" \/>\n<meta property=\"og:title\" content=\"Partenaires - Bogaers Taleninstituut Tilburg\" \/>\n<meta property=\"og:description\" content=\"Partenaires R\u00e9serv\u00e9 aux d\u00e9tenteurs d&rsquo;un passeport linguistique et culturel ! B\u00e9n\u00e9ficiez des actions ci-dessous avec le Pass Langue &amp; Culture Bogaers En tant que participant aux cours de Bogaers Taleninstituut, vous b\u00e9n\u00e9ficiez gratuitement de ce pass. Vous souhaitez contribuer \u00e0 cette id\u00e9e ?N&rsquo;h\u00e9sitez pas \u00e0 l&rsquo;envoyer par e-mail \u00e0 jolanda.meijden@bogaerstalen.nl. De plus, vous\/votre entreprise obtiendrez [&hellip;]\" \/>\n<meta property=\"og:url\" content=\"https:\/\/www.bogaerstalen.nl\/fr\/partenaires\/\" \/>\n<meta property=\"og:site_name\" content=\"Bogaers Taleninstituut Tilburg\" \/>\n<meta property=\"article:publisher\" content=\"https:\/\/www.facebook.com\/taleninstituut\/\" \/>\n<meta property=\"article:modified_time\" content=\"2024-11-14T12:28:43+00:00\" \/>\n<meta name=\"twitter:label1\" content=\"Dur\u00e9e de lecture estim\u00e9e\" \/>\n\t<meta name=\"twitter:data1\" content=\"4 minutes\" \/>\n<script type=\"application\/ld+json\" class=\"yoast-schema-graph\">{\"@context\":\"https:\/\/schema.org\",\"@graph\":[{\"@type\":\"WebPage\",\"@id\":\"https:\/\/www.bogaerstalen.nl\/fr\/partenaires\/\",\"url\":\"https:\/\/www.bogaerstalen.nl\/fr\/partenaires\/\",\"name\":\"Partenaires - Bogaers Taleninstituut Tilburg\",\"isPartOf\":{\"@id\":\"https:\/\/www.bogaerstalen.nl\/fr\/#website\"},\"datePublished\":\"2024-11-14T12:28:41+00:00\",\"dateModified\":\"2024-11-14T12:28:43+00:00\",\"breadcrumb\":{\"@id\":\"https:\/\/www.bogaerstalen.nl\/fr\/partenaires\/#breadcrumb\"},\"inLanguage\":\"fr-FR\",\"potentialAction\":[{\"@type\":\"ReadAction\",\"target\":[\"https:\/\/www.bogaerstalen.nl\/fr\/partenaires\/\"]}]},{\"@type\":\"BreadcrumbList\",\"@id\":\"https:\/\/www.bogaerstalen.nl\/fr\/partenaires\/#breadcrumb\",\"itemListElement\":[{\"@type\":\"ListItem\",\"position\":1,\"name\":\"Home\",\"item\":\"https:\/\/www.bogaerstalen.nl\/fr\/accueil\/\"},{\"@type\":\"ListItem\",\"position\":2,\"name\":\"Partenaires\"}]},{\"@type\":\"WebSite\",\"@id\":\"https:\/\/www.bogaerstalen.nl\/fr\/#website\",\"url\":\"https:\/\/www.bogaerstalen.nl\/fr\/\",\"name\":\"Bogaers Taleninstituut Tilburg\",\"description\":\"Sta sterk met taal!\",\"potentialAction\":[{\"@type\":\"SearchAction\",\"target\":{\"@type\":\"EntryPoint\",\"urlTemplate\":\"https:\/\/www.bogaerstalen.nl\/fr\/?s={search_term_string}\"},\"query-input\":{\"@type\":\"PropertyValueSpecification\",\"valueRequired\":true,\"valueName\":\"search_term_string\"}}],\"inLanguage\":\"fr-FR\"}]}<\/script>\n<!-- \/ Yoast SEO plugin. -->","yoast_head_json":{"title":"Partenaires - Bogaers Taleninstituut Tilburg","robots":{"index":"index","follow":"follow","max-snippet":"max-snippet:-1","max-image-preview":"max-image-preview:large","max-video-preview":"max-video-preview:-1"},"canonical":"https:\/\/www.bogaerstalen.nl\/fr\/partenaires\/","og_locale":"fr_FR","og_type":"article","og_title":"Partenaires - Bogaers Taleninstituut Tilburg","og_description":"Partenaires R\u00e9serv\u00e9 aux d\u00e9tenteurs d&rsquo;un passeport linguistique et culturel ! B\u00e9n\u00e9ficiez des actions ci-dessous avec le Pass Langue &amp; Culture Bogaers En tant que participant aux cours de Bogaers Taleninstituut, vous b\u00e9n\u00e9ficiez gratuitement de ce pass. Vous souhaitez contribuer \u00e0 cette id\u00e9e ?N&rsquo;h\u00e9sitez pas \u00e0 l&rsquo;envoyer par e-mail \u00e0 jolanda.meijden@bogaerstalen.nl. De plus, vous\/votre entreprise obtiendrez [&hellip;]","og_url":"https:\/\/www.bogaerstalen.nl\/fr\/partenaires\/","og_site_name":"Bogaers Taleninstituut Tilburg","article_publisher":"https:\/\/www.facebook.com\/taleninstituut\/","article_modified_time":"2024-11-14T12:28:43+00:00","twitter_misc":{"Dur\u00e9e de lecture estim\u00e9e":"4 minutes"},"schema":{"@context":"https:\/\/schema.org","@graph":[{"@type":"WebPage","@id":"https:\/\/www.bogaerstalen.nl\/fr\/partenaires\/","url":"https:\/\/www.bogaerstalen.nl\/fr\/partenaires\/","name":"Partenaires - Bogaers Taleninstituut Tilburg","isPartOf":{"@id":"https:\/\/www.bogaerstalen.nl\/fr\/#website"},"datePublished":"2024-11-14T12:28:41+00:00","dateModified":"2024-11-14T12:28:43+00:00","breadcrumb":{"@id":"https:\/\/www.bogaerstalen.nl\/fr\/partenaires\/#breadcrumb"},"inLanguage":"fr-FR","potentialAction":[{"@type":"ReadAction","target":["https:\/\/www.bogaerstalen.nl\/fr\/partenaires\/"]}]},{"@type":"BreadcrumbList","@id":"https:\/\/www.bogaerstalen.nl\/fr\/partenaires\/#breadcrumb","itemListElement":[{"@type":"ListItem","position":1,"name":"Home","item":"https:\/\/www.bogaerstalen.nl\/fr\/accueil\/"},{"@type":"ListItem","position":2,"name":"Partenaires"}]},{"@type":"WebSite","@id":"https:\/\/www.bogaerstalen.nl\/fr\/#website","url":"https:\/\/www.bogaerstalen.nl\/fr\/","name":"Bogaers Taleninstituut Tilburg","description":"Sta sterk met taal!","potentialAction":[{"@type":"SearchAction","target":{"@type":"EntryPoint","urlTemplate":"https:\/\/www.bogaerstalen.nl\/fr\/?s={search_term_string}"},"query-input":{"@type":"PropertyValueSpecification","valueRequired":true,"valueName":"search_term_string"}}],"inLanguage":"fr-FR"}]}},"_links":{"self":[{"href":"https:\/\/www.bogaerstalen.nl\/fr\/wp-json\/wp\/v2\/pages\/8201","targetHints":{"allow":["GET"]}}],"collection":[{"href":"https:\/\/www.bogaerstalen.nl\/fr\/wp-json\/wp\/v2\/pages"}],"about":[{"href":"https:\/\/www.bogaerstalen.nl\/fr\/wp-json\/wp\/v2\/types\/page"}],"author":[{"embeddable":true,"href":"https:\/\/www.bogaerstalen.nl\/fr\/wp-json\/wp\/v2\/users\/3"}],"replies":[{"embeddable":true,"href":"https:\/\/www.bogaerstalen.nl\/fr\/wp-json\/wp\/v2\/comments?post=8201"}],"version-history":[{"count":1,"href":"https:\/\/www.bogaerstalen.nl\/fr\/wp-json\/wp\/v2\/pages\/8201\/revisions"}],"predecessor-version":[{"id":8207,"href":"https:\/\/www.bogaerstalen.nl\/fr\/wp-json\/wp\/v2\/pages\/8201\/revisions\/8207"}],"wp:attachment":[{"href":"https:\/\/www.bogaerstalen.nl\/fr\/wp-json\/wp\/v2\/media?parent=8201"}],"curies":[{"name":"wp","href":"https:\/\/api.w.org\/{rel}","templated":true}]}}