{"id":8226,"date":"2024-11-14T13:28:54","date_gmt":"2024-11-14T12:28:54","guid":{"rendered":"https:\/\/www.bogaerstalen.nl\/acacia\/"},"modified":"2024-11-14T23:03:12","modified_gmt":"2024-11-14T22:03:12","slug":"acacia","status":"publish","type":"page","link":"https:\/\/www.bogaerstalen.nl\/fr\/acacia\/","title":{"rendered":"Acacia"},"content":{"rendered":"\t\t<div data-elementor-type=\"wp-page\" data-elementor-id=\"8226\" class=\"elementor elementor-8226 elementor-244\" data-elementor-post-type=\"page\">\n\t\t\t\t<div class=\"elementor-element elementor-element-22f3ed42 e-flex e-con-boxed e-con e-parent\" data-id=\"22f3ed42\" data-element_type=\"container\" data-e-type=\"container\">\n\t\t\t\t\t<div class=\"e-con-inner\">\n\t\t\t\t<div class=\"elementor-element elementor-element-66ef09ae elementor-widget elementor-widget-text-editor\" data-id=\"66ef09ae\" data-element_type=\"widget\" data-e-type=\"widget\" data-widget_type=\"text-editor.default\">\n\t\t\t\t<div class=\"elementor-widget-container\">\n\t\t\t\t\t\t\t\t\t<h2><strong>Acacia<\/strong><\/h2>\n<h4>Bienvenue au B &amp; B Acacia !<\/h4>\n<p>Description : Spacieuse et luxueuse maison jumel\u00e9e, situ\u00e9e au calme juste \u00e0 l&rsquo;ext\u00e9rieur du centre du village de Goirle. A 5 km. de Tilburg et \u00e0 proximit\u00e9 de plusieurs parcs de loisirs tels que le parc safari Beekse Bergen pr\u00e8s de Hilvarenbeek (15 km.) et Efteling \u00e0 Kaatsheuvel (18 km.). La fronti\u00e8re belge est \u00e0 7 km.<\/p>\n<p>Notre emplacement est un excellent point de d\u00e9part pour de belles randonn\u00e9es \u00e0 travers la lande ou pour suivre les diverses pistes cyclables de la jonction ANWB.<\/p>\n<p>R\u00e9servez en utilisant le lien ci-dessous<\/p>\n<p>A proximit\u00e9 : arr\u00eat de bus \u00e0 50 m, centre \u00e9questre \u00e0 1 km, piscine \u00e0 2 km, magasins \u00e0 500 m, terrain de golf \u00e0 2 km, bowling \u00e0 5 km et plusieurs restaurants et lieux de vie nocturne dans le centre de Goirle ou de Tilburg.<\/p>\n<p>Chambre \u00e0 coucher\/salle familiale non-fumeurs, avec t\u00e9l\u00e9vision, ventilateur et WIFI gratuit, au premier \u00e9tage. Une chambre suppl\u00e9mentaire pour les enfants se trouve \u00e0 c\u00f4t\u00e9, avec un passage ouvert. <\/p>\n<p>Entr\u00e9e et sanitaires priv\u00e9s et possibilit\u00e9 de prendre du caf\u00e9 et du th\u00e9 dans votre chambre (gratuit).<\/p>\n<p>Des boissons fra\u00eeches sont disponibles (moyennant un petit suppl\u00e9ment). Le matin, profitez d&rsquo;un petit-d\u00e9jeuner bourguignon pour bien commencer la journ\u00e9e.<\/p>\n<p>Le B&amp;B Acacia propose un parking gratuit devant la porte ou un espace clos pour vos v\u00e9los. Les animaux ne sont pas admis. <\/p>\n<h4>Options suppl\u00e9mentaires : Veuillez indiquer vos besoins SVP :<\/h4>\n<ul>\n<li>Petit-d\u00e9jeuner de luxe au champagne : suppl\u00e9ment de \u20ac10,- p.p.<\/li>\n<li>Paquet bien-\u00eatre : corps, beaut\u00e9 et cerveau !<\/li>\n<li>Corps : massage des jambes, des chaises ou de la nuque par Albert Kelder Massage sportif &#8211; sur demande &#8211; \u20ac19 (20 min)<\/li>\n<li>Brains : remise \u00e0 niveau du fran\u00e7ais pour \u20ac49 par heure ; la deuxi\u00e8me personne dans le m\u00eame cours b\u00e9n\u00e9ficie d&rsquo;une r\u00e9duction de 50%.<\/li>\n<li>Location de v\u00e9los (7,50 \u20ac par jour) Risque propre en cas de perte ou de vol 150 \u20ac par v\u00e9lo<\/li>\n<\/ul>\n<h6>\u00c9galement disponible &#8211; sur demande :<\/h6>\n<ul>\n<li>Salle de lecture ou d&rsquo;\u00e9tude s\u00e9par\u00e9e\/salle de r\u00e9union<\/li>\n<li>Internet et divers jeux de soci\u00e9t\u00e9 disponibles<\/li>\n<li>Terrasse avec chauffage de terrasse<\/li>\n<li>Masseur sportif agr\u00e9\u00e9 (sur demande) (Albert Kelder Sports massage)<\/li>\n<li>Salle de bain spacieuse au premier \u00e9tage avec baignoire, douche et toilettes<\/li>\n<li>Peignoirs disponibles<\/li>\n<li>Four \u00e0 micro-ondes disponible<\/li>\n<li>Mini r\u00e9frig\u00e9rateur avec boissons fra\u00eeches ( \u20ac 0.50) dans votre chambre<\/li>\n<li>Point de recharge pour vos v\u00e9los<\/li>\n<li>Possibilit\u00e9 d&rsquo;ajouter un grand lit gonflable ou un lit de camp<\/li>\n<\/ul>\n<h4><span style=\"color: #800000;\"><a style=\"color: #800000;\" href=\"https:\/\/1drv.ms\/f\/s!Av0xrgxKmygvt3O8PwXl8lTWbP2c\">Quelques photos d&rsquo;ambiance<\/a><\/span><\/h4>\n<h4>Compte tenu de sa popularit\u00e9, nous vous recommandons de r\u00e9server \u00e0 l&rsquo;avance et en ligne via le lien fourni ici.<\/h4>\n<p><strong>Adresse :<\/strong><\/p>\n<p><strong><\/p>\n<p>Acacialaan 48 5051 ZA Goirle North Brabant <\/strong><\/p>\n<p>013 534 30 02 06 2341 6014<a href=\"albertenjolanda@gmail.com\" target=\"_blank\" rel=\"noopener noreferrer\">Contact par email<\/a><\/p>\n<form action=\"https:\/\/www.paypal.com\/cgi-bin\/webscr\" method=\"post\" target=\"_top\">\n<p><input name=\"cmd\" type=\"hidden\" value=\"_s-xclick\"><input name=\"hosted_button_id\" type=\"hidden\" value=\"CEW2YTEB8QLAU\"><\/p>\n<table>\n<tbody>\n<tr>\n<td><input name=\"on0\" type=\"hidden\" value=\"Chambre Elodie Max. 4 pers.\">Chambre Elodie Max. 4 pers.<\/td>\n<\/tr>\n<tr>\n<td><select name=\"os0\"><option value=\"4 Presses\">4 Pers \u20ac119.00 EUR<\/option><option value=\"3 Pers.\">3 Pers. \u20ac99.00 EUR <\/option><option value=\"2 Pers.\">2 Pers. \u20ac79.00 EUR <\/option><option value=\"1 Appuyez sur\">1 Pers \u20ac55.00 EUR<\/option><option value=\"Chambre Fleur 2 pers.\">Chambre Fleur 2 pers. \u20ac79.00 EUR <\/option><option value=\"Chambre Fleur 1 pers\">Chambre Fleur 1 pers \u20ac55.00 EUR<\/option><\/select><\/td>\n<\/tr>\n<\/tbody>\n<\/table>\n<p><input name=\"currency_code\" type=\"hidden\" value=\"EUR\"><input alt=\"PayPal, le moyen s\u00fbr et complet de payer en ligne.\" name=\"submit\" src=\"https:\/\/www.paypalobjects.com\/nl_NL\/NL\/i\/btn\/btn_buynowCC_LG.gif\" type=\"image\"><img decoding=\"async\" src=\"https:\/\/www.paypalobjects.com\/nl_NL\/i\/scr\/pixel.gif\" alt=\"\" width=\"1\" height=\"1\" border=\"0\"><\/p>\n<\/form>\n<p><iframe src=\"https:\/\/www.bedandbreakfast.nl\/ibook\/v2\/59379\/nl\/pink\/transparent\" width=\"580\" height=\"780\" frameborder=\"0\"><\/iframe><\/p>\n\t\t\t\t\t\t\t\t<\/div>\n\t\t\t\t<\/div>\n\t\t\t\t\t<\/div>\n\t\t\t\t<\/div>\n\t\t\t\t<\/div>\n\t\t","protected":false},"excerpt":{"rendered":"<p>Acacia Bienvenue au B &amp; B Acacia ! Description : Spacieuse et luxueuse maison jumel\u00e9e, situ\u00e9e au calme juste \u00e0 l&rsquo;ext\u00e9rieur du centre du village de Goirle. A 5 km. de Tilburg et \u00e0 proximit\u00e9 de plusieurs parcs de loisirs tels que le parc safari Beekse Bergen pr\u00e8s de Hilvarenbeek (15 km.) et Efteling \u00e0 [&hellip;]<\/p>\n","protected":false},"author":3,"featured_media":0,"parent":0,"menu_order":0,"comment_status":"open","ping_status":"open","template":"aw-content-template.php","meta":{"_yoast_wpseo_focuskw":"Acacia","_yoast_wpseo_metadesc":"","rank_math_focus_keyword":"","rank_math_description":"","footnotes":""},"class_list":["post-8226","page","type-page","status-publish","hentry"],"yoast_head":"<!-- This site is optimized with the Yoast SEO plugin v27.2 - https:\/\/yoast.com\/product\/yoast-seo-wordpress\/ -->\n<title>Acacia - Bogaers Taleninstituut - cours de langue - formation linguistique<\/title>\n<meta name=\"robots\" content=\"index, follow, max-snippet:-1, max-image-preview:large, max-video-preview:-1\" \/>\n<link rel=\"canonical\" href=\"https:\/\/www.bogaerstalen.nl\/fr\/acacia\/\" \/>\n<meta property=\"og:locale\" content=\"fr_FR\" \/>\n<meta property=\"og:type\" content=\"article\" \/>\n<meta property=\"og:title\" content=\"Acacia - Bogaers Taleninstituut - cours de langue - formation linguistique\" \/>\n<meta property=\"og:description\" content=\"Acacia Bienvenue au B &amp; B Acacia ! Description : Spacieuse et luxueuse maison jumel\u00e9e, situ\u00e9e au calme juste \u00e0 l&rsquo;ext\u00e9rieur du centre du village de Goirle. A 5 km. de Tilburg et \u00e0 proximit\u00e9 de plusieurs parcs de loisirs tels que le parc safari Beekse Bergen pr\u00e8s de Hilvarenbeek (15 km.) et Efteling \u00e0 [&hellip;]\" \/>\n<meta property=\"og:url\" content=\"https:\/\/www.bogaerstalen.nl\/fr\/acacia\/\" \/>\n<meta property=\"og:site_name\" content=\"Bogaers Taleninstituut Tilburg\" \/>\n<meta property=\"article:publisher\" content=\"https:\/\/www.facebook.com\/taleninstituut\/\" \/>\n<meta property=\"article:modified_time\" content=\"2024-11-14T22:03:12+00:00\" \/>\n<meta property=\"og:image\" content=\"https:\/\/www.paypalobjects.com\/nl_NL\/i\/scr\/pixel.gif\" \/>\n<meta name=\"twitter:label1\" content=\"Dur\u00e9e de lecture estim\u00e9e\" \/>\n\t<meta name=\"twitter:data1\" content=\"3 minutes\" \/>\n<script type=\"application\/ld+json\" class=\"yoast-schema-graph\">{\"@context\":\"https:\/\/schema.org\",\"@graph\":[{\"@type\":\"WebPage\",\"@id\":\"https:\/\/www.bogaerstalen.nl\/fr\/acacia\/\",\"url\":\"https:\/\/www.bogaerstalen.nl\/fr\/acacia\/\",\"name\":\"Acacia - Bogaers Taleninstituut - cours de langue - formation linguistique\",\"isPartOf\":{\"@id\":\"https:\/\/www.bogaerstalen.nl\/fr\/#website\"},\"primaryImageOfPage\":{\"@id\":\"https:\/\/www.bogaerstalen.nl\/fr\/acacia\/#primaryimage\"},\"image\":{\"@id\":\"https:\/\/www.bogaerstalen.nl\/fr\/acacia\/#primaryimage\"},\"thumbnailUrl\":\"https:\/\/www.paypalobjects.com\/nl_NL\/i\/scr\/pixel.gif\",\"datePublished\":\"2024-11-14T12:28:54+00:00\",\"dateModified\":\"2024-11-14T22:03:12+00:00\",\"breadcrumb\":{\"@id\":\"https:\/\/www.bogaerstalen.nl\/fr\/acacia\/#breadcrumb\"},\"inLanguage\":\"fr-FR\",\"potentialAction\":[{\"@type\":\"ReadAction\",\"target\":[\"https:\/\/www.bogaerstalen.nl\/fr\/acacia\/\"]}]},{\"@type\":\"ImageObject\",\"inLanguage\":\"fr-FR\",\"@id\":\"https:\/\/www.bogaerstalen.nl\/fr\/acacia\/#primaryimage\",\"url\":\"https:\/\/www.paypalobjects.com\/nl_NL\/i\/scr\/pixel.gif\",\"contentUrl\":\"https:\/\/www.paypalobjects.com\/nl_NL\/i\/scr\/pixel.gif\"},{\"@type\":\"BreadcrumbList\",\"@id\":\"https:\/\/www.bogaerstalen.nl\/fr\/acacia\/#breadcrumb\",\"itemListElement\":[{\"@type\":\"ListItem\",\"position\":1,\"name\":\"Home\",\"item\":\"https:\/\/www.bogaerstalen.nl\/fr\/accueil\/\"},{\"@type\":\"ListItem\",\"position\":2,\"name\":\"Acacia\"}]},{\"@type\":\"WebSite\",\"@id\":\"https:\/\/www.bogaerstalen.nl\/fr\/#website\",\"url\":\"https:\/\/www.bogaerstalen.nl\/fr\/\",\"name\":\"Bogaers Taleninstituut Tilburg\",\"description\":\"Sta sterk met taal!\",\"potentialAction\":[{\"@type\":\"SearchAction\",\"target\":{\"@type\":\"EntryPoint\",\"urlTemplate\":\"https:\/\/www.bogaerstalen.nl\/fr\/?s={search_term_string}\"},\"query-input\":{\"@type\":\"PropertyValueSpecification\",\"valueRequired\":true,\"valueName\":\"search_term_string\"}}],\"inLanguage\":\"fr-FR\"}]}<\/script>\n<!-- \/ Yoast SEO plugin. -->","yoast_head_json":{"title":"Acacia - Bogaers Taleninstituut - cours de langue - formation linguistique","robots":{"index":"index","follow":"follow","max-snippet":"max-snippet:-1","max-image-preview":"max-image-preview:large","max-video-preview":"max-video-preview:-1"},"canonical":"https:\/\/www.bogaerstalen.nl\/fr\/acacia\/","og_locale":"fr_FR","og_type":"article","og_title":"Acacia - Bogaers Taleninstituut - cours de langue - formation linguistique","og_description":"Acacia Bienvenue au B &amp; B Acacia ! Description : Spacieuse et luxueuse maison jumel\u00e9e, situ\u00e9e au calme juste \u00e0 l&rsquo;ext\u00e9rieur du centre du village de Goirle. A 5 km. de Tilburg et \u00e0 proximit\u00e9 de plusieurs parcs de loisirs tels que le parc safari Beekse Bergen pr\u00e8s de Hilvarenbeek (15 km.) et Efteling \u00e0 [&hellip;]","og_url":"https:\/\/www.bogaerstalen.nl\/fr\/acacia\/","og_site_name":"Bogaers Taleninstituut Tilburg","article_publisher":"https:\/\/www.facebook.com\/taleninstituut\/","article_modified_time":"2024-11-14T22:03:12+00:00","og_image":[{"url":"https:\/\/www.paypalobjects.com\/nl_NL\/i\/scr\/pixel.gif","type":"","width":"","height":""}],"twitter_misc":{"Dur\u00e9e de lecture estim\u00e9e":"3 minutes"},"schema":{"@context":"https:\/\/schema.org","@graph":[{"@type":"WebPage","@id":"https:\/\/www.bogaerstalen.nl\/fr\/acacia\/","url":"https:\/\/www.bogaerstalen.nl\/fr\/acacia\/","name":"Acacia - Bogaers Taleninstituut - cours de langue - formation linguistique","isPartOf":{"@id":"https:\/\/www.bogaerstalen.nl\/fr\/#website"},"primaryImageOfPage":{"@id":"https:\/\/www.bogaerstalen.nl\/fr\/acacia\/#primaryimage"},"image":{"@id":"https:\/\/www.bogaerstalen.nl\/fr\/acacia\/#primaryimage"},"thumbnailUrl":"https:\/\/www.paypalobjects.com\/nl_NL\/i\/scr\/pixel.gif","datePublished":"2024-11-14T12:28:54+00:00","dateModified":"2024-11-14T22:03:12+00:00","breadcrumb":{"@id":"https:\/\/www.bogaerstalen.nl\/fr\/acacia\/#breadcrumb"},"inLanguage":"fr-FR","potentialAction":[{"@type":"ReadAction","target":["https:\/\/www.bogaerstalen.nl\/fr\/acacia\/"]}]},{"@type":"ImageObject","inLanguage":"fr-FR","@id":"https:\/\/www.bogaerstalen.nl\/fr\/acacia\/#primaryimage","url":"https:\/\/www.paypalobjects.com\/nl_NL\/i\/scr\/pixel.gif","contentUrl":"https:\/\/www.paypalobjects.com\/nl_NL\/i\/scr\/pixel.gif"},{"@type":"BreadcrumbList","@id":"https:\/\/www.bogaerstalen.nl\/fr\/acacia\/#breadcrumb","itemListElement":[{"@type":"ListItem","position":1,"name":"Home","item":"https:\/\/www.bogaerstalen.nl\/fr\/accueil\/"},{"@type":"ListItem","position":2,"name":"Acacia"}]},{"@type":"WebSite","@id":"https:\/\/www.bogaerstalen.nl\/fr\/#website","url":"https:\/\/www.bogaerstalen.nl\/fr\/","name":"Bogaers Taleninstituut Tilburg","description":"Sta sterk met taal!","potentialAction":[{"@type":"SearchAction","target":{"@type":"EntryPoint","urlTemplate":"https:\/\/www.bogaerstalen.nl\/fr\/?s={search_term_string}"},"query-input":{"@type":"PropertyValueSpecification","valueRequired":true,"valueName":"search_term_string"}}],"inLanguage":"fr-FR"}]}},"_links":{"self":[{"href":"https:\/\/www.bogaerstalen.nl\/fr\/wp-json\/wp\/v2\/pages\/8226","targetHints":{"allow":["GET"]}}],"collection":[{"href":"https:\/\/www.bogaerstalen.nl\/fr\/wp-json\/wp\/v2\/pages"}],"about":[{"href":"https:\/\/www.bogaerstalen.nl\/fr\/wp-json\/wp\/v2\/types\/page"}],"author":[{"embeddable":true,"href":"https:\/\/www.bogaerstalen.nl\/fr\/wp-json\/wp\/v2\/users\/3"}],"replies":[{"embeddable":true,"href":"https:\/\/www.bogaerstalen.nl\/fr\/wp-json\/wp\/v2\/comments?post=8226"}],"version-history":[{"count":3,"href":"https:\/\/www.bogaerstalen.nl\/fr\/wp-json\/wp\/v2\/pages\/8226\/revisions"}],"predecessor-version":[{"id":8654,"href":"https:\/\/www.bogaerstalen.nl\/fr\/wp-json\/wp\/v2\/pages\/8226\/revisions\/8654"}],"wp:attachment":[{"href":"https:\/\/www.bogaerstalen.nl\/fr\/wp-json\/wp\/v2\/media?parent=8226"}],"curies":[{"name":"wp","href":"https:\/\/api.w.org\/{rel}","templated":true}]}}