{"id":8230,"date":"2024-11-14T13:28:56","date_gmt":"2024-11-14T12:28:56","guid":{"rendered":"https:\/\/www.bogaerstalen.nl\/des-cours-de-vavo-approuves-des-ateliers-au-language-weekend-de-francais-en-france\/"},"modified":"2024-11-14T13:29:11","modified_gmt":"2024-11-14T12:29:11","slug":"des-cours-de-vavo-approuves-des-ateliers-au-language-weekend-de-francais-en-france","status":"publish","type":"page","link":"https:\/\/www.bogaerstalen.nl\/fr\/lecons-et-cours\/des-cours-de-vavo-approuves-des-ateliers-au-language-weekend-de-francais-en-france\/","title":{"rendered":"Des cours de VAVO approuv\u00e9s, des ateliers au Language Weekend de fran\u00e7ais en France !"},"content":{"rendered":"\t\t<div data-elementor-type=\"wp-page\" data-elementor-id=\"8230\" class=\"elementor elementor-8230 elementor-174\" data-elementor-post-type=\"page\">\n\t\t\t\t<div class=\"elementor-element elementor-element-f435aba e-flex e-con-boxed e-con e-parent\" data-id=\"f435aba\" data-element_type=\"container\" data-e-type=\"container\">\n\t\t\t\t\t<div class=\"e-con-inner\">\n\t\t\t\t<div class=\"elementor-element elementor-element-4e17c0c4 elementor-widget elementor-widget-text-editor\" data-id=\"4e17c0c4\" data-element_type=\"widget\" data-e-type=\"widget\" data-widget_type=\"text-editor.default\">\n\t\t\t\t<div class=\"elementor-widget-container\">\n\t\t\t\t\t\t\t\t\t<h1><span style=\"color: #ff9900;\">Cours de VAVO, ateliers et week-end de langue fran\u00e7aise en France !<\/span><\/h1>\n<p><strong>D\u00e9couvrez les avantages d&rsquo;une formation VAVO reconnue &#8211; Blended Learning chez Bogaers Taleninstituut !<\/strong><\/p>\n<p>Vous cherchez un moyen flexible et efficace d&rsquo;obtenir votre dipl\u00f4me de fin d&rsquo;\u00e9tudes secondaires ? Vous voulez vous d\u00e9velopper, cr\u00e9er de nouvelles opportunit\u00e9s et am\u00e9liorer vos perspectives d&rsquo;avenir ? Dans ce cas, une formation VAVO reconnue &#8211; Blended Learning au Bogaers Taleninstituut est le choix id\u00e9al pour vous !  <\/p>\n<p>Un cours VAVO signifie Voortgezet Algemeen Volwassenenonderwijs et s&rsquo;adresse aux adultes qui souhaitent obtenir ou am\u00e9liorer leur dipl\u00f4me d&rsquo;\u00e9tudes secondaires. Un programme VAVO pour les langues se concentre sp\u00e9cifiquement sur l&rsquo;am\u00e9lioration des comp\u00e9tences linguistiques, telles que le n\u00e9erlandais, l&rsquo;anglais, l&rsquo;allemand, le fran\u00e7ais, l&rsquo;espagnol, etc. Il en va de m\u00eame pour les formations compl\u00e9mentaires MBO et HBO dans le domaine des langues.  <\/p>\n<p>Ces cours sont destin\u00e9s aux personnes qui poss\u00e8dent d\u00e9j\u00e0 un certain niveau de comp\u00e9tence linguistique, mais qui souhaitent approfondir leurs connaissances ou obtenir un dipl\u00f4me officiellement reconnu. Les cours de langues VAVO proposent des formations \u00e0 diff\u00e9rents niveaux, tels que VMBO-TL, HAVO et VWO. <\/p>\n<p>Pendant le cours VAVO, vous apprendrez des sujets tels que la grammaire, le vocabulaire, la lecture, l&rsquo;\u00e9coute, l&rsquo;\u00e9criture et l&rsquo;expression orale. Les cours sont g\u00e9n\u00e9ralement dispens\u00e9s en groupe et il est possible d&rsquo;avoir recours \u00e0 des cours particuliers. L&rsquo;objectif final est d&rsquo;am\u00e9liorer vos comp\u00e9tences linguistiques et d&rsquo;obtenir un dipl\u00f4me au niveau souhait\u00e9.  <\/p>\n<p>VAVO offre une certaine flexibilit\u00e9 aux adultes qui souhaitent \u00e9tudier en parall\u00e8le de leur travail ou d&rsquo;autres responsabilit\u00e9s. Vous pouvez \u00e9tudier \u00e0 temps partiel, ce qui vous permet de combiner vos \u00e9tudes avec d&rsquo;autres engagements. <\/p>\n<p>Qu&rsquo;est-ce qui rend notre cours VAVO &#8211; Blended Learning si sp\u00e9cial ? Voici quelques raisons pour lesquelles vous devriez choisir Bogaers Taleninstituut : <\/p>\n<ol>\n<li>\n<p>Une qualit\u00e9 reconnue : Bogaers Taleninstituut est un \u00e9tablissement d&rsquo;enseignement respect\u00e9 qui poss\u00e8de des ann\u00e9es d&rsquo;exp\u00e9rience dans l&rsquo;offre d&rsquo;un enseignement sur mesure. Un cours VAVO est reconnu par le minist\u00e8re de l&rsquo;\u00e9ducation, de la culture et des sciences. Vous pouvez donc \u00eatre s\u00fbr de b\u00e9n\u00e9ficier d&rsquo;un enseignement de haute qualit\u00e9 et d&rsquo;obtenir un dipl\u00f4me de grande valeur. <\/p>\n<\/li>\n<li>\n<p>Flexibilit\u00e9 : avec nous, votre emploi du temps est essentiel. Notre format d&rsquo;apprentissage mixte vous permet de combiner vos \u00e9tudes avec d&rsquo;autres engagements, tels que le travail ou les responsabilit\u00e9s familiales. Vous avez la libert\u00e9 de fixer vos propres horaires d&rsquo;\u00e9tude et pouvez suivre des cours \u00e0 la fois en ligne et sur place. Vous avez ainsi le contr\u00f4le et la possibilit\u00e9 de poursuivre vos \u00e9tudes \u00e0 votre rythme.   <\/p>\n<\/li>\n<li>\n<p>Soutien personnel : nos tuteurs sont des professionnels exp\u00e9riment\u00e9s qui vous guideront tout au long de vos \u00e9tudes. Que vous ayez besoin d&rsquo;aide pour comprendre la mati\u00e8re, faire vos devoirs ou pr\u00e9parer vos examens, nos tuteurs experts sont toujours l\u00e0 pour vous. Vous b\u00e9n\u00e9ficiez de l&rsquo;attention personnelle dont vous avez besoin pour r\u00e9ussir.  <\/p>\n<\/li>\n<li>\n<p>Apprentissage interactif : Gr\u00e2ce \u00e0 notre approche d&rsquo;apprentissage mixte, vous b\u00e9n\u00e9ficiez d&rsquo;une combinaison de mat\u00e9riel d&rsquo;apprentissage en ligne et de sessions en classe. Vous avez ainsi acc\u00e8s \u00e0 des ressources d&rsquo;\u00e9tude attrayantes et interactives, telles que des le\u00e7ons vid\u00e9o, des exercices et des discussions de groupe. Cela vous permet non seulement de mieux comprendre le mat\u00e9riel de cours, mais aussi de vivre une exp\u00e9rience d&rsquo;apprentissage dynamique.  <\/p>\n<\/li>\n<li>\n<p>\u00c9tudier dans un environnement stimulant : Bogaers Taleninstituut offre un environnement d&rsquo;apprentissage moderne et stimulant dans lequel vous pouvez vous concentrer pleinement sur vos \u00e9tudes. Nos installations sont \u00e9quip\u00e9es de technologies de pointe et de mat\u00e9riel d&rsquo;\u00e9tude qui enrichissent votre exp\u00e9rience d&rsquo;apprentissage. <\/p>\n<\/li>\n<\/ol>\n<p>En bref, un cours VAVO reconnu &#8211; Blended Learning au Bogaers Taleninstituut vous offre la voie id\u00e9ale pour obtenir votre dipl\u00f4me d&rsquo;\u00e9tudes secondaires. Gr\u00e2ce \u00e0 la flexibilit\u00e9, \u00e0 la qualit\u00e9, \u00e0 l&rsquo;accompagnement personnalis\u00e9 et \u00e0 un environnement d&rsquo;apprentissage stimulant, nous vous donnons les outils dont vous avez besoin pour atteindre vos objectifs et assurer votre avenir. <\/p>\n<p>N&rsquo;attendez plus ! Inscrivez-vous d\u00e8s maintenant \u00e0 un cours reconnu de VAVO &#8211; Blended Learning au Bogaers Taleninstituut et profitez du budget STAP ! <\/p>\n<p>Le budget STAP (stimulation de la position sur le march\u00e9 du travail) est un soutien financier important pour les travailleurs et les demandeurs d&#8217;emploi qui souhaitent continuer \u00e0 se perfectionner. Le budget STAP vous permet d&rsquo;obtenir le remboursement d&rsquo;une partie de vos frais d&rsquo;\u00e9tudes, ce qui rend l&rsquo;obtention de votre dipl\u00f4me d&rsquo;\u00e9tudes secondaires encore plus accessible. <\/p>\n<p>Au Bogaers Taleninstituut, nous proposons un large \u00e9ventail de cours VAVO reconnus qui r\u00e9pondent aux crit\u00e8res du budget STAP. Notre format d&rsquo;apprentissage mixte vous permet d&rsquo;\u00e9tudier de mani\u00e8re flexible et de combiner votre formation avec votre travail ou d&rsquo;autres engagements. <\/p>\n<p>Chez nous, vous b\u00e9n\u00e9ficierez \u00e9galement de la haute qualit\u00e9 de notre enseignement, des conseils personnalis\u00e9s de professeurs exp\u00e9riment\u00e9s et de l&rsquo;exp\u00e9rience d&rsquo;apprentissage interactive que nous offrons. Gr\u00e2ce \u00e0 notre mat\u00e9riel p\u00e9dagogique de pointe et \u00e0 nos installations modernes, nous cr\u00e9ons un environnement stimulant dans lequel vous pouvez vous concentrer pleinement sur vos \u00e9tudes. <\/p>\n<p>Qu&rsquo;attendez-vous ? Saisissez cette opportunit\u00e9 de vous perfectionner, d&rsquo;augmenter vos chances sur le march\u00e9 du travail et d&rsquo;am\u00e9liorer vos perspectives d&rsquo;avenir. Inscrivez-vous d\u00e8s maintenant \u00e0 une formation VAVO reconnue &#8211; Blended Learning au Bogaers Taleninstituut et profitez du budget STAP !  <\/p>\n<p>Contactez-nous d\u00e8s aujourd&rsquo;hui pour en savoir plus sur nos cours de formation, sur les possibilit\u00e9s de budget STAP et sur la mani\u00e8re dont nous pouvons vous aider \u00e0 atteindre vos objectifs. Ensemble, nous ferons le premier pas vers un avenir prosp\u00e8re ! <\/p>\n<p><strong>Cliquez sur les liens :<\/strong><\/p>\n<p><strong><a href=\"https:\/\/www.bogaerstalen.nl\/stap-beurs\">www.bogaerstalen.nl\/stap&#8211;beurs<\/a><\/strong><\/p>\n<p><strong><a href=\"https:\/\/www.bogaerstalen.nl\/product\/frans-in-frankrijk\/\">Egalement pour les Fran\u00e7ais en France :<\/a><\/strong><\/p>\n<\/p>\n<p><strong>Exemple d&rsquo;atelier de t\u00e9l\u00e9phonie orient\u00e9 client dans diff\u00e9rentes langues.<\/strong><\/p>\n<p><strong>Contenu :<\/strong><\/p>\n<ul>\n<li>Techniques t\u00e9l\u00e9phoniques<\/li>\n<li>L&rsquo;orientation client<\/li>\n<li>Traitement des plaintes<\/li>\n<li>Fournir des informations sur les produits et les prix<\/li>\n<li>Formulations courantes<\/li>\n<li>Courtoisie<\/li>\n<li>Actualiser le vocabulaire social et professionnel<\/li>\n<li>Expressions standard primaires<\/li>\n<li>Diff\u00e9rences culturelles<\/li>\n<li>Extrait<\/li>\n<li>Alphabet t\u00e9l\u00e9phonique<\/li>\n<\/ul>\n<p><strong><br \/>F<\/strong><strong>ormation de suivi<\/strong><strong>:<\/strong>apr\u00e8s cet atelier, il existe des possibilit\u00e9s de suivi dans le cadre de nos cours de formation ouverts aux entreprises.<strong><\/strong><\/p>\n<p><strong><br \/>Dur\u00e9e de l&rsquo;atelier :<\/strong>3 heures par jour.<strong><\/strong><\/p>\n<p><strong>Votre investissement :<\/strong><\/p>\n<p>1) Une le\u00e7on de 3 heures avec un professeur co\u00fbte 330 \u20ac par participant.<\/p>\n<p>2) Si vous choisissez une formation en groupe d&rsquo;environ 3-4 personnes, le prix est seulement de \u20ac110,- p.p.<\/p>\n<p><strong>Vous \u00eates situ\u00e9 assez loin de Tilburg, vous n&rsquo;avez pas envie de voyager ?<\/strong><strong>jd \u00e0 perdre et vous \u00eates ouvert \u00e0 une solution durable ? Alors renseignez-vous sur notre Talent Phone ! <\/strong><\/p>\n<p>Les cours avec l&rsquo;enseignant peuvent d\u00e9sormais \u00eatre pris via notre plateforme d&rsquo;appel vid\u00e9o. Une sorte de Skype, mais sp\u00e9cialement con\u00e7u pour l&rsquo;\u00e9ducation, sans interf\u00e9rence ext\u00e9rieure et avec une image et un son de qualit\u00e9 sup\u00e9rieure ! Vous gagnez ainsi du temps et pr\u00e9servez l&rsquo;environnement !  <\/p>\n<p><a href=\"https:\/\/www.bogaerstalen.nl\/waarom-bogaersplanvanaanpak\/\">Cliquez ici pour le plan d&rsquo;action<\/a><\/p>\n\t\t\t\t\t\t\t\t<\/div>\n\t\t\t\t<\/div>\n\t\t\t\t\t<\/div>\n\t\t\t\t<\/div>\n\t\t\t\t<\/div>\n\t\t","protected":false},"excerpt":{"rendered":"<p>Cours de VAVO, ateliers et week-end de langue fran\u00e7aise en France ! D\u00e9couvrez les avantages d&rsquo;une formation VAVO reconnue &#8211; Blended Learning chez Bogaers Taleninstituut ! Vous cherchez un moyen flexible et efficace d&rsquo;obtenir votre dipl\u00f4me de fin d&rsquo;\u00e9tudes secondaires ? Vous voulez vous d\u00e9velopper, cr\u00e9er de nouvelles opportunit\u00e9s et am\u00e9liorer vos perspectives d&rsquo;avenir ? [&hellip;]<\/p>\n","protected":false},"author":3,"featured_media":0,"parent":8253,"menu_order":0,"comment_status":"open","ping_status":"open","template":"aw-content-template.php","meta":{"_yoast_wpseo_focuskw":"Atelier de t\u00e9l\u00e9phonie d'entreprise en anglais, allemand, espagnol ou fran\u00e7ais","_yoast_wpseo_metadesc":"","rank_math_focus_keyword":"","rank_math_description":"","footnotes":""},"class_list":["post-8230","page","type-page","status-publish","hentry"],"yoast_head":"<!-- This site is optimized with the Yoast SEO plugin v27.5 - https:\/\/yoast.com\/product\/yoast-seo-wordpress\/ -->\n<title>Atelier de langues | Bogaers Talen<\/title>\n<meta name=\"robots\" content=\"index, follow, max-snippet:-1, max-image-preview:large, max-video-preview:-1\" \/>\n<link rel=\"canonical\" href=\"https:\/\/www.bogaerstalen.nl\/fr\/lecons-et-cours\/des-cours-de-vavo-approuves-des-ateliers-au-language-weekend-de-francais-en-france\/\" \/>\n<meta property=\"og:locale\" content=\"fr_FR\" \/>\n<meta property=\"og:type\" content=\"article\" \/>\n<meta property=\"og:title\" content=\"Atelier de langues | Bogaers Talen\" \/>\n<meta property=\"og:description\" content=\"Cours de VAVO, ateliers et week-end de langue fran\u00e7aise en France ! D\u00e9couvrez les avantages d&rsquo;une formation VAVO reconnue &#8211; Blended Learning chez Bogaers Taleninstituut ! Vous cherchez un moyen flexible et efficace d&rsquo;obtenir votre dipl\u00f4me de fin d&rsquo;\u00e9tudes secondaires ? Vous voulez vous d\u00e9velopper, cr\u00e9er de nouvelles opportunit\u00e9s et am\u00e9liorer vos perspectives d&rsquo;avenir ? [&hellip;]\" \/>\n<meta property=\"og:url\" content=\"https:\/\/www.bogaerstalen.nl\/fr\/lecons-et-cours\/des-cours-de-vavo-approuves-des-ateliers-au-language-weekend-de-francais-en-france\/\" \/>\n<meta property=\"og:site_name\" content=\"Bogaers Taleninstituut Tilburg\" \/>\n<meta property=\"article:publisher\" content=\"https:\/\/www.facebook.com\/taleninstituut\/\" \/>\n<meta property=\"article:modified_time\" content=\"2024-11-14T12:29:11+00:00\" \/>\n<meta name=\"twitter:label1\" content=\"Dur\u00e9e de lecture estim\u00e9e\" \/>\n\t<meta name=\"twitter:data1\" content=\"6 minutes\" \/>\n<script type=\"application\/ld+json\" class=\"yoast-schema-graph\">{\"@context\":\"https:\\\/\\\/schema.org\",\"@graph\":[{\"@type\":\"WebPage\",\"@id\":\"https:\\\/\\\/www.bogaerstalen.nl\\\/fr\\\/lecons-et-cours\\\/des-cours-de-vavo-approuves-des-ateliers-au-language-weekend-de-francais-en-france\\\/\",\"url\":\"https:\\\/\\\/www.bogaerstalen.nl\\\/fr\\\/lecons-et-cours\\\/des-cours-de-vavo-approuves-des-ateliers-au-language-weekend-de-francais-en-france\\\/\",\"name\":\"Atelier de langues | Bogaers Talen\",\"isPartOf\":{\"@id\":\"https:\\\/\\\/www.bogaerstalen.nl\\\/fr\\\/#website\"},\"datePublished\":\"2024-11-14T12:28:56+00:00\",\"dateModified\":\"2024-11-14T12:29:11+00:00\",\"breadcrumb\":{\"@id\":\"https:\\\/\\\/www.bogaerstalen.nl\\\/fr\\\/lecons-et-cours\\\/des-cours-de-vavo-approuves-des-ateliers-au-language-weekend-de-francais-en-france\\\/#breadcrumb\"},\"inLanguage\":\"fr-FR\",\"potentialAction\":[{\"@type\":\"ReadAction\",\"target\":[\"https:\\\/\\\/www.bogaerstalen.nl\\\/fr\\\/lecons-et-cours\\\/des-cours-de-vavo-approuves-des-ateliers-au-language-weekend-de-francais-en-france\\\/\"]}]},{\"@type\":\"BreadcrumbList\",\"@id\":\"https:\\\/\\\/www.bogaerstalen.nl\\\/fr\\\/lecons-et-cours\\\/des-cours-de-vavo-approuves-des-ateliers-au-language-weekend-de-francais-en-france\\\/#breadcrumb\",\"itemListElement\":[{\"@type\":\"ListItem\",\"position\":1,\"name\":\"Home\",\"item\":\"https:\\\/\\\/www.bogaerstalen.nl\\\/fr\\\/accueil\\\/\"},{\"@type\":\"ListItem\",\"position\":2,\"name\":\"Le\u00e7ons et cours\",\"item\":\"https:\\\/\\\/www.bogaerstalen.nl\\\/fr\\\/lecons-et-cours\\\/\"},{\"@type\":\"ListItem\",\"position\":3,\"name\":\"Des cours de VAVO approuv\u00e9s, des ateliers au Language Weekend de fran\u00e7ais en France !\"}]},{\"@type\":\"WebSite\",\"@id\":\"https:\\\/\\\/www.bogaerstalen.nl\\\/fr\\\/#website\",\"url\":\"https:\\\/\\\/www.bogaerstalen.nl\\\/fr\\\/\",\"name\":\"Bogaers Taleninstituut Tilburg\",\"description\":\"Sta sterk met taal!\",\"potentialAction\":[{\"@type\":\"SearchAction\",\"target\":{\"@type\":\"EntryPoint\",\"urlTemplate\":\"https:\\\/\\\/www.bogaerstalen.nl\\\/fr\\\/?s={search_term_string}\"},\"query-input\":{\"@type\":\"PropertyValueSpecification\",\"valueRequired\":true,\"valueName\":\"search_term_string\"}}],\"inLanguage\":\"fr-FR\"}]}<\/script>\n<!-- \/ Yoast SEO plugin. -->","yoast_head_json":{"title":"Atelier de langues | Bogaers Talen","robots":{"index":"index","follow":"follow","max-snippet":"max-snippet:-1","max-image-preview":"max-image-preview:large","max-video-preview":"max-video-preview:-1"},"canonical":"https:\/\/www.bogaerstalen.nl\/fr\/lecons-et-cours\/des-cours-de-vavo-approuves-des-ateliers-au-language-weekend-de-francais-en-france\/","og_locale":"fr_FR","og_type":"article","og_title":"Atelier de langues | Bogaers Talen","og_description":"Cours de VAVO, ateliers et week-end de langue fran\u00e7aise en France ! D\u00e9couvrez les avantages d&rsquo;une formation VAVO reconnue &#8211; Blended Learning chez Bogaers Taleninstituut ! Vous cherchez un moyen flexible et efficace d&rsquo;obtenir votre dipl\u00f4me de fin d&rsquo;\u00e9tudes secondaires ? Vous voulez vous d\u00e9velopper, cr\u00e9er de nouvelles opportunit\u00e9s et am\u00e9liorer vos perspectives d&rsquo;avenir ? [&hellip;]","og_url":"https:\/\/www.bogaerstalen.nl\/fr\/lecons-et-cours\/des-cours-de-vavo-approuves-des-ateliers-au-language-weekend-de-francais-en-france\/","og_site_name":"Bogaers Taleninstituut Tilburg","article_publisher":"https:\/\/www.facebook.com\/taleninstituut\/","article_modified_time":"2024-11-14T12:29:11+00:00","twitter_misc":{"Dur\u00e9e de lecture estim\u00e9e":"6 minutes"},"schema":{"@context":"https:\/\/schema.org","@graph":[{"@type":"WebPage","@id":"https:\/\/www.bogaerstalen.nl\/fr\/lecons-et-cours\/des-cours-de-vavo-approuves-des-ateliers-au-language-weekend-de-francais-en-france\/","url":"https:\/\/www.bogaerstalen.nl\/fr\/lecons-et-cours\/des-cours-de-vavo-approuves-des-ateliers-au-language-weekend-de-francais-en-france\/","name":"Atelier de langues | Bogaers Talen","isPartOf":{"@id":"https:\/\/www.bogaerstalen.nl\/fr\/#website"},"datePublished":"2024-11-14T12:28:56+00:00","dateModified":"2024-11-14T12:29:11+00:00","breadcrumb":{"@id":"https:\/\/www.bogaerstalen.nl\/fr\/lecons-et-cours\/des-cours-de-vavo-approuves-des-ateliers-au-language-weekend-de-francais-en-france\/#breadcrumb"},"inLanguage":"fr-FR","potentialAction":[{"@type":"ReadAction","target":["https:\/\/www.bogaerstalen.nl\/fr\/lecons-et-cours\/des-cours-de-vavo-approuves-des-ateliers-au-language-weekend-de-francais-en-france\/"]}]},{"@type":"BreadcrumbList","@id":"https:\/\/www.bogaerstalen.nl\/fr\/lecons-et-cours\/des-cours-de-vavo-approuves-des-ateliers-au-language-weekend-de-francais-en-france\/#breadcrumb","itemListElement":[{"@type":"ListItem","position":1,"name":"Home","item":"https:\/\/www.bogaerstalen.nl\/fr\/accueil\/"},{"@type":"ListItem","position":2,"name":"Le\u00e7ons et cours","item":"https:\/\/www.bogaerstalen.nl\/fr\/lecons-et-cours\/"},{"@type":"ListItem","position":3,"name":"Des cours de VAVO approuv\u00e9s, des ateliers au Language Weekend de fran\u00e7ais en France !"}]},{"@type":"WebSite","@id":"https:\/\/www.bogaerstalen.nl\/fr\/#website","url":"https:\/\/www.bogaerstalen.nl\/fr\/","name":"Bogaers Taleninstituut Tilburg","description":"Sta sterk met taal!","potentialAction":[{"@type":"SearchAction","target":{"@type":"EntryPoint","urlTemplate":"https:\/\/www.bogaerstalen.nl\/fr\/?s={search_term_string}"},"query-input":{"@type":"PropertyValueSpecification","valueRequired":true,"valueName":"search_term_string"}}],"inLanguage":"fr-FR"}]}},"_links":{"self":[{"href":"https:\/\/www.bogaerstalen.nl\/fr\/wp-json\/wp\/v2\/pages\/8230","targetHints":{"allow":["GET"]}}],"collection":[{"href":"https:\/\/www.bogaerstalen.nl\/fr\/wp-json\/wp\/v2\/pages"}],"about":[{"href":"https:\/\/www.bogaerstalen.nl\/fr\/wp-json\/wp\/v2\/types\/page"}],"author":[{"embeddable":true,"href":"https:\/\/www.bogaerstalen.nl\/fr\/wp-json\/wp\/v2\/users\/3"}],"replies":[{"embeddable":true,"href":"https:\/\/www.bogaerstalen.nl\/fr\/wp-json\/wp\/v2\/comments?post=8230"}],"version-history":[{"count":1,"href":"https:\/\/www.bogaerstalen.nl\/fr\/wp-json\/wp\/v2\/pages\/8230\/revisions"}],"predecessor-version":[{"id":8235,"href":"https:\/\/www.bogaerstalen.nl\/fr\/wp-json\/wp\/v2\/pages\/8230\/revisions\/8235"}],"up":[{"embeddable":true,"href":"https:\/\/www.bogaerstalen.nl\/fr\/wp-json\/wp\/v2\/pages\/8253"}],"wp:attachment":[{"href":"https:\/\/www.bogaerstalen.nl\/fr\/wp-json\/wp\/v2\/media?parent=8230"}],"curies":[{"name":"wp","href":"https:\/\/api.w.org\/{rel}","templated":true}]}}