{"id":8249,"date":"2024-11-14T13:29:03","date_gmt":"2024-11-14T12:29:03","guid":{"rendered":"https:\/\/www.bogaerstalen.nl\/formation-individuelle\/"},"modified":"2025-02-12T11:51:45","modified_gmt":"2025-02-12T10:51:45","slug":"formation-individuelle","status":"publish","type":"page","link":"https:\/\/www.bogaerstalen.nl\/fr\/lecons-et-cours\/formation-individuelle\/","title":{"rendered":"Formation individuelle"},"content":{"rendered":"\t\t<div data-elementor-type=\"wp-page\" data-elementor-id=\"8249\" class=\"elementor elementor-8249 elementor-170\" data-elementor-post-type=\"page\">\n\t\t\t\t<div class=\"elementor-element elementor-element-50ab8d34 e-flex e-con-boxed e-con e-parent\" data-id=\"50ab8d34\" data-element_type=\"container\" data-e-type=\"container\">\n\t\t\t\t\t<div class=\"e-con-inner\">\n\t\t<div class=\"elementor-element elementor-element-8b7149a e-con-full e-flex e-con e-child\" data-id=\"8b7149a\" data-element_type=\"container\" data-e-type=\"container\">\n\t\t\t\t<div class=\"elementor-element elementor-element-8ba2db5 elementor-widget-mobile__width-initial elementor-widget elementor-widget-image\" data-id=\"8ba2db5\" data-element_type=\"widget\" data-e-type=\"widget\" data-widget_type=\"image.default\">\n\t\t\t\t<div class=\"elementor-widget-container\">\n\t\t\t\t\t\t\t\t\t\t\t\t\t\t\t<img fetchpriority=\"high\" decoding=\"async\" width=\"228\" height=\"223\" src=\"https:\/\/www.bogaerstalen.nl\/wp-content\/uploads\/2025\/02\/Individuele-Training-1.png\" class=\"attachment-large size-large wp-image-9313\" alt=\"\" \/>\t\t\t\t\t\t\t\t\t\t\t\t\t\t\t<\/div>\n\t\t\t\t<\/div>\n\t\t\t\t<div class=\"elementor-element elementor-element-8581743 elementor-widget-mobile__width-initial elementor-widget elementor-widget-heading\" data-id=\"8581743\" data-element_type=\"widget\" data-e-type=\"widget\" data-widget_type=\"heading.default\">\n\t\t\t\t<div class=\"elementor-widget-container\">\n\t\t\t\t\t<h2 class=\"elementor-heading-title elementor-size-default\">Individuele Trainingen<\/h2>\t\t\t\t<\/div>\n\t\t\t\t<\/div>\n\t\t\t\t<\/div>\n\t\t\t\t<div class=\"elementor-element elementor-element-595c93a9 elementor-widget elementor-widget-text-editor\" data-id=\"595c93a9\" data-element_type=\"widget\" data-e-type=\"widget\" data-widget_type=\"text-editor.default\">\n\t\t\t\t<div class=\"elementor-widget-container\">\n\t\t\t\t\t\t\t\t\t<p>Une communication efficace dans la langue de votre partenaire commercial est une condition pr\u00e9alable \u00e0 la r\u00e9ussite des affaires internationales. Il est essentiel de bien se comprendre. Une formation individuelle sur mesure est donc la base de la r\u00e9ussite de votre entreprise.  <\/p>\n<p><strong>Personnalisation ax\u00e9e sur les r\u00e9sultats, r\u00e9alis\u00e9e par des sp\u00e9cialistes exp\u00e9riment\u00e9s<\/strong><\/p>\n<p>Nous proposons aux entreprises et aux particuliers des formations linguistiques individuelles ax\u00e9es sur la pratique.<br \/>Le Bogaers Taleninstituut r\u00e9alise vos objectifs d&rsquo;apprentissage gr\u00e2ce \u00e0 une approche perspicace et ax\u00e9e sur les r\u00e9sultats de la langue \u00e0 apprendre. Le programme est enti\u00e8rement adapt\u00e9 \u00e0 vos souhaits, besoins et possibilit\u00e9s individuels.  <\/p>\n<p><a href=\"https:\/\/www.bogaerstalen.nl\/fr\/pourquoi-bogaers\/\">Cliquez ici pour le plan d&rsquo;action<\/a><\/p>\n<p><strong>A1<\/strong><\/p>\n<p>Peut comprendre et utiliser des expressions famili\u00e8res et quotidiennes ainsi que des phrases de base. Peut se pr\u00e9senter aux autres et peut poser des questions sur des d\u00e9tails personnels et y r\u00e9pondre. Peut r\u00e9pondre de mani\u00e8re simple, \u00e0 condition que l&rsquo;autre personne parle lentement et clairement et soit dispos\u00e9e \u00e0 aider.  <\/p>\n<p><strong>A2 (pour Ned. 1F)<\/strong><\/p>\n<p>Peut communiquer dans le cadre de t\u00e2ches simples et quotidiennes qui requi\u00e8rent un \u00e9change simple et direct sur des sujets familiers et quotidiens, par exemple sur des donn\u00e9es personnelles, la famille, les achats, la g\u00e9ographie locale, le travail.<\/p>\n<p><strong>B1 (pour le n\u00e9erlandais 2F)<\/strong><\/p>\n<p>Peut comprendre les points essentiels de textes clairs et standard sur des sujets familiers rencontr\u00e9s dans le travail, \u00e0 l&rsquo;\u00e9cole et dans les loisirs. Vous pouvez vous d\u00e9brouiller dans la plupart des situations qui peuvent se pr\u00e9senter lorsque vous voyagez dans des r\u00e9gions o\u00f9 la langue en question est parl\u00e9e. Vous pouvez produire un texte courant simple sur des sujets familiers ou d&rsquo;int\u00e9r\u00eat personnel. Il peut d\u00e9crire des exp\u00e9riences et des \u00e9v\u00e9nements, des attentes et des ambitions et peut bri\u00e8vement donner des raisons et des explications pour des opinions et des projets.   <\/p>\n<p><strong>B2 (pour le n\u00e9erlandais 3F)<\/strong><\/p>\n<p>Peut comprendre l&rsquo;id\u00e9e principale d&rsquo;un texte complexe sur des sujets concrets ou abstraits, y compris une discussion technique dans son propre domaine. Peut communiquer couramment et spontan\u00e9ment dans la mesure o\u00f9 une interaction normale avec des locuteurs natifs est possible. Peut produire un texte clair et d\u00e9taill\u00e9 sur une grande gamme de sujets ; peut pr\u00e9senter un point de vue sur un sujet d&rsquo;actualit\u00e9, en discutant les avantages et les inconv\u00e9nients de diff\u00e9rentes options.  <\/p>\n<p><strong>C1 (pour le n\u00e9erlandais 4F)<\/strong><\/p>\n<p>Peut comprendre une grande gamme de textes longs et exigeants et en reconna\u00eetre le sens implicite. Peut s&rsquo;exprimer couramment et spontan\u00e9ment. Peut utiliser la langue de mani\u00e8re souple et efficace \u00e0 des fins sociales, acad\u00e9miques et professionnelles. Peut produire des textes clairs, bien structur\u00e9s et d\u00e9taill\u00e9s sur des sujets complexes, en utilisant des structures organisationnelles et des mots de liaison.   <\/p>\n<p><strong>C2<\/strong><\/p>\n<p>Peut comprendre facilement presque tout ce qu&rsquo;il entend ou lit. Il peut r\u00e9sumer des informations provenant de diff\u00e9rentes sources orales et \u00e9crites, reconstruire des arguments et en rendre compte de mani\u00e8re coh\u00e9rente. Peut s&rsquo;exprimer spontan\u00e9ment, couramment et avec pr\u00e9cision, en distinguant de fines nuances de sens, m\u00eame dans des situations plus complexes.  <\/p>\n\t\t\t\t\t\t\t\t<\/div>\n\t\t\t\t<\/div>\n\t\t\t\t\t<\/div>\n\t\t\t\t<\/div>\n\t\t\t\t<\/div>\n\t\t","protected":false},"excerpt":{"rendered":"<p>Individuele Trainingen Une communication efficace dans la langue de votre partenaire commercial est une condition pr\u00e9alable \u00e0 la r\u00e9ussite des affaires internationales. Il est essentiel de bien se comprendre. Une formation individuelle sur mesure est donc la base de la r\u00e9ussite de votre entreprise. Personnalisation ax\u00e9e sur les r\u00e9sultats, r\u00e9alis\u00e9e par des sp\u00e9cialistes exp\u00e9riment\u00e9s Nous [&hellip;]<\/p>\n","protected":false},"author":3,"featured_media":0,"parent":8253,"menu_order":0,"comment_status":"open","ping_status":"open","template":"aw-content-template.php","meta":{"_yoast_wpseo_focuskw":"Formation individuelle","_yoast_wpseo_metadesc":"","rank_math_focus_keyword":"","rank_math_description":"","footnotes":""},"class_list":["post-8249","page","type-page","status-publish","hentry"],"yoast_head":"<!-- This site is optimized with the Yoast SEO plugin v27.5 - https:\/\/yoast.com\/product\/yoast-seo-wordpress\/ -->\n<title>Formation individuelle - Bogaers Taleninstituut Tilburg - langue<\/title>\n<meta name=\"robots\" content=\"index, follow, max-snippet:-1, max-image-preview:large, max-video-preview:-1\" \/>\n<link rel=\"canonical\" href=\"https:\/\/www.bogaerstalen.nl\/fr\/lecons-et-cours\/formation-individuelle\/\" \/>\n<meta property=\"og:locale\" content=\"fr_FR\" \/>\n<meta property=\"og:type\" content=\"article\" \/>\n<meta property=\"og:title\" content=\"Formation individuelle - Bogaers Taleninstituut Tilburg - langue\" \/>\n<meta property=\"og:description\" content=\"Individuele Trainingen Une communication efficace dans la langue de votre partenaire commercial est une condition pr\u00e9alable \u00e0 la r\u00e9ussite des affaires internationales. Il est essentiel de bien se comprendre. Une formation individuelle sur mesure est donc la base de la r\u00e9ussite de votre entreprise. Personnalisation ax\u00e9e sur les r\u00e9sultats, r\u00e9alis\u00e9e par des sp\u00e9cialistes exp\u00e9riment\u00e9s Nous [&hellip;]\" \/>\n<meta property=\"og:url\" content=\"https:\/\/www.bogaerstalen.nl\/fr\/lecons-et-cours\/formation-individuelle\/\" \/>\n<meta property=\"og:site_name\" content=\"Bogaers Taleninstituut Tilburg\" \/>\n<meta property=\"article:publisher\" content=\"https:\/\/www.facebook.com\/taleninstituut\/\" \/>\n<meta property=\"article:modified_time\" content=\"2025-02-12T10:51:45+00:00\" \/>\n<meta property=\"og:image\" content=\"https:\/\/www.bogaerstalen.nl\/wp-content\/uploads\/2025\/02\/Individuele-Training-1.png\" \/>\n<meta name=\"twitter:label1\" content=\"Dur\u00e9e de lecture estim\u00e9e\" \/>\n\t<meta name=\"twitter:data1\" content=\"3 minutes\" \/>\n<script type=\"application\/ld+json\" class=\"yoast-schema-graph\">{\"@context\":\"https:\\\/\\\/schema.org\",\"@graph\":[{\"@type\":\"WebPage\",\"@id\":\"https:\\\/\\\/www.bogaerstalen.nl\\\/fr\\\/lecons-et-cours\\\/formation-individuelle\\\/\",\"url\":\"https:\\\/\\\/www.bogaerstalen.nl\\\/fr\\\/lecons-et-cours\\\/formation-individuelle\\\/\",\"name\":\"Formation individuelle - Bogaers Taleninstituut Tilburg - langue\",\"isPartOf\":{\"@id\":\"https:\\\/\\\/www.bogaerstalen.nl\\\/fr\\\/#website\"},\"primaryImageOfPage\":{\"@id\":\"https:\\\/\\\/www.bogaerstalen.nl\\\/fr\\\/lecons-et-cours\\\/formation-individuelle\\\/#primaryimage\"},\"image\":{\"@id\":\"https:\\\/\\\/www.bogaerstalen.nl\\\/fr\\\/lecons-et-cours\\\/formation-individuelle\\\/#primaryimage\"},\"thumbnailUrl\":\"https:\\\/\\\/www.bogaerstalen.nl\\\/wp-content\\\/uploads\\\/2025\\\/02\\\/Individuele-Training-1.png\",\"datePublished\":\"2024-11-14T12:29:03+00:00\",\"dateModified\":\"2025-02-12T10:51:45+00:00\",\"breadcrumb\":{\"@id\":\"https:\\\/\\\/www.bogaerstalen.nl\\\/fr\\\/lecons-et-cours\\\/formation-individuelle\\\/#breadcrumb\"},\"inLanguage\":\"fr-FR\",\"potentialAction\":[{\"@type\":\"ReadAction\",\"target\":[\"https:\\\/\\\/www.bogaerstalen.nl\\\/fr\\\/lecons-et-cours\\\/formation-individuelle\\\/\"]}]},{\"@type\":\"ImageObject\",\"inLanguage\":\"fr-FR\",\"@id\":\"https:\\\/\\\/www.bogaerstalen.nl\\\/fr\\\/lecons-et-cours\\\/formation-individuelle\\\/#primaryimage\",\"url\":\"https:\\\/\\\/www.bogaerstalen.nl\\\/wp-content\\\/uploads\\\/2025\\\/02\\\/Individuele-Training-1.png\",\"contentUrl\":\"https:\\\/\\\/www.bogaerstalen.nl\\\/wp-content\\\/uploads\\\/2025\\\/02\\\/Individuele-Training-1.png\"},{\"@type\":\"BreadcrumbList\",\"@id\":\"https:\\\/\\\/www.bogaerstalen.nl\\\/fr\\\/lecons-et-cours\\\/formation-individuelle\\\/#breadcrumb\",\"itemListElement\":[{\"@type\":\"ListItem\",\"position\":1,\"name\":\"Home\",\"item\":\"https:\\\/\\\/www.bogaerstalen.nl\\\/fr\\\/accueil\\\/\"},{\"@type\":\"ListItem\",\"position\":2,\"name\":\"Le\u00e7ons et cours\",\"item\":\"https:\\\/\\\/www.bogaerstalen.nl\\\/fr\\\/lecons-et-cours\\\/\"},{\"@type\":\"ListItem\",\"position\":3,\"name\":\"Formation individuelle\"}]},{\"@type\":\"WebSite\",\"@id\":\"https:\\\/\\\/www.bogaerstalen.nl\\\/fr\\\/#website\",\"url\":\"https:\\\/\\\/www.bogaerstalen.nl\\\/fr\\\/\",\"name\":\"Bogaers Taleninstituut Tilburg\",\"description\":\"Sta sterk met taal!\",\"potentialAction\":[{\"@type\":\"SearchAction\",\"target\":{\"@type\":\"EntryPoint\",\"urlTemplate\":\"https:\\\/\\\/www.bogaerstalen.nl\\\/fr\\\/?s={search_term_string}\"},\"query-input\":{\"@type\":\"PropertyValueSpecification\",\"valueRequired\":true,\"valueName\":\"search_term_string\"}}],\"inLanguage\":\"fr-FR\"}]}<\/script>\n<!-- \/ Yoast SEO plugin. -->","yoast_head_json":{"title":"Formation individuelle - Bogaers Taleninstituut Tilburg - langue","robots":{"index":"index","follow":"follow","max-snippet":"max-snippet:-1","max-image-preview":"max-image-preview:large","max-video-preview":"max-video-preview:-1"},"canonical":"https:\/\/www.bogaerstalen.nl\/fr\/lecons-et-cours\/formation-individuelle\/","og_locale":"fr_FR","og_type":"article","og_title":"Formation individuelle - Bogaers Taleninstituut Tilburg - langue","og_description":"Individuele Trainingen Une communication efficace dans la langue de votre partenaire commercial est une condition pr\u00e9alable \u00e0 la r\u00e9ussite des affaires internationales. Il est essentiel de bien se comprendre. Une formation individuelle sur mesure est donc la base de la r\u00e9ussite de votre entreprise. Personnalisation ax\u00e9e sur les r\u00e9sultats, r\u00e9alis\u00e9e par des sp\u00e9cialistes exp\u00e9riment\u00e9s Nous [&hellip;]","og_url":"https:\/\/www.bogaerstalen.nl\/fr\/lecons-et-cours\/formation-individuelle\/","og_site_name":"Bogaers Taleninstituut Tilburg","article_publisher":"https:\/\/www.facebook.com\/taleninstituut\/","article_modified_time":"2025-02-12T10:51:45+00:00","og_image":[{"url":"https:\/\/www.bogaerstalen.nl\/wp-content\/uploads\/2025\/02\/Individuele-Training-1.png","type":"","width":"","height":""}],"twitter_misc":{"Dur\u00e9e de lecture estim\u00e9e":"3 minutes"},"schema":{"@context":"https:\/\/schema.org","@graph":[{"@type":"WebPage","@id":"https:\/\/www.bogaerstalen.nl\/fr\/lecons-et-cours\/formation-individuelle\/","url":"https:\/\/www.bogaerstalen.nl\/fr\/lecons-et-cours\/formation-individuelle\/","name":"Formation individuelle - Bogaers Taleninstituut Tilburg - langue","isPartOf":{"@id":"https:\/\/www.bogaerstalen.nl\/fr\/#website"},"primaryImageOfPage":{"@id":"https:\/\/www.bogaerstalen.nl\/fr\/lecons-et-cours\/formation-individuelle\/#primaryimage"},"image":{"@id":"https:\/\/www.bogaerstalen.nl\/fr\/lecons-et-cours\/formation-individuelle\/#primaryimage"},"thumbnailUrl":"https:\/\/www.bogaerstalen.nl\/wp-content\/uploads\/2025\/02\/Individuele-Training-1.png","datePublished":"2024-11-14T12:29:03+00:00","dateModified":"2025-02-12T10:51:45+00:00","breadcrumb":{"@id":"https:\/\/www.bogaerstalen.nl\/fr\/lecons-et-cours\/formation-individuelle\/#breadcrumb"},"inLanguage":"fr-FR","potentialAction":[{"@type":"ReadAction","target":["https:\/\/www.bogaerstalen.nl\/fr\/lecons-et-cours\/formation-individuelle\/"]}]},{"@type":"ImageObject","inLanguage":"fr-FR","@id":"https:\/\/www.bogaerstalen.nl\/fr\/lecons-et-cours\/formation-individuelle\/#primaryimage","url":"https:\/\/www.bogaerstalen.nl\/wp-content\/uploads\/2025\/02\/Individuele-Training-1.png","contentUrl":"https:\/\/www.bogaerstalen.nl\/wp-content\/uploads\/2025\/02\/Individuele-Training-1.png"},{"@type":"BreadcrumbList","@id":"https:\/\/www.bogaerstalen.nl\/fr\/lecons-et-cours\/formation-individuelle\/#breadcrumb","itemListElement":[{"@type":"ListItem","position":1,"name":"Home","item":"https:\/\/www.bogaerstalen.nl\/fr\/accueil\/"},{"@type":"ListItem","position":2,"name":"Le\u00e7ons et cours","item":"https:\/\/www.bogaerstalen.nl\/fr\/lecons-et-cours\/"},{"@type":"ListItem","position":3,"name":"Formation individuelle"}]},{"@type":"WebSite","@id":"https:\/\/www.bogaerstalen.nl\/fr\/#website","url":"https:\/\/www.bogaerstalen.nl\/fr\/","name":"Bogaers Taleninstituut Tilburg","description":"Sta sterk met taal!","potentialAction":[{"@type":"SearchAction","target":{"@type":"EntryPoint","urlTemplate":"https:\/\/www.bogaerstalen.nl\/fr\/?s={search_term_string}"},"query-input":{"@type":"PropertyValueSpecification","valueRequired":true,"valueName":"search_term_string"}}],"inLanguage":"fr-FR"}]}},"_links":{"self":[{"href":"https:\/\/www.bogaerstalen.nl\/fr\/wp-json\/wp\/v2\/pages\/8249","targetHints":{"allow":["GET"]}}],"collection":[{"href":"https:\/\/www.bogaerstalen.nl\/fr\/wp-json\/wp\/v2\/pages"}],"about":[{"href":"https:\/\/www.bogaerstalen.nl\/fr\/wp-json\/wp\/v2\/types\/page"}],"author":[{"embeddable":true,"href":"https:\/\/www.bogaerstalen.nl\/fr\/wp-json\/wp\/v2\/users\/3"}],"replies":[{"embeddable":true,"href":"https:\/\/www.bogaerstalen.nl\/fr\/wp-json\/wp\/v2\/comments?post=8249"}],"version-history":[{"count":9,"href":"https:\/\/www.bogaerstalen.nl\/fr\/wp-json\/wp\/v2\/pages\/8249\/revisions"}],"predecessor-version":[{"id":9343,"href":"https:\/\/www.bogaerstalen.nl\/fr\/wp-json\/wp\/v2\/pages\/8249\/revisions\/9343"}],"up":[{"embeddable":true,"href":"https:\/\/www.bogaerstalen.nl\/fr\/wp-json\/wp\/v2\/pages\/8253"}],"wp:attachment":[{"href":"https:\/\/www.bogaerstalen.nl\/fr\/wp-json\/wp\/v2\/media?parent=8249"}],"curies":[{"name":"wp","href":"https:\/\/api.w.org\/{rel}","templated":true}]}}