{"id":8253,"date":"2024-11-14T13:29:09","date_gmt":"2024-11-14T12:29:09","guid":{"rendered":"https:\/\/www.bogaerstalen.nl\/lecons-et-cours\/"},"modified":"2024-11-14T13:29:27","modified_gmt":"2024-11-14T12:29:27","slug":"lecons-et-cours","status":"publish","type":"page","link":"https:\/\/www.bogaerstalen.nl\/fr\/lecons-et-cours\/","title":{"rendered":"Le\u00e7ons et cours"},"content":{"rendered":"\t\t<div data-elementor-type=\"wp-page\" data-elementor-id=\"8253\" class=\"elementor elementor-8253 elementor-168\" data-elementor-post-type=\"page\">\n\t\t\t\t<div class=\"elementor-element elementor-element-2ef163bd e-flex e-con-boxed e-con e-parent\" data-id=\"2ef163bd\" data-element_type=\"container\" data-e-type=\"container\">\n\t\t\t\t\t<div class=\"e-con-inner\">\n\t\t\t\t<div class=\"elementor-element elementor-element-5b749384 elementor-widget elementor-widget-text-editor\" data-id=\"5b749384\" data-element_type=\"widget\" data-e-type=\"widget\" data-widget_type=\"text-editor.default\">\n\t\t\t\t<div class=\"elementor-widget-container\">\n\t\t\t\t\t\t\t\t\t<h2><strong>Le\u00e7ons et cours<\/strong><\/h2>\n<\/p>\n<p>Bogaers Taleninstituut est un expert en formation linguistique depuis plus de 20 ans. Au cours de cette p\u00e9riode, de nombreux participants ont \u00e9t\u00e9 initi\u00e9s \u00e0 nos m\u00e9thodes d&rsquo;enseignement et ont r\u00e9ussi \u00e0 apprendre une nouvelle langue ou \u00e0 am\u00e9liorer leur niveau linguistique. Sur notre site de Tilburg, des formateurs de diff\u00e9rentes disciplines sont pr\u00eats \u00e0 vous transmettre les connaissances dont vous avez besoin. Nous vous proposons diff\u00e9rentes formules en 25 langues, telles que des formations en entreprise, des formations individuelles, des formations VIP express, des formations en n\u00e9erlandais et en n\u00e9erlandais NT2 et des formations en groupe. Consultez la gamme compl\u00e8te de cours dans ce menu et\/ou demandez l&rsquo;information de votre choix.    <\/p>\n<\/p>\n<table border=\"0\">\n<tbody>\n<tr>\n<td><img decoding=\"async\" src=\"https:\/\/www.bogaerstalen.nl\/images\/site\/Company-trainingen.jpg\" alt=\"Formation en entreprise\" width=\"100\" height=\"100\"><\/td>\n<td><a href=\"https:\/\/www.bogaerstalen.nl\/nl\/taaltrainingen\/company-trainingen\">Cours de formation en entreprise<\/a><\/td>\n<\/tr>\n<tr>\n<td><img decoding=\"async\" src=\"https:\/\/www.bogaerstalen.nl\/images\/site\/Individuele-trainingen.jpg\" alt=\"Formation individuelle\" width=\"100\" height=\"100\"><\/td>\n<td><a href=\"https:\/\/www.bogaerstalen.nl\/nl\/taaltrainingen\/individuele-trainingen\">Sessions de formation individuelles<\/a><\/td>\n<\/tr>\n<tr>\n<td><img decoding=\"async\" src=\"https:\/\/www.bogaerstalen.nl\/images\/site\/Spoed-VIP-training.jpg\" alt=\"Formation aux situations d'urgence VIP\" width=\"100\" height=\"100\"><\/td>\n<td><a href=\"https:\/\/www.bogaerstalen.nl\/nl\/taaltrainingen\/spoed-vip-training\">Formation Rush VIP<\/a><\/td>\n<\/tr>\n<tr>\n<td><img loading=\"lazy\" decoding=\"async\" src=\"https:\/\/www.bogaerstalen.nl\/images\/site\/Blended-Learning.jpg\" alt=\"Apprentissage mixte\" width=\"100\" height=\"100\"><\/td>\n<td><a href=\"https:\/\/www.bogaerstalen.nl\/nl\/taaltrainingen\/blended-learning\">Apprentissage mixte<\/a><\/td>\n<\/tr>\n<tr>\n<td><img loading=\"lazy\" decoding=\"async\" src=\"https:\/\/www.bogaerstalen.nl\/images\/site\/Nederlands.jpg\" alt=\"N\u00e9erlandais\" width=\"100\" height=\"100\"><\/td>\n<td><a href=\"https:\/\/www.bogaerstalen.nl\/nl\/component\/content\/article?id=14\">N\u00e9erlandais<\/a><\/td>\n<\/tr>\n<tr>\n<td><img loading=\"lazy\" decoding=\"async\" src=\"https:\/\/www.bogaerstalen.nl\/images\/site\/Nederlands.jpg\" alt=\"N\u00e9erlandais\" width=\"100\" height=\"100\"><\/td>\n<td><a href=\"https:\/\/www.bogaerstalen.nl\/nl\/taaltrainingen\/nederlands-nt2\">N\u00e9erlandais NT2<\/a><\/td>\n<\/tr>\n<tr>\n<td><img loading=\"lazy\" decoding=\"async\" src=\"https:\/\/www.bogaerstalen.nl\/images\/site\/Groepstraining.jpg\" alt=\"Formation de groupe\" width=\"100\" height=\"100\"><\/td>\n<td><a href=\"https:\/\/www.bogaerstalen.nl\/nl\/taaltrainingen\/groepstraining\">Formation de groupe<\/a><\/td>\n<\/tr>\n<\/tbody>\n<\/table>\n\t\t\t\t\t\t\t\t<\/div>\n\t\t\t\t<\/div>\n\t\t\t\t\t<\/div>\n\t\t\t\t<\/div>\n\t\t\t\t<\/div>\n\t\t","protected":false},"excerpt":{"rendered":"<p>Le\u00e7ons et cours Bogaers Taleninstituut est un expert en formation linguistique depuis plus de 20 ans. Au cours de cette p\u00e9riode, de nombreux participants ont \u00e9t\u00e9 initi\u00e9s \u00e0 nos m\u00e9thodes d&rsquo;enseignement et ont r\u00e9ussi \u00e0 apprendre une nouvelle langue ou \u00e0 am\u00e9liorer leur niveau linguistique. Sur notre site de Tilburg, des formateurs de diff\u00e9rentes disciplines [&hellip;]<\/p>\n","protected":false},"author":3,"featured_media":0,"parent":0,"menu_order":0,"comment_status":"open","ping_status":"open","template":"aw-content-template.php","meta":{"_yoast_wpseo_focuskw":"le\u00e7ons et cours","_yoast_wpseo_metadesc":"","rank_math_focus_keyword":"","rank_math_description":"","footnotes":""},"class_list":["post-8253","page","type-page","status-publish","hentry"],"yoast_head":"<!-- This site is optimized with the Yoast SEO plugin v27.2 - https:\/\/yoast.com\/product\/yoast-seo-wordpress\/ -->\n<title>Cours et le\u00e7ons - Bogaers Taleninstituut Tilburg - langue<\/title>\n<meta name=\"robots\" content=\"index, follow, max-snippet:-1, max-image-preview:large, max-video-preview:-1\" \/>\n<link rel=\"canonical\" href=\"https:\/\/www.bogaerstalen.nl\/fr\/lecons-et-cours\/\" \/>\n<meta property=\"og:locale\" content=\"fr_FR\" \/>\n<meta property=\"og:type\" content=\"article\" \/>\n<meta property=\"og:title\" content=\"Cours et le\u00e7ons - Bogaers Taleninstituut Tilburg - langue\" \/>\n<meta property=\"og:description\" content=\"Le\u00e7ons et cours Bogaers Taleninstituut est un expert en formation linguistique depuis plus de 20 ans. Au cours de cette p\u00e9riode, de nombreux participants ont \u00e9t\u00e9 initi\u00e9s \u00e0 nos m\u00e9thodes d&rsquo;enseignement et ont r\u00e9ussi \u00e0 apprendre une nouvelle langue ou \u00e0 am\u00e9liorer leur niveau linguistique. Sur notre site de Tilburg, des formateurs de diff\u00e9rentes disciplines [&hellip;]\" \/>\n<meta property=\"og:url\" content=\"https:\/\/www.bogaerstalen.nl\/fr\/lecons-et-cours\/\" \/>\n<meta property=\"og:site_name\" content=\"Bogaers Taleninstituut Tilburg\" \/>\n<meta property=\"article:publisher\" content=\"https:\/\/www.facebook.com\/taleninstituut\/\" \/>\n<meta property=\"article:modified_time\" content=\"2024-11-14T12:29:27+00:00\" \/>\n<meta property=\"og:image\" content=\"https:\/\/www.bogaerstalen.nl\/images\/site\/Company-trainingen.jpg\" \/>\n<meta name=\"twitter:label1\" content=\"Dur\u00e9e de lecture estim\u00e9e\" \/>\n\t<meta name=\"twitter:data1\" content=\"1 minute\" \/>\n<script type=\"application\/ld+json\" class=\"yoast-schema-graph\">{\"@context\":\"https:\/\/schema.org\",\"@graph\":[{\"@type\":\"WebPage\",\"@id\":\"https:\/\/www.bogaerstalen.nl\/fr\/lecons-et-cours\/\",\"url\":\"https:\/\/www.bogaerstalen.nl\/fr\/lecons-et-cours\/\",\"name\":\"Cours et le\u00e7ons - Bogaers Taleninstituut Tilburg - langue\",\"isPartOf\":{\"@id\":\"https:\/\/www.bogaerstalen.nl\/fr\/#website\"},\"primaryImageOfPage\":{\"@id\":\"https:\/\/www.bogaerstalen.nl\/fr\/lecons-et-cours\/#primaryimage\"},\"image\":{\"@id\":\"https:\/\/www.bogaerstalen.nl\/fr\/lecons-et-cours\/#primaryimage\"},\"thumbnailUrl\":\"https:\/\/www.bogaerstalen.nl\/images\/site\/Company-trainingen.jpg\",\"datePublished\":\"2024-11-14T12:29:09+00:00\",\"dateModified\":\"2024-11-14T12:29:27+00:00\",\"breadcrumb\":{\"@id\":\"https:\/\/www.bogaerstalen.nl\/fr\/lecons-et-cours\/#breadcrumb\"},\"inLanguage\":\"fr-FR\",\"potentialAction\":[{\"@type\":\"ReadAction\",\"target\":[\"https:\/\/www.bogaerstalen.nl\/fr\/lecons-et-cours\/\"]}]},{\"@type\":\"ImageObject\",\"inLanguage\":\"fr-FR\",\"@id\":\"https:\/\/www.bogaerstalen.nl\/fr\/lecons-et-cours\/#primaryimage\",\"url\":\"https:\/\/www.bogaerstalen.nl\/images\/site\/Company-trainingen.jpg\",\"contentUrl\":\"https:\/\/www.bogaerstalen.nl\/images\/site\/Company-trainingen.jpg\"},{\"@type\":\"BreadcrumbList\",\"@id\":\"https:\/\/www.bogaerstalen.nl\/fr\/lecons-et-cours\/#breadcrumb\",\"itemListElement\":[{\"@type\":\"ListItem\",\"position\":1,\"name\":\"Home\",\"item\":\"https:\/\/www.bogaerstalen.nl\/fr\/accueil\/\"},{\"@type\":\"ListItem\",\"position\":2,\"name\":\"Le\u00e7ons et cours\"}]},{\"@type\":\"WebSite\",\"@id\":\"https:\/\/www.bogaerstalen.nl\/fr\/#website\",\"url\":\"https:\/\/www.bogaerstalen.nl\/fr\/\",\"name\":\"Bogaers Taleninstituut Tilburg\",\"description\":\"Sta sterk met taal!\",\"potentialAction\":[{\"@type\":\"SearchAction\",\"target\":{\"@type\":\"EntryPoint\",\"urlTemplate\":\"https:\/\/www.bogaerstalen.nl\/fr\/?s={search_term_string}\"},\"query-input\":{\"@type\":\"PropertyValueSpecification\",\"valueRequired\":true,\"valueName\":\"search_term_string\"}}],\"inLanguage\":\"fr-FR\"}]}<\/script>\n<!-- \/ Yoast SEO plugin. -->","yoast_head_json":{"title":"Cours et le\u00e7ons - Bogaers Taleninstituut Tilburg - langue","robots":{"index":"index","follow":"follow","max-snippet":"max-snippet:-1","max-image-preview":"max-image-preview:large","max-video-preview":"max-video-preview:-1"},"canonical":"https:\/\/www.bogaerstalen.nl\/fr\/lecons-et-cours\/","og_locale":"fr_FR","og_type":"article","og_title":"Cours et le\u00e7ons - Bogaers Taleninstituut Tilburg - langue","og_description":"Le\u00e7ons et cours Bogaers Taleninstituut est un expert en formation linguistique depuis plus de 20 ans. Au cours de cette p\u00e9riode, de nombreux participants ont \u00e9t\u00e9 initi\u00e9s \u00e0 nos m\u00e9thodes d&rsquo;enseignement et ont r\u00e9ussi \u00e0 apprendre une nouvelle langue ou \u00e0 am\u00e9liorer leur niveau linguistique. Sur notre site de Tilburg, des formateurs de diff\u00e9rentes disciplines [&hellip;]","og_url":"https:\/\/www.bogaerstalen.nl\/fr\/lecons-et-cours\/","og_site_name":"Bogaers Taleninstituut Tilburg","article_publisher":"https:\/\/www.facebook.com\/taleninstituut\/","article_modified_time":"2024-11-14T12:29:27+00:00","og_image":[{"url":"https:\/\/www.bogaerstalen.nl\/images\/site\/Company-trainingen.jpg","type":"","width":"","height":""}],"twitter_misc":{"Dur\u00e9e de lecture estim\u00e9e":"1 minute"},"schema":{"@context":"https:\/\/schema.org","@graph":[{"@type":"WebPage","@id":"https:\/\/www.bogaerstalen.nl\/fr\/lecons-et-cours\/","url":"https:\/\/www.bogaerstalen.nl\/fr\/lecons-et-cours\/","name":"Cours et le\u00e7ons - Bogaers Taleninstituut Tilburg - langue","isPartOf":{"@id":"https:\/\/www.bogaerstalen.nl\/fr\/#website"},"primaryImageOfPage":{"@id":"https:\/\/www.bogaerstalen.nl\/fr\/lecons-et-cours\/#primaryimage"},"image":{"@id":"https:\/\/www.bogaerstalen.nl\/fr\/lecons-et-cours\/#primaryimage"},"thumbnailUrl":"https:\/\/www.bogaerstalen.nl\/images\/site\/Company-trainingen.jpg","datePublished":"2024-11-14T12:29:09+00:00","dateModified":"2024-11-14T12:29:27+00:00","breadcrumb":{"@id":"https:\/\/www.bogaerstalen.nl\/fr\/lecons-et-cours\/#breadcrumb"},"inLanguage":"fr-FR","potentialAction":[{"@type":"ReadAction","target":["https:\/\/www.bogaerstalen.nl\/fr\/lecons-et-cours\/"]}]},{"@type":"ImageObject","inLanguage":"fr-FR","@id":"https:\/\/www.bogaerstalen.nl\/fr\/lecons-et-cours\/#primaryimage","url":"https:\/\/www.bogaerstalen.nl\/images\/site\/Company-trainingen.jpg","contentUrl":"https:\/\/www.bogaerstalen.nl\/images\/site\/Company-trainingen.jpg"},{"@type":"BreadcrumbList","@id":"https:\/\/www.bogaerstalen.nl\/fr\/lecons-et-cours\/#breadcrumb","itemListElement":[{"@type":"ListItem","position":1,"name":"Home","item":"https:\/\/www.bogaerstalen.nl\/fr\/accueil\/"},{"@type":"ListItem","position":2,"name":"Le\u00e7ons et cours"}]},{"@type":"WebSite","@id":"https:\/\/www.bogaerstalen.nl\/fr\/#website","url":"https:\/\/www.bogaerstalen.nl\/fr\/","name":"Bogaers Taleninstituut Tilburg","description":"Sta sterk met taal!","potentialAction":[{"@type":"SearchAction","target":{"@type":"EntryPoint","urlTemplate":"https:\/\/www.bogaerstalen.nl\/fr\/?s={search_term_string}"},"query-input":{"@type":"PropertyValueSpecification","valueRequired":true,"valueName":"search_term_string"}}],"inLanguage":"fr-FR"}]}},"_links":{"self":[{"href":"https:\/\/www.bogaerstalen.nl\/fr\/wp-json\/wp\/v2\/pages\/8253","targetHints":{"allow":["GET"]}}],"collection":[{"href":"https:\/\/www.bogaerstalen.nl\/fr\/wp-json\/wp\/v2\/pages"}],"about":[{"href":"https:\/\/www.bogaerstalen.nl\/fr\/wp-json\/wp\/v2\/types\/page"}],"author":[{"embeddable":true,"href":"https:\/\/www.bogaerstalen.nl\/fr\/wp-json\/wp\/v2\/users\/3"}],"replies":[{"embeddable":true,"href":"https:\/\/www.bogaerstalen.nl\/fr\/wp-json\/wp\/v2\/comments?post=8253"}],"version-history":[{"count":1,"href":"https:\/\/www.bogaerstalen.nl\/fr\/wp-json\/wp\/v2\/pages\/8253\/revisions"}],"predecessor-version":[{"id":8267,"href":"https:\/\/www.bogaerstalen.nl\/fr\/wp-json\/wp\/v2\/pages\/8253\/revisions\/8267"}],"wp:attachment":[{"href":"https:\/\/www.bogaerstalen.nl\/fr\/wp-json\/wp\/v2\/media?parent=8253"}],"curies":[{"name":"wp","href":"https:\/\/api.w.org\/{rel}","templated":true}]}}