{"id":8280,"date":"2024-11-14T13:29:26","date_gmt":"2024-11-14T12:29:26","guid":{"rendered":"https:\/\/www.bogaerstalen.nl\/enregistre-membre-de\/"},"modified":"2024-11-14T13:29:28","modified_gmt":"2024-11-14T12:29:28","slug":"enregistre-membre-de","status":"publish","type":"page","link":"https:\/\/www.bogaerstalen.nl\/fr\/enregistre-membre-de\/","title":{"rendered":"Enregistr\u00e9\/ Membre de."},"content":{"rendered":"\t\t<div data-elementor-type=\"wp-page\" data-elementor-id=\"8280\" class=\"elementor elementor-8280 elementor-149\" data-elementor-post-type=\"page\">\n\t\t\t\t<div class=\"elementor-element elementor-element-5dd9e94b e-flex e-con-boxed e-con e-parent\" data-id=\"5dd9e94b\" data-element_type=\"container\" data-e-type=\"container\">\n\t\t\t\t\t<div class=\"e-con-inner\">\n\t\t\t\t<div class=\"elementor-element elementor-element-6b86f528 elementor-widget elementor-widget-text-editor\" data-id=\"6b86f528\" data-element_type=\"widget\" data-e-type=\"widget\" data-widget_type=\"text-editor.default\">\n\t\t\t\t<div class=\"elementor-widget-container\">\n\t\t\t\t\t\t\t\t\t<h2><span style=\"color: #ff9900;\"><strong>Bogaers Taleninstituut BV est recommand\u00e9 par MKB !<\/strong><\/span><\/h2>\n<h2>Membre de l&rsquo;OTRN<\/h2>\n<p>Le NRTO est l&rsquo;organisation sectorielle qui chapeaute toutes les agences priv\u00e9es de formation et d&rsquo;\u00e9ducation aux Pays-Bas. Le NRTO joue un r\u00f4le important en mettant la formation priv\u00e9e \u00e0 l&rsquo;ordre du jour aux Pays-Bas. Le NRTO est un partenaire de discussion naturel pour les politiciens, les minist\u00e8res, les partis \u00e9ducatifs, les organisations sociales et les m\u00e9dias.  <\/p>\n<p>NRTO tient ses membres inform\u00e9s des derniers d\u00e9veloppements dans l&rsquo;industrie. Les membres \u00e9changent leurs exp\u00e9riences et s&rsquo;assurent ainsi que le meilleur service possible est cr\u00e9\u00e9 <\/p>\n<h2><span style=\"color: #ff9900;\"><strong>Approuv\u00e9 par et\/ou membre enregistr\u00e9 de :<\/strong><\/span><\/h2>\n<p><a href=\"http:\/\/www.nrto.nl\/\" target=\"_blank\" rel=\"noopener noreferrer\"><img decoding=\"async\" class=\"\" src=\"https:\/\/www.bogaerstalen.nl\/wp-content\/uploads\/2014\/11\/nrto.png\" alt=\"nrto\" width=\"319\" height=\"132\"> <\/a><\/p>\n<p><a href=\"https:\/\/www.s-bb.nl\/\" target=\"_blank\" rel=\"noopener noreferrer\"><img decoding=\"async\" class=\"\" src=\"https:\/\/www.bogaerstalen.nl\/wp-content\/uploads\/2014\/11\/register_leraar.jpg\" alt=\"enseignant agr\u00e9\u00e9\" width=\"134\" height=\"83\"><\/a><img decoding=\"async\" class=\"alignleft\" src=\"https:\/\/www.bogaerstalen.nl\/wp-content\/uploads\/2014\/11\/CRKBO_Docent.jpg\" alt=\"Conf\u00e9rencier du CRKBO\" width=\"125\" height=\"125\"><\/p>\n<h2><a href=\"https:\/\/www.s-bb.nl\/\" target=\"_blank\" rel=\"noopener noreferrer\"><img loading=\"lazy\" decoding=\"async\" class=\" wp-image-1629 alignleft\" src=\"https:\/\/www.bogaerstalen.nl\/wp-content\/uploads\/2014\/11\/SBB-300x300.png\" alt=\"CFF\" width=\"154\" height=\"154\" srcset=\"https:\/\/www.bogaerstalen.nl\/wp-content\/uploads\/2014\/11\/SBB-300x300.png 300w, https:\/\/www.bogaerstalen.nl\/wp-content\/uploads\/2014\/11\/SBB-400x400.png 400w, https:\/\/www.bogaerstalen.nl\/wp-content\/uploads\/2014\/11\/SBB-100x100.png 100w, https:\/\/www.bogaerstalen.nl\/wp-content\/uploads\/2014\/11\/SBB-510x510.png 510w, https:\/\/www.bogaerstalen.nl\/wp-content\/uploads\/2014\/11\/SBB-150x150.png 150w, https:\/\/www.bogaerstalen.nl\/wp-content\/uploads\/2014\/11\/SBB.png 600w\" sizes=\"(max-width: 154px) 100vw, 154px\" \/><\/a><\/h2>\n<p><img loading=\"lazy\" decoding=\"async\" class=\" alignleft\" src=\"https:\/\/www.bogaerstalen.nl\/wp-content\/uploads\/2014\/11\/mkb.gif\" alt=\"PME\" width=\"155\" height=\"100\"><\/p>\n<h2> <\/h2>\n<h2> <\/h2>\n<h2><span style=\"color: #ff9900;\"><strong>Partenaire officiel<\/strong><\/span><\/h2>\n<h2><a href=\"http:\/\/www.hollandexpatcenter.com\/\" target=\"_blank\" rel=\"noopener noreferrer\"><img loading=\"lazy\" decoding=\"async\" class=\"\" src=\"https:\/\/www.bogaerstalen.nl\/wp-content\/uploads\/2015\/03\/HEC.png\" alt=\"\" width=\"297\" height=\"140\"><\/a><\/h2>\n<blockquote>\n<h2 style=\"text-align: center;\"> <\/h2>\n<h2 style=\"text-align: center;\"><span style=\"color: #ff9900;\"><strong>Conditions g\u00e9n\u00e9rales PDF  <\/strong><\/span><\/h2>\n<h2 style=\"text-align: center;\"><a style=\"font-size: 14px;\" href=\"https:\/\/www.bogaerstalen.nl\/fr\/conditions-generales-dutilisation\/\" target=\"_blank\" rel=\"noopener noreferrer\">Bogaers Taleninstituut &#8211; Conditions g\u00e9n\u00e9rales\/Proc\u00e9dure de r\u00e9clamation  <\/a><\/h2>\n<\/blockquote>\n<p style=\"text-align: center;\">Une plainte est l&rsquo;expression d&rsquo;un m\u00e9contentement \u00e0 l&rsquo;\u00e9gard d&rsquo;un service, d&rsquo;une personne ou d&rsquo;un produit qui a fait ses preuves.<\/p>\n\t\t\t\t\t\t\t\t<\/div>\n\t\t\t\t<\/div>\n\t\t\t\t\t<\/div>\n\t\t\t\t<\/div>\n\t\t\t\t<\/div>\n\t\t","protected":false},"excerpt":{"rendered":"<p>Bogaers Taleninstituut BV est recommand\u00e9 par MKB ! Membre de l&rsquo;OTRN Le NRTO est l&rsquo;organisation sectorielle qui chapeaute toutes les agences priv\u00e9es de formation et d&rsquo;\u00e9ducation aux Pays-Bas. Le NRTO joue un r\u00f4le important en mettant la formation priv\u00e9e \u00e0 l&rsquo;ordre du jour aux Pays-Bas. Le NRTO est un partenaire de discussion naturel pour les [&hellip;]<\/p>\n","protected":false},"author":3,"featured_media":0,"parent":0,"menu_order":0,"comment_status":"open","ping_status":"open","template":"aw-content-template.php","meta":{"_yoast_wpseo_focuskw":"\u00e9ducation reconnue","_yoast_wpseo_metadesc":"","rank_math_focus_keyword":"","rank_math_description":"","footnotes":""},"class_list":["post-8280","page","type-page","status-publish","hentry"],"yoast_head":"<!-- This site is optimized with the Yoast SEO plugin v27.5 - https:\/\/yoast.com\/product\/yoast-seo-wordpress\/ -->\n<title>Enregistr\u00e9\/ Membre de. - Bogaers Taleninstituut Tilburg<\/title>\n<meta name=\"robots\" content=\"index, follow, max-snippet:-1, max-image-preview:large, max-video-preview:-1\" \/>\n<link rel=\"canonical\" href=\"https:\/\/www.bogaerstalen.nl\/fr\/enregistre-membre-de\/\" \/>\n<meta property=\"og:locale\" content=\"fr_FR\" \/>\n<meta property=\"og:type\" content=\"article\" \/>\n<meta property=\"og:title\" content=\"Enregistr\u00e9\/ Membre de. - Bogaers Taleninstituut Tilburg\" \/>\n<meta property=\"og:description\" content=\"Bogaers Taleninstituut BV est recommand\u00e9 par MKB ! Membre de l&rsquo;OTRN Le NRTO est l&rsquo;organisation sectorielle qui chapeaute toutes les agences priv\u00e9es de formation et d&rsquo;\u00e9ducation aux Pays-Bas. Le NRTO joue un r\u00f4le important en mettant la formation priv\u00e9e \u00e0 l&rsquo;ordre du jour aux Pays-Bas. Le NRTO est un partenaire de discussion naturel pour les [&hellip;]\" \/>\n<meta property=\"og:url\" content=\"https:\/\/www.bogaerstalen.nl\/fr\/enregistre-membre-de\/\" \/>\n<meta property=\"og:site_name\" content=\"Bogaers Taleninstituut Tilburg\" \/>\n<meta property=\"article:publisher\" content=\"https:\/\/www.facebook.com\/taleninstituut\/\" \/>\n<meta property=\"article:modified_time\" content=\"2024-11-14T12:29:28+00:00\" \/>\n<meta property=\"og:image\" content=\"https:\/\/www.bogaerstalen.nl\/wp-content\/uploads\/2014\/11\/nrto.png\" \/>\n<meta name=\"twitter:label1\" content=\"Dur\u00e9e de lecture estim\u00e9e\" \/>\n\t<meta name=\"twitter:data1\" content=\"1 minute\" \/>\n<script type=\"application\/ld+json\" class=\"yoast-schema-graph\">{\"@context\":\"https:\\\/\\\/schema.org\",\"@graph\":[{\"@type\":\"WebPage\",\"@id\":\"https:\\\/\\\/www.bogaerstalen.nl\\\/fr\\\/enregistre-membre-de\\\/\",\"url\":\"https:\\\/\\\/www.bogaerstalen.nl\\\/fr\\\/enregistre-membre-de\\\/\",\"name\":\"Enregistr\u00e9\\\/ Membre de. - Bogaers Taleninstituut Tilburg\",\"isPartOf\":{\"@id\":\"https:\\\/\\\/www.bogaerstalen.nl\\\/fr\\\/#website\"},\"primaryImageOfPage\":{\"@id\":\"https:\\\/\\\/www.bogaerstalen.nl\\\/fr\\\/enregistre-membre-de\\\/#primaryimage\"},\"image\":{\"@id\":\"https:\\\/\\\/www.bogaerstalen.nl\\\/fr\\\/enregistre-membre-de\\\/#primaryimage\"},\"thumbnailUrl\":\"https:\\\/\\\/www.bogaerstalen.nl\\\/wp-content\\\/uploads\\\/2014\\\/11\\\/nrto.png\",\"datePublished\":\"2024-11-14T12:29:26+00:00\",\"dateModified\":\"2024-11-14T12:29:28+00:00\",\"breadcrumb\":{\"@id\":\"https:\\\/\\\/www.bogaerstalen.nl\\\/fr\\\/enregistre-membre-de\\\/#breadcrumb\"},\"inLanguage\":\"fr-FR\",\"potentialAction\":[{\"@type\":\"ReadAction\",\"target\":[\"https:\\\/\\\/www.bogaerstalen.nl\\\/fr\\\/enregistre-membre-de\\\/\"]}]},{\"@type\":\"ImageObject\",\"inLanguage\":\"fr-FR\",\"@id\":\"https:\\\/\\\/www.bogaerstalen.nl\\\/fr\\\/enregistre-membre-de\\\/#primaryimage\",\"url\":\"https:\\\/\\\/www.bogaerstalen.nl\\\/wp-content\\\/uploads\\\/2014\\\/11\\\/nrto.png\",\"contentUrl\":\"https:\\\/\\\/www.bogaerstalen.nl\\\/wp-content\\\/uploads\\\/2014\\\/11\\\/nrto.png\"},{\"@type\":\"BreadcrumbList\",\"@id\":\"https:\\\/\\\/www.bogaerstalen.nl\\\/fr\\\/enregistre-membre-de\\\/#breadcrumb\",\"itemListElement\":[{\"@type\":\"ListItem\",\"position\":1,\"name\":\"Home\",\"item\":\"https:\\\/\\\/www.bogaerstalen.nl\\\/fr\\\/accueil\\\/\"},{\"@type\":\"ListItem\",\"position\":2,\"name\":\"Enregistr\u00e9\\\/ Membre de.\"}]},{\"@type\":\"WebSite\",\"@id\":\"https:\\\/\\\/www.bogaerstalen.nl\\\/fr\\\/#website\",\"url\":\"https:\\\/\\\/www.bogaerstalen.nl\\\/fr\\\/\",\"name\":\"Bogaers Taleninstituut Tilburg\",\"description\":\"Sta sterk met taal!\",\"potentialAction\":[{\"@type\":\"SearchAction\",\"target\":{\"@type\":\"EntryPoint\",\"urlTemplate\":\"https:\\\/\\\/www.bogaerstalen.nl\\\/fr\\\/?s={search_term_string}\"},\"query-input\":{\"@type\":\"PropertyValueSpecification\",\"valueRequired\":true,\"valueName\":\"search_term_string\"}}],\"inLanguage\":\"fr-FR\"}]}<\/script>\n<!-- \/ Yoast SEO plugin. -->","yoast_head_json":{"title":"Enregistr\u00e9\/ Membre de. - Bogaers Taleninstituut Tilburg","robots":{"index":"index","follow":"follow","max-snippet":"max-snippet:-1","max-image-preview":"max-image-preview:large","max-video-preview":"max-video-preview:-1"},"canonical":"https:\/\/www.bogaerstalen.nl\/fr\/enregistre-membre-de\/","og_locale":"fr_FR","og_type":"article","og_title":"Enregistr\u00e9\/ Membre de. - Bogaers Taleninstituut Tilburg","og_description":"Bogaers Taleninstituut BV est recommand\u00e9 par MKB ! Membre de l&rsquo;OTRN Le NRTO est l&rsquo;organisation sectorielle qui chapeaute toutes les agences priv\u00e9es de formation et d&rsquo;\u00e9ducation aux Pays-Bas. Le NRTO joue un r\u00f4le important en mettant la formation priv\u00e9e \u00e0 l&rsquo;ordre du jour aux Pays-Bas. Le NRTO est un partenaire de discussion naturel pour les [&hellip;]","og_url":"https:\/\/www.bogaerstalen.nl\/fr\/enregistre-membre-de\/","og_site_name":"Bogaers Taleninstituut Tilburg","article_publisher":"https:\/\/www.facebook.com\/taleninstituut\/","article_modified_time":"2024-11-14T12:29:28+00:00","og_image":[{"url":"https:\/\/www.bogaerstalen.nl\/wp-content\/uploads\/2014\/11\/nrto.png","type":"","width":"","height":""}],"twitter_misc":{"Dur\u00e9e de lecture estim\u00e9e":"1 minute"},"schema":{"@context":"https:\/\/schema.org","@graph":[{"@type":"WebPage","@id":"https:\/\/www.bogaerstalen.nl\/fr\/enregistre-membre-de\/","url":"https:\/\/www.bogaerstalen.nl\/fr\/enregistre-membre-de\/","name":"Enregistr\u00e9\/ Membre de. - Bogaers Taleninstituut Tilburg","isPartOf":{"@id":"https:\/\/www.bogaerstalen.nl\/fr\/#website"},"primaryImageOfPage":{"@id":"https:\/\/www.bogaerstalen.nl\/fr\/enregistre-membre-de\/#primaryimage"},"image":{"@id":"https:\/\/www.bogaerstalen.nl\/fr\/enregistre-membre-de\/#primaryimage"},"thumbnailUrl":"https:\/\/www.bogaerstalen.nl\/wp-content\/uploads\/2014\/11\/nrto.png","datePublished":"2024-11-14T12:29:26+00:00","dateModified":"2024-11-14T12:29:28+00:00","breadcrumb":{"@id":"https:\/\/www.bogaerstalen.nl\/fr\/enregistre-membre-de\/#breadcrumb"},"inLanguage":"fr-FR","potentialAction":[{"@type":"ReadAction","target":["https:\/\/www.bogaerstalen.nl\/fr\/enregistre-membre-de\/"]}]},{"@type":"ImageObject","inLanguage":"fr-FR","@id":"https:\/\/www.bogaerstalen.nl\/fr\/enregistre-membre-de\/#primaryimage","url":"https:\/\/www.bogaerstalen.nl\/wp-content\/uploads\/2014\/11\/nrto.png","contentUrl":"https:\/\/www.bogaerstalen.nl\/wp-content\/uploads\/2014\/11\/nrto.png"},{"@type":"BreadcrumbList","@id":"https:\/\/www.bogaerstalen.nl\/fr\/enregistre-membre-de\/#breadcrumb","itemListElement":[{"@type":"ListItem","position":1,"name":"Home","item":"https:\/\/www.bogaerstalen.nl\/fr\/accueil\/"},{"@type":"ListItem","position":2,"name":"Enregistr\u00e9\/ Membre de."}]},{"@type":"WebSite","@id":"https:\/\/www.bogaerstalen.nl\/fr\/#website","url":"https:\/\/www.bogaerstalen.nl\/fr\/","name":"Bogaers Taleninstituut Tilburg","description":"Sta sterk met taal!","potentialAction":[{"@type":"SearchAction","target":{"@type":"EntryPoint","urlTemplate":"https:\/\/www.bogaerstalen.nl\/fr\/?s={search_term_string}"},"query-input":{"@type":"PropertyValueSpecification","valueRequired":true,"valueName":"search_term_string"}}],"inLanguage":"fr-FR"}]}},"_links":{"self":[{"href":"https:\/\/www.bogaerstalen.nl\/fr\/wp-json\/wp\/v2\/pages\/8280","targetHints":{"allow":["GET"]}}],"collection":[{"href":"https:\/\/www.bogaerstalen.nl\/fr\/wp-json\/wp\/v2\/pages"}],"about":[{"href":"https:\/\/www.bogaerstalen.nl\/fr\/wp-json\/wp\/v2\/types\/page"}],"author":[{"embeddable":true,"href":"https:\/\/www.bogaerstalen.nl\/fr\/wp-json\/wp\/v2\/users\/3"}],"replies":[{"embeddable":true,"href":"https:\/\/www.bogaerstalen.nl\/fr\/wp-json\/wp\/v2\/comments?post=8280"}],"version-history":[{"count":1,"href":"https:\/\/www.bogaerstalen.nl\/fr\/wp-json\/wp\/v2\/pages\/8280\/revisions"}],"predecessor-version":[{"id":8282,"href":"https:\/\/www.bogaerstalen.nl\/fr\/wp-json\/wp\/v2\/pages\/8280\/revisions\/8282"}],"wp:attachment":[{"href":"https:\/\/www.bogaerstalen.nl\/fr\/wp-json\/wp\/v2\/media?parent=8280"}],"curies":[{"name":"wp","href":"https:\/\/api.w.org\/{rel}","templated":true}]}}