{"id":10511,"date":"2026-02-02T08:44:38","date_gmt":"2026-02-02T07:44:38","guid":{"rendered":"https:\/\/www.bogaerstalen.nl\/product\/detailler-avec-le-neerlandais\/"},"modified":"2026-02-02T08:44:38","modified_gmt":"2026-02-02T07:44:38","slug":"detailler-avec-le-neerlandais","status":"publish","type":"product","link":"https:\/\/www.bogaerstalen.nl\/fr\/product\/detailler-avec-le-neerlandais\/","title":{"rendered":"D\u00e9tailler avec le n\u00e9erlandais"},"content":{"rendered":"<div class=\"vc_row wpb_row vc_row-fluid\">\n<div class=\"wpb_column vc_column_container vc_col-sm-12\">\n<div class=\"vc_column-inner\">\n<div class=\"wpb_wrapper\">\n<div class=\"wpb_text_column wpb_content_element\">\n<div class=\"wpb_wrapper\">\n<div class=\"vc_row wpb_row vc_row-fluid\">\n<div class=\"wpb_column vc_column_container vc_col-sm-12\">\n<div class=\"vc_column-inner\">\n<div class=\"wpb_wrapper\">\n<div class=\"wpb_text_column wpb_content_element\">\n<div class=\"wpb_wrapper\">\n<div class=\"vc_row wpb_row vc_row-fluid\">\n<div class=\"wpb_column vc_column_container vc_col-sm-12\">\n<div class=\"vc_column-inner\">\n<div class=\"wpb_wrapper\">\n<div class=\"wpb_text_column wpb_content_element\">\n<div class=\"wpb_wrapper\">\n<div class=\"vc_row wpb_row vc_row-fluid\">\n<div class=\"wpb_column vc_column_container vc_col-sm-12\">\n<div class=\"vc_column-inner\">\n<div class=\"wpb_wrapper\">\n<div class=\"wpb_text_column wpb_content_element\">\n<div class=\"wpb_wrapper\">\n<p><strong>\u00cates-vous pr\u00eat \u00e0 changer de carri\u00e8re ? Vous souhaitez vous reconvertir dans une profession tr\u00e8s demand\u00e9e ? Nous avons le parcours de formation qu&rsquo;il vous faut : D\u00e9taillant &#8211; parcours de formation.  <\/strong><\/p>\n<p>Au cours de ces journ\u00e9es, vous apprendrez tout ce qui concerne la pr\u00e9paration impeccable des voitures, comme le nettoyage, le polissage et le lustrage. Vous apprendrez \u00e9galement les subtilit\u00e9s de l&rsquo;application du film de protection de la peinture. Le PPF sert \u00e0 prot\u00e9ger la peinture contre les \u00e9clats de pierre, les taches et les rayures, entre autres. Bref, un programme d&rsquo;apprentissage qui couvre tous les aspects, tant pour les voitures d&rsquo;occasion que pour les voitures neuves !   <\/p>\n<\/div>\n<\/div>\n<\/div>\n<\/div>\n<\/div>\n<\/div>\n<div class=\"vc_row wpb_row vc_row-fluid\">\n<div class=\"wpb_column vc_column_container vc_col-sm-6\">\n<div class=\"vc_column-inner\">\n<div class=\"wpb_wrapper\">\n<div class=\"wpb_text_column wpb_content_element\">\n<div class=\"wpb_wrapper\">\n<p><strong>Voici ce que vous apprendrez :<br \/>\n<\/strong><strong>Ce parcours d&rsquo;apprentissage se compose de 5 journ\u00e9es pratiques de<\/strong> 9 heures \u00e0 16 heures, r\u00e9parties sur une p\u00e9riode pouvant aller jusqu&rsquo;\u00e0 un an. Toutes les journ\u00e9es pratiques se d\u00e9roulent dans nos locaux \u00e0 Waalwijk. <\/p>\n<p>Au cours du parcours d&rsquo;apprentissage, 3 disciplines sont couvertes ;<\/p>\n<ul>\n<li>Nettoyage de voiture (2 jours, le premier jour est consacr\u00e9 au nettoyage de la voiture. Le deuxi\u00e8me jour est consacr\u00e9 au polissage et au lustrage professionnels des voitures.)<\/li>\n<li>Polissage et lustrage professionnels de voitures &#8211; suite (1 jour)<\/li>\n<li>Film de protection de la peinture (2 jours)<br \/>\nToutes les dates pr\u00e9vues sont indiqu\u00e9es dans le <a href=\"https:\/\/tacacademy.nl\/aanbod\/detailing\/\">calendrier<\/a>.<\/li>\n<\/ul>\n<p><strong>Vous pouvez vous inscrire via le bouton vert ci-dessous. Apr\u00e8s votre inscription, vous serez contact\u00e9 pour la programmation des 3 sessions de formation.<br \/>\nIl est \u00e9galement possible de payer en plusieurs fois. <\/strong><\/p>\n<\/div>\n<\/div>\n<div class=\"wpb_text_column wpb_content_element\">\n<div class=\"wpb_wrapper\">\n<p><strong>Comprend :<\/strong><\/p>\n<ul>\n<li>5 jours d&rsquo;entra\u00eenement.<\/li>\n<li>Livre de cours \u00ab\u00a0Comp\u00e9tences de base pour le nettoyage des voitures\u00a0\u00bb d&rsquo;une valeur de 85,00 \u20ac.<\/li>\n<li>Ouvrage de r\u00e9f\u00e9rence.<\/li>\n<li>Utilisation de mat\u00e9riaux et d&rsquo;outils divers.<\/li>\n<li>Caf\u00e9, th\u00e9 et boissons non alcoolis\u00e9es \u00e0 volont\u00e9<\/li>\n<li>Buffet copieux au Knowledge Caf\u00e9.<\/li>\n<\/ul>\n<\/div>\n<\/div>\n<\/div>\n<\/div>\n<\/div>\n<div class=\"wpb_column vc_column_container vc_col-sm-6\">\n<div class=\"vc_column-inner\">\n<div class=\"wpb_wrapper\">\n<div class=\"wpb_text_column wpb_content_element\">\n<div class=\"wpb_wrapper\">\n<p><strong>Le paquet suppl\u00e9mentaire en n\u00e9erlandais comprend<\/strong><\/p>\n<ul>\n<li>NT2 paquet de base<\/li>\n<li>20 le\u00e7ons en ligne<\/li>\n<li>60 heures d&rsquo;apprentissage en ligne ax\u00e9es sur la communication sur le lieu de travail<\/li>\n<li>Coordination de l&rsquo;\u00e9ducation<\/li>\n<li>Accueil et examen<\/li>\n<li>Mat\u00e9riel didactique num\u00e9rique<\/li>\n<\/ul>\n<\/div>\n<\/div>\n<div class=\"wpb_text_column wpb_content_element\">\n<div class=\"wpb_wrapper\">\n<p><strong>Lieu :<br \/>\n<\/strong>Cette formation pratique se d\u00e9roulera \u00e0 Waalwijk.<\/p>\n<\/div>\n<\/div>\n<div class=\"wpb_text_column wpb_content_element\">\n<div class=\"wpb_wrapper\">\n<p><strong>Certificat :<br \/>\n<\/strong>Cette formation pratique se termine par un certificat de comp\u00e9tence de la TAC Academy.<\/p>\n<\/div>\n<\/div>\n<div class=\"wpb_text_column wpb_content_element\">\n<div class=\"wpb_wrapper\">\n<p><strong>Le saviez-vous :<br \/>\n<\/strong>Vous pouvez payer en 3 fois, 0% d&rsquo;int\u00e9r\u00eat. Choisissez <strong>in3<\/strong> dans les options de paiement. <\/p>\n<\/div>\n<\/div>\n<div class=\"wpb_text_column wpb_content_element\">\n<div class=\"wpb_wrapper\">\n<p><strong>CRKBO<br \/>\n<\/strong>TAC Academy, est inscrite au registre CRKBO et r\u00e9pond au code de qualit\u00e9 des \u00e9tablissements d&rsquo;enseignement pour la formation professionnelle de courte dur\u00e9e. Les formations internes que nous proposons sont donc exon\u00e9r\u00e9es de TVA. <\/p>\n<\/div>\n<\/div>\n<div class=\"vc_separator wpb_content_element vc_separator_align_center vc_sep_width_100 vc_sep_pos_align_center vc_separator_no_text vc_sep_color_grey wpb_content_element wpb_content_element\"><\/div>\n<div class=\"vc_row wpb_row vc_inner vc_row-fluid\">\n<div class=\"wpb_column vc_column_container vc_col-sm-6\">\n<div class=\"vc_column-inner\">\n<div class=\"wpb_wrapper\">\n<div class=\"wpb_single_image wpb_content_element vc_align_center wpb_content_element\">\n<figure class=\"wpb_wrapper vc_figure\">\n<div class=\"vc_single_image-wrapper vc_box_border_grey\"><picture class=\"vc_single_image-img attachment-full\" title=\"bogaers-logo_001\"><source srcset=\"https:\/\/tacacademy.nl\/wp-content\/uploads\/2025\/12\/bogaers-logo_001.jpg.webp\" type=\"image\/webp\" data-lazy-srcset=\"https:\/\/tacacademy.nl\/wp-content\/uploads\/2025\/12\/bogaers-logo_001.jpg.webp\"><\/source><img fetchpriority=\"high\" decoding=\"async\" class=\"entered lazyloaded\" src=\"https:\/\/tacacademy.nl\/wp-content\/uploads\/2025\/12\/bogaers-logo_001.jpg\" alt=\"\" width=\"421\" height=\"124\" data-lazy-src=\"https:\/\/tacacademy.nl\/wp-content\/uploads\/2025\/12\/bogaers-logo_001.jpg\" data-ll-status=\"loaded\"><\/picture><\/div>\n<\/figure>\n<\/div>\n<\/div>\n<\/div>\n<\/div>\n<div class=\"wpb_column vc_column_container vc_col-sm-6\">\n<div class=\"vc_column-inner\">\n<div class=\"wpb_wrapper\">\n<div class=\"wpb_text_column wpb_content_element\">\n<div class=\"wpb_wrapper\">\n<p>En collaboration avec la TAC Academy, le Bogaers Taleninstituut propose le package en langue n\u00e9erlandaise.<\/p>\n<\/div>\n<\/div>\n<\/div>\n<\/div>\n<\/div>\n<\/div>\n<\/div>\n<\/div>\n<\/div>\n<\/div>\n<\/div>\n<\/div>\n<\/div>\n<\/div>\n<\/div>\n<\/div>\n<\/div>\n<\/div>\n<\/div>\n<\/div>\n<\/div>\n<\/div>\n<\/div>\n<\/div>\n<\/div>\n<\/div>\n<\/div>\n<\/div>\n","protected":false},"excerpt":{"rendered":"<p>\u00cates-vous pr\u00eat \u00e0 changer de carri\u00e8re ? Vous souhaitez vous reconvertir dans une profession tr\u00e8s demand\u00e9e ? Nous avons le parcours de formation qu&rsquo;il vous faut : D\u00e9taillant &#8211; parcours de formation. Au cours de ces journ\u00e9es, vous apprendrez tout ce qui concerne la pr\u00e9paration impeccable des voitures, comme le nettoyage, le polissage et le [&hellip;]<\/p>\n","protected":false},"featured_media":10262,"comment_status":"closed","ping_status":"closed","template":"","meta":{"_yoast_wpseo_focuskw":"","_yoast_wpseo_metadesc":"","rank_math_focus_keyword":"","rank_math_description":""},"product_brand":[],"product_cat":[154,157,158,156],"product_tag":[],"class_list":{"0":"post-10511","1":"product","2":"type-product","3":"status-publish","4":"has-post-thumbnail","6":"product_cat-entreprises","7":"product_cat-parcours-dapprentissage-entreprises","8":"product_cat-parcours-dapprentissage-prive","9":"product_cat-prive","11":"first","12":"instock","13":"purchasable","14":"product-type-simple"},"yoast_head":"<!-- This site is optimized with the Yoast SEO plugin v27.2 - https:\/\/yoast.com\/product\/yoast-seo-wordpress\/ -->\n<title>D\u00e9tailler avec le n\u00e9erlandais - Bogaers Taleninstituut Tilburg<\/title>\n<meta name=\"robots\" content=\"index, follow, max-snippet:-1, max-image-preview:large, max-video-preview:-1\" \/>\n<link rel=\"canonical\" href=\"https:\/\/www.bogaerstalen.nl\/fr\/product\/detailler-avec-le-neerlandais\/\" \/>\n<meta property=\"og:locale\" content=\"fr_FR\" \/>\n<meta property=\"og:type\" content=\"article\" \/>\n<meta property=\"og:title\" content=\"D\u00e9tailler avec le n\u00e9erlandais - Bogaers Taleninstituut Tilburg\" \/>\n<meta property=\"og:description\" content=\"\u00cates-vous pr\u00eat \u00e0 changer de carri\u00e8re ? Vous souhaitez vous reconvertir dans une profession tr\u00e8s demand\u00e9e ? Nous avons le parcours de formation qu&rsquo;il vous faut : D\u00e9taillant &#8211; parcours de formation. Au cours de ces journ\u00e9es, vous apprendrez tout ce qui concerne la pr\u00e9paration impeccable des voitures, comme le nettoyage, le polissage et le [&hellip;]\" \/>\n<meta property=\"og:url\" content=\"https:\/\/www.bogaerstalen.nl\/fr\/product\/detailler-avec-le-neerlandais\/\" \/>\n<meta property=\"og:site_name\" content=\"Bogaers Taleninstituut Tilburg\" \/>\n<meta property=\"article:publisher\" content=\"https:\/\/www.facebook.com\/taleninstituut\/\" \/>\n<meta property=\"og:image\" content=\"https:\/\/www.bogaerstalen.nl\/wp-content\/uploads\/2025\/12\/leertraject-detailing-taal-nl_001.jpg.webp\" \/>\n\t<meta property=\"og:image:width\" content=\"480\" \/>\n\t<meta property=\"og:image:height\" content=\"250\" \/>\n\t<meta property=\"og:image:type\" content=\"image\/webp\" \/>\n<meta name=\"twitter:label1\" content=\"Dur\u00e9e de lecture estim\u00e9e\" \/>\n\t<meta name=\"twitter:data1\" content=\"2 minutes\" \/>\n<script type=\"application\/ld+json\" class=\"yoast-schema-graph\">{\"@context\":\"https:\/\/schema.org\",\"@graph\":[{\"@type\":\"WebPage\",\"@id\":\"https:\/\/www.bogaerstalen.nl\/fr\/product\/detailler-avec-le-neerlandais\/\",\"url\":\"https:\/\/www.bogaerstalen.nl\/fr\/product\/detailler-avec-le-neerlandais\/\",\"name\":\"D\u00e9tailler avec le n\u00e9erlandais - Bogaers Taleninstituut Tilburg\",\"isPartOf\":{\"@id\":\"https:\/\/www.bogaerstalen.nl\/#website\"},\"primaryImageOfPage\":{\"@id\":\"https:\/\/www.bogaerstalen.nl\/fr\/product\/detailler-avec-le-neerlandais\/#primaryimage\"},\"image\":{\"@id\":\"https:\/\/www.bogaerstalen.nl\/fr\/product\/detailler-avec-le-neerlandais\/#primaryimage\"},\"thumbnailUrl\":\"https:\/\/www.bogaerstalen.nl\/wp-content\/uploads\/2025\/12\/leertraject-detailing-taal-nl_001.jpg.webp\",\"datePublished\":\"2026-02-02T07:44:38+00:00\",\"breadcrumb\":{\"@id\":\"https:\/\/www.bogaerstalen.nl\/fr\/product\/detailler-avec-le-neerlandais\/#breadcrumb\"},\"inLanguage\":\"fr-FR\",\"potentialAction\":[{\"@type\":\"ReadAction\",\"target\":[\"https:\/\/www.bogaerstalen.nl\/fr\/product\/detailler-avec-le-neerlandais\/\"]}]},{\"@type\":\"ImageObject\",\"inLanguage\":\"fr-FR\",\"@id\":\"https:\/\/www.bogaerstalen.nl\/fr\/product\/detailler-avec-le-neerlandais\/#primaryimage\",\"url\":\"https:\/\/www.bogaerstalen.nl\/wp-content\/uploads\/2025\/12\/leertraject-detailing-taal-nl_001.jpg.webp\",\"contentUrl\":\"https:\/\/www.bogaerstalen.nl\/wp-content\/uploads\/2025\/12\/leertraject-detailing-taal-nl_001.jpg.webp\",\"width\":480,\"height\":250},{\"@type\":\"BreadcrumbList\",\"@id\":\"https:\/\/www.bogaerstalen.nl\/fr\/product\/detailler-avec-le-neerlandais\/#breadcrumb\",\"itemListElement\":[{\"@type\":\"ListItem\",\"position\":1,\"name\":\"Home\",\"item\":\"https:\/\/www.bogaerstalen.nl\/fr\/accueil\/\"},{\"@type\":\"ListItem\",\"position\":2,\"name\":\"Shop &#8211; voyez aussi la distinction entre Business et Private (en raison de la TVA) en haut \u00e0 droite de votre \u00e9cran !\",\"item\":\"https:\/\/www.bogaerstalen.nl\/shop-voyez-aussi-la-distinction-entre-business-et-private-en-raison-de-la-tva-en-haut-a-droite-de-votre-ecran\/\"},{\"@type\":\"ListItem\",\"position\":3,\"name\":\"D\u00e9tailler avec le n\u00e9erlandais\"}]},{\"@type\":\"WebSite\",\"@id\":\"https:\/\/www.bogaerstalen.nl\/#website\",\"url\":\"https:\/\/www.bogaerstalen.nl\/\",\"name\":\"Bogaers Taleninstituut Tilburg\",\"description\":\"Sta sterk met taal!\",\"potentialAction\":[{\"@type\":\"SearchAction\",\"target\":{\"@type\":\"EntryPoint\",\"urlTemplate\":\"https:\/\/www.bogaerstalen.nl\/?s={search_term_string}\"},\"query-input\":{\"@type\":\"PropertyValueSpecification\",\"valueRequired\":true,\"valueName\":\"search_term_string\"}}],\"inLanguage\":\"fr-FR\"}]}<\/script>\n<!-- \/ Yoast SEO plugin. -->","yoast_head_json":{"title":"D\u00e9tailler avec le n\u00e9erlandais - Bogaers Taleninstituut Tilburg","robots":{"index":"index","follow":"follow","max-snippet":"max-snippet:-1","max-image-preview":"max-image-preview:large","max-video-preview":"max-video-preview:-1"},"canonical":"https:\/\/www.bogaerstalen.nl\/fr\/product\/detailler-avec-le-neerlandais\/","og_locale":"fr_FR","og_type":"article","og_title":"D\u00e9tailler avec le n\u00e9erlandais - Bogaers Taleninstituut Tilburg","og_description":"\u00cates-vous pr\u00eat \u00e0 changer de carri\u00e8re ? Vous souhaitez vous reconvertir dans une profession tr\u00e8s demand\u00e9e ? Nous avons le parcours de formation qu&rsquo;il vous faut : D\u00e9taillant &#8211; parcours de formation. Au cours de ces journ\u00e9es, vous apprendrez tout ce qui concerne la pr\u00e9paration impeccable des voitures, comme le nettoyage, le polissage et le [&hellip;]","og_url":"https:\/\/www.bogaerstalen.nl\/fr\/product\/detailler-avec-le-neerlandais\/","og_site_name":"Bogaers Taleninstituut Tilburg","article_publisher":"https:\/\/www.facebook.com\/taleninstituut\/","og_image":[{"width":480,"height":250,"url":"https:\/\/www.bogaerstalen.nl\/wp-content\/uploads\/2025\/12\/leertraject-detailing-taal-nl_001.jpg.webp","type":"image\/webp"}],"twitter_misc":{"Dur\u00e9e de lecture estim\u00e9e":"2 minutes"},"schema":{"@context":"https:\/\/schema.org","@graph":[{"@type":"WebPage","@id":"https:\/\/www.bogaerstalen.nl\/fr\/product\/detailler-avec-le-neerlandais\/","url":"https:\/\/www.bogaerstalen.nl\/fr\/product\/detailler-avec-le-neerlandais\/","name":"D\u00e9tailler avec le n\u00e9erlandais - Bogaers Taleninstituut Tilburg","isPartOf":{"@id":"https:\/\/www.bogaerstalen.nl\/#website"},"primaryImageOfPage":{"@id":"https:\/\/www.bogaerstalen.nl\/fr\/product\/detailler-avec-le-neerlandais\/#primaryimage"},"image":{"@id":"https:\/\/www.bogaerstalen.nl\/fr\/product\/detailler-avec-le-neerlandais\/#primaryimage"},"thumbnailUrl":"https:\/\/www.bogaerstalen.nl\/wp-content\/uploads\/2025\/12\/leertraject-detailing-taal-nl_001.jpg.webp","datePublished":"2026-02-02T07:44:38+00:00","breadcrumb":{"@id":"https:\/\/www.bogaerstalen.nl\/fr\/product\/detailler-avec-le-neerlandais\/#breadcrumb"},"inLanguage":"fr-FR","potentialAction":[{"@type":"ReadAction","target":["https:\/\/www.bogaerstalen.nl\/fr\/product\/detailler-avec-le-neerlandais\/"]}]},{"@type":"ImageObject","inLanguage":"fr-FR","@id":"https:\/\/www.bogaerstalen.nl\/fr\/product\/detailler-avec-le-neerlandais\/#primaryimage","url":"https:\/\/www.bogaerstalen.nl\/wp-content\/uploads\/2025\/12\/leertraject-detailing-taal-nl_001.jpg.webp","contentUrl":"https:\/\/www.bogaerstalen.nl\/wp-content\/uploads\/2025\/12\/leertraject-detailing-taal-nl_001.jpg.webp","width":480,"height":250},{"@type":"BreadcrumbList","@id":"https:\/\/www.bogaerstalen.nl\/fr\/product\/detailler-avec-le-neerlandais\/#breadcrumb","itemListElement":[{"@type":"ListItem","position":1,"name":"Home","item":"https:\/\/www.bogaerstalen.nl\/fr\/accueil\/"},{"@type":"ListItem","position":2,"name":"Shop &#8211; voyez aussi la distinction entre Business et Private (en raison de la TVA) en haut \u00e0 droite de votre \u00e9cran !","item":"https:\/\/www.bogaerstalen.nl\/shop-voyez-aussi-la-distinction-entre-business-et-private-en-raison-de-la-tva-en-haut-a-droite-de-votre-ecran\/"},{"@type":"ListItem","position":3,"name":"D\u00e9tailler avec le n\u00e9erlandais"}]},{"@type":"WebSite","@id":"https:\/\/www.bogaerstalen.nl\/#website","url":"https:\/\/www.bogaerstalen.nl\/","name":"Bogaers Taleninstituut Tilburg","description":"Sta sterk met taal!","potentialAction":[{"@type":"SearchAction","target":{"@type":"EntryPoint","urlTemplate":"https:\/\/www.bogaerstalen.nl\/?s={search_term_string}"},"query-input":{"@type":"PropertyValueSpecification","valueRequired":true,"valueName":"search_term_string"}}],"inLanguage":"fr-FR"}]}},"_links":{"self":[{"href":"https:\/\/www.bogaerstalen.nl\/fr\/wp-json\/wp\/v2\/product\/10511","targetHints":{"allow":["GET"]}}],"collection":[{"href":"https:\/\/www.bogaerstalen.nl\/fr\/wp-json\/wp\/v2\/product"}],"about":[{"href":"https:\/\/www.bogaerstalen.nl\/fr\/wp-json\/wp\/v2\/types\/product"}],"replies":[{"embeddable":true,"href":"https:\/\/www.bogaerstalen.nl\/fr\/wp-json\/wp\/v2\/comments?post=10511"}],"wp:featuredmedia":[{"embeddable":true,"href":"https:\/\/www.bogaerstalen.nl\/fr\/wp-json\/wp\/v2\/media\/10262"}],"wp:attachment":[{"href":"https:\/\/www.bogaerstalen.nl\/fr\/wp-json\/wp\/v2\/media?parent=10511"}],"wp:term":[{"taxonomy":"product_brand","embeddable":true,"href":"https:\/\/www.bogaerstalen.nl\/fr\/wp-json\/wp\/v2\/product_brand?post=10511"},{"taxonomy":"product_cat","embeddable":true,"href":"https:\/\/www.bogaerstalen.nl\/fr\/wp-json\/wp\/v2\/product_cat?post=10511"},{"taxonomy":"product_tag","embeddable":true,"href":"https:\/\/www.bogaerstalen.nl\/fr\/wp-json\/wp\/v2\/product_tag?post=10511"}],"curies":[{"name":"wp","href":"https:\/\/api.w.org\/{rel}","templated":true}]}}