{"id":10529,"date":"2026-02-02T08:45:35","date_gmt":"2026-02-02T07:45:35","guid":{"rendered":"https:\/\/www.bogaerstalen.nl\/product\/forfait-en-ligne-pour-12-mois-dacces-illimite-sans-accompagnement-par-un-tuteur\/"},"modified":"2026-02-02T08:45:35","modified_gmt":"2026-02-02T07:45:35","slug":"forfait-en-ligne-pour-12-mois-dacces-illimite-sans-accompagnement-par-un-tuteur","status":"publish","type":"product","link":"https:\/\/www.bogaerstalen.nl\/fr\/product\/forfait-en-ligne-pour-12-mois-dacces-illimite-sans-accompagnement-par-un-tuteur\/","title":{"rendered":"Forfait en ligne pour 12 mois d&rsquo;acc\u00e8s illimit\u00e9, SANS accompagnement par un tuteur"},"content":{"rendered":"<p>&nbsp;<\/p>\n<p><strong>Que pouvez-vous attendre, entre autres, de cette formation interactive en ligne ?<\/strong><\/p>\n<p>Vous permet de :<\/p>\n<ul>\n<li>Am\u00e9liorer la prononciation<\/li>\n<li>Pratiquer l&rsquo;expression orale<\/li>\n<li>Am\u00e9liorer les capacit\u00e9s d&rsquo;\u00e9coute<\/li>\n<li>Pratiquer les structures de phrases<\/li>\n<li>Dans notre institut, vous pouvez utiliser tout le mat\u00e9riel disponible pendant les heures de bureau, vous travaillez dans un environnement s\u00e9curis\u00e9 (r\u00e9seau s\u00e9par\u00e9).<\/li>\n<li>L&rsquo;apprentissage en ligne peut m\u00eame se faire \u00e0 partir de n&rsquo;importe quel endroit o\u00f9 vous disposez d&rsquo;une connexion internet !<\/li>\n<li>Pratique illimit\u00e9e \u00e0 votre convenance<\/li>\n<\/ul>\n<p><span class=\"s2\"><b>1 forfait en ligne &#8211; illimit\u00e9 pendant 12 mois <strong><span class=\"s3\">\u20ac <\/span><\/strong>500,-<\/b><\/span><\/p>\n<p class=\"p2\"><a href=\"https:\/\/www.bogaerstalen.nl\/fr\/pourquoi-bogaers\/\">Cliquez ici pour le plan d&rsquo;action<\/a><\/p>\n<p><strong> <\/strong><\/p>\n<p>&nbsp;<\/p>\n<hr>\n<p>&nbsp;<\/p>\n<p><strong>Avis de non-responsabilit\u00e9 :  <\/strong><\/p>\n<p>Bogaers Taleninstituut BV n&rsquo;est pas responsable du mauvais fonctionnement de l&rsquo;environnement E-Learning ou du manque de compatibilit\u00e9 des exigences du syst\u00e8me.<\/p>\n<p>L&rsquo;environnement d&rsquo;apprentissage en ligne est accessible 24 heures sur 24, 7 jours sur 7, \u00e0 l&rsquo;aide d&rsquo;un code qui vous est fourni.<\/p>\n<p>Pour les diff\u00e9rentes langues, un paquet g\u00e9n\u00e9ral pour les \u00e9tudiants est souvent publi\u00e9 en premier. Une fois que vous avez termin\u00e9, vous pouvez vous connecter \u00e0 un nouveau programme en ligne \u00e0 votre nom personnel. Le professeur ne peut PAS suivre vos progr\u00e8s ; vous pouvez acheter des heures de cours individuelles suppl\u00e9mentaires pour cela.  <\/p>\n<p>&nbsp;<\/p>\n","protected":false},"excerpt":{"rendered":"<p>Une communication efficace dans la langue de votre partenaire commercial est une condition pr\u00e9alable \u00e0 la r\u00e9ussite des affaires internationales. Il est essentiel de bien se comprendre. <\/p>\n<p>Si vous compl\u00e9tez ce paquet de mani\u00e8re ind\u00e9pendante DANS LES 12 mois, nous vous fournirons &#8211; \u00e0 votre demande &#8211; une alternative gratuite !<\/p>\n<p>&nbsp;<\/p>\n","protected":false},"featured_media":8220,"comment_status":"closed","ping_status":"closed","template":"","meta":{"_yoast_wpseo_focuskw":"","_yoast_wpseo_metadesc":"","rank_math_focus_keyword":"","rank_math_description":""},"product_brand":[],"product_cat":[164,156],"product_tag":[],"class_list":{"0":"post-10529","1":"product","2":"type-product","3":"status-publish","4":"has-post-thumbnail","6":"product_cat-paquet-en-ligne-apprentissage-avec-sans-lecon-ind-2","7":"product_cat-prive","9":"first","10":"instock","11":"purchasable","12":"product-type-simple"},"yoast_head":"<!-- This site is optimized with the Yoast SEO plugin v27.2 - https:\/\/yoast.com\/product\/yoast-seo-wordpress\/ -->\n<title>Forfait en ligne pour 12 mois d&#039;acc\u00e8s illimit\u00e9, SANS accompagnement par un tuteur - Bogaers Taleninstituut Tilburg<\/title>\n<meta name=\"robots\" content=\"index, follow, max-snippet:-1, max-image-preview:large, max-video-preview:-1\" \/>\n<link rel=\"canonical\" href=\"https:\/\/www.bogaerstalen.nl\/fr\/product\/forfait-en-ligne-pour-12-mois-dacces-illimite-sans-accompagnement-par-un-tuteur\/\" \/>\n<meta property=\"og:locale\" content=\"fr_FR\" \/>\n<meta property=\"og:type\" content=\"article\" \/>\n<meta property=\"og:title\" content=\"Forfait en ligne pour 12 mois d&#039;acc\u00e8s illimit\u00e9, SANS accompagnement par un tuteur - Bogaers Taleninstituut Tilburg\" \/>\n<meta property=\"og:description\" content=\"Une communication efficace dans la langue de votre partenaire commercial est une condition pr\u00e9alable \u00e0 la r\u00e9ussite des affaires internationales. Il est essentiel de bien se comprendre.  Si vous compl\u00e9tez ce paquet de mani\u00e8re ind\u00e9pendante DANS LES 12 mois, nous vous fournirons - \u00e0 votre demande - une alternative gratuite ! &nbsp;\" \/>\n<meta property=\"og:url\" content=\"https:\/\/www.bogaerstalen.nl\/fr\/product\/forfait-en-ligne-pour-12-mois-dacces-illimite-sans-accompagnement-par-un-tuteur\/\" \/>\n<meta property=\"og:site_name\" content=\"Bogaers Taleninstituut Tilburg\" \/>\n<meta property=\"article:publisher\" content=\"https:\/\/www.facebook.com\/taleninstituut\/\" \/>\n<meta property=\"og:image\" content=\"https:\/\/www.bogaerstalen.nl\/wp-content\/uploads\/2016\/11\/Blended-Learning-Webfoto.jpg\" \/>\n\t<meta property=\"og:image:width\" content=\"881\" \/>\n\t<meta property=\"og:image:height\" content=\"544\" \/>\n\t<meta property=\"og:image:type\" content=\"image\/jpeg\" \/>\n<meta name=\"twitter:label1\" content=\"Dur\u00e9e de lecture estim\u00e9e\" \/>\n\t<meta name=\"twitter:data1\" content=\"1 minute\" \/>\n<script type=\"application\/ld+json\" class=\"yoast-schema-graph\">{\"@context\":\"https:\/\/schema.org\",\"@graph\":[{\"@type\":\"WebPage\",\"@id\":\"https:\/\/www.bogaerstalen.nl\/fr\/product\/forfait-en-ligne-pour-12-mois-dacces-illimite-sans-accompagnement-par-un-tuteur\/\",\"url\":\"https:\/\/www.bogaerstalen.nl\/fr\/product\/forfait-en-ligne-pour-12-mois-dacces-illimite-sans-accompagnement-par-un-tuteur\/\",\"name\":\"Forfait en ligne pour 12 mois d'acc\u00e8s illimit\u00e9, SANS accompagnement par un tuteur - Bogaers Taleninstituut Tilburg\",\"isPartOf\":{\"@id\":\"https:\/\/www.bogaerstalen.nl\/#website\"},\"primaryImageOfPage\":{\"@id\":\"https:\/\/www.bogaerstalen.nl\/fr\/product\/forfait-en-ligne-pour-12-mois-dacces-illimite-sans-accompagnement-par-un-tuteur\/#primaryimage\"},\"image\":{\"@id\":\"https:\/\/www.bogaerstalen.nl\/fr\/product\/forfait-en-ligne-pour-12-mois-dacces-illimite-sans-accompagnement-par-un-tuteur\/#primaryimage\"},\"thumbnailUrl\":\"https:\/\/www.bogaerstalen.nl\/wp-content\/uploads\/2016\/11\/Blended-Learning-Webfoto.jpg\",\"datePublished\":\"2026-02-02T07:45:35+00:00\",\"breadcrumb\":{\"@id\":\"https:\/\/www.bogaerstalen.nl\/fr\/product\/forfait-en-ligne-pour-12-mois-dacces-illimite-sans-accompagnement-par-un-tuteur\/#breadcrumb\"},\"inLanguage\":\"fr-FR\",\"potentialAction\":[{\"@type\":\"ReadAction\",\"target\":[\"https:\/\/www.bogaerstalen.nl\/fr\/product\/forfait-en-ligne-pour-12-mois-dacces-illimite-sans-accompagnement-par-un-tuteur\/\"]}]},{\"@type\":\"ImageObject\",\"inLanguage\":\"fr-FR\",\"@id\":\"https:\/\/www.bogaerstalen.nl\/fr\/product\/forfait-en-ligne-pour-12-mois-dacces-illimite-sans-accompagnement-par-un-tuteur\/#primaryimage\",\"url\":\"https:\/\/www.bogaerstalen.nl\/wp-content\/uploads\/2016\/11\/Blended-Learning-Webfoto.jpg\",\"contentUrl\":\"https:\/\/www.bogaerstalen.nl\/wp-content\/uploads\/2016\/11\/Blended-Learning-Webfoto.jpg\",\"width\":881,\"height\":544,\"caption\":\"56912415 - blended learning man hand on table business, coffee, split tone\"},{\"@type\":\"BreadcrumbList\",\"@id\":\"https:\/\/www.bogaerstalen.nl\/fr\/product\/forfait-en-ligne-pour-12-mois-dacces-illimite-sans-accompagnement-par-un-tuteur\/#breadcrumb\",\"itemListElement\":[{\"@type\":\"ListItem\",\"position\":1,\"name\":\"Home\",\"item\":\"https:\/\/www.bogaerstalen.nl\/fr\/accueil\/\"},{\"@type\":\"ListItem\",\"position\":2,\"name\":\"Shop &#8211; voyez aussi la distinction entre Business et Private (en raison de la TVA) en haut \u00e0 droite de votre \u00e9cran !\",\"item\":\"https:\/\/www.bogaerstalen.nl\/shop-voyez-aussi-la-distinction-entre-business-et-private-en-raison-de-la-tva-en-haut-a-droite-de-votre-ecran\/\"},{\"@type\":\"ListItem\",\"position\":3,\"name\":\"Forfait en ligne pour 12 mois d&#8217;acc\u00e8s illimit\u00e9, SANS accompagnement par un tuteur\"}]},{\"@type\":\"WebSite\",\"@id\":\"https:\/\/www.bogaerstalen.nl\/#website\",\"url\":\"https:\/\/www.bogaerstalen.nl\/\",\"name\":\"Bogaers Taleninstituut Tilburg\",\"description\":\"Sta sterk met taal!\",\"potentialAction\":[{\"@type\":\"SearchAction\",\"target\":{\"@type\":\"EntryPoint\",\"urlTemplate\":\"https:\/\/www.bogaerstalen.nl\/?s={search_term_string}\"},\"query-input\":{\"@type\":\"PropertyValueSpecification\",\"valueRequired\":true,\"valueName\":\"search_term_string\"}}],\"inLanguage\":\"fr-FR\"}]}<\/script>\n<!-- \/ Yoast SEO plugin. -->","yoast_head_json":{"title":"Forfait en ligne pour 12 mois d'acc\u00e8s illimit\u00e9, SANS accompagnement par un tuteur - Bogaers Taleninstituut Tilburg","robots":{"index":"index","follow":"follow","max-snippet":"max-snippet:-1","max-image-preview":"max-image-preview:large","max-video-preview":"max-video-preview:-1"},"canonical":"https:\/\/www.bogaerstalen.nl\/fr\/product\/forfait-en-ligne-pour-12-mois-dacces-illimite-sans-accompagnement-par-un-tuteur\/","og_locale":"fr_FR","og_type":"article","og_title":"Forfait en ligne pour 12 mois d'acc\u00e8s illimit\u00e9, SANS accompagnement par un tuteur - Bogaers Taleninstituut Tilburg","og_description":"Une communication efficace dans la langue de votre partenaire commercial est une condition pr\u00e9alable \u00e0 la r\u00e9ussite des affaires internationales. Il est essentiel de bien se comprendre.  Si vous compl\u00e9tez ce paquet de mani\u00e8re ind\u00e9pendante DANS LES 12 mois, nous vous fournirons - \u00e0 votre demande - une alternative gratuite ! &nbsp;","og_url":"https:\/\/www.bogaerstalen.nl\/fr\/product\/forfait-en-ligne-pour-12-mois-dacces-illimite-sans-accompagnement-par-un-tuteur\/","og_site_name":"Bogaers Taleninstituut Tilburg","article_publisher":"https:\/\/www.facebook.com\/taleninstituut\/","og_image":[{"width":881,"height":544,"url":"https:\/\/www.bogaerstalen.nl\/wp-content\/uploads\/2016\/11\/Blended-Learning-Webfoto.jpg","type":"image\/jpeg"}],"twitter_misc":{"Dur\u00e9e de lecture estim\u00e9e":"1 minute"},"schema":{"@context":"https:\/\/schema.org","@graph":[{"@type":"WebPage","@id":"https:\/\/www.bogaerstalen.nl\/fr\/product\/forfait-en-ligne-pour-12-mois-dacces-illimite-sans-accompagnement-par-un-tuteur\/","url":"https:\/\/www.bogaerstalen.nl\/fr\/product\/forfait-en-ligne-pour-12-mois-dacces-illimite-sans-accompagnement-par-un-tuteur\/","name":"Forfait en ligne pour 12 mois d'acc\u00e8s illimit\u00e9, SANS accompagnement par un tuteur - Bogaers Taleninstituut Tilburg","isPartOf":{"@id":"https:\/\/www.bogaerstalen.nl\/#website"},"primaryImageOfPage":{"@id":"https:\/\/www.bogaerstalen.nl\/fr\/product\/forfait-en-ligne-pour-12-mois-dacces-illimite-sans-accompagnement-par-un-tuteur\/#primaryimage"},"image":{"@id":"https:\/\/www.bogaerstalen.nl\/fr\/product\/forfait-en-ligne-pour-12-mois-dacces-illimite-sans-accompagnement-par-un-tuteur\/#primaryimage"},"thumbnailUrl":"https:\/\/www.bogaerstalen.nl\/wp-content\/uploads\/2016\/11\/Blended-Learning-Webfoto.jpg","datePublished":"2026-02-02T07:45:35+00:00","breadcrumb":{"@id":"https:\/\/www.bogaerstalen.nl\/fr\/product\/forfait-en-ligne-pour-12-mois-dacces-illimite-sans-accompagnement-par-un-tuteur\/#breadcrumb"},"inLanguage":"fr-FR","potentialAction":[{"@type":"ReadAction","target":["https:\/\/www.bogaerstalen.nl\/fr\/product\/forfait-en-ligne-pour-12-mois-dacces-illimite-sans-accompagnement-par-un-tuteur\/"]}]},{"@type":"ImageObject","inLanguage":"fr-FR","@id":"https:\/\/www.bogaerstalen.nl\/fr\/product\/forfait-en-ligne-pour-12-mois-dacces-illimite-sans-accompagnement-par-un-tuteur\/#primaryimage","url":"https:\/\/www.bogaerstalen.nl\/wp-content\/uploads\/2016\/11\/Blended-Learning-Webfoto.jpg","contentUrl":"https:\/\/www.bogaerstalen.nl\/wp-content\/uploads\/2016\/11\/Blended-Learning-Webfoto.jpg","width":881,"height":544,"caption":"56912415 - blended learning man hand on table business, coffee, split tone"},{"@type":"BreadcrumbList","@id":"https:\/\/www.bogaerstalen.nl\/fr\/product\/forfait-en-ligne-pour-12-mois-dacces-illimite-sans-accompagnement-par-un-tuteur\/#breadcrumb","itemListElement":[{"@type":"ListItem","position":1,"name":"Home","item":"https:\/\/www.bogaerstalen.nl\/fr\/accueil\/"},{"@type":"ListItem","position":2,"name":"Shop &#8211; voyez aussi la distinction entre Business et Private (en raison de la TVA) en haut \u00e0 droite de votre \u00e9cran !","item":"https:\/\/www.bogaerstalen.nl\/shop-voyez-aussi-la-distinction-entre-business-et-private-en-raison-de-la-tva-en-haut-a-droite-de-votre-ecran\/"},{"@type":"ListItem","position":3,"name":"Forfait en ligne pour 12 mois d&#8217;acc\u00e8s illimit\u00e9, SANS accompagnement par un tuteur"}]},{"@type":"WebSite","@id":"https:\/\/www.bogaerstalen.nl\/#website","url":"https:\/\/www.bogaerstalen.nl\/","name":"Bogaers Taleninstituut Tilburg","description":"Sta sterk met taal!","potentialAction":[{"@type":"SearchAction","target":{"@type":"EntryPoint","urlTemplate":"https:\/\/www.bogaerstalen.nl\/?s={search_term_string}"},"query-input":{"@type":"PropertyValueSpecification","valueRequired":true,"valueName":"search_term_string"}}],"inLanguage":"fr-FR"}]}},"_links":{"self":[{"href":"https:\/\/www.bogaerstalen.nl\/fr\/wp-json\/wp\/v2\/product\/10529","targetHints":{"allow":["GET"]}}],"collection":[{"href":"https:\/\/www.bogaerstalen.nl\/fr\/wp-json\/wp\/v2\/product"}],"about":[{"href":"https:\/\/www.bogaerstalen.nl\/fr\/wp-json\/wp\/v2\/types\/product"}],"replies":[{"embeddable":true,"href":"https:\/\/www.bogaerstalen.nl\/fr\/wp-json\/wp\/v2\/comments?post=10529"}],"wp:featuredmedia":[{"embeddable":true,"href":"https:\/\/www.bogaerstalen.nl\/fr\/wp-json\/wp\/v2\/media\/8220"}],"wp:attachment":[{"href":"https:\/\/www.bogaerstalen.nl\/fr\/wp-json\/wp\/v2\/media?parent=10529"}],"wp:term":[{"taxonomy":"product_brand","embeddable":true,"href":"https:\/\/www.bogaerstalen.nl\/fr\/wp-json\/wp\/v2\/product_brand?post=10529"},{"taxonomy":"product_cat","embeddable":true,"href":"https:\/\/www.bogaerstalen.nl\/fr\/wp-json\/wp\/v2\/product_cat?post=10529"},{"taxonomy":"product_tag","embeddable":true,"href":"https:\/\/www.bogaerstalen.nl\/fr\/wp-json\/wp\/v2\/product_tag?post=10529"}],"curies":[{"name":"wp","href":"https:\/\/api.w.org\/{rel}","templated":true}]}}