{"id":10531,"date":"2026-02-02T08:45:36","date_gmt":"2026-02-02T07:45:36","guid":{"rendered":"https:\/\/www.bogaerstalen.nl\/product\/40-heures-individuelles-avec-un-tuteur\/"},"modified":"2026-02-02T08:45:36","modified_gmt":"2026-02-02T07:45:36","slug":"40-heures-individuelles-avec-un-tuteur","status":"publish","type":"product","link":"https:\/\/www.bogaerstalen.nl\/fr\/product\/40-heures-individuelles-avec-un-tuteur\/","title":{"rendered":"40 heures individuelles avec un tuteur"},"content":{"rendered":"<p><b>Un face-\u00e0-face individuel avec l&rsquo;aide et les conseils de votre tuteur en cas de besoin !<\/b><\/p>\n<hr>\n<p><strong>Que pouvez-vous attendre, entre autres, de cette formation interactive ?<\/strong><\/p>\n<p>Avec les comp\u00e9tences de communication acquises, vous pouvez :<\/p>\n<ul>\n<li>effectuer des appels g\u00e9n\u00e9raux de courte dur\u00e9e<\/li>\n<li>enrichissez votre vocabulaire<\/li>\n<li>comprendre votre interlocuteur et r\u00e9agir de mani\u00e8re appropri\u00e9e<\/li>\n<li>comprendre et\/ou \u00e9crire un texte simple et court<\/li>\n<li>apprendre \u00e0 conna\u00eetre la culture concern\u00e9e (ainsi que les choses \u00e0 faire et \u00e0 ne pas faire)<\/li>\n<\/ul>\n<p><span class=\"s2\"><b>40 le\u00e7ons individuelles par heure d&rsquo;horloge = total \u20ac4400<\/b><\/span><\/p>\n<p><a href=\"https:\/\/www.bogaerstalen.nl\/fr\/pourquoi-bogaers\/\">Cliquez ici pour le plan d&rsquo;action<\/a><\/p>\n","protected":false},"excerpt":{"rendered":"<p>Une communication efficace dans la langue de votre partenaire commercial est une condition pr\u00e9alable \u00e0 la r\u00e9ussite des affaires internationales. Il est essentiel de bien se comprendre. <\/p>\n<p>Avantage des cours individuels : le contact interpersonnel est agr\u00e9able et n\u00e9cessaire \u00e0 la pratique. De plus, vous b\u00e9n\u00e9ficiez d&rsquo;un retour d&rsquo;information imm\u00e9diat ! Avec un peu d&rsquo;aide et de conseils de la part de votre propre tuteur, vous aurez appris une nouvelle langue en un rien de temps !  <\/p>\n","protected":false},"featured_media":2350,"comment_status":"closed","ping_status":"closed","template":"","meta":{"_yoast_wpseo_focuskw":"","_yoast_wpseo_metadesc":"","rank_math_focus_keyword":"","rank_math_description":""},"product_brand":[],"product_cat":[154,155],"product_tag":[],"class_list":{"0":"post-10531","1":"product","2":"type-product","3":"status-publish","4":"has-post-thumbnail","6":"product_cat-entreprises","7":"product_cat-paquet-en-ligne-apprentissage-avec-sans-lecon-ind","9":"first","10":"instock","11":"taxable","12":"shipping-taxable","13":"purchasable","14":"product-type-variable"},"yoast_head":"<!-- This site is optimized with the Yoast SEO plugin v27.2 - https:\/\/yoast.com\/product\/yoast-seo-wordpress\/ -->\n<title>40 heures individuelles avec un tuteur - Bogaers Taleninstituut Tilburg<\/title>\n<meta name=\"robots\" content=\"index, follow, max-snippet:-1, max-image-preview:large, max-video-preview:-1\" \/>\n<link rel=\"canonical\" href=\"https:\/\/www.bogaerstalen.nl\/fr\/product\/40-heures-individuelles-avec-un-tuteur\/\" \/>\n<meta property=\"og:locale\" content=\"fr_FR\" \/>\n<meta property=\"og:type\" content=\"article\" \/>\n<meta property=\"og:title\" content=\"40 heures individuelles avec un tuteur - Bogaers Taleninstituut Tilburg\" \/>\n<meta property=\"og:description\" content=\"Une communication efficace dans la langue de votre partenaire commercial est une condition pr\u00e9alable \u00e0 la r\u00e9ussite des affaires internationales. Il est essentiel de bien se comprendre.  Avantage des cours individuels : le contact interpersonnel est agr\u00e9able et n\u00e9cessaire \u00e0 la pratique. De plus, vous b\u00e9n\u00e9ficiez d&#039;un retour d&#039;information imm\u00e9diat ! Avec un peu d&#039;aide et de conseils de la part de votre propre tuteur, vous aurez appris une nouvelle langue en un rien de temps !\" \/>\n<meta property=\"og:url\" content=\"https:\/\/www.bogaerstalen.nl\/fr\/product\/40-heures-individuelles-avec-un-tuteur\/\" \/>\n<meta property=\"og:site_name\" content=\"Bogaers Taleninstituut Tilburg\" \/>\n<meta property=\"article:publisher\" content=\"https:\/\/www.facebook.com\/taleninstituut\/\" \/>\n<script type=\"application\/ld+json\" class=\"yoast-schema-graph\">{\"@context\":\"https:\/\/schema.org\",\"@graph\":[{\"@type\":\"WebPage\",\"@id\":\"https:\/\/www.bogaerstalen.nl\/fr\/product\/40-heures-individuelles-avec-un-tuteur\/\",\"url\":\"https:\/\/www.bogaerstalen.nl\/fr\/product\/40-heures-individuelles-avec-un-tuteur\/\",\"name\":\"40 heures individuelles avec un tuteur - Bogaers Taleninstituut Tilburg\",\"isPartOf\":{\"@id\":\"https:\/\/www.bogaerstalen.nl\/#website\"},\"primaryImageOfPage\":{\"@id\":\"https:\/\/www.bogaerstalen.nl\/fr\/product\/40-heures-individuelles-avec-un-tuteur\/#primaryimage\"},\"image\":{\"@id\":\"https:\/\/www.bogaerstalen.nl\/fr\/product\/40-heures-individuelles-avec-un-tuteur\/#primaryimage\"},\"thumbnailUrl\":\"https:\/\/www.bogaerstalen.nl\/wp-content\/uploads\/2016\/11\/Blended-Learning-Webfoto.jpg\",\"datePublished\":\"2026-02-02T07:45:36+00:00\",\"breadcrumb\":{\"@id\":\"https:\/\/www.bogaerstalen.nl\/fr\/product\/40-heures-individuelles-avec-un-tuteur\/#breadcrumb\"},\"inLanguage\":\"fr-FR\",\"potentialAction\":[{\"@type\":\"ReadAction\",\"target\":[\"https:\/\/www.bogaerstalen.nl\/fr\/product\/40-heures-individuelles-avec-un-tuteur\/\"]}]},{\"@type\":\"ImageObject\",\"inLanguage\":\"fr-FR\",\"@id\":\"https:\/\/www.bogaerstalen.nl\/fr\/product\/40-heures-individuelles-avec-un-tuteur\/#primaryimage\",\"url\":\"https:\/\/www.bogaerstalen.nl\/wp-content\/uploads\/2016\/11\/Blended-Learning-Webfoto.jpg\",\"contentUrl\":\"https:\/\/www.bogaerstalen.nl\/wp-content\/uploads\/2016\/11\/Blended-Learning-Webfoto.jpg\",\"width\":881,\"height\":544,\"caption\":\"56912415 - blended learning man hand on table business, coffee, split tone\"},{\"@type\":\"BreadcrumbList\",\"@id\":\"https:\/\/www.bogaerstalen.nl\/fr\/product\/40-heures-individuelles-avec-un-tuteur\/#breadcrumb\",\"itemListElement\":[{\"@type\":\"ListItem\",\"position\":1,\"name\":\"Home\",\"item\":\"https:\/\/www.bogaerstalen.nl\/fr\/accueil\/\"},{\"@type\":\"ListItem\",\"position\":2,\"name\":\"Shop &#8211; voyez aussi la distinction entre Business et Private (en raison de la TVA) en haut \u00e0 droite de votre \u00e9cran !\",\"item\":\"https:\/\/www.bogaerstalen.nl\/shop-voyez-aussi-la-distinction-entre-business-et-private-en-raison-de-la-tva-en-haut-a-droite-de-votre-ecran\/\"},{\"@type\":\"ListItem\",\"position\":3,\"name\":\"40 heures individuelles avec un tuteur\"}]},{\"@type\":\"WebSite\",\"@id\":\"https:\/\/www.bogaerstalen.nl\/#website\",\"url\":\"https:\/\/www.bogaerstalen.nl\/\",\"name\":\"Bogaers Taleninstituut Tilburg\",\"description\":\"Sta sterk met taal!\",\"potentialAction\":[{\"@type\":\"SearchAction\",\"target\":{\"@type\":\"EntryPoint\",\"urlTemplate\":\"https:\/\/www.bogaerstalen.nl\/?s={search_term_string}\"},\"query-input\":{\"@type\":\"PropertyValueSpecification\",\"valueRequired\":true,\"valueName\":\"search_term_string\"}}],\"inLanguage\":\"fr-FR\"}]}<\/script>\n<!-- \/ Yoast SEO plugin. -->","yoast_head_json":{"title":"40 heures individuelles avec un tuteur - Bogaers Taleninstituut Tilburg","robots":{"index":"index","follow":"follow","max-snippet":"max-snippet:-1","max-image-preview":"max-image-preview:large","max-video-preview":"max-video-preview:-1"},"canonical":"https:\/\/www.bogaerstalen.nl\/fr\/product\/40-heures-individuelles-avec-un-tuteur\/","og_locale":"fr_FR","og_type":"article","og_title":"40 heures individuelles avec un tuteur - Bogaers Taleninstituut Tilburg","og_description":"Une communication efficace dans la langue de votre partenaire commercial est une condition pr\u00e9alable \u00e0 la r\u00e9ussite des affaires internationales. Il est essentiel de bien se comprendre.  Avantage des cours individuels : le contact interpersonnel est agr\u00e9able et n\u00e9cessaire \u00e0 la pratique. De plus, vous b\u00e9n\u00e9ficiez d'un retour d'information imm\u00e9diat ! Avec un peu d'aide et de conseils de la part de votre propre tuteur, vous aurez appris une nouvelle langue en un rien de temps !","og_url":"https:\/\/www.bogaerstalen.nl\/fr\/product\/40-heures-individuelles-avec-un-tuteur\/","og_site_name":"Bogaers Taleninstituut Tilburg","article_publisher":"https:\/\/www.facebook.com\/taleninstituut\/","schema":{"@context":"https:\/\/schema.org","@graph":[{"@type":"WebPage","@id":"https:\/\/www.bogaerstalen.nl\/fr\/product\/40-heures-individuelles-avec-un-tuteur\/","url":"https:\/\/www.bogaerstalen.nl\/fr\/product\/40-heures-individuelles-avec-un-tuteur\/","name":"40 heures individuelles avec un tuteur - Bogaers Taleninstituut Tilburg","isPartOf":{"@id":"https:\/\/www.bogaerstalen.nl\/#website"},"primaryImageOfPage":{"@id":"https:\/\/www.bogaerstalen.nl\/fr\/product\/40-heures-individuelles-avec-un-tuteur\/#primaryimage"},"image":{"@id":"https:\/\/www.bogaerstalen.nl\/fr\/product\/40-heures-individuelles-avec-un-tuteur\/#primaryimage"},"thumbnailUrl":"https:\/\/www.bogaerstalen.nl\/wp-content\/uploads\/2016\/11\/Blended-Learning-Webfoto.jpg","datePublished":"2026-02-02T07:45:36+00:00","breadcrumb":{"@id":"https:\/\/www.bogaerstalen.nl\/fr\/product\/40-heures-individuelles-avec-un-tuteur\/#breadcrumb"},"inLanguage":"fr-FR","potentialAction":[{"@type":"ReadAction","target":["https:\/\/www.bogaerstalen.nl\/fr\/product\/40-heures-individuelles-avec-un-tuteur\/"]}]},{"@type":"ImageObject","inLanguage":"fr-FR","@id":"https:\/\/www.bogaerstalen.nl\/fr\/product\/40-heures-individuelles-avec-un-tuteur\/#primaryimage","url":"https:\/\/www.bogaerstalen.nl\/wp-content\/uploads\/2016\/11\/Blended-Learning-Webfoto.jpg","contentUrl":"https:\/\/www.bogaerstalen.nl\/wp-content\/uploads\/2016\/11\/Blended-Learning-Webfoto.jpg","width":881,"height":544,"caption":"56912415 - blended learning man hand on table business, coffee, split tone"},{"@type":"BreadcrumbList","@id":"https:\/\/www.bogaerstalen.nl\/fr\/product\/40-heures-individuelles-avec-un-tuteur\/#breadcrumb","itemListElement":[{"@type":"ListItem","position":1,"name":"Home","item":"https:\/\/www.bogaerstalen.nl\/fr\/accueil\/"},{"@type":"ListItem","position":2,"name":"Shop &#8211; voyez aussi la distinction entre Business et Private (en raison de la TVA) en haut \u00e0 droite de votre \u00e9cran !","item":"https:\/\/www.bogaerstalen.nl\/shop-voyez-aussi-la-distinction-entre-business-et-private-en-raison-de-la-tva-en-haut-a-droite-de-votre-ecran\/"},{"@type":"ListItem","position":3,"name":"40 heures individuelles avec un tuteur"}]},{"@type":"WebSite","@id":"https:\/\/www.bogaerstalen.nl\/#website","url":"https:\/\/www.bogaerstalen.nl\/","name":"Bogaers Taleninstituut Tilburg","description":"Sta sterk met taal!","potentialAction":[{"@type":"SearchAction","target":{"@type":"EntryPoint","urlTemplate":"https:\/\/www.bogaerstalen.nl\/?s={search_term_string}"},"query-input":{"@type":"PropertyValueSpecification","valueRequired":true,"valueName":"search_term_string"}}],"inLanguage":"fr-FR"}]}},"_links":{"self":[{"href":"https:\/\/www.bogaerstalen.nl\/fr\/wp-json\/wp\/v2\/product\/10531","targetHints":{"allow":["GET"]}}],"collection":[{"href":"https:\/\/www.bogaerstalen.nl\/fr\/wp-json\/wp\/v2\/product"}],"about":[{"href":"https:\/\/www.bogaerstalen.nl\/fr\/wp-json\/wp\/v2\/types\/product"}],"replies":[{"embeddable":true,"href":"https:\/\/www.bogaerstalen.nl\/fr\/wp-json\/wp\/v2\/comments?post=10531"}],"wp:featuredmedia":[{"embeddable":true,"href":"https:\/\/www.bogaerstalen.nl\/fr\/wp-json\/wp\/v2\/media\/2350"}],"wp:attachment":[{"href":"https:\/\/www.bogaerstalen.nl\/fr\/wp-json\/wp\/v2\/media?parent=10531"}],"wp:term":[{"taxonomy":"product_brand","embeddable":true,"href":"https:\/\/www.bogaerstalen.nl\/fr\/wp-json\/wp\/v2\/product_brand?post=10531"},{"taxonomy":"product_cat","embeddable":true,"href":"https:\/\/www.bogaerstalen.nl\/fr\/wp-json\/wp\/v2\/product_cat?post=10531"},{"taxonomy":"product_tag","embeddable":true,"href":"https:\/\/www.bogaerstalen.nl\/fr\/wp-json\/wp\/v2\/product_tag?post=10531"}],"curies":[{"name":"wp","href":"https:\/\/api.w.org\/{rel}","templated":true}]}}