{"id":10534,"date":"2026-02-02T08:45:42","date_gmt":"2026-02-02T07:45:42","guid":{"rendered":"https:\/\/www.bogaerstalen.nl\/product\/maison-detudes-competences-sociales-neerlandaises-tous-les-jeudis-soirs-vendredis-apres-midi-et-ou-samedis-matin-reservez-vite\/"},"modified":"2026-02-02T08:45:42","modified_gmt":"2026-02-02T07:45:42","slug":"maison-detudes-competences-sociales-neerlandaises-tous-les-jeudis-soirs-vendredis-apres-midi-et-ou-samedis-matin-reservez-vite","status":"publish","type":"product","link":"https:\/\/www.bogaerstalen.nl\/fr\/product\/maison-detudes-competences-sociales-neerlandaises-tous-les-jeudis-soirs-vendredis-apres-midi-et-ou-samedis-matin-reservez-vite\/","title":{"rendered":"&#8211; Maison d&rsquo;\u00e9tudes. Comp\u00e9tences (sociales) n\u00e9erlandaises ! Tous les jeudis soirs, vendredis apr\u00e8s-midi et\/ou samedis matin. R\u00e9servez vite !"},"content":{"rendered":"<p>Pour un maximum de huit \u00e9tudiants \u00e0 partir du niveau A1 qui veulent devenir plus comp\u00e9tents et plus libres dans la langue n\u00e9erlandaise, qui sont curieux, qui aiment d\u00e9couvrir des choses, explorer et r\u00e9fl\u00e9chir, qui veulent apprendre avec [l&rsquo;aide de] leurs camarades.<\/p>\n<p>En d&rsquo;autres termes, le cycle tourne autour de la langue, de la culture et de l&rsquo;interaction sociale. Bien entendu, il s&rsquo;agit aussi de la mani\u00e8re d&rsquo;apprendre et de travailler, des \u00ab\u00a0exigences\u00a0\u00bb impos\u00e9es aux stagiaires, de leur libert\u00e9 de choix et de l&rsquo;espace laiss\u00e9 \u00e0 l&rsquo;orientation et \u00e0 l&rsquo;interpr\u00e9tation personnelles. <\/p>\n<p>&nbsp;<\/p>\n<p>&nbsp;<\/p>\n","protected":false},"excerpt":{"rendered":"<p>Vous vous entra\u00eenez pour l&rsquo;examen ou vous avez simplement besoin d&rsquo;un entra\u00eenement suppl\u00e9mentaire, par exemple pour la conversation ? Vous pouvez le faire maintenant ! Depuis mai 2019, chaque mercredi apr\u00e8s-midi (ONA), jeudi soir, vendredi apr\u00e8s-midi ou \u00e9ventuellement samedi matin, il y a une r\u00e9union interactive en classe avec une attention individuelle pour une conversation suppl\u00e9mentaire, des exercices de prononciation, des questions de devoirs, des questions d&rsquo;examen et de la pratique pour KNM ed.  <\/p>\n<p><strong>Achetez une strippenkaart pour 10 le\u00e7ons de 2h avec une r\u00e9duction MAINTENANT ! <\/strong><\/p>\n<p>Pratiquer ensemble diverses comp\u00e9tences (num\u00e9riques) et d\u00e9couvrir d&rsquo;autres cultures, valeurs et normes. Le Study House est un point d&rsquo;apprentissage pour l&rsquo;enrichissement social dans toutes sortes de domaines. Et tout cela pour seulement \u20ac 19,50 p.u. Pour 40 bandes, vous ne payez que \u20ac 17,50 par bande.  <\/p>\n<p>A l&rsquo;exception du mat\u00e9riel p\u00e9dagogique (50 \u20ac) et des frais administratifs (25 \u20ac). <\/p>\n<p>&nbsp;<\/p>\n","protected":false},"featured_media":4790,"comment_status":"closed","ping_status":"closed","template":"","meta":{"_yoast_wpseo_focuskw":"","_yoast_wpseo_metadesc":"","rank_math_focus_keyword":"","rank_math_description":""},"product_brand":[],"product_cat":[168,156],"product_tag":[],"class_list":{"0":"post-10534","1":"product","2":"type-product","3":"status-publish","4":"has-post-thumbnail","6":"product_cat-kits-dapprentissage","7":"product_cat-prive","9":"first","10":"instock","11":"purchasable","12":"product-type-simple"},"yoast_head":"<!-- This site is optimized with the Yoast SEO plugin v27.2 - https:\/\/yoast.com\/product\/yoast-seo-wordpress\/ -->\n<title>- Maison d&#039;\u00e9tudes. Comp\u00e9tences (sociales) n\u00e9erlandaises ! Tous les jeudis soirs, vendredis apr\u00e8s-midi et\/ou samedis matin. R\u00e9servez vite ! - Bogaers Taleninstituut Tilburg<\/title>\n<meta name=\"robots\" content=\"index, follow, max-snippet:-1, max-image-preview:large, max-video-preview:-1\" \/>\n<link rel=\"canonical\" href=\"https:\/\/www.bogaerstalen.nl\/fr\/product\/maison-detudes-competences-sociales-neerlandaises-tous-les-jeudis-soirs-vendredis-apres-midi-et-ou-samedis-matin-reservez-vite\/\" \/>\n<meta property=\"og:locale\" content=\"fr_FR\" \/>\n<meta property=\"og:type\" content=\"article\" \/>\n<meta property=\"og:title\" content=\"- Maison d&#039;\u00e9tudes. Comp\u00e9tences (sociales) n\u00e9erlandaises ! Tous les jeudis soirs, vendredis apr\u00e8s-midi et\/ou samedis matin. R\u00e9servez vite ! - Bogaers Taleninstituut Tilburg\" \/>\n<meta property=\"og:description\" content=\"Vous vous entra\u00eenez pour l&#039;examen ou vous avez simplement besoin d&#039;un entra\u00eenement suppl\u00e9mentaire, par exemple pour la conversation ? Vous pouvez le faire maintenant ! Depuis mai 2019, chaque mercredi apr\u00e8s-midi (ONA), jeudi soir, vendredi apr\u00e8s-midi ou \u00e9ventuellement samedi matin, il y a une r\u00e9union interactive en classe avec une attention individuelle pour une conversation suppl\u00e9mentaire, des exercices de prononciation, des questions de devoirs, des questions d&#039;examen et de la pratique pour KNM ed.  Achetez une strippenkaart pour 10 le\u00e7ons de 2h avec une r\u00e9duction MAINTENANT !  Pratiquer ensemble diverses comp\u00e9tences (num\u00e9riques) et d\u00e9couvrir d&#039;autres cultures, valeurs et normes. Le Study House est un point d&#039;apprentissage pour l&#039;enrichissement social dans toutes sortes de domaines. Et tout cela pour seulement \u20ac 19,50 p.u. Pour 40 bandes, vous ne payez que \u20ac 17,50 par bande.  A l&#039;exception du mat\u00e9riel p\u00e9dagogique (50 \u20ac) et des frais administratifs (25 \u20ac).  &nbsp;\" \/>\n<meta property=\"og:url\" content=\"https:\/\/www.bogaerstalen.nl\/fr\/product\/maison-detudes-competences-sociales-neerlandaises-tous-les-jeudis-soirs-vendredis-apres-midi-et-ou-samedis-matin-reservez-vite\/\" \/>\n<meta property=\"og:site_name\" content=\"Bogaers Taleninstituut Tilburg\" \/>\n<meta property=\"article:publisher\" content=\"https:\/\/www.facebook.com\/taleninstituut\/\" \/>\n<script type=\"application\/ld+json\" class=\"yoast-schema-graph\">{\"@context\":\"https:\/\/schema.org\",\"@graph\":[{\"@type\":\"WebPage\",\"@id\":\"https:\/\/www.bogaerstalen.nl\/fr\/product\/maison-detudes-competences-sociales-neerlandaises-tous-les-jeudis-soirs-vendredis-apres-midi-et-ou-samedis-matin-reservez-vite\/\",\"url\":\"https:\/\/www.bogaerstalen.nl\/fr\/product\/maison-detudes-competences-sociales-neerlandaises-tous-les-jeudis-soirs-vendredis-apres-midi-et-ou-samedis-matin-reservez-vite\/\",\"name\":\"- Maison d'\u00e9tudes. Comp\u00e9tences (sociales) n\u00e9erlandaises ! Tous les jeudis soirs, vendredis apr\u00e8s-midi et\/ou samedis matin. R\u00e9servez vite ! - Bogaers Taleninstituut Tilburg\",\"isPartOf\":{\"@id\":\"https:\/\/www.bogaerstalen.nl\/#website\"},\"primaryImageOfPage\":{\"@id\":\"https:\/\/www.bogaerstalen.nl\/fr\/product\/maison-detudes-competences-sociales-neerlandaises-tous-les-jeudis-soirs-vendredis-apres-midi-et-ou-samedis-matin-reservez-vite\/#primaryimage\"},\"image\":{\"@id\":\"https:\/\/www.bogaerstalen.nl\/fr\/product\/maison-detudes-competences-sociales-neerlandaises-tous-les-jeudis-soirs-vendredis-apres-midi-et-ou-samedis-matin-reservez-vite\/#primaryimage\"},\"thumbnailUrl\":\"https:\/\/www.bogaerstalen.nl\/wp-content\/uploads\/2017\/08\/school.jpg\",\"datePublished\":\"2026-02-02T07:45:42+00:00\",\"breadcrumb\":{\"@id\":\"https:\/\/www.bogaerstalen.nl\/fr\/product\/maison-detudes-competences-sociales-neerlandaises-tous-les-jeudis-soirs-vendredis-apres-midi-et-ou-samedis-matin-reservez-vite\/#breadcrumb\"},\"inLanguage\":\"fr-FR\",\"potentialAction\":[{\"@type\":\"ReadAction\",\"target\":[\"https:\/\/www.bogaerstalen.nl\/fr\/product\/maison-detudes-competences-sociales-neerlandaises-tous-les-jeudis-soirs-vendredis-apres-midi-et-ou-samedis-matin-reservez-vite\/\"]}]},{\"@type\":\"ImageObject\",\"inLanguage\":\"fr-FR\",\"@id\":\"https:\/\/www.bogaerstalen.nl\/fr\/product\/maison-detudes-competences-sociales-neerlandaises-tous-les-jeudis-soirs-vendredis-apres-midi-et-ou-samedis-matin-reservez-vite\/#primaryimage\",\"url\":\"https:\/\/www.bogaerstalen.nl\/wp-content\/uploads\/2017\/08\/school.jpg\",\"contentUrl\":\"https:\/\/www.bogaerstalen.nl\/wp-content\/uploads\/2017\/08\/school.jpg\",\"width\":550,\"height\":367},{\"@type\":\"BreadcrumbList\",\"@id\":\"https:\/\/www.bogaerstalen.nl\/fr\/product\/maison-detudes-competences-sociales-neerlandaises-tous-les-jeudis-soirs-vendredis-apres-midi-et-ou-samedis-matin-reservez-vite\/#breadcrumb\",\"itemListElement\":[{\"@type\":\"ListItem\",\"position\":1,\"name\":\"Home\",\"item\":\"https:\/\/www.bogaerstalen.nl\/fr\/accueil\/\"},{\"@type\":\"ListItem\",\"position\":2,\"name\":\"Shop &#8211; voyez aussi la distinction entre Business et Private (en raison de la TVA) en haut \u00e0 droite de votre \u00e9cran !\",\"item\":\"https:\/\/www.bogaerstalen.nl\/shop-voyez-aussi-la-distinction-entre-business-et-private-en-raison-de-la-tva-en-haut-a-droite-de-votre-ecran\/\"},{\"@type\":\"ListItem\",\"position\":3,\"name\":\"&#8211; Maison d&#8217;\u00e9tudes. Comp\u00e9tences (sociales) n\u00e9erlandaises ! Tous les jeudis soirs, vendredis apr\u00e8s-midi et\/ou samedis matin. R\u00e9servez vite !\"}]},{\"@type\":\"WebSite\",\"@id\":\"https:\/\/www.bogaerstalen.nl\/#website\",\"url\":\"https:\/\/www.bogaerstalen.nl\/\",\"name\":\"Bogaers Taleninstituut Tilburg\",\"description\":\"Sta sterk met taal!\",\"potentialAction\":[{\"@type\":\"SearchAction\",\"target\":{\"@type\":\"EntryPoint\",\"urlTemplate\":\"https:\/\/www.bogaerstalen.nl\/?s={search_term_string}\"},\"query-input\":{\"@type\":\"PropertyValueSpecification\",\"valueRequired\":true,\"valueName\":\"search_term_string\"}}],\"inLanguage\":\"fr-FR\"}]}<\/script>\n<!-- \/ Yoast SEO plugin. -->","yoast_head_json":{"title":"- Maison d'\u00e9tudes. Comp\u00e9tences (sociales) n\u00e9erlandaises ! Tous les jeudis soirs, vendredis apr\u00e8s-midi et\/ou samedis matin. R\u00e9servez vite ! - Bogaers Taleninstituut Tilburg","robots":{"index":"index","follow":"follow","max-snippet":"max-snippet:-1","max-image-preview":"max-image-preview:large","max-video-preview":"max-video-preview:-1"},"canonical":"https:\/\/www.bogaerstalen.nl\/fr\/product\/maison-detudes-competences-sociales-neerlandaises-tous-les-jeudis-soirs-vendredis-apres-midi-et-ou-samedis-matin-reservez-vite\/","og_locale":"fr_FR","og_type":"article","og_title":"- Maison d'\u00e9tudes. Comp\u00e9tences (sociales) n\u00e9erlandaises ! Tous les jeudis soirs, vendredis apr\u00e8s-midi et\/ou samedis matin. R\u00e9servez vite ! - Bogaers Taleninstituut Tilburg","og_description":"Vous vous entra\u00eenez pour l'examen ou vous avez simplement besoin d'un entra\u00eenement suppl\u00e9mentaire, par exemple pour la conversation ? Vous pouvez le faire maintenant ! Depuis mai 2019, chaque mercredi apr\u00e8s-midi (ONA), jeudi soir, vendredi apr\u00e8s-midi ou \u00e9ventuellement samedi matin, il y a une r\u00e9union interactive en classe avec une attention individuelle pour une conversation suppl\u00e9mentaire, des exercices de prononciation, des questions de devoirs, des questions d'examen et de la pratique pour KNM ed.  Achetez une strippenkaart pour 10 le\u00e7ons de 2h avec une r\u00e9duction MAINTENANT !  Pratiquer ensemble diverses comp\u00e9tences (num\u00e9riques) et d\u00e9couvrir d'autres cultures, valeurs et normes. Le Study House est un point d'apprentissage pour l'enrichissement social dans toutes sortes de domaines. Et tout cela pour seulement \u20ac 19,50 p.u. Pour 40 bandes, vous ne payez que \u20ac 17,50 par bande.  A l'exception du mat\u00e9riel p\u00e9dagogique (50 \u20ac) et des frais administratifs (25 \u20ac).  &nbsp;","og_url":"https:\/\/www.bogaerstalen.nl\/fr\/product\/maison-detudes-competences-sociales-neerlandaises-tous-les-jeudis-soirs-vendredis-apres-midi-et-ou-samedis-matin-reservez-vite\/","og_site_name":"Bogaers Taleninstituut Tilburg","article_publisher":"https:\/\/www.facebook.com\/taleninstituut\/","schema":{"@context":"https:\/\/schema.org","@graph":[{"@type":"WebPage","@id":"https:\/\/www.bogaerstalen.nl\/fr\/product\/maison-detudes-competences-sociales-neerlandaises-tous-les-jeudis-soirs-vendredis-apres-midi-et-ou-samedis-matin-reservez-vite\/","url":"https:\/\/www.bogaerstalen.nl\/fr\/product\/maison-detudes-competences-sociales-neerlandaises-tous-les-jeudis-soirs-vendredis-apres-midi-et-ou-samedis-matin-reservez-vite\/","name":"- Maison d'\u00e9tudes. Comp\u00e9tences (sociales) n\u00e9erlandaises ! Tous les jeudis soirs, vendredis apr\u00e8s-midi et\/ou samedis matin. R\u00e9servez vite ! - Bogaers Taleninstituut Tilburg","isPartOf":{"@id":"https:\/\/www.bogaerstalen.nl\/#website"},"primaryImageOfPage":{"@id":"https:\/\/www.bogaerstalen.nl\/fr\/product\/maison-detudes-competences-sociales-neerlandaises-tous-les-jeudis-soirs-vendredis-apres-midi-et-ou-samedis-matin-reservez-vite\/#primaryimage"},"image":{"@id":"https:\/\/www.bogaerstalen.nl\/fr\/product\/maison-detudes-competences-sociales-neerlandaises-tous-les-jeudis-soirs-vendredis-apres-midi-et-ou-samedis-matin-reservez-vite\/#primaryimage"},"thumbnailUrl":"https:\/\/www.bogaerstalen.nl\/wp-content\/uploads\/2017\/08\/school.jpg","datePublished":"2026-02-02T07:45:42+00:00","breadcrumb":{"@id":"https:\/\/www.bogaerstalen.nl\/fr\/product\/maison-detudes-competences-sociales-neerlandaises-tous-les-jeudis-soirs-vendredis-apres-midi-et-ou-samedis-matin-reservez-vite\/#breadcrumb"},"inLanguage":"fr-FR","potentialAction":[{"@type":"ReadAction","target":["https:\/\/www.bogaerstalen.nl\/fr\/product\/maison-detudes-competences-sociales-neerlandaises-tous-les-jeudis-soirs-vendredis-apres-midi-et-ou-samedis-matin-reservez-vite\/"]}]},{"@type":"ImageObject","inLanguage":"fr-FR","@id":"https:\/\/www.bogaerstalen.nl\/fr\/product\/maison-detudes-competences-sociales-neerlandaises-tous-les-jeudis-soirs-vendredis-apres-midi-et-ou-samedis-matin-reservez-vite\/#primaryimage","url":"https:\/\/www.bogaerstalen.nl\/wp-content\/uploads\/2017\/08\/school.jpg","contentUrl":"https:\/\/www.bogaerstalen.nl\/wp-content\/uploads\/2017\/08\/school.jpg","width":550,"height":367},{"@type":"BreadcrumbList","@id":"https:\/\/www.bogaerstalen.nl\/fr\/product\/maison-detudes-competences-sociales-neerlandaises-tous-les-jeudis-soirs-vendredis-apres-midi-et-ou-samedis-matin-reservez-vite\/#breadcrumb","itemListElement":[{"@type":"ListItem","position":1,"name":"Home","item":"https:\/\/www.bogaerstalen.nl\/fr\/accueil\/"},{"@type":"ListItem","position":2,"name":"Shop &#8211; voyez aussi la distinction entre Business et Private (en raison de la TVA) en haut \u00e0 droite de votre \u00e9cran !","item":"https:\/\/www.bogaerstalen.nl\/shop-voyez-aussi-la-distinction-entre-business-et-private-en-raison-de-la-tva-en-haut-a-droite-de-votre-ecran\/"},{"@type":"ListItem","position":3,"name":"&#8211; Maison d&#8217;\u00e9tudes. Comp\u00e9tences (sociales) n\u00e9erlandaises ! Tous les jeudis soirs, vendredis apr\u00e8s-midi et\/ou samedis matin. R\u00e9servez vite !"}]},{"@type":"WebSite","@id":"https:\/\/www.bogaerstalen.nl\/#website","url":"https:\/\/www.bogaerstalen.nl\/","name":"Bogaers Taleninstituut Tilburg","description":"Sta sterk met taal!","potentialAction":[{"@type":"SearchAction","target":{"@type":"EntryPoint","urlTemplate":"https:\/\/www.bogaerstalen.nl\/?s={search_term_string}"},"query-input":{"@type":"PropertyValueSpecification","valueRequired":true,"valueName":"search_term_string"}}],"inLanguage":"fr-FR"}]}},"_links":{"self":[{"href":"https:\/\/www.bogaerstalen.nl\/fr\/wp-json\/wp\/v2\/product\/10534","targetHints":{"allow":["GET"]}}],"collection":[{"href":"https:\/\/www.bogaerstalen.nl\/fr\/wp-json\/wp\/v2\/product"}],"about":[{"href":"https:\/\/www.bogaerstalen.nl\/fr\/wp-json\/wp\/v2\/types\/product"}],"replies":[{"embeddable":true,"href":"https:\/\/www.bogaerstalen.nl\/fr\/wp-json\/wp\/v2\/comments?post=10534"}],"wp:featuredmedia":[{"embeddable":true,"href":"https:\/\/www.bogaerstalen.nl\/fr\/wp-json\/wp\/v2\/media\/4790"}],"wp:attachment":[{"href":"https:\/\/www.bogaerstalen.nl\/fr\/wp-json\/wp\/v2\/media?parent=10534"}],"wp:term":[{"taxonomy":"product_brand","embeddable":true,"href":"https:\/\/www.bogaerstalen.nl\/fr\/wp-json\/wp\/v2\/product_brand?post=10534"},{"taxonomy":"product_cat","embeddable":true,"href":"https:\/\/www.bogaerstalen.nl\/fr\/wp-json\/wp\/v2\/product_cat?post=10534"},{"taxonomy":"product_tag","embeddable":true,"href":"https:\/\/www.bogaerstalen.nl\/fr\/wp-json\/wp\/v2\/product_tag?post=10534"}],"curies":[{"name":"wp","href":"https:\/\/api.w.org\/{rel}","templated":true}]}}