{"id":10535,"date":"2026-02-02T08:45:43","date_gmt":"2026-02-02T07:45:43","guid":{"rendered":"https:\/\/www.bogaerstalen.nl\/product\/erkende-tests-linguistiques-pour-levaluation-du-niveau-selon-le-cadre-europeen-de-reference\/"},"modified":"2026-02-02T08:45:43","modified_gmt":"2026-02-02T07:45:43","slug":"erkende-tests-linguistiques-pour-levaluation-du-niveau-selon-le-cadre-europeen-de-reference","status":"publish","type":"product","link":"https:\/\/www.bogaerstalen.nl\/fr\/product\/erkende-tests-linguistiques-pour-levaluation-du-niveau-selon-le-cadre-europeen-de-reference\/","title":{"rendered":"ERKENDE Tests linguistiques pour l&rsquo;\u00e9valuation du niveau selon le cadre europ\u00e9en de r\u00e9f\u00e9rence"},"content":{"rendered":"<div id=\"breadcrumbs\">Vous \u00eates ici : Accueil : &gt; <a class=\"breadLink\" href=\"https:\/\/www.toets.nl\/nt2\">NT2<\/a> &gt; <a class=\"breadLink\" href=\"https:\/\/www.toets.nl\/nt2\/toetsproducten\">Produits de test<\/a> &gt; <span class=\"currentBread\">TOA<\/span><\/div>\n<article class=\"left\">\n<h1><span class=\"grijs\">LE TOA<\/span>: COMBINEZ AVEC LE TOA POUR OBTENIR UNE IMAGE COMPL\u00c8TE<\/h1>\n<p><strong>Les tests TOA vous permettent de mesurer le niveau de comp\u00e9tence linguistique \u00e0 chaque \u00e9tape du parcours d&rsquo;apprentissage de votre \u00e9l\u00e8ve NT2. L&rsquo;\u00e9volution des comp\u00e9tences linguistiques est un processus lent. Veillez donc \u00e0 rassembler suffisamment de preuves avant de d\u00e9cider d&rsquo;utiliser un test. Le TOA, notre syst\u00e8me de test en ligne avec plus de 950 tests, contient des tests d&rsquo;admission, de progression et d&rsquo;ach\u00e8vement pour chaque niveau de langue et pour toutes les comp\u00e9tences.  <\/strong><\/p>\n<h2><span class=\"grijs\">Toutes les<\/span> comp\u00e9tences<\/h2>\n<p>Le TOA contient des tests de lecture, d&rsquo;\u00e9coute, d&rsquo;\u00e9criture et de conversation pour les niveaux A1 \u00e0 C1. Des tests d&rsquo;expression orale sont disponibles \u00e0 partir du niveau B1. Des tests de niveau et des tests combin\u00e9s sont disponibles. Les tests de niveau mesurent un niveau. Les tests combin\u00e9s mesurent deux niveaux, par exemple Dutch Reading A1-A2. Il existe \u00e9galement des tests sp\u00e9ciaux pour les jeunes (reconnaissables \u00e0 la lettre J dans le nom du test) et pour les personnes en insertion (reconnaissables \u00e0 l&rsquo;abr\u00e9viation OGO pour Education, Sant\u00e9 et Education ou W pour Travail). Le TOA contient \u00e9galement des tests de n\u00e9erlandais de niveau 0F \u00e0 4F, li\u00e9s au Cadre de r\u00e9f\u00e9rence linguistique.      <\/p>\n<h2 class=\"groen\">Pr\u00e9visionniste<\/h2>\n<p>Si vous ne connaissez pas encore le niveau de votre apprenant NT2, vous pouvez utiliser le pr\u00e9-estimateur. Celui-ci fournit une estimation approximative du niveau de l&rsquo;apprenant NT2 et, si n\u00e9cessaire, peut imm\u00e9diatement relier un test de suivi appropri\u00e9 en lecture ou en \u00e9coute. Le TOA le pr\u00e9pare alors automatiquement.  <\/p>\n<h2 class=\"groen\">Comp\u00e9tences d&rsquo;\u00e9tude<\/h2>\n<p>Avec le test de comp\u00e9tences d&rsquo;\u00e9tude, vous pouvez avoir un aper\u00e7u des comp\u00e9tences d&rsquo;\u00e9tude que votre apprenant NT2 ma\u00eetrise et de celles qu&rsquo;il doit encore travailler. Les comp\u00e9tences couvertes comprennent le classement alphab\u00e9tique, la lecture de diagrammes, la cat\u00e9gorisation d&rsquo;informations et l&rsquo;interpr\u00e9tation de dessins. <\/p>\n<h2 class=\"groen\">Apprentissage des langues<\/h2>\n<p>Si vous choisissez d&rsquo;effectuer l&rsquo;admission par voie \u00e9lectronique, le TOA comprend \u00e9galement un test d&rsquo;aptitude \u00e0 l&rsquo;apprentissage d&rsquo;une langue. Ce test porte sur un certain nombre de comp\u00e9tences fondamentales qui facilitent l&rsquo;apprentissage d&rsquo;une langue. Il fournit des informations sur la vitesse \u00e0 laquelle le participant \u00e0 la formation sera capable d&rsquo;apprendre une langue, ce qui vous permet de savoir quel parcours convient le mieux au participant \u00e0 la formation. Un parcours lent, un parcours rapide ou un parcours interm\u00e9diaire. Ce test est similaire au test de capacit\u00e9 d&rsquo;apprentissage de l&rsquo;INT2 et \u00e0 l&rsquo;instrument d&rsquo;admission EOA.    <\/p>\n<\/article>\n<p>&nbsp;<\/p>\n","protected":false},"excerpt":{"rendered":"<article class=\"left\">Un test de langue peut \u00eatre pass\u00e9 au d\u00e9but et \u00e0 la fin du programme.<\/p>\n<\/article>\n<p>Cela vous permet de voir les objectifs d&rsquo;apprentissage atteints ; mesurer, c&rsquo;est savoir !<\/p>\n<p>Les objectifs finaux atteints figureront sur votre certificat !<\/p>\n<p><strong>Les niveaux sont li\u00e9s \u00e0 l&rsquo;ERK <a href=\"http:\/\/www.erk.nl\">(Cadre europ\u00e9en de r\u00e9f\u00e9rence <\/a><\/strong>).  <\/p>\n","protected":false},"featured_media":10536,"comment_status":"closed","ping_status":"closed","template":"","meta":{"_yoast_wpseo_focuskw":"","_yoast_wpseo_metadesc":"","rank_math_focus_keyword":"","rank_math_description":""},"product_brand":[],"product_cat":[169,156],"product_tag":[],"class_list":{"0":"post-10535","1":"product","2":"type-product","3":"status-publish","4":"has-post-thumbnail","6":"product_cat-essais","7":"product_cat-prive","9":"first","10":"instock","11":"taxable","12":"shipping-taxable","13":"purchasable","14":"product-type-variable"},"yoast_head":"<!-- This site is optimized with the Yoast SEO plugin v27.2 - https:\/\/yoast.com\/product\/yoast-seo-wordpress\/ -->\n<title>ERKENDE Tests linguistiques pour l&#039;\u00e9valuation du niveau selon le cadre europ\u00e9en de r\u00e9f\u00e9rence - Bogaers Taleninstituut Tilburg<\/title>\n<meta name=\"robots\" content=\"index, follow, max-snippet:-1, max-image-preview:large, max-video-preview:-1\" \/>\n<link rel=\"canonical\" href=\"https:\/\/www.bogaerstalen.nl\/fr\/product\/erkende-tests-linguistiques-pour-levaluation-du-niveau-selon-le-cadre-europeen-de-reference\/\" \/>\n<meta property=\"og:locale\" content=\"fr_FR\" \/>\n<meta property=\"og:type\" content=\"article\" \/>\n<meta property=\"og:title\" content=\"ERKENDE Tests linguistiques pour l&#039;\u00e9valuation du niveau selon le cadre europ\u00e9en de r\u00e9f\u00e9rence - Bogaers Taleninstituut Tilburg\" \/>\n<meta property=\"og:description\" content=\"Un test de langue peut \u00eatre pass\u00e9 au d\u00e9but et \u00e0 la fin du programme. Cela vous permet de voir les objectifs d&#039;apprentissage atteints ; mesurer, c&#039;est savoir ! Les objectifs finaux atteints figureront sur votre certificat ! Les niveaux sont li\u00e9s \u00e0 l&#039;ERK (Cadre europ\u00e9en de r\u00e9f\u00e9rence ).\" \/>\n<meta property=\"og:url\" content=\"https:\/\/www.bogaerstalen.nl\/fr\/product\/erkende-tests-linguistiques-pour-levaluation-du-niveau-selon-le-cadre-europeen-de-reference\/\" \/>\n<meta property=\"og:site_name\" content=\"Bogaers Taleninstituut Tilburg\" \/>\n<meta property=\"article:publisher\" content=\"https:\/\/www.facebook.com\/taleninstituut\/\" \/>\n<meta property=\"og:image\" content=\"https:\/\/www.bogaerstalen.nl\/wp-content\/uploads\/2014\/11\/ISS_3046_01108-e1416905008238.jpg\" \/>\n\t<meta property=\"og:image:width\" content=\"2000\" \/>\n\t<meta property=\"og:image:height\" content=\"1339\" \/>\n\t<meta property=\"og:image:type\" content=\"image\/jpeg\" \/>\n<meta name=\"twitter:label1\" content=\"Dur\u00e9e de lecture estim\u00e9e\" \/>\n\t<meta name=\"twitter:data1\" content=\"2 minutes\" \/>\n<script type=\"application\/ld+json\" class=\"yoast-schema-graph\">{\"@context\":\"https:\/\/schema.org\",\"@graph\":[{\"@type\":\"WebPage\",\"@id\":\"https:\/\/www.bogaerstalen.nl\/fr\/product\/erkende-tests-linguistiques-pour-levaluation-du-niveau-selon-le-cadre-europeen-de-reference\/\",\"url\":\"https:\/\/www.bogaerstalen.nl\/fr\/product\/erkende-tests-linguistiques-pour-levaluation-du-niveau-selon-le-cadre-europeen-de-reference\/\",\"name\":\"ERKENDE Tests linguistiques pour l'\u00e9valuation du niveau selon le cadre europ\u00e9en de r\u00e9f\u00e9rence - Bogaers Taleninstituut Tilburg\",\"isPartOf\":{\"@id\":\"https:\/\/www.bogaerstalen.nl\/#website\"},\"primaryImageOfPage\":{\"@id\":\"https:\/\/www.bogaerstalen.nl\/fr\/product\/erkende-tests-linguistiques-pour-levaluation-du-niveau-selon-le-cadre-europeen-de-reference\/#primaryimage\"},\"image\":{\"@id\":\"https:\/\/www.bogaerstalen.nl\/fr\/product\/erkende-tests-linguistiques-pour-levaluation-du-niveau-selon-le-cadre-europeen-de-reference\/#primaryimage\"},\"thumbnailUrl\":\"https:\/\/www.bogaerstalen.nl\/wp-content\/uploads\/2014\/11\/ISS_3046_01108-e1416905008238.jpg\",\"datePublished\":\"2026-02-02T07:45:43+00:00\",\"breadcrumb\":{\"@id\":\"https:\/\/www.bogaerstalen.nl\/fr\/product\/erkende-tests-linguistiques-pour-levaluation-du-niveau-selon-le-cadre-europeen-de-reference\/#breadcrumb\"},\"inLanguage\":\"fr-FR\",\"potentialAction\":[{\"@type\":\"ReadAction\",\"target\":[\"https:\/\/www.bogaerstalen.nl\/fr\/product\/erkende-tests-linguistiques-pour-levaluation-du-niveau-selon-le-cadre-europeen-de-reference\/\"]}]},{\"@type\":\"ImageObject\",\"inLanguage\":\"fr-FR\",\"@id\":\"https:\/\/www.bogaerstalen.nl\/fr\/product\/erkende-tests-linguistiques-pour-levaluation-du-niveau-selon-le-cadre-europeen-de-reference\/#primaryimage\",\"url\":\"https:\/\/www.bogaerstalen.nl\/wp-content\/uploads\/2014\/11\/ISS_3046_01108-e1416905008238.jpg\",\"contentUrl\":\"https:\/\/www.bogaerstalen.nl\/wp-content\/uploads\/2014\/11\/ISS_3046_01108-e1416905008238.jpg\",\"width\":2000,\"height\":1339},{\"@type\":\"BreadcrumbList\",\"@id\":\"https:\/\/www.bogaerstalen.nl\/fr\/product\/erkende-tests-linguistiques-pour-levaluation-du-niveau-selon-le-cadre-europeen-de-reference\/#breadcrumb\",\"itemListElement\":[{\"@type\":\"ListItem\",\"position\":1,\"name\":\"Home\",\"item\":\"https:\/\/www.bogaerstalen.nl\/fr\/accueil\/\"},{\"@type\":\"ListItem\",\"position\":2,\"name\":\"Shop &#8211; voyez aussi la distinction entre Business et Private (en raison de la TVA) en haut \u00e0 droite de votre \u00e9cran !\",\"item\":\"https:\/\/www.bogaerstalen.nl\/shop-voyez-aussi-la-distinction-entre-business-et-private-en-raison-de-la-tva-en-haut-a-droite-de-votre-ecran\/\"},{\"@type\":\"ListItem\",\"position\":3,\"name\":\"ERKENDE Tests linguistiques pour l&#8217;\u00e9valuation du niveau selon le cadre europ\u00e9en de r\u00e9f\u00e9rence\"}]},{\"@type\":\"WebSite\",\"@id\":\"https:\/\/www.bogaerstalen.nl\/#website\",\"url\":\"https:\/\/www.bogaerstalen.nl\/\",\"name\":\"Bogaers Taleninstituut Tilburg\",\"description\":\"Sta sterk met taal!\",\"potentialAction\":[{\"@type\":\"SearchAction\",\"target\":{\"@type\":\"EntryPoint\",\"urlTemplate\":\"https:\/\/www.bogaerstalen.nl\/?s={search_term_string}\"},\"query-input\":{\"@type\":\"PropertyValueSpecification\",\"valueRequired\":true,\"valueName\":\"search_term_string\"}}],\"inLanguage\":\"fr-FR\"}]}<\/script>\n<!-- \/ Yoast SEO plugin. -->","yoast_head_json":{"title":"ERKENDE Tests linguistiques pour l'\u00e9valuation du niveau selon le cadre europ\u00e9en de r\u00e9f\u00e9rence - Bogaers Taleninstituut Tilburg","robots":{"index":"index","follow":"follow","max-snippet":"max-snippet:-1","max-image-preview":"max-image-preview:large","max-video-preview":"max-video-preview:-1"},"canonical":"https:\/\/www.bogaerstalen.nl\/fr\/product\/erkende-tests-linguistiques-pour-levaluation-du-niveau-selon-le-cadre-europeen-de-reference\/","og_locale":"fr_FR","og_type":"article","og_title":"ERKENDE Tests linguistiques pour l'\u00e9valuation du niveau selon le cadre europ\u00e9en de r\u00e9f\u00e9rence - Bogaers Taleninstituut Tilburg","og_description":"Un test de langue peut \u00eatre pass\u00e9 au d\u00e9but et \u00e0 la fin du programme. Cela vous permet de voir les objectifs d'apprentissage atteints ; mesurer, c'est savoir ! Les objectifs finaux atteints figureront sur votre certificat ! Les niveaux sont li\u00e9s \u00e0 l'ERK (Cadre europ\u00e9en de r\u00e9f\u00e9rence ).","og_url":"https:\/\/www.bogaerstalen.nl\/fr\/product\/erkende-tests-linguistiques-pour-levaluation-du-niveau-selon-le-cadre-europeen-de-reference\/","og_site_name":"Bogaers Taleninstituut Tilburg","article_publisher":"https:\/\/www.facebook.com\/taleninstituut\/","og_image":[{"width":2000,"height":1339,"url":"https:\/\/www.bogaerstalen.nl\/wp-content\/uploads\/2014\/11\/ISS_3046_01108-e1416905008238.jpg","type":"image\/jpeg"}],"twitter_misc":{"Dur\u00e9e de lecture estim\u00e9e":"2 minutes"},"schema":{"@context":"https:\/\/schema.org","@graph":[{"@type":"WebPage","@id":"https:\/\/www.bogaerstalen.nl\/fr\/product\/erkende-tests-linguistiques-pour-levaluation-du-niveau-selon-le-cadre-europeen-de-reference\/","url":"https:\/\/www.bogaerstalen.nl\/fr\/product\/erkende-tests-linguistiques-pour-levaluation-du-niveau-selon-le-cadre-europeen-de-reference\/","name":"ERKENDE Tests linguistiques pour l'\u00e9valuation du niveau selon le cadre europ\u00e9en de r\u00e9f\u00e9rence - Bogaers Taleninstituut Tilburg","isPartOf":{"@id":"https:\/\/www.bogaerstalen.nl\/#website"},"primaryImageOfPage":{"@id":"https:\/\/www.bogaerstalen.nl\/fr\/product\/erkende-tests-linguistiques-pour-levaluation-du-niveau-selon-le-cadre-europeen-de-reference\/#primaryimage"},"image":{"@id":"https:\/\/www.bogaerstalen.nl\/fr\/product\/erkende-tests-linguistiques-pour-levaluation-du-niveau-selon-le-cadre-europeen-de-reference\/#primaryimage"},"thumbnailUrl":"https:\/\/www.bogaerstalen.nl\/wp-content\/uploads\/2014\/11\/ISS_3046_01108-e1416905008238.jpg","datePublished":"2026-02-02T07:45:43+00:00","breadcrumb":{"@id":"https:\/\/www.bogaerstalen.nl\/fr\/product\/erkende-tests-linguistiques-pour-levaluation-du-niveau-selon-le-cadre-europeen-de-reference\/#breadcrumb"},"inLanguage":"fr-FR","potentialAction":[{"@type":"ReadAction","target":["https:\/\/www.bogaerstalen.nl\/fr\/product\/erkende-tests-linguistiques-pour-levaluation-du-niveau-selon-le-cadre-europeen-de-reference\/"]}]},{"@type":"ImageObject","inLanguage":"fr-FR","@id":"https:\/\/www.bogaerstalen.nl\/fr\/product\/erkende-tests-linguistiques-pour-levaluation-du-niveau-selon-le-cadre-europeen-de-reference\/#primaryimage","url":"https:\/\/www.bogaerstalen.nl\/wp-content\/uploads\/2014\/11\/ISS_3046_01108-e1416905008238.jpg","contentUrl":"https:\/\/www.bogaerstalen.nl\/wp-content\/uploads\/2014\/11\/ISS_3046_01108-e1416905008238.jpg","width":2000,"height":1339},{"@type":"BreadcrumbList","@id":"https:\/\/www.bogaerstalen.nl\/fr\/product\/erkende-tests-linguistiques-pour-levaluation-du-niveau-selon-le-cadre-europeen-de-reference\/#breadcrumb","itemListElement":[{"@type":"ListItem","position":1,"name":"Home","item":"https:\/\/www.bogaerstalen.nl\/fr\/accueil\/"},{"@type":"ListItem","position":2,"name":"Shop &#8211; voyez aussi la distinction entre Business et Private (en raison de la TVA) en haut \u00e0 droite de votre \u00e9cran !","item":"https:\/\/www.bogaerstalen.nl\/shop-voyez-aussi-la-distinction-entre-business-et-private-en-raison-de-la-tva-en-haut-a-droite-de-votre-ecran\/"},{"@type":"ListItem","position":3,"name":"ERKENDE Tests linguistiques pour l&#8217;\u00e9valuation du niveau selon le cadre europ\u00e9en de r\u00e9f\u00e9rence"}]},{"@type":"WebSite","@id":"https:\/\/www.bogaerstalen.nl\/#website","url":"https:\/\/www.bogaerstalen.nl\/","name":"Bogaers Taleninstituut Tilburg","description":"Sta sterk met taal!","potentialAction":[{"@type":"SearchAction","target":{"@type":"EntryPoint","urlTemplate":"https:\/\/www.bogaerstalen.nl\/?s={search_term_string}"},"query-input":{"@type":"PropertyValueSpecification","valueRequired":true,"valueName":"search_term_string"}}],"inLanguage":"fr-FR"}]}},"_links":{"self":[{"href":"https:\/\/www.bogaerstalen.nl\/fr\/wp-json\/wp\/v2\/product\/10535","targetHints":{"allow":["GET"]}}],"collection":[{"href":"https:\/\/www.bogaerstalen.nl\/fr\/wp-json\/wp\/v2\/product"}],"about":[{"href":"https:\/\/www.bogaerstalen.nl\/fr\/wp-json\/wp\/v2\/types\/product"}],"replies":[{"embeddable":true,"href":"https:\/\/www.bogaerstalen.nl\/fr\/wp-json\/wp\/v2\/comments?post=10535"}],"wp:featuredmedia":[{"embeddable":true,"href":"https:\/\/www.bogaerstalen.nl\/fr\/wp-json\/wp\/v2\/media\/10536"}],"wp:attachment":[{"href":"https:\/\/www.bogaerstalen.nl\/fr\/wp-json\/wp\/v2\/media?parent=10535"}],"wp:term":[{"taxonomy":"product_brand","embeddable":true,"href":"https:\/\/www.bogaerstalen.nl\/fr\/wp-json\/wp\/v2\/product_brand?post=10535"},{"taxonomy":"product_cat","embeddable":true,"href":"https:\/\/www.bogaerstalen.nl\/fr\/wp-json\/wp\/v2\/product_cat?post=10535"},{"taxonomy":"product_tag","embeddable":true,"href":"https:\/\/www.bogaerstalen.nl\/fr\/wp-json\/wp\/v2\/product_tag?post=10535"}],"curies":[{"name":"wp","href":"https:\/\/api.w.org\/{rel}","templated":true}]}}