{"id":10539,"date":"2026-02-02T08:45:50","date_gmt":"2026-02-02T07:45:50","guid":{"rendered":"https:\/\/www.bogaerstalen.nl\/product\/divers-tests-avec-conseils-personnalises-et-discussion-des-resultats\/"},"modified":"2026-02-02T08:45:50","modified_gmt":"2026-02-02T07:45:50","slug":"divers-tests-avec-conseils-personnalises-et-discussion-des-resultats","status":"publish","type":"product","link":"https:\/\/www.bogaerstalen.nl\/fr\/product\/divers-tests-avec-conseils-personnalises-et-discussion-des-resultats\/","title":{"rendered":"Divers tests avec conseils personnalis\u00e9s et discussion des r\u00e9sultats"},"content":{"rendered":"<h3>G\u00e9n\u00e9ral<\/h3>\n<p>La capacit\u00e9 d&rsquo;apprentissage d&rsquo;une langue fournit des informations essentielles sur le placement d&rsquo;un \u00e9l\u00e8ve ou d&rsquo;un \u00e9tudiant dans un parcours \u00e9ducatif. L&rsquo;exp\u00e9rience a montr\u00e9 que le choix de la trajectoire la plus appropri\u00e9e (\u00ab\u00a0lente\u00a0\u00bb ou \u00ab\u00a0rapide\u00a0\u00bb) pour un futur \u00e9l\u00e8ve\/\u00e9tudiant d\u00e9pend de la vitesse \u00e0 laquelle les \u00e9l\u00e8ves\/\u00e9tudiants sont cens\u00e9s apprendre le n\u00e9erlandais.<br \/>\nOu si un \u00e9l\u00e8ve\/\u00e9tudiant aura besoin de beaucoup d&rsquo;accompagnement pour apprendre la langue ou si un \u00e9l\u00e8ve\/\u00e9tudiant peut aussi apprendre la langue de mani\u00e8re largement autonome. Le test contribue donc au choix de la fili\u00e8re, qui doit \u00eatre fait lors de l&rsquo;admission.<br \/>\nLes \u00e9tudes ant\u00e9rieures fournissent \u00e9galement des informations d\u00e9cisives : plus le niveau d&rsquo;\u00e9tudes ant\u00e9rieures est \u00e9lev\u00e9, plus il est probable qu&rsquo;un apprenant\/\u00e9l\u00e8ve sera capable de ma\u00eetriser rapidement une nouvelle langue. Mais le crit\u00e8re de \u00ab\u00a0l&rsquo;\u00e9ducation ant\u00e9rieure\u00a0\u00bb est n\u00e9anmoins per\u00e7u comme insuffisamment ad\u00e9quat. Il y a plusieurs raisons \u00e0 cela :    <\/p>\n<ul>\n<li>en l&rsquo;absence de dipl\u00f4me, le respect du crit\u00e8re ne peut \u00eatre v\u00e9rifi\u00e9 ;<\/li>\n<li>la m\u00e9connaissance du contenu des programmes d&rsquo;enseignement primaire, secondaire et sup\u00e9rieur des autres pays ;<\/li>\n<li>la capacit\u00e9 d&rsquo;apprentissage ne d\u00e9pend pas toujours de l&rsquo;exp\u00e9rience scolaire<\/li>\n<\/ul>\n<p>La cl\u00e9 convient pour :<\/p>\n<ul>\n<li>Enseignement secondaire<\/li>\n<li>Enseignement professionnel<\/li>\n<li>Enseignement sup\u00e9rieur<\/li>\n<li>Programmes d&rsquo;int\u00e9gration et\/ou de r\u00e9int\u00e9gration, dans le cadre de la formation linguistique, de la formation en entreprise ou du recrutement et de la s\u00e9lection de nouveaux membres du personnel.<\/li>\n<\/ul>\n<h3>Contenu<\/h3>\n<p>Le test d&rsquo;apprentissage des langues est un test relativement court qui comporte diff\u00e9rents types de t\u00e2ches. Ces t\u00e2ches sont regroup\u00e9es autour des t\u00e2ches (cognitives) : faire des analogies, compl\u00e9ter des s\u00e9quences, ordonner et travailler avec des symboles. Le test de capacit\u00e9 d&rsquo;apprentissage d\u00e9termine dans quelle mesure l&rsquo;apprenant\/l&rsquo;\u00e9l\u00e8ve (candidat) ma\u00eetrise les comp\u00e9tences qui facilitent l&rsquo;apprentissage des langues (NT2). Ces comp\u00e9tences sous-jacentes sont d\u00e9riv\u00e9es du mat\u00e9riel p\u00e9dagogique couramment utilis\u00e9 et des m\u00e9thodes d&rsquo;enseignement qu&rsquo;il contient.<br \/>\nLes \u00e9tudiants\/apprenants auxquels le test est propos\u00e9 ne doivent pas (encore) ma\u00eetriser le n\u00e9erlandais. Ils doivent cependant savoir lire et \u00e9crire en latin.<br \/>\nLe test se compose de 23 exercices r\u00e9partis en 7 sections. Ces t\u00e2ches ont \u00e9t\u00e9 s\u00e9lectionn\u00e9es en fonction de leur capacit\u00e9 \u00e0 distinguer les apprenants \u00ab\u00a0lents\u00a0\u00bb des apprenants \u00ab\u00a0rapides\u00a0\u00bb. Chaque section est pr\u00e9c\u00e9d\u00e9e dans le test d&rsquo;un ou plusieurs exemples. Ces exemples montrent ce que signifient les diff\u00e9rentes t\u00e2ches.       <\/p>\n","protected":false},"excerpt":{"rendered":"<p>G\u00e9n\u00e9ral La capacit\u00e9 d&rsquo;apprentissage d&rsquo;une langue fournit des informations essentielles sur le placement d&rsquo;un \u00e9l\u00e8ve ou d&rsquo;un \u00e9tudiant dans un parcours \u00e9ducatif. L&rsquo;exp\u00e9rience a montr\u00e9 que le choix de la trajectoire la plus appropri\u00e9e (\u00ab\u00a0lente\u00a0\u00bb ou \u00ab\u00a0rapide\u00a0\u00bb) pour un futur \u00e9l\u00e8ve\/\u00e9tudiant d\u00e9pend de la vitesse \u00e0 laquelle les \u00e9l\u00e8ves\/\u00e9tudiants sont cens\u00e9s apprendre le n\u00e9erlandais. Ou [&hellip;]<\/p>\n","protected":false},"featured_media":10540,"comment_status":"closed","ping_status":"closed","template":"","meta":{"_yoast_wpseo_focuskw":"","_yoast_wpseo_metadesc":"","rank_math_focus_keyword":"","rank_math_description":""},"product_brand":[],"product_cat":[154,175],"product_tag":[],"class_list":{"0":"post-10539","1":"product","2":"type-product","3":"status-publish","4":"has-post-thumbnail","6":"product_cat-entreprises","7":"product_cat-essais-2","9":"first","10":"instock","11":"taxable","12":"shipping-taxable","13":"purchasable","14":"product-type-variable"},"yoast_head":"<!-- This site is optimized with the Yoast SEO plugin v27.5 - https:\/\/yoast.com\/product\/yoast-seo-wordpress\/ -->\n<title>Divers tests avec conseils personnalis\u00e9s et discussion des r\u00e9sultats - Bogaers Taleninstituut Tilburg<\/title>\n<meta name=\"robots\" content=\"index, follow, max-snippet:-1, max-image-preview:large, max-video-preview:-1\" \/>\n<link rel=\"canonical\" href=\"https:\/\/www.bogaerstalen.nl\/fr\/product\/divers-tests-avec-conseils-personnalises-et-discussion-des-resultats\/\" \/>\n<meta property=\"og:locale\" content=\"fr_FR\" \/>\n<meta property=\"og:type\" content=\"article\" \/>\n<meta property=\"og:title\" content=\"Divers tests avec conseils personnalis\u00e9s et discussion des r\u00e9sultats - Bogaers Taleninstituut Tilburg\" \/>\n<meta property=\"og:description\" content=\"G\u00e9n\u00e9ral La capacit\u00e9 d&rsquo;apprentissage d&rsquo;une langue fournit des informations essentielles sur le placement d&rsquo;un \u00e9l\u00e8ve ou d&rsquo;un \u00e9tudiant dans un parcours \u00e9ducatif. L&rsquo;exp\u00e9rience a montr\u00e9 que le choix de la trajectoire la plus appropri\u00e9e (\u00ab\u00a0lente\u00a0\u00bb ou \u00ab\u00a0rapide\u00a0\u00bb) pour un futur \u00e9l\u00e8ve\/\u00e9tudiant d\u00e9pend de la vitesse \u00e0 laquelle les \u00e9l\u00e8ves\/\u00e9tudiants sont cens\u00e9s apprendre le n\u00e9erlandais. Ou [&hellip;]\" \/>\n<meta property=\"og:url\" content=\"https:\/\/www.bogaerstalen.nl\/fr\/product\/divers-tests-avec-conseils-personnalises-et-discussion-des-resultats\/\" \/>\n<meta property=\"og:site_name\" content=\"Bogaers Taleninstituut Tilburg\" \/>\n<meta property=\"article:publisher\" content=\"https:\/\/www.facebook.com\/taleninstituut\/\" \/>\n<meta property=\"og:image\" content=\"https:\/\/www.bogaerstalen.nl\/wp-content\/uploads\/2014\/11\/cropped-blog-banner.jpg\" \/>\n\t<meta property=\"og:image:width\" content=\"2560\" \/>\n\t<meta property=\"og:image:height\" content=\"799\" \/>\n\t<meta property=\"og:image:type\" content=\"image\/jpeg\" \/>\n<meta name=\"twitter:label1\" content=\"Dur\u00e9e de lecture estim\u00e9e\" \/>\n\t<meta name=\"twitter:data1\" content=\"2 minutes\" \/>\n<script type=\"application\/ld+json\" class=\"yoast-schema-graph\">{\"@context\":\"https:\\\/\\\/schema.org\",\"@graph\":[{\"@type\":\"WebPage\",\"@id\":\"https:\\\/\\\/www.bogaerstalen.nl\\\/fr\\\/product\\\/divers-tests-avec-conseils-personnalises-et-discussion-des-resultats\\\/\",\"url\":\"https:\\\/\\\/www.bogaerstalen.nl\\\/fr\\\/product\\\/divers-tests-avec-conseils-personnalises-et-discussion-des-resultats\\\/\",\"name\":\"Divers tests avec conseils personnalis\u00e9s et discussion des r\u00e9sultats - Bogaers Taleninstituut Tilburg\",\"isPartOf\":{\"@id\":\"https:\\\/\\\/www.bogaerstalen.nl\\\/fr\\\/#website\"},\"primaryImageOfPage\":{\"@id\":\"https:\\\/\\\/www.bogaerstalen.nl\\\/fr\\\/product\\\/divers-tests-avec-conseils-personnalises-et-discussion-des-resultats\\\/#primaryimage\"},\"image\":{\"@id\":\"https:\\\/\\\/www.bogaerstalen.nl\\\/fr\\\/product\\\/divers-tests-avec-conseils-personnalises-et-discussion-des-resultats\\\/#primaryimage\"},\"thumbnailUrl\":\"https:\\\/\\\/www.bogaerstalen.nl\\\/wp-content\\\/uploads\\\/2014\\\/11\\\/cropped-blog-banner.jpg\",\"datePublished\":\"2026-02-02T07:45:50+00:00\",\"breadcrumb\":{\"@id\":\"https:\\\/\\\/www.bogaerstalen.nl\\\/fr\\\/product\\\/divers-tests-avec-conseils-personnalises-et-discussion-des-resultats\\\/#breadcrumb\"},\"inLanguage\":\"fr-FR\",\"potentialAction\":[{\"@type\":\"ReadAction\",\"target\":[\"https:\\\/\\\/www.bogaerstalen.nl\\\/fr\\\/product\\\/divers-tests-avec-conseils-personnalises-et-discussion-des-resultats\\\/\"]}]},{\"@type\":\"ImageObject\",\"inLanguage\":\"fr-FR\",\"@id\":\"https:\\\/\\\/www.bogaerstalen.nl\\\/fr\\\/product\\\/divers-tests-avec-conseils-personnalises-et-discussion-des-resultats\\\/#primaryimage\",\"url\":\"https:\\\/\\\/www.bogaerstalen.nl\\\/wp-content\\\/uploads\\\/2014\\\/11\\\/cropped-blog-banner.jpg\",\"contentUrl\":\"https:\\\/\\\/www.bogaerstalen.nl\\\/wp-content\\\/uploads\\\/2014\\\/11\\\/cropped-blog-banner.jpg\",\"width\":2560,\"height\":799},{\"@type\":\"BreadcrumbList\",\"@id\":\"https:\\\/\\\/www.bogaerstalen.nl\\\/fr\\\/product\\\/divers-tests-avec-conseils-personnalises-et-discussion-des-resultats\\\/#breadcrumb\",\"itemListElement\":[{\"@type\":\"ListItem\",\"position\":1,\"name\":\"Home\",\"item\":\"https:\\\/\\\/www.bogaerstalen.nl\\\/fr\\\/accueil\\\/\"},{\"@type\":\"ListItem\",\"position\":2,\"name\":\"Shop &#8211; voyez aussi la distinction entre Business et Private (en raison de la TVA) en haut \u00e0 droite de votre \u00e9cran !\",\"item\":\"https:\\\/\\\/www.bogaerstalen.nl\\\/shop-voyez-aussi-la-distinction-entre-business-et-private-en-raison-de-la-tva-en-haut-a-droite-de-votre-ecran\\\/\"},{\"@type\":\"ListItem\",\"position\":3,\"name\":\"Divers tests avec conseils personnalis\u00e9s et discussion des r\u00e9sultats\"}]},{\"@type\":\"WebSite\",\"@id\":\"https:\\\/\\\/www.bogaerstalen.nl\\\/fr\\\/#website\",\"url\":\"https:\\\/\\\/www.bogaerstalen.nl\\\/fr\\\/\",\"name\":\"Bogaers Taleninstituut Tilburg\",\"description\":\"Sta sterk met taal!\",\"potentialAction\":[{\"@type\":\"SearchAction\",\"target\":{\"@type\":\"EntryPoint\",\"urlTemplate\":\"https:\\\/\\\/www.bogaerstalen.nl\\\/fr\\\/?s={search_term_string}\"},\"query-input\":{\"@type\":\"PropertyValueSpecification\",\"valueRequired\":true,\"valueName\":\"search_term_string\"}}],\"inLanguage\":\"fr-FR\"}]}<\/script>\n<!-- \/ Yoast SEO plugin. -->","yoast_head_json":{"title":"Divers tests avec conseils personnalis\u00e9s et discussion des r\u00e9sultats - Bogaers Taleninstituut Tilburg","robots":{"index":"index","follow":"follow","max-snippet":"max-snippet:-1","max-image-preview":"max-image-preview:large","max-video-preview":"max-video-preview:-1"},"canonical":"https:\/\/www.bogaerstalen.nl\/fr\/product\/divers-tests-avec-conseils-personnalises-et-discussion-des-resultats\/","og_locale":"fr_FR","og_type":"article","og_title":"Divers tests avec conseils personnalis\u00e9s et discussion des r\u00e9sultats - Bogaers Taleninstituut Tilburg","og_description":"G\u00e9n\u00e9ral La capacit\u00e9 d&rsquo;apprentissage d&rsquo;une langue fournit des informations essentielles sur le placement d&rsquo;un \u00e9l\u00e8ve ou d&rsquo;un \u00e9tudiant dans un parcours \u00e9ducatif. L&rsquo;exp\u00e9rience a montr\u00e9 que le choix de la trajectoire la plus appropri\u00e9e (\u00ab\u00a0lente\u00a0\u00bb ou \u00ab\u00a0rapide\u00a0\u00bb) pour un futur \u00e9l\u00e8ve\/\u00e9tudiant d\u00e9pend de la vitesse \u00e0 laquelle les \u00e9l\u00e8ves\/\u00e9tudiants sont cens\u00e9s apprendre le n\u00e9erlandais. Ou [&hellip;]","og_url":"https:\/\/www.bogaerstalen.nl\/fr\/product\/divers-tests-avec-conseils-personnalises-et-discussion-des-resultats\/","og_site_name":"Bogaers Taleninstituut Tilburg","article_publisher":"https:\/\/www.facebook.com\/taleninstituut\/","og_image":[{"width":2560,"height":799,"url":"https:\/\/www.bogaerstalen.nl\/wp-content\/uploads\/2014\/11\/cropped-blog-banner.jpg","type":"image\/jpeg"}],"twitter_misc":{"Dur\u00e9e de lecture estim\u00e9e":"2 minutes"},"schema":{"@context":"https:\/\/schema.org","@graph":[{"@type":"WebPage","@id":"https:\/\/www.bogaerstalen.nl\/fr\/product\/divers-tests-avec-conseils-personnalises-et-discussion-des-resultats\/","url":"https:\/\/www.bogaerstalen.nl\/fr\/product\/divers-tests-avec-conseils-personnalises-et-discussion-des-resultats\/","name":"Divers tests avec conseils personnalis\u00e9s et discussion des r\u00e9sultats - Bogaers Taleninstituut Tilburg","isPartOf":{"@id":"https:\/\/www.bogaerstalen.nl\/fr\/#website"},"primaryImageOfPage":{"@id":"https:\/\/www.bogaerstalen.nl\/fr\/product\/divers-tests-avec-conseils-personnalises-et-discussion-des-resultats\/#primaryimage"},"image":{"@id":"https:\/\/www.bogaerstalen.nl\/fr\/product\/divers-tests-avec-conseils-personnalises-et-discussion-des-resultats\/#primaryimage"},"thumbnailUrl":"https:\/\/www.bogaerstalen.nl\/wp-content\/uploads\/2014\/11\/cropped-blog-banner.jpg","datePublished":"2026-02-02T07:45:50+00:00","breadcrumb":{"@id":"https:\/\/www.bogaerstalen.nl\/fr\/product\/divers-tests-avec-conseils-personnalises-et-discussion-des-resultats\/#breadcrumb"},"inLanguage":"fr-FR","potentialAction":[{"@type":"ReadAction","target":["https:\/\/www.bogaerstalen.nl\/fr\/product\/divers-tests-avec-conseils-personnalises-et-discussion-des-resultats\/"]}]},{"@type":"ImageObject","inLanguage":"fr-FR","@id":"https:\/\/www.bogaerstalen.nl\/fr\/product\/divers-tests-avec-conseils-personnalises-et-discussion-des-resultats\/#primaryimage","url":"https:\/\/www.bogaerstalen.nl\/wp-content\/uploads\/2014\/11\/cropped-blog-banner.jpg","contentUrl":"https:\/\/www.bogaerstalen.nl\/wp-content\/uploads\/2014\/11\/cropped-blog-banner.jpg","width":2560,"height":799},{"@type":"BreadcrumbList","@id":"https:\/\/www.bogaerstalen.nl\/fr\/product\/divers-tests-avec-conseils-personnalises-et-discussion-des-resultats\/#breadcrumb","itemListElement":[{"@type":"ListItem","position":1,"name":"Home","item":"https:\/\/www.bogaerstalen.nl\/fr\/accueil\/"},{"@type":"ListItem","position":2,"name":"Shop &#8211; voyez aussi la distinction entre Business et Private (en raison de la TVA) en haut \u00e0 droite de votre \u00e9cran !","item":"https:\/\/www.bogaerstalen.nl\/shop-voyez-aussi-la-distinction-entre-business-et-private-en-raison-de-la-tva-en-haut-a-droite-de-votre-ecran\/"},{"@type":"ListItem","position":3,"name":"Divers tests avec conseils personnalis\u00e9s et discussion des r\u00e9sultats"}]},{"@type":"WebSite","@id":"https:\/\/www.bogaerstalen.nl\/fr\/#website","url":"https:\/\/www.bogaerstalen.nl\/fr\/","name":"Bogaers Taleninstituut Tilburg","description":"Sta sterk met taal!","potentialAction":[{"@type":"SearchAction","target":{"@type":"EntryPoint","urlTemplate":"https:\/\/www.bogaerstalen.nl\/fr\/?s={search_term_string}"},"query-input":{"@type":"PropertyValueSpecification","valueRequired":true,"valueName":"search_term_string"}}],"inLanguage":"fr-FR"}]}},"_links":{"self":[{"href":"https:\/\/www.bogaerstalen.nl\/fr\/wp-json\/wp\/v2\/product\/10539","targetHints":{"allow":["GET"]}}],"collection":[{"href":"https:\/\/www.bogaerstalen.nl\/fr\/wp-json\/wp\/v2\/product"}],"about":[{"href":"https:\/\/www.bogaerstalen.nl\/fr\/wp-json\/wp\/v2\/types\/product"}],"replies":[{"embeddable":true,"href":"https:\/\/www.bogaerstalen.nl\/fr\/wp-json\/wp\/v2\/comments?post=10539"}],"wp:featuredmedia":[{"embeddable":true,"href":"https:\/\/www.bogaerstalen.nl\/fr\/wp-json\/wp\/v2\/media\/10540"}],"wp:attachment":[{"href":"https:\/\/www.bogaerstalen.nl\/fr\/wp-json\/wp\/v2\/media?parent=10539"}],"wp:term":[{"taxonomy":"product_brand","embeddable":true,"href":"https:\/\/www.bogaerstalen.nl\/fr\/wp-json\/wp\/v2\/product_brand?post=10539"},{"taxonomy":"product_cat","embeddable":true,"href":"https:\/\/www.bogaerstalen.nl\/fr\/wp-json\/wp\/v2\/product_cat?post=10539"},{"taxonomy":"product_tag","embeddable":true,"href":"https:\/\/www.bogaerstalen.nl\/fr\/wp-json\/wp\/v2\/product_tag?post=10539"}],"curies":[{"name":"wp","href":"https:\/\/api.w.org\/{rel}","templated":true}]}}