{"id":10543,"date":"2026-02-02T08:45:55","date_gmt":"2026-02-02T07:45:55","guid":{"rendered":"https:\/\/www.bogaerstalen.nl\/product\/apprentissage-mixte-5-heures-individuelles-avec-un-tuteur-15-heures-en-ligne-illimitees\/"},"modified":"2026-02-02T08:45:55","modified_gmt":"2026-02-02T07:45:55","slug":"apprentissage-mixte-5-heures-individuelles-avec-un-tuteur-15-heures-en-ligne-illimitees","status":"publish","type":"product","link":"https:\/\/www.bogaerstalen.nl\/fr\/product\/apprentissage-mixte-5-heures-individuelles-avec-un-tuteur-15-heures-en-ligne-illimitees\/","title":{"rendered":"Apprentissage mixte 5 heures individuelles avec un tuteur + 15 heures en ligne illimit\u00e9es"},"content":{"rendered":"<p><b>L&rsquo;apprentissage mixte avec plus d&rsquo;ind\u00e9pendance, de responsabilit\u00e9 et de libert\u00e9 !<\/b><\/p>\n<hr>\n<p><strong>Que pouvez-vous attendre, entre autres, de cette formation interactive ?<\/strong><\/p>\n<p>Avec les comp\u00e9tences de communication acquises, vous pouvez :<\/p>\n<ul>\n<li>effectuer des appels g\u00e9n\u00e9raux de courte dur\u00e9e<\/li>\n<li>enrichissez votre vocabulaire<\/li>\n<li>comprendre votre interlocuteur et r\u00e9agir de mani\u00e8re appropri\u00e9e<\/li>\n<li>comprendre et\/ou \u00e9crire un texte simple et court<\/li>\n<li>apprendre \u00e0 conna\u00eetre la culture concern\u00e9e (ainsi que les choses \u00e0 faire et \u00e0 ne pas faire)<\/li>\n<\/ul>\n<p><strong>Une option suppl\u00e9mentaire dans ce paquet est l&rsquo;utilisation de l&rsquo;apprentissage en ligne.<\/strong><\/p>\n<p>Vous permet de :<\/p>\n<ul>\n<li>Am\u00e9liorer la prononciation<\/li>\n<li>Pratiquer l&rsquo;expression orale<\/li>\n<li>Am\u00e9liorer les capacit\u00e9s d&rsquo;\u00e9coute<\/li>\n<li>Pratiquer les structures de phrases<\/li>\n<li>Dans notre institut, vous pouvez utiliser tout le mat\u00e9riel disponible pendant les heures de bureau, vous travaillez dans un environnement s\u00e9curis\u00e9 (r\u00e9seau s\u00e9par\u00e9).<\/li>\n<li>L&rsquo;apprentissage en ligne peut m\u00eame se faire \u00e0 partir de n&rsquo;importe quel endroit o\u00f9 vous disposez d&rsquo;une connexion internet !<\/li>\n<li>Pratique illimit\u00e9e \u00e0 votre convenance<\/li>\n<\/ul>\n<p><span class=\"s2\"><b>1 forfait en ligne &#8211; 15 heures en ligne illimit\u00e9es + 5 le\u00e7ons individuelles par heure d&rsquo;horloge. + \u20ac 275 = total \u20ac 800 <\/b><\/span><\/p>\n<p><a href=\"https:\/\/www.bogaerstalen.nl\/fr\/pourquoi-bogaers\/\">Cliquez ici pour le plan d&rsquo;action<\/a><\/p>\n<p><strong> <\/strong><\/p>\n<hr>\n<p><strong>Avis de non-responsabilit\u00e9 :  <\/strong><\/p>\n<p>Bogaers Taleninstituut BV n&rsquo;est pas responsable du mauvais fonctionnement de l&rsquo;environnement E-Learning ou du manque de compatibilit\u00e9 des exigences du syst\u00e8me.<\/p>\n<p>L&rsquo;environnement d&rsquo;apprentissage en ligne est accessible 24 heures sur 24, 7 jours sur 7, \u00e0 l&rsquo;aide d&rsquo;un code qui vous est fourni.<\/p>\n<p>Pour les diff\u00e9rentes langues, un paquet g\u00e9n\u00e9ral pour les \u00e9tudiants est d&rsquo;abord mis \u00e0 disposition. Une fois que vous avez termin\u00e9, vous pouvez vous connecter \u00e0 un nouveau paquet en ligne \u00e0 votre nom personnel, que l&rsquo;enseignant peut suivre en arri\u00e8re-plan ! <\/p>\n<p>Pendant la p\u00e9riode de cours, il est possible d&rsquo;obtenir un retour d&rsquo;information de la part de l&rsquo;enseignant (concernant l&rsquo;apprentissage en ligne). Assurez-vous d&rsquo;en tirer le meilleur parti ! <\/p>\n","protected":false},"excerpt":{"rendered":"<p>Une communication efficace dans la langue de votre partenaire commercial est une condition pr\u00e9alable \u00e0 la r\u00e9ussite des affaires internationales. Il est essentiel de bien se comprendre. <\/p>\n<p><b>Votre professeur suit vos progr\u00e8s en ligne et peut faire des ajustements si n\u00e9cessaire !<\/b><\/p>\n<p>Auto-apprentissage \u00e0 votre rythme pour automatiser vos connaissances gr\u00e2ce \u00e0 des cours individuels et interactifs en face \u00e0 face (ou par Skype ou t\u00e9l\u00e9phone) !<\/p>\n<p>Avantage des cours individuels : le contact interpersonnel et personnel est agr\u00e9able et n\u00e9cessaire \u00e0 la pratique. De plus, le retour d&rsquo;information est imm\u00e9diat ! C&rsquo;est comme pour le permis de conduire : une partie est faite par vous-m\u00eame (\u00e0 la maison) en ligne et une autre avec votre professeur.  <\/p>\n","protected":false},"featured_media":8220,"comment_status":"closed","ping_status":"closed","template":"","meta":{"_yoast_wpseo_focuskw":"","_yoast_wpseo_metadesc":"","rank_math_focus_keyword":"","rank_math_description":""},"product_brand":[],"product_cat":[154,155],"product_tag":[],"class_list":{"0":"post-10543","1":"product","2":"type-product","3":"status-publish","4":"has-post-thumbnail","6":"product_cat-entreprises","7":"product_cat-paquet-en-ligne-apprentissage-avec-sans-lecon-ind","9":"first","10":"instock","11":"taxable","12":"shipping-taxable","13":"purchasable","14":"product-type-variable"},"yoast_head":"<!-- This site is optimized with the Yoast SEO plugin v27.2 - https:\/\/yoast.com\/product\/yoast-seo-wordpress\/ -->\n<title>Apprentissage mixte 5 heures individuelles avec un tuteur + 15 heures en ligne illimit\u00e9es - Bogaers Taleninstituut Tilburg<\/title>\n<meta name=\"robots\" content=\"index, follow, max-snippet:-1, max-image-preview:large, max-video-preview:-1\" \/>\n<link rel=\"canonical\" href=\"https:\/\/www.bogaerstalen.nl\/fr\/product\/apprentissage-mixte-5-heures-individuelles-avec-un-tuteur-15-heures-en-ligne-illimitees\/\" \/>\n<meta property=\"og:locale\" content=\"fr_FR\" \/>\n<meta property=\"og:type\" content=\"article\" \/>\n<meta property=\"og:title\" content=\"Apprentissage mixte 5 heures individuelles avec un tuteur + 15 heures en ligne illimit\u00e9es - Bogaers Taleninstituut Tilburg\" \/>\n<meta property=\"og:description\" content=\"Une communication efficace dans la langue de votre partenaire commercial est une condition pr\u00e9alable \u00e0 la r\u00e9ussite des affaires internationales. Il est essentiel de bien se comprendre.  Votre professeur suit vos progr\u00e8s en ligne et peut faire des ajustements si n\u00e9cessaire ! Auto-apprentissage \u00e0 votre rythme pour automatiser vos connaissances gr\u00e2ce \u00e0 des cours individuels et interactifs en face \u00e0 face (ou par Skype ou t\u00e9l\u00e9phone) ! Avantage des cours individuels : le contact interpersonnel et personnel est agr\u00e9able et n\u00e9cessaire \u00e0 la pratique. De plus, le retour d&#039;information est imm\u00e9diat ! C&#039;est comme pour le permis de conduire : une partie est faite par vous-m\u00eame (\u00e0 la maison) en ligne et une autre avec votre professeur.\" \/>\n<meta property=\"og:url\" content=\"https:\/\/www.bogaerstalen.nl\/fr\/product\/apprentissage-mixte-5-heures-individuelles-avec-un-tuteur-15-heures-en-ligne-illimitees\/\" \/>\n<meta property=\"og:site_name\" content=\"Bogaers Taleninstituut Tilburg\" \/>\n<meta property=\"article:publisher\" content=\"https:\/\/www.facebook.com\/taleninstituut\/\" \/>\n<meta property=\"og:image\" content=\"https:\/\/www.bogaerstalen.nl\/wp-content\/uploads\/2016\/11\/Blended-Learning-Webfoto.jpg\" \/>\n\t<meta property=\"og:image:width\" content=\"881\" \/>\n\t<meta property=\"og:image:height\" content=\"544\" \/>\n\t<meta property=\"og:image:type\" content=\"image\/jpeg\" \/>\n<meta name=\"twitter:label1\" content=\"Dur\u00e9e de lecture estim\u00e9e\" \/>\n\t<meta name=\"twitter:data1\" content=\"1 minute\" \/>\n<script type=\"application\/ld+json\" class=\"yoast-schema-graph\">{\"@context\":\"https:\/\/schema.org\",\"@graph\":[{\"@type\":\"WebPage\",\"@id\":\"https:\/\/www.bogaerstalen.nl\/fr\/product\/apprentissage-mixte-5-heures-individuelles-avec-un-tuteur-15-heures-en-ligne-illimitees\/\",\"url\":\"https:\/\/www.bogaerstalen.nl\/fr\/product\/apprentissage-mixte-5-heures-individuelles-avec-un-tuteur-15-heures-en-ligne-illimitees\/\",\"name\":\"Apprentissage mixte 5 heures individuelles avec un tuteur + 15 heures en ligne illimit\u00e9es - Bogaers Taleninstituut Tilburg\",\"isPartOf\":{\"@id\":\"https:\/\/www.bogaerstalen.nl\/#website\"},\"primaryImageOfPage\":{\"@id\":\"https:\/\/www.bogaerstalen.nl\/fr\/product\/apprentissage-mixte-5-heures-individuelles-avec-un-tuteur-15-heures-en-ligne-illimitees\/#primaryimage\"},\"image\":{\"@id\":\"https:\/\/www.bogaerstalen.nl\/fr\/product\/apprentissage-mixte-5-heures-individuelles-avec-un-tuteur-15-heures-en-ligne-illimitees\/#primaryimage\"},\"thumbnailUrl\":\"https:\/\/www.bogaerstalen.nl\/wp-content\/uploads\/2016\/11\/Blended-Learning-Webfoto.jpg\",\"datePublished\":\"2026-02-02T07:45:55+00:00\",\"breadcrumb\":{\"@id\":\"https:\/\/www.bogaerstalen.nl\/fr\/product\/apprentissage-mixte-5-heures-individuelles-avec-un-tuteur-15-heures-en-ligne-illimitees\/#breadcrumb\"},\"inLanguage\":\"fr-FR\",\"potentialAction\":[{\"@type\":\"ReadAction\",\"target\":[\"https:\/\/www.bogaerstalen.nl\/fr\/product\/apprentissage-mixte-5-heures-individuelles-avec-un-tuteur-15-heures-en-ligne-illimitees\/\"]}]},{\"@type\":\"ImageObject\",\"inLanguage\":\"fr-FR\",\"@id\":\"https:\/\/www.bogaerstalen.nl\/fr\/product\/apprentissage-mixte-5-heures-individuelles-avec-un-tuteur-15-heures-en-ligne-illimitees\/#primaryimage\",\"url\":\"https:\/\/www.bogaerstalen.nl\/wp-content\/uploads\/2016\/11\/Blended-Learning-Webfoto.jpg\",\"contentUrl\":\"https:\/\/www.bogaerstalen.nl\/wp-content\/uploads\/2016\/11\/Blended-Learning-Webfoto.jpg\",\"width\":881,\"height\":544,\"caption\":\"56912415 - blended learning man hand on table business, coffee, split tone\"},{\"@type\":\"BreadcrumbList\",\"@id\":\"https:\/\/www.bogaerstalen.nl\/fr\/product\/apprentissage-mixte-5-heures-individuelles-avec-un-tuteur-15-heures-en-ligne-illimitees\/#breadcrumb\",\"itemListElement\":[{\"@type\":\"ListItem\",\"position\":1,\"name\":\"Home\",\"item\":\"https:\/\/www.bogaerstalen.nl\/fr\/accueil\/\"},{\"@type\":\"ListItem\",\"position\":2,\"name\":\"Shop &#8211; voyez aussi la distinction entre Business et Private (en raison de la TVA) en haut \u00e0 droite de votre \u00e9cran !\",\"item\":\"https:\/\/www.bogaerstalen.nl\/shop-voyez-aussi-la-distinction-entre-business-et-private-en-raison-de-la-tva-en-haut-a-droite-de-votre-ecran\/\"},{\"@type\":\"ListItem\",\"position\":3,\"name\":\"Apprentissage mixte 5 heures individuelles avec un tuteur + 15 heures en ligne illimit\u00e9es\"}]},{\"@type\":\"WebSite\",\"@id\":\"https:\/\/www.bogaerstalen.nl\/#website\",\"url\":\"https:\/\/www.bogaerstalen.nl\/\",\"name\":\"Bogaers Taleninstituut Tilburg\",\"description\":\"Sta sterk met taal!\",\"potentialAction\":[{\"@type\":\"SearchAction\",\"target\":{\"@type\":\"EntryPoint\",\"urlTemplate\":\"https:\/\/www.bogaerstalen.nl\/?s={search_term_string}\"},\"query-input\":{\"@type\":\"PropertyValueSpecification\",\"valueRequired\":true,\"valueName\":\"search_term_string\"}}],\"inLanguage\":\"fr-FR\"}]}<\/script>\n<!-- \/ Yoast SEO plugin. -->","yoast_head_json":{"title":"Apprentissage mixte 5 heures individuelles avec un tuteur + 15 heures en ligne illimit\u00e9es - Bogaers Taleninstituut Tilburg","robots":{"index":"index","follow":"follow","max-snippet":"max-snippet:-1","max-image-preview":"max-image-preview:large","max-video-preview":"max-video-preview:-1"},"canonical":"https:\/\/www.bogaerstalen.nl\/fr\/product\/apprentissage-mixte-5-heures-individuelles-avec-un-tuteur-15-heures-en-ligne-illimitees\/","og_locale":"fr_FR","og_type":"article","og_title":"Apprentissage mixte 5 heures individuelles avec un tuteur + 15 heures en ligne illimit\u00e9es - Bogaers Taleninstituut Tilburg","og_description":"Une communication efficace dans la langue de votre partenaire commercial est une condition pr\u00e9alable \u00e0 la r\u00e9ussite des affaires internationales. Il est essentiel de bien se comprendre.  Votre professeur suit vos progr\u00e8s en ligne et peut faire des ajustements si n\u00e9cessaire ! Auto-apprentissage \u00e0 votre rythme pour automatiser vos connaissances gr\u00e2ce \u00e0 des cours individuels et interactifs en face \u00e0 face (ou par Skype ou t\u00e9l\u00e9phone) ! Avantage des cours individuels : le contact interpersonnel et personnel est agr\u00e9able et n\u00e9cessaire \u00e0 la pratique. De plus, le retour d'information est imm\u00e9diat ! C'est comme pour le permis de conduire : une partie est faite par vous-m\u00eame (\u00e0 la maison) en ligne et une autre avec votre professeur.","og_url":"https:\/\/www.bogaerstalen.nl\/fr\/product\/apprentissage-mixte-5-heures-individuelles-avec-un-tuteur-15-heures-en-ligne-illimitees\/","og_site_name":"Bogaers Taleninstituut Tilburg","article_publisher":"https:\/\/www.facebook.com\/taleninstituut\/","og_image":[{"width":881,"height":544,"url":"https:\/\/www.bogaerstalen.nl\/wp-content\/uploads\/2016\/11\/Blended-Learning-Webfoto.jpg","type":"image\/jpeg"}],"twitter_misc":{"Dur\u00e9e de lecture estim\u00e9e":"1 minute"},"schema":{"@context":"https:\/\/schema.org","@graph":[{"@type":"WebPage","@id":"https:\/\/www.bogaerstalen.nl\/fr\/product\/apprentissage-mixte-5-heures-individuelles-avec-un-tuteur-15-heures-en-ligne-illimitees\/","url":"https:\/\/www.bogaerstalen.nl\/fr\/product\/apprentissage-mixte-5-heures-individuelles-avec-un-tuteur-15-heures-en-ligne-illimitees\/","name":"Apprentissage mixte 5 heures individuelles avec un tuteur + 15 heures en ligne illimit\u00e9es - Bogaers Taleninstituut Tilburg","isPartOf":{"@id":"https:\/\/www.bogaerstalen.nl\/#website"},"primaryImageOfPage":{"@id":"https:\/\/www.bogaerstalen.nl\/fr\/product\/apprentissage-mixte-5-heures-individuelles-avec-un-tuteur-15-heures-en-ligne-illimitees\/#primaryimage"},"image":{"@id":"https:\/\/www.bogaerstalen.nl\/fr\/product\/apprentissage-mixte-5-heures-individuelles-avec-un-tuteur-15-heures-en-ligne-illimitees\/#primaryimage"},"thumbnailUrl":"https:\/\/www.bogaerstalen.nl\/wp-content\/uploads\/2016\/11\/Blended-Learning-Webfoto.jpg","datePublished":"2026-02-02T07:45:55+00:00","breadcrumb":{"@id":"https:\/\/www.bogaerstalen.nl\/fr\/product\/apprentissage-mixte-5-heures-individuelles-avec-un-tuteur-15-heures-en-ligne-illimitees\/#breadcrumb"},"inLanguage":"fr-FR","potentialAction":[{"@type":"ReadAction","target":["https:\/\/www.bogaerstalen.nl\/fr\/product\/apprentissage-mixte-5-heures-individuelles-avec-un-tuteur-15-heures-en-ligne-illimitees\/"]}]},{"@type":"ImageObject","inLanguage":"fr-FR","@id":"https:\/\/www.bogaerstalen.nl\/fr\/product\/apprentissage-mixte-5-heures-individuelles-avec-un-tuteur-15-heures-en-ligne-illimitees\/#primaryimage","url":"https:\/\/www.bogaerstalen.nl\/wp-content\/uploads\/2016\/11\/Blended-Learning-Webfoto.jpg","contentUrl":"https:\/\/www.bogaerstalen.nl\/wp-content\/uploads\/2016\/11\/Blended-Learning-Webfoto.jpg","width":881,"height":544,"caption":"56912415 - blended learning man hand on table business, coffee, split tone"},{"@type":"BreadcrumbList","@id":"https:\/\/www.bogaerstalen.nl\/fr\/product\/apprentissage-mixte-5-heures-individuelles-avec-un-tuteur-15-heures-en-ligne-illimitees\/#breadcrumb","itemListElement":[{"@type":"ListItem","position":1,"name":"Home","item":"https:\/\/www.bogaerstalen.nl\/fr\/accueil\/"},{"@type":"ListItem","position":2,"name":"Shop &#8211; voyez aussi la distinction entre Business et Private (en raison de la TVA) en haut \u00e0 droite de votre \u00e9cran !","item":"https:\/\/www.bogaerstalen.nl\/shop-voyez-aussi-la-distinction-entre-business-et-private-en-raison-de-la-tva-en-haut-a-droite-de-votre-ecran\/"},{"@type":"ListItem","position":3,"name":"Apprentissage mixte 5 heures individuelles avec un tuteur + 15 heures en ligne illimit\u00e9es"}]},{"@type":"WebSite","@id":"https:\/\/www.bogaerstalen.nl\/#website","url":"https:\/\/www.bogaerstalen.nl\/","name":"Bogaers Taleninstituut Tilburg","description":"Sta sterk met taal!","potentialAction":[{"@type":"SearchAction","target":{"@type":"EntryPoint","urlTemplate":"https:\/\/www.bogaerstalen.nl\/?s={search_term_string}"},"query-input":{"@type":"PropertyValueSpecification","valueRequired":true,"valueName":"search_term_string"}}],"inLanguage":"fr-FR"}]}},"_links":{"self":[{"href":"https:\/\/www.bogaerstalen.nl\/fr\/wp-json\/wp\/v2\/product\/10543","targetHints":{"allow":["GET"]}}],"collection":[{"href":"https:\/\/www.bogaerstalen.nl\/fr\/wp-json\/wp\/v2\/product"}],"about":[{"href":"https:\/\/www.bogaerstalen.nl\/fr\/wp-json\/wp\/v2\/types\/product"}],"replies":[{"embeddable":true,"href":"https:\/\/www.bogaerstalen.nl\/fr\/wp-json\/wp\/v2\/comments?post=10543"}],"wp:featuredmedia":[{"embeddable":true,"href":"https:\/\/www.bogaerstalen.nl\/fr\/wp-json\/wp\/v2\/media\/8220"}],"wp:attachment":[{"href":"https:\/\/www.bogaerstalen.nl\/fr\/wp-json\/wp\/v2\/media?parent=10543"}],"wp:term":[{"taxonomy":"product_brand","embeddable":true,"href":"https:\/\/www.bogaerstalen.nl\/fr\/wp-json\/wp\/v2\/product_brand?post=10543"},{"taxonomy":"product_cat","embeddable":true,"href":"https:\/\/www.bogaerstalen.nl\/fr\/wp-json\/wp\/v2\/product_cat?post=10543"},{"taxonomy":"product_tag","embeddable":true,"href":"https:\/\/www.bogaerstalen.nl\/fr\/wp-json\/wp\/v2\/product_tag?post=10543"}],"curies":[{"name":"wp","href":"https:\/\/api.w.org\/{rel}","templated":true}]}}