{"id":10544,"date":"2026-03-01T12:00:24","date_gmt":"2026-03-01T11:00:24","guid":{"rendered":"https:\/\/www.bogaerstalen.nl\/product\/soirees-culturelles-en-francais-allemand-ou-anglais\/"},"modified":"2026-02-02T08:45:55","modified_gmt":"2026-02-02T07:45:55","slug":"soirees-culturelles-en-francais-allemand-ou-anglais","status":"publish","type":"product","link":"https:\/\/www.bogaerstalen.nl\/fr\/product\/soirees-culturelles-en-francais-allemand-ou-anglais\/","title":{"rendered":"Soir\u00e9es culturelles en fran\u00e7ais, allemand ou anglais"},"content":{"rendered":"<p><strong>Soir\u00e9es culturelles Fran\u00e7ais, allemand ou anglais. Une bonne id\u00e9e pour les amoureux des langues : <\/strong><br \/>\nSujet : Sessions de langues pour rafra\u00eechir la langue et automatiser les connaissances cq. Tenez-vous pr\u00eats ! Soir\u00e9es culturelles avec collations et boissons GRATUITES du pays de la langue de votre choix ! Il ne s&rsquo;agit pas seulement de s&rsquo;amuser et d&rsquo;\u00eatre d\u00e9contract\u00e9, mais aussi d&rsquo;\u00eatre s\u00e9rieux \u00e0 propos de la langue.<\/p>\n<h2><a href=\"http:\/\/kasteelhoeve.nl\/?page_id=38\"><span style=\"color: #993300\"><strong>Cliquez ici&#8211;&gt; French : D\u00e9gustation de vin pour seulement \u20ac10 p.p. Tarif normal \u20ac17.50 p.p.<\/strong><\/span><\/a><\/h2>\n<p><span style=\"color: #993300\">O\u00f9 ? Goirle &#8211; Acacialaan 48 (\u00e0 partir de 19h30 &#8211; d\u00e9gustation de 2 heures) <\/span>)<\/p>\n<p><img decoding=\"async\" src=\"http:\/\/www.kasteelhoeve.nl\/wp-content\/uploads\/2012\/11\/wijnproeverij2.jpg\" alt=\"D\u00e9gustation de vin \u00e0 Kasteelhoeve\"><\/p>\n<p><strong>Programme pour le fran\u00e7ais en 2018 :  <\/strong><\/p>\n<p><strong>Quand ? tous les 1ers JEUDI des mois PIRES ! <span style=\"color: #ff0000\">Note : EXCEPTION pour juillet 2018 : <\/span><span style=\"color: #ff0000\">Soir\u00e9e cin\u00e9ma !<\/span><\/strong><\/p>\n<p>Vous rencontrerez de nouvelles personnes partageant les m\u00eames centres d&rsquo;int\u00e9r\u00eat et vous pourrez ainsi nouer des liens tr\u00e8s int\u00e9ressants !<\/p>\n<p>Ces sessions durent toujours environ 2 heures d&rsquo;horloge et commencent par un \u00e9chauffement en termes de vocabulaire, de fluidit\u00e9, de structure de phrase et de prononciation. Des connaissances pr\u00e9alables sont un plus<\/p>\n<p>Remarque : si vous n&rsquo;avez pas suivi de cours de langue avec Bogaers, il est bien s\u00fbr toujours utile et instructif de pratiquer \u00e9galement la langue parl\u00e9e. Tout le monde est le bienvenu ! Une fa\u00e7on amusante et pratique d&rsquo;entretenir et de mettre en pratique vos comp\u00e9tences linguistiques !<br \/>\nContribution MAINTENANT seulement \u20ac 10,- p.p.<strong> pour les relations de Bogaers sur pr\u00e9sentation du Bogaers Language and Culture Pass. <\/strong> Les autres personnes paient 15 \u20ac pour toute la soir\u00e9e. Amenez un invit\u00e9 ! <\/p>\n<p>Le prix comprend. une collation et des rafra\u00eechissements div. (ne s&rsquo;applique pas aux cin\u00e9mas ou autres \u00e9tablissements de restauration) <\/p>\n<p><strong><a href=\"https:\/\/www.smore.com\/u06dq\/\">Anglais<\/a> chaque 1er LUNDI du trimestre,<\/strong><\/p>\n<p>Allemand sur<a href=\"http:\/\/kasteelhoeve.nl\/?page_id=38\">demande<\/a><\/p>\n","protected":false},"excerpt":{"rendered":"<p>Soir\u00e9es culturelles Fran\u00e7ais, allemand ou anglais. Une bonne id\u00e9e pour les amoureux des langues : Sujet : Sessions de langues pour rafra\u00eechir la langue et automatiser les connaissances cq. Tenez-vous pr\u00eats ! Soir\u00e9es culturelles avec collations et boissons GRATUITES du pays de la langue de votre choix ! Il ne s&rsquo;agit pas seulement de s&rsquo;amuser [&hellip;]<\/p>\n","protected":false},"featured_media":10701,"comment_status":"closed","ping_status":"closed","template":"","meta":{"_yoast_wpseo_focuskw":"","_yoast_wpseo_metadesc":"","rank_math_focus_keyword":"","rank_math_description":""},"product_brand":[],"product_cat":[154,168,156],"product_tag":[],"class_list":{"0":"post-10544","1":"product","2":"type-product","3":"status-publish","4":"has-post-thumbnail","6":"product_cat-entreprises","7":"product_cat-kits-dapprentissage","8":"product_cat-prive","10":"first","11":"instock","12":"purchasable","13":"product-type-simple"},"yoast_head":"<!-- This site is optimized with the Yoast SEO plugin v27.2 - https:\/\/yoast.com\/product\/yoast-seo-wordpress\/ -->\n<title>Soir\u00e9es culturelles en fran\u00e7ais, allemand ou anglais - Bogaers Taleninstituut Tilburg<\/title>\n<meta name=\"robots\" content=\"index, follow, max-snippet:-1, max-image-preview:large, max-video-preview:-1\" \/>\n<link rel=\"canonical\" href=\"https:\/\/www.bogaerstalen.nl\/fr\/product\/soirees-culturelles-en-francais-allemand-ou-anglais\/\" \/>\n<meta property=\"og:locale\" content=\"fr_FR\" \/>\n<meta property=\"og:type\" content=\"article\" \/>\n<meta property=\"og:title\" content=\"Soir\u00e9es culturelles en fran\u00e7ais, allemand ou anglais - Bogaers Taleninstituut Tilburg\" \/>\n<meta property=\"og:description\" content=\"Soir\u00e9es culturelles Fran\u00e7ais, allemand ou anglais. Une bonne id\u00e9e pour les amoureux des langues : Sujet : Sessions de langues pour rafra\u00eechir la langue et automatiser les connaissances cq. Tenez-vous pr\u00eats ! Soir\u00e9es culturelles avec collations et boissons GRATUITES du pays de la langue de votre choix ! Il ne s&rsquo;agit pas seulement de s&rsquo;amuser [&hellip;]\" \/>\n<meta property=\"og:url\" content=\"https:\/\/www.bogaerstalen.nl\/fr\/product\/soirees-culturelles-en-francais-allemand-ou-anglais\/\" \/>\n<meta property=\"og:site_name\" content=\"Bogaers Taleninstituut Tilburg\" \/>\n<meta property=\"article:publisher\" content=\"https:\/\/www.facebook.com\/taleninstituut\/\" \/>\n<meta property=\"og:image\" content=\"http:\/\/www.kasteelhoeve.nl\/wp-content\/uploads\/2012\/11\/wijnproeverij2.jpg\" \/>\n<meta name=\"twitter:label1\" content=\"Dur\u00e9e de lecture estim\u00e9e\" \/>\n\t<meta name=\"twitter:data1\" content=\"1 minute\" \/>\n<script type=\"application\/ld+json\" class=\"yoast-schema-graph\">{\"@context\":\"https:\/\/schema.org\",\"@graph\":[{\"@type\":\"WebPage\",\"@id\":\"https:\/\/www.bogaerstalen.nl\/fr\/product\/soirees-culturelles-en-francais-allemand-ou-anglais\/\",\"url\":\"https:\/\/www.bogaerstalen.nl\/fr\/product\/soirees-culturelles-en-francais-allemand-ou-anglais\/\",\"name\":\"Soir\u00e9es culturelles en fran\u00e7ais, allemand ou anglais - Bogaers Taleninstituut Tilburg\",\"isPartOf\":{\"@id\":\"https:\/\/www.bogaerstalen.nl\/#website\"},\"primaryImageOfPage\":{\"@id\":\"https:\/\/www.bogaerstalen.nl\/fr\/product\/soirees-culturelles-en-francais-allemand-ou-anglais\/#primaryimage\"},\"image\":{\"@id\":\"https:\/\/www.bogaerstalen.nl\/fr\/product\/soirees-culturelles-en-francais-allemand-ou-anglais\/#primaryimage\"},\"thumbnailUrl\":\"https:\/\/www.bogaerstalen.nl\/wp-content\/uploads\/2023\/07\/1690740630042.jpg\",\"datePublished\":\"2026-03-01T11:00:24+00:00\",\"breadcrumb\":{\"@id\":\"https:\/\/www.bogaerstalen.nl\/fr\/product\/soirees-culturelles-en-francais-allemand-ou-anglais\/#breadcrumb\"},\"inLanguage\":\"fr-FR\",\"potentialAction\":[{\"@type\":\"ReadAction\",\"target\":[\"https:\/\/www.bogaerstalen.nl\/fr\/product\/soirees-culturelles-en-francais-allemand-ou-anglais\/\"]}]},{\"@type\":\"ImageObject\",\"inLanguage\":\"fr-FR\",\"@id\":\"https:\/\/www.bogaerstalen.nl\/fr\/product\/soirees-culturelles-en-francais-allemand-ou-anglais\/#primaryimage\",\"url\":\"https:\/\/www.bogaerstalen.nl\/wp-content\/uploads\/2023\/07\/1690740630042.jpg\",\"contentUrl\":\"https:\/\/www.bogaerstalen.nl\/wp-content\/uploads\/2023\/07\/1690740630042.jpg\",\"width\":1024,\"height\":1024},{\"@type\":\"BreadcrumbList\",\"@id\":\"https:\/\/www.bogaerstalen.nl\/fr\/product\/soirees-culturelles-en-francais-allemand-ou-anglais\/#breadcrumb\",\"itemListElement\":[{\"@type\":\"ListItem\",\"position\":1,\"name\":\"Home\",\"item\":\"https:\/\/www.bogaerstalen.nl\/fr\/accueil\/\"},{\"@type\":\"ListItem\",\"position\":2,\"name\":\"Shop &#8211; voyez aussi la distinction entre Business et Private (en raison de la TVA) en haut \u00e0 droite de votre \u00e9cran !\",\"item\":\"https:\/\/www.bogaerstalen.nl\/shop-voyez-aussi-la-distinction-entre-business-et-private-en-raison-de-la-tva-en-haut-a-droite-de-votre-ecran\/\"},{\"@type\":\"ListItem\",\"position\":3,\"name\":\"Soir\u00e9es culturelles en fran\u00e7ais, allemand ou anglais\"}]},{\"@type\":\"WebSite\",\"@id\":\"https:\/\/www.bogaerstalen.nl\/#website\",\"url\":\"https:\/\/www.bogaerstalen.nl\/\",\"name\":\"Bogaers Taleninstituut Tilburg\",\"description\":\"Sta sterk met taal!\",\"potentialAction\":[{\"@type\":\"SearchAction\",\"target\":{\"@type\":\"EntryPoint\",\"urlTemplate\":\"https:\/\/www.bogaerstalen.nl\/?s={search_term_string}\"},\"query-input\":{\"@type\":\"PropertyValueSpecification\",\"valueRequired\":true,\"valueName\":\"search_term_string\"}}],\"inLanguage\":\"fr-FR\"}]}<\/script>\n<!-- \/ Yoast SEO plugin. -->","yoast_head_json":{"title":"Soir\u00e9es culturelles en fran\u00e7ais, allemand ou anglais - Bogaers Taleninstituut Tilburg","robots":{"index":"index","follow":"follow","max-snippet":"max-snippet:-1","max-image-preview":"max-image-preview:large","max-video-preview":"max-video-preview:-1"},"canonical":"https:\/\/www.bogaerstalen.nl\/fr\/product\/soirees-culturelles-en-francais-allemand-ou-anglais\/","og_locale":"fr_FR","og_type":"article","og_title":"Soir\u00e9es culturelles en fran\u00e7ais, allemand ou anglais - Bogaers Taleninstituut Tilburg","og_description":"Soir\u00e9es culturelles Fran\u00e7ais, allemand ou anglais. Une bonne id\u00e9e pour les amoureux des langues : Sujet : Sessions de langues pour rafra\u00eechir la langue et automatiser les connaissances cq. Tenez-vous pr\u00eats ! Soir\u00e9es culturelles avec collations et boissons GRATUITES du pays de la langue de votre choix ! Il ne s&rsquo;agit pas seulement de s&rsquo;amuser [&hellip;]","og_url":"https:\/\/www.bogaerstalen.nl\/fr\/product\/soirees-culturelles-en-francais-allemand-ou-anglais\/","og_site_name":"Bogaers Taleninstituut Tilburg","article_publisher":"https:\/\/www.facebook.com\/taleninstituut\/","og_image":[{"url":"http:\/\/www.kasteelhoeve.nl\/wp-content\/uploads\/2012\/11\/wijnproeverij2.jpg","type":"","width":"","height":""}],"twitter_misc":{"Dur\u00e9e de lecture estim\u00e9e":"1 minute"},"schema":{"@context":"https:\/\/schema.org","@graph":[{"@type":"WebPage","@id":"https:\/\/www.bogaerstalen.nl\/fr\/product\/soirees-culturelles-en-francais-allemand-ou-anglais\/","url":"https:\/\/www.bogaerstalen.nl\/fr\/product\/soirees-culturelles-en-francais-allemand-ou-anglais\/","name":"Soir\u00e9es culturelles en fran\u00e7ais, allemand ou anglais - Bogaers Taleninstituut Tilburg","isPartOf":{"@id":"https:\/\/www.bogaerstalen.nl\/#website"},"primaryImageOfPage":{"@id":"https:\/\/www.bogaerstalen.nl\/fr\/product\/soirees-culturelles-en-francais-allemand-ou-anglais\/#primaryimage"},"image":{"@id":"https:\/\/www.bogaerstalen.nl\/fr\/product\/soirees-culturelles-en-francais-allemand-ou-anglais\/#primaryimage"},"thumbnailUrl":"https:\/\/www.bogaerstalen.nl\/wp-content\/uploads\/2023\/07\/1690740630042.jpg","datePublished":"2026-03-01T11:00:24+00:00","breadcrumb":{"@id":"https:\/\/www.bogaerstalen.nl\/fr\/product\/soirees-culturelles-en-francais-allemand-ou-anglais\/#breadcrumb"},"inLanguage":"fr-FR","potentialAction":[{"@type":"ReadAction","target":["https:\/\/www.bogaerstalen.nl\/fr\/product\/soirees-culturelles-en-francais-allemand-ou-anglais\/"]}]},{"@type":"ImageObject","inLanguage":"fr-FR","@id":"https:\/\/www.bogaerstalen.nl\/fr\/product\/soirees-culturelles-en-francais-allemand-ou-anglais\/#primaryimage","url":"https:\/\/www.bogaerstalen.nl\/wp-content\/uploads\/2023\/07\/1690740630042.jpg","contentUrl":"https:\/\/www.bogaerstalen.nl\/wp-content\/uploads\/2023\/07\/1690740630042.jpg","width":1024,"height":1024},{"@type":"BreadcrumbList","@id":"https:\/\/www.bogaerstalen.nl\/fr\/product\/soirees-culturelles-en-francais-allemand-ou-anglais\/#breadcrumb","itemListElement":[{"@type":"ListItem","position":1,"name":"Home","item":"https:\/\/www.bogaerstalen.nl\/fr\/accueil\/"},{"@type":"ListItem","position":2,"name":"Shop &#8211; voyez aussi la distinction entre Business et Private (en raison de la TVA) en haut \u00e0 droite de votre \u00e9cran !","item":"https:\/\/www.bogaerstalen.nl\/shop-voyez-aussi-la-distinction-entre-business-et-private-en-raison-de-la-tva-en-haut-a-droite-de-votre-ecran\/"},{"@type":"ListItem","position":3,"name":"Soir\u00e9es culturelles en fran\u00e7ais, allemand ou anglais"}]},{"@type":"WebSite","@id":"https:\/\/www.bogaerstalen.nl\/#website","url":"https:\/\/www.bogaerstalen.nl\/","name":"Bogaers Taleninstituut Tilburg","description":"Sta sterk met taal!","potentialAction":[{"@type":"SearchAction","target":{"@type":"EntryPoint","urlTemplate":"https:\/\/www.bogaerstalen.nl\/?s={search_term_string}"},"query-input":{"@type":"PropertyValueSpecification","valueRequired":true,"valueName":"search_term_string"}}],"inLanguage":"fr-FR"}]}},"_links":{"self":[{"href":"https:\/\/www.bogaerstalen.nl\/fr\/wp-json\/wp\/v2\/product\/10544","targetHints":{"allow":["GET"]}}],"collection":[{"href":"https:\/\/www.bogaerstalen.nl\/fr\/wp-json\/wp\/v2\/product"}],"about":[{"href":"https:\/\/www.bogaerstalen.nl\/fr\/wp-json\/wp\/v2\/types\/product"}],"replies":[{"embeddable":true,"href":"https:\/\/www.bogaerstalen.nl\/fr\/wp-json\/wp\/v2\/comments?post=10544"}],"wp:featuredmedia":[{"embeddable":true,"href":"https:\/\/www.bogaerstalen.nl\/fr\/wp-json\/wp\/v2\/media\/10701"}],"wp:attachment":[{"href":"https:\/\/www.bogaerstalen.nl\/fr\/wp-json\/wp\/v2\/media?parent=10544"}],"wp:term":[{"taxonomy":"product_brand","embeddable":true,"href":"https:\/\/www.bogaerstalen.nl\/fr\/wp-json\/wp\/v2\/product_brand?post=10544"},{"taxonomy":"product_cat","embeddable":true,"href":"https:\/\/www.bogaerstalen.nl\/fr\/wp-json\/wp\/v2\/product_cat?post=10544"},{"taxonomy":"product_tag","embeddable":true,"href":"https:\/\/www.bogaerstalen.nl\/fr\/wp-json\/wp\/v2\/product_tag?post=10544"}],"curies":[{"name":"wp","href":"https:\/\/api.w.org\/{rel}","templated":true}]}}