{"id":10547,"date":"2026-02-02T08:46:00","date_gmt":"2026-02-02T07:46:00","guid":{"rendered":"https:\/\/www.bogaerstalen.nl\/product\/apprentissage-mixte-10-heures-en-face-a-face-30-heures-en-ligne-copie\/"},"modified":"2026-02-02T08:46:00","modified_gmt":"2026-02-02T07:46:00","slug":"apprentissage-mixte-10-heures-en-face-a-face-30-heures-en-ligne-copie","status":"publish","type":"product","link":"https:\/\/www.bogaerstalen.nl\/fr\/product\/apprentissage-mixte-10-heures-en-face-a-face-30-heures-en-ligne-copie\/","title":{"rendered":"Apprentissage mixte 10 heures en face \u00e0 face + 30 heures en ligne (copie)"},"content":{"rendered":"<p><strong>Le tarif horaire n&rsquo;est que de 15 \u20ac par heure d&rsquo;horloge de plus que les cours collectifs et vous avez besoin de moins de cours, car nous travaillons sur une base individuelle et sur mesure avec ce forfait et vous d\u00e9cidez des heures de cours avec votre professeur !<\/strong><\/p>\n<hr>\n<p><strong>Que pouvez-vous attendre, entre autres, de cette formation interactive ?<\/strong><\/p>\n<p>Avec les comp\u00e9tences de communication acquises, vous pouvez :<\/p>\n<ul>\n<li>effectuer des appels g\u00e9n\u00e9raux de courte dur\u00e9e<\/li>\n<li>enrichissez votre vocabulaire<\/li>\n<li>comprendre votre interlocuteur et r\u00e9agir de mani\u00e8re appropri\u00e9e<\/li>\n<li>comprendre et\/ou \u00e9crire un texte simple et court<\/li>\n<li>apprendre \u00e0 conna\u00eetre la culture concern\u00e9e (ainsi que les choses \u00e0 faire et \u00e0 ne pas faire)<\/li>\n<\/ul>\n<p><strong>L&rsquo;une des options consiste \u00e0 utiliser l&rsquo;apprentissage en ligne.<\/strong><\/p>\n<p>Vous permet de :<\/p>\n<ul>\n<li>Am\u00e9liorer la prononciation<\/li>\n<li>Pratiquer l&rsquo;expression orale<\/li>\n<li>Am\u00e9liorer les capacit\u00e9s d&rsquo;\u00e9coute<\/li>\n<li>Pratiquer les structures de phrases<\/li>\n<li>Dans notre institut, vous pouvez utiliser tout le mat\u00e9riel disponible pendant les heures de bureau, vous travaillez dans un environnement s\u00e9curis\u00e9 (r\u00e9seau s\u00e9par\u00e9).<\/li>\n<li>L&rsquo;apprentissage en ligne peut m\u00eame se faire \u00e0 partir de n&rsquo;importe quel endroit o\u00f9 vous disposez d&rsquo;une connexion internet !<\/li>\n<li>Pratique illimit\u00e9e \u00e0 votre convenance<\/li>\n<\/ul>\n<p><a href=\"https:\/\/www.bogaerstalen.nl\/fr\/pourquoi-bogaers\/\">Cliquez ici pour le plan d&rsquo;action<\/a><\/p>\n<ul>\n<li><strong>* (hors mat\u00e9riel p\u00e9dagogique et TVA &#8211; pour les entreprises)<br \/>\n<\/strong><\/li>\n<\/ul>\n<p>&nbsp;<\/p>\n<hr>\n<p>&nbsp;<\/p>\n<p><strong>Avis de non-responsabilit\u00e9 :  <\/strong><\/p>\n<p>Bogaers Taleninstituut BV n&rsquo;est pas responsable du mauvais fonctionnement de l&rsquo;environnement E-Learning ou du manque de compatibilit\u00e9 des exigences du syst\u00e8me.<\/p>\n<p>L&rsquo;environnement d&rsquo;apprentissage en ligne est accessible 24 heures sur 24, 7 jours sur 7, \u00e0 l&rsquo;aide d&rsquo;un code qui vous est fourni.<\/p>\n<p>Pour les diff\u00e9rentes langues, un paquet g\u00e9n\u00e9ral pour les \u00e9tudiants est d&rsquo;abord mis \u00e0 disposition. Une fois que vous avez termin\u00e9, vous pouvez vous connecter \u00e0 un nouveau paquet en ligne \u00e0 votre nom personnel, que l&rsquo;enseignant peut suivre en arri\u00e8re-plan ! <\/p>\n<p>Pendant la p\u00e9riode de cours, il est possible d&rsquo;obtenir un retour d&rsquo;information de la part de l&rsquo;enseignant (concernant l&rsquo;apprentissage en ligne). Assurez-vous d&rsquo;en tirer le meilleur parti ! <\/p>\n<p class=\"p2\"><span class=\"s2\"><b><i>Prix du forfait <\/i><\/b><\/span><span class=\"s3\">\u20ac<\/span><span class=\"s2\"><b><i>990,-<\/i><\/b><\/span><\/p>\n","protected":false},"excerpt":{"rendered":"<p>D\u00e9couvrez les avantages de l&rsquo;apprentissage mixte : apprendre de la mani\u00e8re qui vous convient le mieux. Nous choisissons avec vous les formes de formation qui conviennent le mieux \u00e0 votre situation professionnelle et \u00e0 votre style d&rsquo;apprentissage. Une base solide : des cours individuels et interactifs en face \u00e0 face (ou des cours par Skype ou par t\u00e9l\u00e9phone) : compl\u00e9t\u00e9s et soutenus par l&rsquo;apprentissage en ligne ! Avantage des cours individuels : le contact interpersonnel et personnel est agr\u00e9able et n\u00e9cessaire \u00e0 la pratique. Il permet \u00e9galement un retour d&rsquo;information imm\u00e9diat ! C&rsquo;est comme pour l&rsquo;obtention du permis de conduire : une partie est faite par vous-m\u00eame (\u00e0 la maison) en ligne et une autre partie est faite avec votre professeur.     <\/p>\n<p>[button link=\u00a0\u00bbhttps:\/\/www.springest.nl\/bogaers-talen\/nederlands-company-training\/inschrijven?widget=1&Prime; type=\u00a0\u00bbbig\u00a0\u00bb color=\u00a0\u00bborange\u00a0\u00bb]  Enregistrez-vous[\/button]<\/p>\n","protected":false},"featured_media":10549,"comment_status":"closed","ping_status":"closed","template":"","meta":{"_yoast_wpseo_focuskw":"","_yoast_wpseo_metadesc":"","rank_math_focus_keyword":"","rank_math_description":""},"product_brand":[],"product_cat":[168,156],"product_tag":[],"class_list":{"0":"post-10547","1":"product","2":"type-product","3":"status-publish","4":"has-post-thumbnail","6":"product_cat-kits-dapprentissage","7":"product_cat-prive","9":"first","10":"instock","11":"purchasable","12":"product-type-variable"},"yoast_head":"<!-- This site is optimized with the Yoast SEO plugin v27.5 - https:\/\/yoast.com\/product\/yoast-seo-wordpress\/ -->\n<title>Apprentissage mixte 10 heures en face \u00e0 face + 30 heures en ligne (copie) - Bogaers Taleninstituut Tilburg<\/title>\n<meta name=\"robots\" content=\"index, follow, max-snippet:-1, max-image-preview:large, max-video-preview:-1\" \/>\n<link rel=\"canonical\" href=\"https:\/\/www.bogaerstalen.nl\/fr\/product\/apprentissage-mixte-10-heures-en-face-a-face-30-heures-en-ligne-copie\/\" \/>\n<meta property=\"og:locale\" content=\"fr_FR\" \/>\n<meta property=\"og:type\" content=\"article\" \/>\n<meta property=\"og:title\" content=\"Apprentissage mixte 10 heures en face \u00e0 face + 30 heures en ligne (copie) - Bogaers Taleninstituut Tilburg\" \/>\n<meta property=\"og:description\" content=\"D\u00e9couvrez les avantages de l&#039;apprentissage mixte : apprendre de la mani\u00e8re qui vous convient le mieux. Nous choisissons avec vous les formes de formation qui conviennent le mieux \u00e0 votre situation professionnelle et \u00e0 votre style d&#039;apprentissage. Une base solide : des cours individuels et interactifs en face \u00e0 face (ou des cours par Skype ou par t\u00e9l\u00e9phone) : compl\u00e9t\u00e9s et soutenus par l&#039;apprentissage en ligne ! Avantage des cours individuels : le contact interpersonnel et personnel est agr\u00e9able et n\u00e9cessaire \u00e0 la pratique. Il permet \u00e9galement un retour d&#039;information imm\u00e9diat ! C&#039;est comme pour l&#039;obtention du permis de conduire : une partie est faite par vous-m\u00eame (\u00e0 la maison) en ligne et une autre partie est faite avec votre professeur.    [button link=&quot;https:\/\/www.springest.nl\/bogaers-talen\/nederlands-company-training\/inschrijven?widget=1&quot; type=&quot;big&quot; color=&quot;orange&quot;] Enregistrez-vous[\/button]\" \/>\n<meta property=\"og:url\" content=\"https:\/\/www.bogaerstalen.nl\/fr\/product\/apprentissage-mixte-10-heures-en-face-a-face-30-heures-en-ligne-copie\/\" \/>\n<meta property=\"og:site_name\" content=\"Bogaers Taleninstituut Tilburg\" \/>\n<meta property=\"article:publisher\" content=\"https:\/\/www.facebook.com\/taleninstituut\/\" \/>\n<meta property=\"og:image\" content=\"https:\/\/www.bogaerstalen.nl\/wp-content\/uploads\/2014\/11\/02J78829-e1416903856965.jpg\" \/>\n\t<meta property=\"og:image:width\" content=\"1330\" \/>\n\t<meta property=\"og:image:height\" content=\"790\" \/>\n\t<meta property=\"og:image:type\" content=\"image\/jpeg\" \/>\n<meta name=\"twitter:label1\" content=\"Dur\u00e9e de lecture estim\u00e9e\" \/>\n\t<meta name=\"twitter:data1\" content=\"2 minutes\" \/>\n<script type=\"application\/ld+json\" class=\"yoast-schema-graph\">{\"@context\":\"https:\\\/\\\/schema.org\",\"@graph\":[{\"@type\":\"WebPage\",\"@id\":\"https:\\\/\\\/www.bogaerstalen.nl\\\/fr\\\/product\\\/apprentissage-mixte-10-heures-en-face-a-face-30-heures-en-ligne-copie\\\/\",\"url\":\"https:\\\/\\\/www.bogaerstalen.nl\\\/fr\\\/product\\\/apprentissage-mixte-10-heures-en-face-a-face-30-heures-en-ligne-copie\\\/\",\"name\":\"Apprentissage mixte 10 heures en face \u00e0 face + 30 heures en ligne (copie) - Bogaers Taleninstituut Tilburg\",\"isPartOf\":{\"@id\":\"https:\\\/\\\/www.bogaerstalen.nl\\\/fr\\\/#website\"},\"primaryImageOfPage\":{\"@id\":\"https:\\\/\\\/www.bogaerstalen.nl\\\/fr\\\/product\\\/apprentissage-mixte-10-heures-en-face-a-face-30-heures-en-ligne-copie\\\/#primaryimage\"},\"image\":{\"@id\":\"https:\\\/\\\/www.bogaerstalen.nl\\\/fr\\\/product\\\/apprentissage-mixte-10-heures-en-face-a-face-30-heures-en-ligne-copie\\\/#primaryimage\"},\"thumbnailUrl\":\"https:\\\/\\\/www.bogaerstalen.nl\\\/wp-content\\\/uploads\\\/2014\\\/11\\\/02J78829-e1416903856965.jpg\",\"datePublished\":\"2026-02-02T07:46:00+00:00\",\"breadcrumb\":{\"@id\":\"https:\\\/\\\/www.bogaerstalen.nl\\\/fr\\\/product\\\/apprentissage-mixte-10-heures-en-face-a-face-30-heures-en-ligne-copie\\\/#breadcrumb\"},\"inLanguage\":\"fr-FR\",\"potentialAction\":[{\"@type\":\"ReadAction\",\"target\":[\"https:\\\/\\\/www.bogaerstalen.nl\\\/fr\\\/product\\\/apprentissage-mixte-10-heures-en-face-a-face-30-heures-en-ligne-copie\\\/\"]}]},{\"@type\":\"ImageObject\",\"inLanguage\":\"fr-FR\",\"@id\":\"https:\\\/\\\/www.bogaerstalen.nl\\\/fr\\\/product\\\/apprentissage-mixte-10-heures-en-face-a-face-30-heures-en-ligne-copie\\\/#primaryimage\",\"url\":\"https:\\\/\\\/www.bogaerstalen.nl\\\/wp-content\\\/uploads\\\/2014\\\/11\\\/02J78829-e1416903856965.jpg\",\"contentUrl\":\"https:\\\/\\\/www.bogaerstalen.nl\\\/wp-content\\\/uploads\\\/2014\\\/11\\\/02J78829-e1416903856965.jpg\",\"width\":1330,\"height\":790},{\"@type\":\"BreadcrumbList\",\"@id\":\"https:\\\/\\\/www.bogaerstalen.nl\\\/fr\\\/product\\\/apprentissage-mixte-10-heures-en-face-a-face-30-heures-en-ligne-copie\\\/#breadcrumb\",\"itemListElement\":[{\"@type\":\"ListItem\",\"position\":1,\"name\":\"Home\",\"item\":\"https:\\\/\\\/www.bogaerstalen.nl\\\/fr\\\/accueil\\\/\"},{\"@type\":\"ListItem\",\"position\":2,\"name\":\"Shop &#8211; voyez aussi la distinction entre Business et Private (en raison de la TVA) en haut \u00e0 droite de votre \u00e9cran !\",\"item\":\"https:\\\/\\\/www.bogaerstalen.nl\\\/shop-voyez-aussi-la-distinction-entre-business-et-private-en-raison-de-la-tva-en-haut-a-droite-de-votre-ecran\\\/\"},{\"@type\":\"ListItem\",\"position\":3,\"name\":\"Apprentissage mixte 10 heures en face \u00e0 face + 30 heures en ligne (copie)\"}]},{\"@type\":\"WebSite\",\"@id\":\"https:\\\/\\\/www.bogaerstalen.nl\\\/fr\\\/#website\",\"url\":\"https:\\\/\\\/www.bogaerstalen.nl\\\/fr\\\/\",\"name\":\"Bogaers Taleninstituut Tilburg\",\"description\":\"Sta sterk met taal!\",\"potentialAction\":[{\"@type\":\"SearchAction\",\"target\":{\"@type\":\"EntryPoint\",\"urlTemplate\":\"https:\\\/\\\/www.bogaerstalen.nl\\\/fr\\\/?s={search_term_string}\"},\"query-input\":{\"@type\":\"PropertyValueSpecification\",\"valueRequired\":true,\"valueName\":\"search_term_string\"}}],\"inLanguage\":\"fr-FR\"}]}<\/script>\n<!-- \/ Yoast SEO plugin. -->","yoast_head_json":{"title":"Apprentissage mixte 10 heures en face \u00e0 face + 30 heures en ligne (copie) - Bogaers Taleninstituut Tilburg","robots":{"index":"index","follow":"follow","max-snippet":"max-snippet:-1","max-image-preview":"max-image-preview:large","max-video-preview":"max-video-preview:-1"},"canonical":"https:\/\/www.bogaerstalen.nl\/fr\/product\/apprentissage-mixte-10-heures-en-face-a-face-30-heures-en-ligne-copie\/","og_locale":"fr_FR","og_type":"article","og_title":"Apprentissage mixte 10 heures en face \u00e0 face + 30 heures en ligne (copie) - Bogaers Taleninstituut Tilburg","og_description":"D\u00e9couvrez les avantages de l'apprentissage mixte : apprendre de la mani\u00e8re qui vous convient le mieux. Nous choisissons avec vous les formes de formation qui conviennent le mieux \u00e0 votre situation professionnelle et \u00e0 votre style d'apprentissage. Une base solide : des cours individuels et interactifs en face \u00e0 face (ou des cours par Skype ou par t\u00e9l\u00e9phone) : compl\u00e9t\u00e9s et soutenus par l'apprentissage en ligne ! Avantage des cours individuels : le contact interpersonnel et personnel est agr\u00e9able et n\u00e9cessaire \u00e0 la pratique. Il permet \u00e9galement un retour d'information imm\u00e9diat ! C'est comme pour l'obtention du permis de conduire : une partie est faite par vous-m\u00eame (\u00e0 la maison) en ligne et une autre partie est faite avec votre professeur.    [button link=\"https:\/\/www.springest.nl\/bogaers-talen\/nederlands-company-training\/inschrijven?widget=1\" type=\"big\" color=\"orange\"] Enregistrez-vous[\/button]","og_url":"https:\/\/www.bogaerstalen.nl\/fr\/product\/apprentissage-mixte-10-heures-en-face-a-face-30-heures-en-ligne-copie\/","og_site_name":"Bogaers Taleninstituut Tilburg","article_publisher":"https:\/\/www.facebook.com\/taleninstituut\/","og_image":[{"width":1330,"height":790,"url":"https:\/\/www.bogaerstalen.nl\/wp-content\/uploads\/2014\/11\/02J78829-e1416903856965.jpg","type":"image\/jpeg"}],"twitter_misc":{"Dur\u00e9e de lecture estim\u00e9e":"2 minutes"},"schema":{"@context":"https:\/\/schema.org","@graph":[{"@type":"WebPage","@id":"https:\/\/www.bogaerstalen.nl\/fr\/product\/apprentissage-mixte-10-heures-en-face-a-face-30-heures-en-ligne-copie\/","url":"https:\/\/www.bogaerstalen.nl\/fr\/product\/apprentissage-mixte-10-heures-en-face-a-face-30-heures-en-ligne-copie\/","name":"Apprentissage mixte 10 heures en face \u00e0 face + 30 heures en ligne (copie) - Bogaers Taleninstituut Tilburg","isPartOf":{"@id":"https:\/\/www.bogaerstalen.nl\/fr\/#website"},"primaryImageOfPage":{"@id":"https:\/\/www.bogaerstalen.nl\/fr\/product\/apprentissage-mixte-10-heures-en-face-a-face-30-heures-en-ligne-copie\/#primaryimage"},"image":{"@id":"https:\/\/www.bogaerstalen.nl\/fr\/product\/apprentissage-mixte-10-heures-en-face-a-face-30-heures-en-ligne-copie\/#primaryimage"},"thumbnailUrl":"https:\/\/www.bogaerstalen.nl\/wp-content\/uploads\/2014\/11\/02J78829-e1416903856965.jpg","datePublished":"2026-02-02T07:46:00+00:00","breadcrumb":{"@id":"https:\/\/www.bogaerstalen.nl\/fr\/product\/apprentissage-mixte-10-heures-en-face-a-face-30-heures-en-ligne-copie\/#breadcrumb"},"inLanguage":"fr-FR","potentialAction":[{"@type":"ReadAction","target":["https:\/\/www.bogaerstalen.nl\/fr\/product\/apprentissage-mixte-10-heures-en-face-a-face-30-heures-en-ligne-copie\/"]}]},{"@type":"ImageObject","inLanguage":"fr-FR","@id":"https:\/\/www.bogaerstalen.nl\/fr\/product\/apprentissage-mixte-10-heures-en-face-a-face-30-heures-en-ligne-copie\/#primaryimage","url":"https:\/\/www.bogaerstalen.nl\/wp-content\/uploads\/2014\/11\/02J78829-e1416903856965.jpg","contentUrl":"https:\/\/www.bogaerstalen.nl\/wp-content\/uploads\/2014\/11\/02J78829-e1416903856965.jpg","width":1330,"height":790},{"@type":"BreadcrumbList","@id":"https:\/\/www.bogaerstalen.nl\/fr\/product\/apprentissage-mixte-10-heures-en-face-a-face-30-heures-en-ligne-copie\/#breadcrumb","itemListElement":[{"@type":"ListItem","position":1,"name":"Home","item":"https:\/\/www.bogaerstalen.nl\/fr\/accueil\/"},{"@type":"ListItem","position":2,"name":"Shop &#8211; voyez aussi la distinction entre Business et Private (en raison de la TVA) en haut \u00e0 droite de votre \u00e9cran !","item":"https:\/\/www.bogaerstalen.nl\/shop-voyez-aussi-la-distinction-entre-business-et-private-en-raison-de-la-tva-en-haut-a-droite-de-votre-ecran\/"},{"@type":"ListItem","position":3,"name":"Apprentissage mixte 10 heures en face \u00e0 face + 30 heures en ligne (copie)"}]},{"@type":"WebSite","@id":"https:\/\/www.bogaerstalen.nl\/fr\/#website","url":"https:\/\/www.bogaerstalen.nl\/fr\/","name":"Bogaers Taleninstituut Tilburg","description":"Sta sterk met taal!","potentialAction":[{"@type":"SearchAction","target":{"@type":"EntryPoint","urlTemplate":"https:\/\/www.bogaerstalen.nl\/fr\/?s={search_term_string}"},"query-input":{"@type":"PropertyValueSpecification","valueRequired":true,"valueName":"search_term_string"}}],"inLanguage":"fr-FR"}]}},"_links":{"self":[{"href":"https:\/\/www.bogaerstalen.nl\/fr\/wp-json\/wp\/v2\/product\/10547","targetHints":{"allow":["GET"]}}],"collection":[{"href":"https:\/\/www.bogaerstalen.nl\/fr\/wp-json\/wp\/v2\/product"}],"about":[{"href":"https:\/\/www.bogaerstalen.nl\/fr\/wp-json\/wp\/v2\/types\/product"}],"replies":[{"embeddable":true,"href":"https:\/\/www.bogaerstalen.nl\/fr\/wp-json\/wp\/v2\/comments?post=10547"}],"wp:featuredmedia":[{"embeddable":true,"href":"https:\/\/www.bogaerstalen.nl\/fr\/wp-json\/wp\/v2\/media\/10549"}],"wp:attachment":[{"href":"https:\/\/www.bogaerstalen.nl\/fr\/wp-json\/wp\/v2\/media?parent=10547"}],"wp:term":[{"taxonomy":"product_brand","embeddable":true,"href":"https:\/\/www.bogaerstalen.nl\/fr\/wp-json\/wp\/v2\/product_brand?post=10547"},{"taxonomy":"product_cat","embeddable":true,"href":"https:\/\/www.bogaerstalen.nl\/fr\/wp-json\/wp\/v2\/product_cat?post=10547"},{"taxonomy":"product_tag","embeddable":true,"href":"https:\/\/www.bogaerstalen.nl\/fr\/wp-json\/wp\/v2\/product_tag?post=10547"}],"curies":[{"name":"wp","href":"https:\/\/api.w.org\/{rel}","templated":true}]}}