{"id":10553,"date":"2026-02-02T08:46:07","date_gmt":"2026-02-02T07:46:07","guid":{"rendered":"https:\/\/www.bogaerstalen.nl\/product\/pose-de-carreaux-en-neerlandais\/"},"modified":"2026-02-02T08:46:07","modified_gmt":"2026-02-02T07:46:07","slug":"pose-de-carreaux-en-neerlandais","status":"publish","type":"product","link":"https:\/\/www.bogaerstalen.nl\/fr\/product\/pose-de-carreaux-en-neerlandais\/","title":{"rendered":"Pose de carreaux en n\u00e9erlandais"},"content":{"rendered":"<div class=\"vc_row wpb_row vc_row-fluid\">\n<div class=\"wpb_column vc_column_container vc_col-sm-12\">\n<div class=\"vc_column-inner\">\n<div class=\"wpb_wrapper\">\n<div class=\"wpb_text_column wpb_content_element\">\n<div class=\"wpb_wrapper\">\n<div class=\"vc_row wpb_row vc_row-fluid\">\n<div class=\"wpb_column vc_column_container vc_col-sm-12\">\n<div class=\"vc_column-inner\">\n<div class=\"wpb_wrapper\">\n<div class=\"wpb_text_column wpb_content_element\">\n<div class=\"wpb_wrapper\">\n<div class=\"vc_row wpb_row vc_row-fluid\">\n<div class=\"wpb_column vc_column_container vc_col-sm-12\">\n<div class=\"vc_column-inner\">\n<div class=\"wpb_wrapper\">\n<div class=\"wpb_text_column wpb_content_element\">\n<div class=\"wpb_wrapper\">\n<p><strong>Vous souhaitez apprendre \u00e0 carreler professionnellement ? Ou bien vous travaillez d\u00e9j\u00e0 dans le secteur de la construction et vous souhaitez approfondir et perfectionner vos comp\u00e9tences en mati\u00e8re de carrelage ? Ce programme d&rsquo;apprentissage vous donnera une base solide et vous aidera \u00e0 devenir pas \u00e0 pas un carreleur comp\u00e9tent. Au cours de quatre formations ax\u00e9es sur la pratique, vous acquerrez exactement les connaissances et les comp\u00e9tences dont vous avez besoin pour r\u00e9aliser de mani\u00e8re autonome et en toute confiance des travaux de carrelage de haute qualit\u00e9.   <\/strong><\/p>\n<p>Le parcours d&rsquo;apprentissage a \u00e9t\u00e9 sp\u00e9cialement con\u00e7u pour tous ceux qui souhaitent apprendre rapidement et efficacement le m\u00e9tier de carreleur &#8211; que vous soyez d\u00e9butant dans la construction, que vous travailliez comme homme \u00e0 tout faire ou que vous souhaitiez \u00e9largir votre champ d&rsquo;action en tant que professionnel de l&rsquo;int\u00e9rieur ou de la salle de bains. Vous travaillerez avec des carreaux de sol et de mur, diff\u00e9rents formats, des techniques de collage et de finition. Le montage est \u00e9galement abord\u00e9, car une finition soign\u00e9e fait la diff\u00e9rence entre un carrelage ordinaire et un carrelage artisanal.  <\/p>\n<p>Vous apprendrez directement dans la pratique, sous la direction d&rsquo;un instructeur exp\u00e9riment\u00e9. Gr\u00e2ce \u00e0 une attention personnalis\u00e9e, \u00e0 de petits groupes et \u00e0 des outils professionnels, nous veillons \u00e0 ce que vous soyez vraiment op\u00e9rationnel. Que vous soyez au d\u00e9but de votre carri\u00e8re de carreleur ou que vous souhaitiez perfectionner vos comp\u00e9tences existantes, ce programme d&rsquo;apprentissage offre un m\u00e9lange parfait de comp\u00e9tences de base, approfondies et sp\u00e9cialis\u00e9es.  <\/p>\n<\/div>\n<\/div>\n<\/div>\n<\/div>\n<\/div>\n<\/div>\n<div class=\"vc_row wpb_row vc_row-fluid\">\n<div class=\"wpb_column vc_column_container vc_col-sm-6\">\n<div class=\"vc_column-inner\">\n<div class=\"wpb_wrapper\">\n<div class=\"wpb_text_column wpb_content_element\">\n<div class=\"wpb_wrapper\">\n<p><strong>Voici ce que vous apprendrez :<br \/>\n<\/strong><strong>Ce parcours d&rsquo;apprentissage consiste en 6,5 jours de pratique<\/strong> de 9h \u00e0 16h, r\u00e9partis sur une p\u00e9riode pouvant aller jusqu&rsquo;\u00e0 un an. Toutes les journ\u00e9es pratiques se d\u00e9rouleront \u00e0 &lsquo;s-Graveland. <\/p>\n<p>Quatre disciplines sont couvertes par le programme d&rsquo;apprentissage ;<\/p>\n<ul>\n<li>Carrelage &#8211; comp\u00e9tences de base (3 jours)<\/li>\n<li>Carrelage &#8211; suite (2 jours)<\/li>\n<li>Carrelage &#8211; expert (1 jour)<\/li>\n<li>Chaton &#8211; comp\u00e9tences de base (1\/2 journ\u00e9e)<\/li>\n<\/ul>\n<ul>\n<li>Toutes les dates pr\u00e9vues sont indiqu\u00e9es dans le <a href=\"https:\/\/tacacademy.nl\/aanbod\/bouw\/\">calendrier<\/a>.<\/li>\n<\/ul>\n<p>&nbsp;<\/p>\n<p><strong>Vous pouvez vous inscrire via le bouton vert ci-dessous. Apr\u00e8s votre inscription, vous serez contact\u00e9 pour la programmation des 4 sessions de formation.<br \/>\nIl est \u00e9galement possible de payer en plusieurs fois. <\/strong><\/p>\n<\/div>\n<\/div>\n<div class=\"wpb_text_column wpb_content_element\">\n<div class=\"wpb_wrapper\">\n<p><strong>Comprend :<\/strong><\/p>\n<ul>\n<li>6,5 jours de pratique.<\/li>\n<li>Utilisation de mat\u00e9riaux et d&rsquo;outils divers.<\/li>\n<li>Caf\u00e9, th\u00e9 et boissons non alcoolis\u00e9es \u00e0 volont\u00e9.<\/li>\n<li>D\u00e9jeuner copieux.<\/li>\n<\/ul>\n<\/div>\n<\/div>\n<\/div>\n<\/div>\n<\/div>\n<div class=\"wpb_column vc_column_container vc_col-sm-6\">\n<div class=\"vc_column-inner\">\n<div class=\"wpb_wrapper\">\n<div class=\"wpb_text_column wpb_content_element\">\n<div class=\"wpb_wrapper\">\n<p><strong>Le paquet suppl\u00e9mentaire en n\u00e9erlandais comprend<\/strong><\/p>\n<ul>\n<li>NT2 paquet de base<\/li>\n<li>20 le\u00e7ons en ligne<\/li>\n<li>60 heures d&rsquo;apprentissage en ligne ax\u00e9es sur la communication sur le lieu de travail<\/li>\n<li>Coordination de l&rsquo;\u00e9ducation<\/li>\n<li>Accueil et examen<\/li>\n<li>Mat\u00e9riel didactique num\u00e9rique<\/li>\n<\/ul>\n<\/div>\n<\/div>\n<div class=\"wpb_text_column wpb_content_element\">\n<div class=\"wpb_wrapper\">\n<p><strong>Lieu :<br \/>\n<\/strong>Cette formation pratique se d\u00e9roulera \u00e0 &lsquo;s-Graveland.<\/p>\n<\/div>\n<\/div>\n<div class=\"wpb_text_column wpb_content_element\">\n<div class=\"wpb_wrapper\">\n<p><strong>Certificat :<br \/>\n<\/strong>Cette formation pratique se termine par un certificat de comp\u00e9tence de la TAC Academy.<\/p>\n<\/div>\n<\/div>\n<div class=\"wpb_text_column wpb_content_element\">\n<div class=\"wpb_wrapper\">\n<p><strong>Le saviez-vous :<br \/>\n<\/strong>peut payer en 3 fois, 0% d&rsquo;int\u00e9r\u00eat. Choisissez <strong>in3<\/strong> dans les options de paiement. <\/p>\n<\/div>\n<\/div>\n<div class=\"wpb_text_column wpb_content_element\">\n<div class=\"wpb_wrapper\">\n<p><strong>CRKBO<br \/>\n<\/strong>TAC Academy, est inscrite au registre CRKBO et r\u00e9pond au code de qualit\u00e9 des \u00e9tablissements d&rsquo;enseignement pour la formation professionnelle de courte dur\u00e9e. Les formations internes que nous proposons sont donc exon\u00e9r\u00e9es de TVA. <\/p>\n<\/div>\n<\/div>\n<div class=\"vc_separator wpb_content_element vc_separator_align_center vc_sep_width_100 vc_sep_pos_align_center vc_separator_no_text vc_sep_color_grey wpb_content_element wpb_content_element\"><\/div>\n<div class=\"vc_row wpb_row vc_inner vc_row-fluid\">\n<div class=\"wpb_column vc_column_container vc_col-sm-6\">\n<div class=\"vc_column-inner\">\n<div class=\"wpb_wrapper\">\n<div class=\"wpb_single_image wpb_content_element vc_align_center wpb_content_element\">\n<figure class=\"wpb_wrapper vc_figure\">\n<div class=\"vc_single_image-wrapper vc_box_border_grey\"><picture class=\"vc_single_image-img attachment-full\" title=\"bogaers-logo_001\"><source srcset=\"https:\/\/tacacademy.nl\/wp-content\/uploads\/2025\/12\/bogaers-logo_001.jpg.webp\" type=\"image\/webp\" data-lazy-srcset=\"https:\/\/tacacademy.nl\/wp-content\/uploads\/2025\/12\/bogaers-logo_001.jpg.webp\"><\/source><img fetchpriority=\"high\" decoding=\"async\" class=\"entered lazyloaded\" src=\"https:\/\/tacacademy.nl\/wp-content\/uploads\/2025\/12\/bogaers-logo_001.jpg\" alt=\"\" width=\"421\" height=\"124\" data-lazy-src=\"https:\/\/tacacademy.nl\/wp-content\/uploads\/2025\/12\/bogaers-logo_001.jpg\" data-ll-status=\"loaded\"><\/picture><\/div>\n<\/figure>\n<\/div>\n<\/div>\n<\/div>\n<\/div>\n<div class=\"wpb_column vc_column_container vc_col-sm-6\">\n<div class=\"vc_column-inner\">\n<div class=\"wpb_wrapper\">\n<div class=\"wpb_text_column wpb_content_element\">\n<div class=\"wpb_wrapper\">\n<p>En collaboration avec la TAC Academy, le Bogaers Taleninstituut propose le package en langue n\u00e9erlandaise.<\/p>\n<\/div>\n<\/div>\n<\/div>\n<\/div>\n<\/div>\n<\/div>\n<\/div>\n<\/div>\n<\/div>\n<\/div>\n<\/div>\n<\/div>\n<\/div>\n<\/div>\n<\/div>\n<\/div>\n<\/div>\n<\/div>\n<\/div>\n<\/div>\n<\/div>\n<\/div>\n","protected":false},"excerpt":{"rendered":"<p>Vous souhaitez apprendre \u00e0 carreler professionnellement ? Ou bien vous travaillez d\u00e9j\u00e0 dans le secteur de la construction et vous souhaitez approfondir et perfectionner vos comp\u00e9tences en mati\u00e8re de carrelage ? Ce programme d&rsquo;apprentissage vous donnera une base solide et vous aidera \u00e0 devenir pas \u00e0 pas un carreleur comp\u00e9tent. Au cours de quatre formations [&hellip;]<\/p>\n","protected":false},"featured_media":10294,"comment_status":"closed","ping_status":"closed","template":"","meta":{"_yoast_wpseo_focuskw":"","_yoast_wpseo_metadesc":"","rank_math_focus_keyword":"","rank_math_description":""},"product_brand":[],"product_cat":[154,157,158,156],"product_tag":[],"class_list":{"0":"post-10553","1":"product","2":"type-product","3":"status-publish","4":"has-post-thumbnail","6":"product_cat-entreprises","7":"product_cat-parcours-dapprentissage-entreprises","8":"product_cat-parcours-dapprentissage-prive","9":"product_cat-prive","11":"first","12":"instock","13":"purchasable","14":"product-type-simple"},"yoast_head":"<!-- This site is optimized with the Yoast SEO plugin v27.2 - https:\/\/yoast.com\/product\/yoast-seo-wordpress\/ -->\n<title>Pose de carreaux en n\u00e9erlandais - Bogaers Taleninstituut Tilburg<\/title>\n<meta name=\"robots\" content=\"index, follow, max-snippet:-1, max-image-preview:large, max-video-preview:-1\" \/>\n<link rel=\"canonical\" href=\"https:\/\/www.bogaerstalen.nl\/fr\/product\/pose-de-carreaux-en-neerlandais\/\" \/>\n<meta property=\"og:locale\" content=\"fr_FR\" \/>\n<meta property=\"og:type\" content=\"article\" \/>\n<meta property=\"og:title\" content=\"Pose de carreaux en n\u00e9erlandais - Bogaers Taleninstituut Tilburg\" \/>\n<meta property=\"og:description\" content=\"Vous souhaitez apprendre \u00e0 carreler professionnellement ? Ou bien vous travaillez d\u00e9j\u00e0 dans le secteur de la construction et vous souhaitez approfondir et perfectionner vos comp\u00e9tences en mati\u00e8re de carrelage ? Ce programme d&rsquo;apprentissage vous donnera une base solide et vous aidera \u00e0 devenir pas \u00e0 pas un carreleur comp\u00e9tent. Au cours de quatre formations [&hellip;]\" \/>\n<meta property=\"og:url\" content=\"https:\/\/www.bogaerstalen.nl\/fr\/product\/pose-de-carreaux-en-neerlandais\/\" \/>\n<meta property=\"og:site_name\" content=\"Bogaers Taleninstituut Tilburg\" \/>\n<meta property=\"article:publisher\" content=\"https:\/\/www.facebook.com\/taleninstituut\/\" \/>\n<meta property=\"og:image\" content=\"https:\/\/www.bogaerstalen.nl\/wp-content\/uploads\/2025\/12\/leertraject-tegelzetten-taal-nl_001.jpg.webp\" \/>\n\t<meta property=\"og:image:width\" content=\"480\" \/>\n\t<meta property=\"og:image:height\" content=\"250\" \/>\n\t<meta property=\"og:image:type\" content=\"image\/webp\" \/>\n<meta name=\"twitter:label1\" content=\"Dur\u00e9e de lecture estim\u00e9e\" \/>\n\t<meta name=\"twitter:data1\" content=\"3 minutes\" \/>\n<script type=\"application\/ld+json\" class=\"yoast-schema-graph\">{\"@context\":\"https:\/\/schema.org\",\"@graph\":[{\"@type\":\"WebPage\",\"@id\":\"https:\/\/www.bogaerstalen.nl\/fr\/product\/pose-de-carreaux-en-neerlandais\/\",\"url\":\"https:\/\/www.bogaerstalen.nl\/fr\/product\/pose-de-carreaux-en-neerlandais\/\",\"name\":\"Pose de carreaux en n\u00e9erlandais - Bogaers Taleninstituut Tilburg\",\"isPartOf\":{\"@id\":\"https:\/\/www.bogaerstalen.nl\/#website\"},\"primaryImageOfPage\":{\"@id\":\"https:\/\/www.bogaerstalen.nl\/fr\/product\/pose-de-carreaux-en-neerlandais\/#primaryimage\"},\"image\":{\"@id\":\"https:\/\/www.bogaerstalen.nl\/fr\/product\/pose-de-carreaux-en-neerlandais\/#primaryimage\"},\"thumbnailUrl\":\"https:\/\/www.bogaerstalen.nl\/wp-content\/uploads\/2025\/12\/leertraject-tegelzetten-taal-nl_001.jpg.webp\",\"datePublished\":\"2026-02-02T07:46:07+00:00\",\"breadcrumb\":{\"@id\":\"https:\/\/www.bogaerstalen.nl\/fr\/product\/pose-de-carreaux-en-neerlandais\/#breadcrumb\"},\"inLanguage\":\"fr-FR\",\"potentialAction\":[{\"@type\":\"ReadAction\",\"target\":[\"https:\/\/www.bogaerstalen.nl\/fr\/product\/pose-de-carreaux-en-neerlandais\/\"]}]},{\"@type\":\"ImageObject\",\"inLanguage\":\"fr-FR\",\"@id\":\"https:\/\/www.bogaerstalen.nl\/fr\/product\/pose-de-carreaux-en-neerlandais\/#primaryimage\",\"url\":\"https:\/\/www.bogaerstalen.nl\/wp-content\/uploads\/2025\/12\/leertraject-tegelzetten-taal-nl_001.jpg.webp\",\"contentUrl\":\"https:\/\/www.bogaerstalen.nl\/wp-content\/uploads\/2025\/12\/leertraject-tegelzetten-taal-nl_001.jpg.webp\",\"width\":480,\"height\":250},{\"@type\":\"BreadcrumbList\",\"@id\":\"https:\/\/www.bogaerstalen.nl\/fr\/product\/pose-de-carreaux-en-neerlandais\/#breadcrumb\",\"itemListElement\":[{\"@type\":\"ListItem\",\"position\":1,\"name\":\"Home\",\"item\":\"https:\/\/www.bogaerstalen.nl\/fr\/accueil\/\"},{\"@type\":\"ListItem\",\"position\":2,\"name\":\"Shop &#8211; voyez aussi la distinction entre Business et Private (en raison de la TVA) en haut \u00e0 droite de votre \u00e9cran !\",\"item\":\"https:\/\/www.bogaerstalen.nl\/shop-voyez-aussi-la-distinction-entre-business-et-private-en-raison-de-la-tva-en-haut-a-droite-de-votre-ecran\/\"},{\"@type\":\"ListItem\",\"position\":3,\"name\":\"Pose de carreaux en n\u00e9erlandais\"}]},{\"@type\":\"WebSite\",\"@id\":\"https:\/\/www.bogaerstalen.nl\/#website\",\"url\":\"https:\/\/www.bogaerstalen.nl\/\",\"name\":\"Bogaers Taleninstituut Tilburg\",\"description\":\"Sta sterk met taal!\",\"potentialAction\":[{\"@type\":\"SearchAction\",\"target\":{\"@type\":\"EntryPoint\",\"urlTemplate\":\"https:\/\/www.bogaerstalen.nl\/?s={search_term_string}\"},\"query-input\":{\"@type\":\"PropertyValueSpecification\",\"valueRequired\":true,\"valueName\":\"search_term_string\"}}],\"inLanguage\":\"fr-FR\"}]}<\/script>\n<!-- \/ Yoast SEO plugin. -->","yoast_head_json":{"title":"Pose de carreaux en n\u00e9erlandais - Bogaers Taleninstituut Tilburg","robots":{"index":"index","follow":"follow","max-snippet":"max-snippet:-1","max-image-preview":"max-image-preview:large","max-video-preview":"max-video-preview:-1"},"canonical":"https:\/\/www.bogaerstalen.nl\/fr\/product\/pose-de-carreaux-en-neerlandais\/","og_locale":"fr_FR","og_type":"article","og_title":"Pose de carreaux en n\u00e9erlandais - Bogaers Taleninstituut Tilburg","og_description":"Vous souhaitez apprendre \u00e0 carreler professionnellement ? Ou bien vous travaillez d\u00e9j\u00e0 dans le secteur de la construction et vous souhaitez approfondir et perfectionner vos comp\u00e9tences en mati\u00e8re de carrelage ? Ce programme d&rsquo;apprentissage vous donnera une base solide et vous aidera \u00e0 devenir pas \u00e0 pas un carreleur comp\u00e9tent. Au cours de quatre formations [&hellip;]","og_url":"https:\/\/www.bogaerstalen.nl\/fr\/product\/pose-de-carreaux-en-neerlandais\/","og_site_name":"Bogaers Taleninstituut Tilburg","article_publisher":"https:\/\/www.facebook.com\/taleninstituut\/","og_image":[{"width":480,"height":250,"url":"https:\/\/www.bogaerstalen.nl\/wp-content\/uploads\/2025\/12\/leertraject-tegelzetten-taal-nl_001.jpg.webp","type":"image\/webp"}],"twitter_misc":{"Dur\u00e9e de lecture estim\u00e9e":"3 minutes"},"schema":{"@context":"https:\/\/schema.org","@graph":[{"@type":"WebPage","@id":"https:\/\/www.bogaerstalen.nl\/fr\/product\/pose-de-carreaux-en-neerlandais\/","url":"https:\/\/www.bogaerstalen.nl\/fr\/product\/pose-de-carreaux-en-neerlandais\/","name":"Pose de carreaux en n\u00e9erlandais - Bogaers Taleninstituut Tilburg","isPartOf":{"@id":"https:\/\/www.bogaerstalen.nl\/#website"},"primaryImageOfPage":{"@id":"https:\/\/www.bogaerstalen.nl\/fr\/product\/pose-de-carreaux-en-neerlandais\/#primaryimage"},"image":{"@id":"https:\/\/www.bogaerstalen.nl\/fr\/product\/pose-de-carreaux-en-neerlandais\/#primaryimage"},"thumbnailUrl":"https:\/\/www.bogaerstalen.nl\/wp-content\/uploads\/2025\/12\/leertraject-tegelzetten-taal-nl_001.jpg.webp","datePublished":"2026-02-02T07:46:07+00:00","breadcrumb":{"@id":"https:\/\/www.bogaerstalen.nl\/fr\/product\/pose-de-carreaux-en-neerlandais\/#breadcrumb"},"inLanguage":"fr-FR","potentialAction":[{"@type":"ReadAction","target":["https:\/\/www.bogaerstalen.nl\/fr\/product\/pose-de-carreaux-en-neerlandais\/"]}]},{"@type":"ImageObject","inLanguage":"fr-FR","@id":"https:\/\/www.bogaerstalen.nl\/fr\/product\/pose-de-carreaux-en-neerlandais\/#primaryimage","url":"https:\/\/www.bogaerstalen.nl\/wp-content\/uploads\/2025\/12\/leertraject-tegelzetten-taal-nl_001.jpg.webp","contentUrl":"https:\/\/www.bogaerstalen.nl\/wp-content\/uploads\/2025\/12\/leertraject-tegelzetten-taal-nl_001.jpg.webp","width":480,"height":250},{"@type":"BreadcrumbList","@id":"https:\/\/www.bogaerstalen.nl\/fr\/product\/pose-de-carreaux-en-neerlandais\/#breadcrumb","itemListElement":[{"@type":"ListItem","position":1,"name":"Home","item":"https:\/\/www.bogaerstalen.nl\/fr\/accueil\/"},{"@type":"ListItem","position":2,"name":"Shop &#8211; voyez aussi la distinction entre Business et Private (en raison de la TVA) en haut \u00e0 droite de votre \u00e9cran !","item":"https:\/\/www.bogaerstalen.nl\/shop-voyez-aussi-la-distinction-entre-business-et-private-en-raison-de-la-tva-en-haut-a-droite-de-votre-ecran\/"},{"@type":"ListItem","position":3,"name":"Pose de carreaux en n\u00e9erlandais"}]},{"@type":"WebSite","@id":"https:\/\/www.bogaerstalen.nl\/#website","url":"https:\/\/www.bogaerstalen.nl\/","name":"Bogaers Taleninstituut Tilburg","description":"Sta sterk met taal!","potentialAction":[{"@type":"SearchAction","target":{"@type":"EntryPoint","urlTemplate":"https:\/\/www.bogaerstalen.nl\/?s={search_term_string}"},"query-input":{"@type":"PropertyValueSpecification","valueRequired":true,"valueName":"search_term_string"}}],"inLanguage":"fr-FR"}]}},"_links":{"self":[{"href":"https:\/\/www.bogaerstalen.nl\/fr\/wp-json\/wp\/v2\/product\/10553","targetHints":{"allow":["GET"]}}],"collection":[{"href":"https:\/\/www.bogaerstalen.nl\/fr\/wp-json\/wp\/v2\/product"}],"about":[{"href":"https:\/\/www.bogaerstalen.nl\/fr\/wp-json\/wp\/v2\/types\/product"}],"replies":[{"embeddable":true,"href":"https:\/\/www.bogaerstalen.nl\/fr\/wp-json\/wp\/v2\/comments?post=10553"}],"wp:featuredmedia":[{"embeddable":true,"href":"https:\/\/www.bogaerstalen.nl\/fr\/wp-json\/wp\/v2\/media\/10294"}],"wp:attachment":[{"href":"https:\/\/www.bogaerstalen.nl\/fr\/wp-json\/wp\/v2\/media?parent=10553"}],"wp:term":[{"taxonomy":"product_brand","embeddable":true,"href":"https:\/\/www.bogaerstalen.nl\/fr\/wp-json\/wp\/v2\/product_brand?post=10553"},{"taxonomy":"product_cat","embeddable":true,"href":"https:\/\/www.bogaerstalen.nl\/fr\/wp-json\/wp\/v2\/product_cat?post=10553"},{"taxonomy":"product_tag","embeddable":true,"href":"https:\/\/www.bogaerstalen.nl\/fr\/wp-json\/wp\/v2\/product_tag?post=10553"}],"curies":[{"name":"wp","href":"https:\/\/api.w.org\/{rel}","templated":true}]}}